{"id":1259,"date":"2024-10-16T13:17:22","date_gmt":"2024-10-16T11:17:22","guid":{"rendered":"http:\/\/localhost:8000\/?page_id=1259"},"modified":"2025-10-07T13:01:38","modified_gmt":"2025-10-07T11:01:38","slug":"akredytowane-laboratorium-badawcze","status":"publish","type":"page","link":"https:\/\/imgw.pl\/en\/oferta\/biznes\/akredytowane-laboratorium-badawcze\/","title":{"rendered":"Akredytowane Laboratorium Badawcze"},"content":{"rendered":"<p>W Centrum Technicznej Kontroli Zap\u00f3r, w Wydziale Chemii funkcjonuje laboratorium badawcze spe\u0142niaj\u0105ce wymagania normy PN-EN ISO\/IEC 17025:2018 w zakresie pobierania pr\u00f3bek wody i \u015bciek\u00f3w do bada\u0144 chemicznych oraz wykonywania bada\u0144 chemicznych.<\/p>\n\n\n\n<p><strong>IMGW-PIB<\/strong><\/p>\n\n\n\n<p>Instytut Meteorologii i&nbsp;Gospodarki Wodnej \u2013&nbsp;Pa\u0144stwowy Instytut Badawczy to&nbsp;instytucja, kt\u00f3rej tradycje si\u0119gaj\u0105 1919 r.&nbsp;Specjalizuje si\u0119 w&nbsp;analizach zjawisk atmosferycznych i&nbsp;hydrologicznych.<\/p>\n\n\n\n<p>Nasza dzia\u0142alno\u015b\u0107 obejmuje m.in. tematyk\u0119 hydrologii i&nbsp;gospodarki wodnej, r\u00f3wnie\u017c w&nbsp;odniesieniu do&nbsp;zmiany klimatu. Realizujemy kompleksowe prace analityczne, badawcze i&nbsp;rozwojowe, prowadzone przez profesjonaln\u0105 kadr\u0119.<\/p>\n\n\n\n<p>Wykorzystujemy specjalistyczne narz\u0119dzia i&nbsp;oprogramowanie (np. modele hydrologiczne i&nbsp;hydrauliczne, GIS, analizy wielowymiarowe). Wyniki naszych prac maj\u0105 prze\u0142o\u017cenie na&nbsp;aspekty \u017cycia spo\u0142ecznego i&nbsp;gospodarczego \u2013&nbsp;wykorzystywane s\u0105&nbsp;w dokumentach planistycznych, strategicznych oraz w&nbsp;procesach inwestycyjnych.<\/p>\n\n\n\n<p><strong>Us\u0142ugi w&nbsp;zakresie bada\u0144 chemicznych<\/strong><\/p>\n\n\n\n<p>W dniu 14&nbsp;grudnia 2012 r.&nbsp;laboratorium uzyska\u0142o akredytacj\u0119 Polskiego Centrum Akredytacji potwierdzon\u0105 certyfikatem nr&nbsp;AB 1388.<\/p>\n\n\n\n<p>Laboratorium spe\u0142nia wymagania normy PN-EN ISO\/IEC 17025:2018 w&nbsp;zakresie pobierania pr\u00f3bek wody i&nbsp;\u015bciek\u00f3w do&nbsp;bada\u0144 chemicznych oraz wykonywania bada\u0144 chemicznych.<\/p>\n\n\n\n<hr class=\"wp-block-separator has-alpha-channel-opacity\"\/>\n\n\n\n<p><strong>PRODUKTY<\/strong><\/p>\n\n\n\n<p>Oferujemy w&nbsp;zakresie akredytacji:<\/p>\n\n\n\n<ul class=\"wp-block-list\">\n<li>Pobieranie wody powierzchniowej z rzek, jezior, zbiornik\u00f3w.<\/li>\n\n\n\n<li>Pobieranie wody podziemnej.<\/li>\n\n\n\n<li>Pobieranie \u015bciek\u00f3w.<\/li>\n\n\n\n<li>Pobieranie wody do spo\u017cycia.<\/li>\n\n\n\n<li>Badania chemiczne w zakresie m. in. metali w tym metali ci\u0119\u017ckich, zwi\u0105zk\u00f3w azotu, fosforu i wielu innych wska\u017anik\u00f3w \u2013 szczeg\u00f3\u0142owy zakres akredytacji w do\u0142\u0105czonym pliku do pobrania.<\/li>\n<\/ul>\n\n\n\n<p>Oferujemy poza zakresem akredytacji:<\/p>\n\n\n\n<ul class=\"wp-block-list\">\n<li>Pobieranie i badanie osad\u00f3w dennych z rzek i zbiornik\u00f3w.<\/li>\n\n\n\n<li>Ocen\u0119 agresywno\u015bci chemicznej wody.<\/li>\n<\/ul>\n\n\n\n<hr class=\"wp-block-separator has-alpha-channel-opacity\"\/>\n\n\n\n<div class=\"wp-block-group is-vertical is-content-justification-center is-layout-flex wp-container-core-group-is-layout-ce155fab wp-block-group-is-layout-flex\">\n<p>W celu nawi\u0105zania wsp\u00f3\u0142pracy<\/p>\n\n\n\n<div class=\"wp-block-buttons is-layout-flex wp-block-buttons-is-layout-flex\">\n<div class=\"wp-block-button\"><a class=\"wp-block-button__link wp-element-button\" href=\"mailto:urszula.dmitruk@imgw.pl\">Napisz do nas<\/a><\/div>\n<\/div>\n<\/div>","protected":false},"excerpt":{"rendered":"<p>W Centrum Technicznej Kontroli Zap\u00f3r, w Wydziale Chemii funkcjonuje laboratorium badawcze spe\u0142niaj\u0105ce wymagania normy PN-EN ISO\/IEC 17025:2018 w zakresie pobierania pr\u00f3bek wody i \u015bciek\u00f3w do bada\u0144 chemicznych oraz wykonywania bada\u0144 chemicznych. IMGW-PIB Instytut Meteorologii i&nbsp;Gospodarki Wodnej \u2013&nbsp;Pa\u0144stwowy Instytut Badawczy to&nbsp;instytucja, kt\u00f3rej tradycje si\u0119gaj\u0105 1919 r.&nbsp;Specjalizuje si\u0119 w&nbsp;analizach zjawisk atmosferycznych i&nbsp;hydrologicznych. Nasza dzia\u0142alno\u015b\u0107 obejmuje m.in. tematyk\u0119 [&hellip;]<\/p>\n","protected":false},"author":1,"featured_media":0,"parent":39,"menu_order":0,"comment_status":"closed","ping_status":"closed","template":"","meta":{"footnotes":""},"class_list":["post-1259","page","type-page","status-publish","hentry"],"_links":{"self":[{"href":"https:\/\/imgw.pl\/en\/wp-json\/wp\/v2\/pages\/1259","targetHints":{"allow":["GET"]}}],"collection":[{"href":"https:\/\/imgw.pl\/en\/wp-json\/wp\/v2\/pages"}],"about":[{"href":"https:\/\/imgw.pl\/en\/wp-json\/wp\/v2\/types\/page"}],"author":[{"embeddable":true,"href":"https:\/\/imgw.pl\/en\/wp-json\/wp\/v2\/users\/1"}],"replies":[{"embeddable":true,"href":"https:\/\/imgw.pl\/en\/wp-json\/wp\/v2\/comments?post=1259"}],"version-history":[{"count":2,"href":"https:\/\/imgw.pl\/en\/wp-json\/wp\/v2\/pages\/1259\/revisions"}],"predecessor-version":[{"id":1274,"href":"https:\/\/imgw.pl\/en\/wp-json\/wp\/v2\/pages\/1259\/revisions\/1274"}],"up":[{"embeddable":true,"href":"https:\/\/imgw.pl\/en\/wp-json\/wp\/v2\/pages\/39"}],"wp:attachment":[{"href":"https:\/\/imgw.pl\/en\/wp-json\/wp\/v2\/media?parent=1259"}],"curies":[{"name":"wp","href":"https:\/\/api.w.org\/{rel}","templated":true}]}}