{"id":1267,"date":"2024-10-16T13:29:54","date_gmt":"2024-10-16T11:29:54","guid":{"rendered":"http:\/\/localhost:8000\/?page_id=1267"},"modified":"2026-02-09T08:23:43","modified_gmt":"2026-02-09T07:23:43","slug":"akredytowane-laboratorium-wzorcujace","status":"publish","type":"page","link":"https:\/\/imgw.pl\/en\/oferta\/biznes\/akredytowane-laboratorium-wzorcujace\/","title":{"rendered":"Akredytowane Laboratorium Wzorcuj\u0105ce"},"content":{"rendered":"<p>Centralne Laboratorium Aparatury Pomiarowej (CLAP) \u015bwiadczy us\u0142ugi wzorcowania przyrz\u0105d\u00f3w do pomiaru, temperatury, wilgotno\u015bci wzgl\u0119dnej, ci\u015bnienia, promieniowania s\u0142onecznego, pr\u0119dko\u015bci i kierunku wiatru.<\/p>\n\n\n\n<p><strong>IMGW-PIB<\/strong><\/p>\n\n\n\n<p>Instytut Meteorologii i&nbsp;Gospodarki Wodnej \u2013&nbsp;Pa\u0144stwowy Instytut Badawczy to&nbsp;instytucja, kt\u00f3rej tradycje si\u0119gaj\u0105 1919 r.&nbsp;Specjalizuje si\u0119 w&nbsp;analizach zjawisk atmosferycznych i&nbsp;hydrologicznych.<\/p>\n\n\n\n<p>Nasza dzia\u0142alno\u015b\u0107 obejmuje m.in. tematyk\u0119 hydrologii i&nbsp;gospodarki wodnej, r\u00f3wnie\u017c w&nbsp;odniesieniu do&nbsp;zmiany klimatu. Realizujemy kompleksowe prace analityczne, badawcze i&nbsp;rozwojowe, prowadzone przez profesjonaln\u0105 kadr\u0119.<\/p>\n\n\n\n<p>Wykorzystujemy specjalistyczne narz\u0119dzia i&nbsp;oprogramowanie (np. modele hydrologiczne i&nbsp;hydrauliczne, GIS, analizy wielowymiarowe). Wyniki naszych prac maj\u0105 prze\u0142o\u017cenie na&nbsp;aspekty \u017cycia spo\u0142ecznego i&nbsp;gospodarczego \u2013&nbsp;wykorzystywane s\u0105&nbsp;w dokumentach planistycznych, strategicznych oraz w&nbsp;procesach inwestycyjnych.<\/p>\n\n\n\n<p><strong>US\u0141UGI W&nbsp;ZAKRESIE WZORCOWANIA ORAZ ADIUSTACJI PRZYRZ\u0104D\u00d3W POMIAROWYCH<\/strong><\/p>\n\n\n\n<p>Laboratorium CLAP spe\u0142nia wymagania normy PN-EN ISO\/IEC 17025:2018 i&nbsp;od&nbsp;14 lipca 2009 roku posiada akredytacj\u0119 Polskiego Centrum Akredytacji, nr&nbsp;certyfikatu AP&nbsp;126.<\/p>\n\n\n\n<p>Nasza wiedza praktyczna i&nbsp;wieloletnie do\u015bwiadczenie gwarantuj\u0105 profesjonalizm oraz najwy\u017cszy poziom us\u0142ug.<br>Zach\u0119camy do&nbsp;zapoznania si\u0119 z&nbsp;zakresem akredytacji naszego Laboratorium.<\/p>\n\n\n\n<hr class=\"wp-block-separator has-alpha-channel-opacity\"\/>\n\n\n\n<p><strong>PRODUKTY<\/strong><\/p>\n\n\n\n<p>Oferujemy wzorcowanie w&nbsp;zakresie akredytacji:<\/p>\n\n\n\n<ul class=\"wp-block-list\">\n<li>Przyrz\u0105d\u00f3w do pomiaru temperatury (przetworniki temperatury, czujniki termometr\u00f3w rezystancyjnych, termometry elektryczne i elektroniczne).<\/li>\n\n\n\n<li>Przyrz\u0105d\u00f3w do pomiaru wilgotno\u015bci wzgl\u0119dnej (przetworniki wilgotno\u015bci i higrometry).<\/li>\n\n\n\n<li>Ci\u015bnieniomierzy elektronicznych.<\/li>\n<\/ul>\n\n\n\n<p>Poza zakresem akredytacji:<\/p>\n\n\n\n<ul class=\"wp-block-list\">\n<li>Barometr\u00f3w aneroidowych.<\/li>\n\n\n\n<li>Pyranometr\u00f3w (CMP11).<\/li>\n\n\n\n<li>Przyrz\u0105d\u00f3w do pomiaru pr\u0119dko\u015bci i kierunku wiatru.<\/li>\n\n\n\n<li>Termometr\u00f3w szklanych i katatermometr\u00f3w.<\/li>\n<\/ul>\n\n\n\n<hr class=\"wp-block-separator has-alpha-channel-opacity\"\/>\n\n\n\n<div class=\"wp-block-group is-vertical is-content-justification-center is-layout-flex wp-container-core-group-is-layout-ce155fab wp-block-group-is-layout-flex\">\n<p class=\"has-text-align-center\">W celu nawi\u0105zania wsp\u00f3\u0142pracy skontaktuj <br>si\u0119 z\u00a0Centralnym Laboratorium Aparatury <br>Pomiarowej\u00a0<strong>IMGW-PIB<\/strong><\/p>\n\n\n\n<div class=\"wp-block-buttons is-content-justification-center is-layout-flex wp-container-core-buttons-is-layout-a89b3969 wp-block-buttons-is-layout-flex\">\n<div class=\"wp-block-button\"><a class=\"wp-block-button__link wp-element-button\" href=\"mailto:clap@imgw.pl\">Napisz do nas<\/a><\/div>\n<\/div>\n<\/div>","protected":false},"excerpt":{"rendered":"<p>Centralne Laboratorium Aparatury Pomiarowej (CLAP) \u015bwiadczy us\u0142ugi wzorcowania przyrz\u0105d\u00f3w do pomiaru, temperatury, wilgotno\u015bci wzgl\u0119dnej, ci\u015bnienia, promieniowania s\u0142onecznego, pr\u0119dko\u015bci i kierunku wiatru. IMGW-PIB Instytut Meteorologii i&nbsp;Gospodarki Wodnej \u2013&nbsp;Pa\u0144stwowy Instytut Badawczy to&nbsp;instytucja, kt\u00f3rej tradycje si\u0119gaj\u0105 1919 r.&nbsp;Specjalizuje si\u0119 w&nbsp;analizach zjawisk atmosferycznych i&nbsp;hydrologicznych. Nasza dzia\u0142alno\u015b\u0107 obejmuje m.in. tematyk\u0119 hydrologii i&nbsp;gospodarki wodnej, r\u00f3wnie\u017c w&nbsp;odniesieniu do&nbsp;zmiany klimatu. Realizujemy kompleksowe prace [&hellip;]<\/p>","protected":false},"author":1,"featured_media":0,"parent":39,"menu_order":0,"comment_status":"closed","ping_status":"closed","template":"","meta":{"footnotes":""},"class_list":["post-1267","page","type-page","status-publish","hentry"],"_links":{"self":[{"href":"https:\/\/imgw.pl\/en\/wp-json\/wp\/v2\/pages\/1267","targetHints":{"allow":["GET"]}}],"collection":[{"href":"https:\/\/imgw.pl\/en\/wp-json\/wp\/v2\/pages"}],"about":[{"href":"https:\/\/imgw.pl\/en\/wp-json\/wp\/v2\/types\/page"}],"author":[{"embeddable":true,"href":"https:\/\/imgw.pl\/en\/wp-json\/wp\/v2\/users\/1"}],"replies":[{"embeddable":true,"href":"https:\/\/imgw.pl\/en\/wp-json\/wp\/v2\/comments?post=1267"}],"version-history":[{"count":4,"href":"https:\/\/imgw.pl\/en\/wp-json\/wp\/v2\/pages\/1267\/revisions"}],"predecessor-version":[{"id":1272,"href":"https:\/\/imgw.pl\/en\/wp-json\/wp\/v2\/pages\/1267\/revisions\/1272"}],"up":[{"embeddable":true,"href":"https:\/\/imgw.pl\/en\/wp-json\/wp\/v2\/pages\/39"}],"wp:attachment":[{"href":"https:\/\/imgw.pl\/en\/wp-json\/wp\/v2\/media?parent=1267"}],"curies":[{"name":"wp","href":"https:\/\/api.w.org\/{rel}","templated":true}]}}