{"id":1281,"date":"2024-10-16T13:46:31","date_gmt":"2024-10-16T11:46:31","guid":{"rendered":"http:\/\/localhost:8000\/?page_id=1281"},"modified":"2024-10-16T14:12:29","modified_gmt":"2024-10-16T12:12:29","slug":"hydrologia","status":"publish","type":"page","link":"https:\/\/imgw.pl\/en\/oferta\/biznes\/hydrologia\/","title":{"rendered":"Hydrologia"},"content":{"rendered":"<h2 class=\"wp-block-heading\">Os\u0142ona hydrologiczna kraju<\/h2>\n\n\n\n<p>Centrum Hydrologicznej Os\u0142ony Kraju (CHOK) zajmuje si\u0119 dzia\u0142aniami w zakresie os\u0142ony hydrologicznej kraju, wykonuje ekspertyzy, udost\u0119pnia informacj\u0119 hydrologiczn\u0105 i realizuje prace naukowo-badawcze.<\/p>\n\n\n\n<p><strong>IMGW-PIB<\/strong><\/p>\n\n\n\n<p>Instytut Meteorologii i&nbsp;Gospodarki Wodnej \u2013&nbsp;Pa\u0144stwowy Instytut Badawczy to&nbsp;instytucja, kt\u00f3rej tradycje si\u0119gaj\u0105 1919 r.&nbsp;Specjalizuje si\u0119 w&nbsp;analizach zjawisk atmosferycznych i&nbsp;hydrologicznych.<\/p>\n\n\n\n<p>Nasza dzia\u0142alno\u015b\u0107 obejmuje m.in. tematyk\u0119 hydrologii i&nbsp;gospodarki wodnej, r\u00f3wnie\u017c w&nbsp;odniesieniu do&nbsp;zmiany klimatu. Realizujemy kompleksowe prace analityczne, badawcze i&nbsp;rozwojowe, prowadzone przez profesjonaln\u0105 kadr\u0119.<\/p>\n\n\n\n<p>Wykorzystujemy specjalistyczne narz\u0119dzia i&nbsp;oprogramowanie (np. modele hydrologiczne i&nbsp;hydrauliczne, GIS, analizy wielowymiarowe). Wyniki naszych prac maj\u0105 prze\u0142o\u017cenie na&nbsp;aspekty \u017cycia spo\u0142ecznego i&nbsp;gospodarczego \u2013&nbsp;wykorzystywane s\u0105&nbsp;w dokumentach planistycznych, strategicznych oraz w&nbsp;procesach inwestycyjnych.<\/p>\n\n\n\n<p><strong>ZAGRO\u017bENIA KLIMATYCZNE I&nbsp;HYDROLOGICZNE<\/strong><\/p>\n\n\n\n<p>W ostatnich latach obserwuje si\u0119 nasilenie ekstremalnych zjawisk pogodowych, co&nbsp;z kolei przek\u0142ada si\u0119 z&nbsp;jednej strony na&nbsp;zagro\u017cenie dla zdrowia i&nbsp;\u017cycia ludzi, z&nbsp;drugiej natomiast na&nbsp;wymierne straty materialne. Niestety, w&nbsp;zwi\u0105zku z&nbsp;nast\u0119puj\u0105cymi zmianami klimatu oczekiwa\u0107 nale\u017cy, \u017ce&nbsp;zjawiska takie b\u0119d\u0105 wyst\u0119powa\u0142y coraz cz\u0119\u015bciej.<\/p>\n\n\n\n<p><strong>ZAGRO\u017bENIE POWODZIOWE<\/strong><\/p>\n\n\n\n<p>Do zjawisk ekstremalnych zaliczaj\u0105 si\u0119 tak\u017ce powodzie, wyst\u0119puj\u0105ce coraz cz\u0119\u015bciej i&nbsp;maj\u0105ce coraz gwa\u0142towniejszy przebieg. Koszty bezpo\u015brednio wynikaj\u0105ce z&nbsp;powodzi s\u0105&nbsp;ogromne, nie mo\u017cna jednak zapomina\u0107 o&nbsp;tzw. kosztach ukrytych zwi\u0105zanych z&nbsp;zak\u0142\u00f3ceniem funkcjonowania danego obszaru (np. system\u00f3w komunikacyjnych, dystrybucji medi\u00f3w i&nbsp;us\u0142ug itp.). Zagro\u017cenie powodziowe jest w&nbsp;tych warunkach istotnym elementem determinuj\u0105cym \u017cycie spo\u0142eczno-gospodarcze i&nbsp;jako taki musi by\u0107 rozpatrywany w&nbsp;koncepcjach rozwoju, w&nbsp;tym r\u00f3wnie\u017c w&nbsp;procesach inwestycyjnych.<\/p>\n\n\n\n<p><strong>ZABEZPIECZ SW\u00d3J OBSZAR<\/strong><\/p>\n\n\n\n<p>Uwzgl\u0119dnienie czynnik\u00f3w dotycz\u0105cych \u015brodowiska naturalnego w&nbsp;procesie inwestycyjnym jest uwarunkowane z&nbsp;jednej strony przepisami prawa, z&nbsp;drugiej natomiast wzgl\u0119dami ekonomicznymi i&nbsp;racjonalnymi, powi\u0105zanymi ze&nbsp;zr\u00f3wnowa\u017conym rozwojem. W&nbsp;wielu przypadkach uwzgl\u0119dnienie w&nbsp;tym aspekcie zagro\u017cenia powodziowego mo\u017ce w&nbsp;istotny spos\u00f3b wp\u0142yn\u0105\u0107 na&nbsp;ostateczny kszta\u0142t inwestycji (wyb\u00f3r wariantu). Aby dzia\u0142ania te&nbsp;by\u0142y jednak jak najbardziej skuteczne, nale\u017cy je&nbsp;poprzedzi\u0107 szczeg\u00f3\u0142owymi analizami IMGW-PIB dotycz\u0105cymi zar\u00f3wno warunk\u00f3w hydrologicznych (w&nbsp;tym samego zjawiska powodzi) jak i&nbsp;oceny inwestycji w&nbsp;odniesieniu do&nbsp;zagro\u017cenia powodziowego.<\/p>\n\n\n\n<hr class=\"wp-block-separator has-alpha-channel-opacity\"\/>\n\n\n\n<p><strong>OFERTA IMGW-PIB<\/strong><\/p>\n\n\n\n<p>IMGW-PIB oferuje szereg us\u0142ug, kt\u00f3rych celem jest profesjonalna analiza warunk\u00f3w hydrologicznych, ze&nbsp;szczeg\u00f3lnym uwzgl\u0119dnieniem zagro\u017cenia powodziowego, na&nbsp;potrzeby procesu inwestycyjnego.<\/p>\n\n\n\n<ul class=\"wp-block-list\">\n<li>ekspertyzy hydrologiczne, meteorologiczne, oceanograficzne,<\/li>\n\n\n\n<li>analiza warunk\u00f3w hydrologicznych przy wykorzystaniu specjalistycznych modeli hydrologicznych, hydraulicznych i hydrodynamicznych,<\/li>\n\n\n\n<li>wyznaczanie rz\u0119dnych zwierciad\u0142a wody o okre\u015blonym prawdopodobie\u0144stwie wyst\u0105pienia dla inwestycji zlokalizowanych w s\u0105siedztwie rzek (budowa, przebudowa most\u00f3w itp.),<\/li>\n\n\n\n<li>ocena planowanej inwestycji w odniesieniu do zagro\u017cenia powodziowego, ze szczeg\u00f3lnym uwzgl\u0119dnieniem wyznaczenia obszar\u00f3w zagro\u017cenia powodziowego dla okre\u015blonych prawdopodobie\u0144stw powodzi,<\/li>\n\n\n\n<li>ocena potencjalnych skutk\u00f3w powodzi (tzw. ryzyka powodziowego) w odniesieniu do okre\u015blonych obszar\u00f3w zagro\u017cenia powodziowego,<\/li>\n\n\n\n<li>analiza por\u00f3wnawcza rozpatrywanych wariant\u00f3w inwestycyjnych w odniesieniu do zagro\u017cenia i ryzyka powodziowego, z uwzgl\u0119dnieniem wyboru wariantu optymalnego,<\/li>\n\n\n\n<li>okre\u015blenie dla planowanej inwestycji propozycji dzia\u0142a\u0144 ukierunkowanych na redukcj\u0119 zagro\u017cenia i ryzyka powodziowego,<\/li>\n\n\n\n<li>doradztwo eksperckie, z uwzgl\u0119dnieniem obowi\u0105zuj\u0105cych w Polsce zapis\u00f3w prawnych zwi\u0105zanych z zarz\u0105dzaniem ryzykiem powodziowym<\/li>\n<\/ul>\n\n\n\n<p><strong>WYKORZYSTANIE<\/strong><\/p>\n\n\n\n<ul class=\"wp-block-list\">\n<li>procesy inwestycyjne,<\/li>\n\n\n\n<li>ocena warunk\u00f3w hydrologicznych,<\/li>\n\n\n\n<li>identyfikacja zagro\u017cenia powodziowego,<\/li>\n\n\n\n<li>okre\u015blanie dzia\u0142a\u0144 ochrony przed powodzi\u0105,<\/li>\n\n\n\n<li>dokumenty planistyczne,<\/li>\n\n\n\n<li>plany operacyjne,<\/li>\n\n\n\n<li>strategie rozwoju,<\/li>\n\n\n\n<li>zarz\u0105dzanie ryzykiem powodzi<\/li>\n<\/ul>\n\n\n\n<hr class=\"wp-block-separator has-alpha-channel-opacity\"\/>\n\n\n\n<div class=\"wp-block-group is-vertical is-content-justification-center is-layout-flex wp-container-core-group-is-layout-ce155fab wp-block-group-is-layout-flex\">\n<p class=\"has-text-align-center\">W celu nawi\u0105zania wsp\u00f3\u0142pracy skontaktuj <br>si\u0119 z\u00a0Wydzia\u0142em Analiz i\u00a0Sprzeda\u017cy<br><strong>IMGW-PIB<\/strong><\/p>\n\n\n\n<div class=\"wp-block-buttons is-layout-flex wp-block-buttons-is-layout-flex\">\n<div class=\"wp-block-button\"><a class=\"wp-block-button__link wp-element-button\" href=\"mailto:biznes@imgw.pl\">Napisz do nas<\/a><\/div>\n<\/div>\n<\/div>","protected":false},"excerpt":{"rendered":"<p>Os\u0142ona hydrologiczna kraju Centrum Hydrologicznej Os\u0142ony Kraju (CHOK) zajmuje si\u0119 dzia\u0142aniami w zakresie os\u0142ony hydrologicznej kraju, wykonuje ekspertyzy, udost\u0119pnia informacj\u0119 hydrologiczn\u0105 i realizuje prace naukowo-badawcze. IMGW-PIB Instytut Meteorologii i&nbsp;Gospodarki Wodnej \u2013&nbsp;Pa\u0144stwowy Instytut Badawczy to&nbsp;instytucja, kt\u00f3rej tradycje si\u0119gaj\u0105 1919 r.&nbsp;Specjalizuje si\u0119 w&nbsp;analizach zjawisk atmosferycznych i&nbsp;hydrologicznych. Nasza dzia\u0142alno\u015b\u0107 obejmuje m.in. tematyk\u0119 hydrologii i&nbsp;gospodarki wodnej, r\u00f3wnie\u017c w&nbsp;odniesieniu do&nbsp;zmiany [&hellip;]<\/p>","protected":false},"author":1,"featured_media":0,"parent":39,"menu_order":0,"comment_status":"closed","ping_status":"closed","template":"","meta":{"footnotes":""},"class_list":["post-1281","page","type-page","status-publish","hentry"],"_links":{"self":[{"href":"https:\/\/imgw.pl\/en\/wp-json\/wp\/v2\/pages\/1281","targetHints":{"allow":["GET"]}}],"collection":[{"href":"https:\/\/imgw.pl\/en\/wp-json\/wp\/v2\/pages"}],"about":[{"href":"https:\/\/imgw.pl\/en\/wp-json\/wp\/v2\/types\/page"}],"author":[{"embeddable":true,"href":"https:\/\/imgw.pl\/en\/wp-json\/wp\/v2\/users\/1"}],"replies":[{"embeddable":true,"href":"https:\/\/imgw.pl\/en\/wp-json\/wp\/v2\/comments?post=1281"}],"version-history":[{"count":3,"href":"https:\/\/imgw.pl\/en\/wp-json\/wp\/v2\/pages\/1281\/revisions"}],"predecessor-version":[{"id":1319,"href":"https:\/\/imgw.pl\/en\/wp-json\/wp\/v2\/pages\/1281\/revisions\/1319"}],"up":[{"embeddable":true,"href":"https:\/\/imgw.pl\/en\/wp-json\/wp\/v2\/pages\/39"}],"wp:attachment":[{"href":"https:\/\/imgw.pl\/en\/wp-json\/wp\/v2\/media?parent=1281"}],"curies":[{"name":"wp","href":"https:\/\/api.w.org\/{rel}","templated":true}]}}