{"id":1285,"date":"2024-10-16T13:50:44","date_gmt":"2024-10-16T11:50:44","guid":{"rendered":"http:\/\/localhost:8000\/?page_id=1285"},"modified":"2024-11-26T14:50:13","modified_gmt":"2024-11-26T13:50:13","slug":"rolnictwo","status":"publish","type":"page","link":"https:\/\/imgw.pl\/en\/oferta\/biznes\/rolnictwo\/","title":{"rendered":"Rolnictwo"},"content":{"rendered":"<h2 class=\"wp-block-heading\">Aplikacja IMGW-PIB dedykowana dla przemys\u0142u rolnego<\/h2>\n\n\n\n<p>W Pracowni Agrometeorologii na podstawie analiz i konsultacji z rolnikami i ekspertami stworzono platform\u0119, kt\u00f3ra zawiera wszelkie dost\u0119pne aktualnie w IMGWPIB dane do monitorowania, prognozowania i szacowania plon\u00f3w w rolnictwie.<\/p>\n\n\n\n<p>Dla IMGW-PIB temat suszy i&nbsp;wsparcia dla rolnictwa jest wa\u017cny i&nbsp;dok\u0142adamy wszelkich stara\u0144, aby wesprze\u0107 ten sektor gospodarki.<\/p>\n\n\n\n<p>Dane satelitarne przedstawione w&nbsp;serwisie to&nbsp;dane pochodz\u0105ce z&nbsp;czujnik\u00f3w satelitarnych z&nbsp;satelit\u00f3w geostacjonarnych (METEOSAT), oko\u0142obiegunowych (Metop) oraz naziemnej sieci PSHM IMGW-PIB.<\/p>\n\n\n\n<p>Nad serwisem czuwa zesp\u00f3\u0142 specjalist\u00f3w IMGW-PIB, kt\u00f3rzy na&nbsp;bie\u017c\u0105co monitoruj\u0105 sytuacj\u0119 i&nbsp;dostarczaj\u0105 wszelkie niezb\u0119dne dane oraz udoskonalaj\u0105 aplikacj\u0119.<\/p>\n\n\n\n<hr class=\"wp-block-separator has-alpha-channel-opacity\"\/>\n\n\n\n<p>Serwis dost\u0119pny jest dla u\u017cytkownik\u00f3w, kt\u00f3rzy wykupili subskrypcj\u0119.<br>Otrzymuj\u0105 oni login i&nbsp;has\u0142o i&nbsp;od&nbsp;razu mog\u0105 korzysta\u0107 z&nbsp;danych dost\u0119pnych w&nbsp;serwisie.<\/p>\n\n\n\n<p><strong>PRODUKTY<\/strong>:<\/p>\n\n\n\n<ul class=\"wp-block-list\">\n<li>Wilgotno\u015b\u0107 gleby.<\/li>\n\n\n\n<li>Parowanie wody.<\/li>\n\n\n\n<li>Ewapotranspiracja.<\/li>\n\n\n\n<li>Rozk\u0142ad przestrzenny promieniowania s\u0142onecznego.<\/li>\n\n\n\n<li>Wykresy przebiegu ewapotranspiracji i<br>promieniowania.<\/li>\n\n\n\n<li>Temperatura powietrza na wysoko\u015bci 2 m i 5<br>cm nad powierzchni\u0105 gruntu.<\/li>\n\n\n\n<li>Wska\u017anik NDVI.<\/li>\n\n\n\n<li>Opady.<\/li>\n\n\n\n<li>Prognoza pr\u0119dko\u015bci, kierunku wiatru i<br>ci\u015bnienia atmosferycznego.<\/li>\n\n\n\n<li>Temperatura gruntu na g\u0142\u0119boko\u015bci 5 cm.<\/li>\n\n\n\n<li>Mapy rozk\u0142adu przestrzennego dla<br>powierzchni niezachmurzonej.<\/li>\n\n\n\n<li>Prognoza wilgotno\u015bci wzgl\u0119dnej powietrza.<\/li>\n\n\n\n<li>System ostrze\u017ce\u0144 o gro\u017anych zjawiska pogodowych.<\/li>\n<\/ul>\n\n\n\n<p>W IMGW-PIB poszukiwania nowych rozwi\u0105za\u0144 trwaj\u0105 nieustannie, a&nbsp;wszystko poparte jest nauk\u0105 i&nbsp;ponad 100-letnim do\u015bwiadczeniem.<\/p>\n\n\n\n<hr class=\"wp-block-separator has-alpha-channel-opacity\"\/>\n\n\n\n<div class=\"wp-block-group is-vertical is-content-justification-center is-layout-flex wp-container-core-group-is-layout-ce155fab wp-block-group-is-layout-flex\">\n<p class=\"has-text-align-center\">W celu nawi\u0105zania wsp\u00f3\u0142pracy skontaktuj <br>si\u0119 z\u00a0Wydzia\u0142em Analiz i\u00a0Sprzeda\u017cy<br><strong>IMGW-PIB<\/strong><\/p>\n\n\n\n<div class=\"wp-block-buttons is-layout-flex wp-block-buttons-is-layout-flex\">\n<div class=\"wp-block-button\"><a class=\"wp-block-button__link wp-element-button\" href=\"mailto:biznes@imgw.pl\">Napisz do nas<\/a><\/div>\n<\/div>\n<\/div>","protected":false},"excerpt":{"rendered":"<p>Aplikacja IMGW-PIB dedykowana dla przemys\u0142u rolnego W Pracowni Agrometeorologii na podstawie analiz i konsultacji z rolnikami i ekspertami stworzono platform\u0119, kt\u00f3ra zawiera wszelkie dost\u0119pne aktualnie w IMGWPIB dane do monitorowania, prognozowania i szacowania plon\u00f3w w rolnictwie. Dla IMGW-PIB temat suszy i&nbsp;wsparcia dla rolnictwa jest wa\u017cny i&nbsp;dok\u0142adamy wszelkich stara\u0144, aby wesprze\u0107 ten sektor gospodarki. Dane satelitarne [&hellip;]<\/p>","protected":false},"author":1,"featured_media":0,"parent":39,"menu_order":0,"comment_status":"closed","ping_status":"closed","template":"","meta":{"footnotes":""},"class_list":["post-1285","page","type-page","status-publish","hentry"],"_links":{"self":[{"href":"https:\/\/imgw.pl\/en\/wp-json\/wp\/v2\/pages\/1285","targetHints":{"allow":["GET"]}}],"collection":[{"href":"https:\/\/imgw.pl\/en\/wp-json\/wp\/v2\/pages"}],"about":[{"href":"https:\/\/imgw.pl\/en\/wp-json\/wp\/v2\/types\/page"}],"author":[{"embeddable":true,"href":"https:\/\/imgw.pl\/en\/wp-json\/wp\/v2\/users\/1"}],"replies":[{"embeddable":true,"href":"https:\/\/imgw.pl\/en\/wp-json\/wp\/v2\/comments?post=1285"}],"version-history":[{"count":2,"href":"https:\/\/imgw.pl\/en\/wp-json\/wp\/v2\/pages\/1285\/revisions"}],"predecessor-version":[{"id":1320,"href":"https:\/\/imgw.pl\/en\/wp-json\/wp\/v2\/pages\/1285\/revisions\/1320"}],"up":[{"embeddable":true,"href":"https:\/\/imgw.pl\/en\/wp-json\/wp\/v2\/pages\/39"}],"wp:attachment":[{"href":"https:\/\/imgw.pl\/en\/wp-json\/wp\/v2\/media?parent=1285"}],"curies":[{"name":"wp","href":"https:\/\/api.w.org\/{rel}","templated":true}]}}