{"id":1289,"date":"2024-10-16T13:53:53","date_gmt":"2024-10-16T11:53:53","guid":{"rendered":"http:\/\/localhost:8000\/?page_id=1289"},"modified":"2024-10-16T15:19:37","modified_gmt":"2024-10-16T13:19:37","slug":"offshore","status":"publish","type":"page","link":"https:\/\/imgw.pl\/en\/oferta\/biznes\/offshore\/","title":{"rendered":"Offshore"},"content":{"rendered":"<h2 class=\"wp-block-heading\">Identyfikacja okien pogodowych minimalizuj\u0105ca straty oraz zapewniaj\u0105ca bezpiecze\u0144stwo pracownik\u00f3w podczas codziennych operacji morskich.<\/h2>\n\n\n\n<p>Podejmowanie optymalnych decyzji, w oparciu o warunki atmosferyczne, dla operacji na morzu w tym strefie przybrze\u017cnej oraz nadbrze\u017cy port\u00f3w.<\/p>\n\n\n\n<p>Warunki hydrologiczno-meteorologiczne maj\u0105 wp\u0142yw na&nbsp;wszystkie obszary operacji morskich i&nbsp;l\u0105dowych. Niezb\u0119dne jest posiadanie niezawodnego i&nbsp;dok\u0142adnego narz\u0119dzia do&nbsp;ich prognozowania.<\/p>\n\n\n\n<p>Dok\u0142adnie zaplanowane przestoje zwi\u0105zane z&nbsp;niekorzystnymi warunkami pogodowymi pozwol\u0105 unikn\u0105\u0107 niepotrzebnych zmian w&nbsp;harmonogramie.<\/p>\n\n\n\n<hr class=\"wp-block-separator has-alpha-channel-opacity\"\/>\n\n\n\n<p><strong>Produkty<\/strong><br>\u2022&nbsp;Przestrzenne wy\u015bwietlanie danych pogodowych.<br>\u2022&nbsp;Prognoza tekstowa na&nbsp;tras\u0119, uszczeg\u00f3\u0142owiana w&nbsp;rozmowie telefonicznej z&nbsp;synoptykiem.<br>\u2022&nbsp;Prognozy na&nbsp;1-5 dni (wykresy i&nbsp;tabele obejmuj\u0105ce parametry wiatru).<br>\u2022&nbsp;Prognozy zasolenia i&nbsp;temperatury wody dla Zatoki Gda\u0144skiej i&nbsp;Zalewu Wi\u015blanego.<br>\u2022&nbsp;Prognoza wiatru na&nbsp;poszczeg\u00f3lnych wysoko\u015bciach.<br>\u2022&nbsp;Modelowe prognozy falowania.<br>\u2022&nbsp;Modelowe prognozy pogody.<br>\u2022&nbsp;Prognozy modelowe poziomu morza.<br>\u2022&nbsp;Analizy danych archiwalnych dotycz\u0105cych sytuacji sztormowych.<br>\u2022&nbsp;Prognozy modelowe pr\u0105d\u00f3w.<\/p>\n\n\n\n<p><strong>History<\/strong><br>\u2022&nbsp;Ekspertyzy hydrologiczne, meteorologiczne, oceanograficzne i&nbsp;opracowania poszczeg\u00f3lnych element\u00f3w klimatologicznych na&nbsp;podstawie gromadzonych danych archiwalnych.<br>\u2022&nbsp;Archiwalne analizy falowania z&nbsp;modelu numerycznego.<\/p>\n\n\n\n<p><strong>Alerty<\/strong><br>Dost\u0119p do&nbsp;aktualnych informacji dotycz\u0105cych zmian warunk\u00f3w hydrologiczno-meteorologicznych, w&nbsp;tym bie\u017c\u0105ce przesy\u0142anie alert\u00f3w.<\/p>\n\n\n\n<hr class=\"wp-block-separator has-alpha-channel-opacity\"\/>\n\n\n\n<div class=\"wp-block-group is-vertical is-content-justification-center is-layout-flex wp-container-core-group-is-layout-ce155fab wp-block-group-is-layout-flex\">\n<p class=\"has-text-align-center\">W celu nawi\u0105zania wsp\u00f3\u0142pracy skontaktuj <br>si\u0119 z\u00a0Wydzia\u0142em Analiz i\u00a0Sprzeda\u017cy<br><strong>IMGW-PIB<\/strong><\/p>\n\n\n\n<div class=\"wp-block-buttons is-layout-flex wp-block-buttons-is-layout-flex\">\n<div class=\"wp-block-button\"><a class=\"wp-block-button__link wp-element-button\" href=\"mailto:biznes@imgw.pl\">Napisz do nas<\/a><\/div>\n<\/div>\n<\/div>","protected":false},"excerpt":{"rendered":"<p>Identyfikacja okien pogodowych minimalizuj\u0105ca straty oraz zapewniaj\u0105ca bezpiecze\u0144stwo pracownik\u00f3w podczas codziennych operacji morskich. Podejmowanie optymalnych decyzji, w oparciu o warunki atmosferyczne, dla operacji na morzu w tym strefie przybrze\u017cnej oraz nadbrze\u017cy port\u00f3w. Warunki hydrologiczno-meteorologiczne maj\u0105 wp\u0142yw na&nbsp;wszystkie obszary operacji morskich i&nbsp;l\u0105dowych. Niezb\u0119dne jest posiadanie niezawodnego i&nbsp;dok\u0142adnego narz\u0119dzia do&nbsp;ich prognozowania. Dok\u0142adnie zaplanowane przestoje zwi\u0105zane z&nbsp;niekorzystnymi warunkami [&hellip;]<\/p>","protected":false},"author":1,"featured_media":0,"parent":39,"menu_order":0,"comment_status":"closed","ping_status":"closed","template":"","meta":{"footnotes":""},"class_list":["post-1289","page","type-page","status-publish","hentry"],"_links":{"self":[{"href":"https:\/\/imgw.pl\/en\/wp-json\/wp\/v2\/pages\/1289","targetHints":{"allow":["GET"]}}],"collection":[{"href":"https:\/\/imgw.pl\/en\/wp-json\/wp\/v2\/pages"}],"about":[{"href":"https:\/\/imgw.pl\/en\/wp-json\/wp\/v2\/types\/page"}],"author":[{"embeddable":true,"href":"https:\/\/imgw.pl\/en\/wp-json\/wp\/v2\/users\/1"}],"replies":[{"embeddable":true,"href":"https:\/\/imgw.pl\/en\/wp-json\/wp\/v2\/comments?post=1289"}],"version-history":[{"count":2,"href":"https:\/\/imgw.pl\/en\/wp-json\/wp\/v2\/pages\/1289\/revisions"}],"predecessor-version":[{"id":1321,"href":"https:\/\/imgw.pl\/en\/wp-json\/wp\/v2\/pages\/1289\/revisions\/1321"}],"up":[{"embeddable":true,"href":"https:\/\/imgw.pl\/en\/wp-json\/wp\/v2\/pages\/39"}],"wp:attachment":[{"href":"https:\/\/imgw.pl\/en\/wp-json\/wp\/v2\/media?parent=1289"}],"curies":[{"name":"wp","href":"https:\/\/api.w.org\/{rel}","templated":true}]}}