{"id":1293,"date":"2024-10-16T13:56:54","date_gmt":"2024-10-16T11:56:54","guid":{"rendered":"http:\/\/localhost:8000\/?page_id=1293"},"modified":"2024-12-30T12:57:34","modified_gmt":"2024-12-30T11:57:34","slug":"awiacja","status":"publish","type":"page","link":"https:\/\/imgw.pl\/en\/oferta\/biznes\/awiacja\/","title":{"rendered":"Awiacja"},"content":{"rendered":"<h2 class=\"wp-block-heading\">Identyfikacja warunk\u00f3w pogodowych w\u00a0celu zapewnienia bezpiecznego i\u00a0terminowego wykonywania operacji lotniczych oraz wsparcie w\u00a0sprawnej obs\u0142udze u\u017cytkownik\u00f3w przestrzeni powietrznej lotniska.<\/h2>\n\n\n\n<p>Podejmowanie optymalnych decyzji, zapewniaj\u0105cych bezpiecze\u0144stwo podczas wykonywanych operacji lotniczych.<\/p>\n\n\n\n<p>Warunki meteorologiczne maj\u0105 ogromny wp\u0142yw na&nbsp;wszystkie operacje odbywaj\u0105ce si\u0119 w&nbsp;powietrzu i&nbsp;na&nbsp;l\u0105dzie. Niezb\u0119dne jest posiadanie niezawodnych i&nbsp;precyzyjnych informacji umo\u017cliwiaj\u0105cych harmonijne wykonywanie strategicznych operacji.<\/p>\n\n\n\n<hr class=\"wp-block-separator has-alpha-channel-opacity\"\/>\n\n\n\n<p><strong>Produkty<\/strong><br>\u2022\u00a0Komunikat METAR.<br>\u2022\u00a0Prognoza TAF.<br>\u2022\u00a0Informacja AIRMET i\u00a0SIGMET.<br>\u2022\u00a0Prognoza obszarowa GAMET.<br>\u2022\u00a0Prognoza istotnych zjawisk pogody dla niskich poziom\u00f3w lotu Low Level Significant Weather Chart (SIGWX).<br>\u2022\u00a0Prognoza intensywno\u015bci oblodzenia i\u00a0turbulencji (prezentacja w\u00a0formie mapy).<br>\u2022\u00a0Mapy wiatrowe.<br>\u2022\u00a0Mapy burzowe.<br>\u2022\u00a0Mapy radarowe i\u00a0zdj\u0119cia satelitarne.<br>\u2022\u00a0Produkty z systemu detekcji i lokalizacji wy\u0142adowa\u0144 atmosferycznych PERUN.<br>\u2022\u00a0Prognozy na\u00a0przelot.<\/p>\n\n\n\n<p><strong>Dane archiwalne<\/strong><br>\u2022\u00a0Analizy, ekspertyzy meteorologiczne dla poszczeg\u00f3lnych element\u00f3w klimatologicznych na\u00a0podstawie gromadzonych danych archiwalnych.<br>\u2022\u00a0R\u00f3\u017ce wiatr\u00f3w.<br>\u2022 Meteorologiczne dane archiwalne zgodnie z zapotrzebowaniem klient\u00f3w komercyjnych.<br>\u2022 Meteorologiczne dane archiwalne zgodnie z zapotrzebowaniem klient\u00f3w niekomercyjnych takich jak jednostki nadzoruj\u0105ce oraz PKBWL.<br>\u2022 Opracowania klimatologiczne dla lotnisk.<\/p>\n\n\n\n<p><strong>Alerty<\/strong><br>Dost\u0119p do&nbsp;aktualnych informacji dotycz\u0105cych zmian warunk\u00f3w meteorologicznych, w&nbsp;tym bie\u017c\u0105ce przesy\u0142anie alert\u00f3w.<\/p>\n\n\n\n<hr class=\"wp-block-separator has-alpha-channel-opacity\"\/>\n\n\n\n<div class=\"wp-block-group is-vertical is-content-justification-center is-layout-flex wp-container-core-group-is-layout-ce155fab wp-block-group-is-layout-flex\">\n<p class=\"has-text-align-center\">W celu nawi\u0105zania wsp\u00f3\u0142pracy skontaktuj <br>si\u0119 z\u00a0Wydzia\u0142em Analiz i\u00a0Sprzeda\u017cy<br><strong>IMGW-PIB<\/strong><\/p>\n\n\n\n<div class=\"wp-block-buttons is-layout-flex wp-block-buttons-is-layout-flex\">\n<div class=\"wp-block-button\"><a class=\"wp-block-button__link wp-element-button\" href=\"mailto:biznes@imgw.pl\">Napisz do nas<\/a><\/div>\n<\/div>\n<\/div>","protected":false},"excerpt":{"rendered":"<p>Identyfikacja warunk\u00f3w pogodowych w\u00a0celu zapewnienia bezpiecznego i\u00a0terminowego wykonywania operacji lotniczych oraz wsparcie w\u00a0sprawnej obs\u0142udze u\u017cytkownik\u00f3w przestrzeni powietrznej lotniska. Podejmowanie optymalnych decyzji, zapewniaj\u0105cych bezpiecze\u0144stwo podczas wykonywanych operacji lotniczych. Warunki meteorologiczne maj\u0105 ogromny wp\u0142yw na&nbsp;wszystkie operacje odbywaj\u0105ce si\u0119 w&nbsp;powietrzu i&nbsp;na&nbsp;l\u0105dzie. Niezb\u0119dne jest posiadanie niezawodnych i&nbsp;precyzyjnych informacji umo\u017cliwiaj\u0105cych harmonijne wykonywanie strategicznych operacji. Produkty\u2022\u00a0Komunikat METAR.\u2022\u00a0Prognoza TAF.\u2022\u00a0Informacja AIRMET i\u00a0SIGMET.\u2022\u00a0Prognoza obszarowa [&hellip;]<\/p>","protected":false},"author":1,"featured_media":0,"parent":39,"menu_order":0,"comment_status":"closed","ping_status":"closed","template":"","meta":{"footnotes":""},"class_list":["post-1293","page","type-page","status-publish","hentry"],"_links":{"self":[{"href":"https:\/\/imgw.pl\/en\/wp-json\/wp\/v2\/pages\/1293","targetHints":{"allow":["GET"]}}],"collection":[{"href":"https:\/\/imgw.pl\/en\/wp-json\/wp\/v2\/pages"}],"about":[{"href":"https:\/\/imgw.pl\/en\/wp-json\/wp\/v2\/types\/page"}],"author":[{"embeddable":true,"href":"https:\/\/imgw.pl\/en\/wp-json\/wp\/v2\/users\/1"}],"replies":[{"embeddable":true,"href":"https:\/\/imgw.pl\/en\/wp-json\/wp\/v2\/comments?post=1293"}],"version-history":[{"count":3,"href":"https:\/\/imgw.pl\/en\/wp-json\/wp\/v2\/pages\/1293\/revisions"}],"predecessor-version":[{"id":2841,"href":"https:\/\/imgw.pl\/en\/wp-json\/wp\/v2\/pages\/1293\/revisions\/2841"}],"up":[{"embeddable":true,"href":"https:\/\/imgw.pl\/en\/wp-json\/wp\/v2\/pages\/39"}],"wp:attachment":[{"href":"https:\/\/imgw.pl\/en\/wp-json\/wp\/v2\/media?parent=1293"}],"curies":[{"name":"wp","href":"https:\/\/api.w.org\/{rel}","templated":true}]}}