{"id":1297,"date":"2024-10-16T13:59:46","date_gmt":"2024-10-16T11:59:46","guid":{"rendered":"http:\/\/localhost:8000\/?page_id=1297"},"modified":"2024-10-16T15:20:30","modified_gmt":"2024-10-16T13:20:30","slug":"administracja","status":"publish","type":"page","link":"https:\/\/imgw.pl\/en\/oferta\/biznes\/administracja\/","title":{"rendered":"Administracja"},"content":{"rendered":"<h2 class=\"wp-block-heading\">Prognozy i&nbsp;analizy warunk\u00f3w hydrologiczno-meteorologicznych oraz oceny stanu \u015brodowiska morskiego i&nbsp;l\u0105dowego u\u0142atwiaj\u0105ce prac\u0119 poszczeg\u00f3lnych sektor\u00f3w gospodarki.<\/h2>\n\n\n\n<p>Optymalne podejmowanie decyzji w administrowaniu poszczeg\u00f3lnymi sektorami gospodarki, w oparciu o dedykowane produkty.<\/p>\n\n\n\n<p>Warunki hydrologiczno-meteorologiczne, stan \u015brodowiska oraz oddzia\u0142ywanie obiekt\u00f3w i&nbsp;inwestycji na&nbsp;\u015brodowisko maj\u0105 strategiczny wp\u0142yw na&nbsp;poszczeg\u00f3lne sektory gospodarki.<\/p>\n\n\n\n<p>Nasze produkty pomog\u0105 dostosowa\u0107 zapotrzebowanie na&nbsp;energi\u0119, zarz\u0105dza\u0107 zasobami wodnymi, oceni\u0107 stopie\u0144 oddzia\u0142ywania planowanych inwestycji na&nbsp;\u015brodowisko oraz pomog\u0105 rozstrzygn\u0105\u0107 sporne kwestie z&nbsp;tytu\u0142u odszkodowa\u0144.<\/p>\n\n\n\n<hr class=\"wp-block-separator has-alpha-channel-opacity\"\/>\n\n\n\n<p><strong>Produkty<\/strong><br>\u2022&nbsp;Przesy\u0142anie bie\u017c\u0105cych danych pogodowych.<br>\u2022&nbsp;Opracowywanie dedykowanych prognoz tekstowych przez synoptyka maks. do&nbsp;7 dni.<br>\u2022&nbsp;Przekazywanie modelowych kr\u00f3tko i&nbsp;d\u0142ugoterminowych prognoz z&nbsp;generacj\u0105 tekstu na&nbsp;wybrany obszar.<br>\u2022&nbsp;Prognozy sezonowe na&nbsp;okres 3-4 miesi\u0119cy (opady i&nbsp;temp. w&nbsp;odniesieniu do&nbsp;norm z&nbsp;wielolecia).<br>\u2022&nbsp;Opracowywanie map zagro\u017cenia powodziowego.<br>\u2022&nbsp;Kontrola budowli pi\u0119trz\u0105cych.<br>\u2022&nbsp;Wyznaczanie teren\u00f3w zagro\u017conych szybkimi powodziami.<br>\u2022&nbsp;Oceny stanu \u015brodowiska morskiego zgodne z&nbsp;aktualnym prawodawstwem.<br>\u2022&nbsp;Modelowanie hydrodynamiczne, opad-odp\u0142yw.<\/p>\n\n\n\n<p><strong>History<\/strong><br>\u2022&nbsp;Ekspertyzy hydrologiczne, meteorologiczne, oceanograficzne i&nbsp;opracowania poszczeg\u00f3lnych element\u00f3w klimatologicznych na&nbsp;podstawie gromadzonych danych archiwalnych.<br>\u2022&nbsp;Raporty o&nbsp;jako\u015bci i&nbsp;stanie \u015brodowiska l\u0105dowego i&nbsp;morskiego.<br>\u2022&nbsp;Ekspertyzy obci\u0105\u017cenia gruntu \u015bniegiem.<br>\u2022&nbsp;Zestawienia archiwalnych danych obserwacyjno-pomiarowych.<\/p>\n\n\n\n<p><strong>Alerty<\/strong><br>Dost\u0119p do&nbsp;aktualnych informacji dotycz\u0105cych zmian warunk\u00f3w hydrologiczno-meteorologicznych, w&nbsp;tym bie\u017c\u0105ce przesy\u0142anie alert\u00f3w.<\/p>\n\n\n\n<hr class=\"wp-block-separator has-alpha-channel-opacity\"\/>\n\n\n\n<div class=\"wp-block-group is-vertical is-content-justification-center is-layout-flex wp-container-core-group-is-layout-ce155fab wp-block-group-is-layout-flex\">\n<p class=\"has-text-align-center\">W celu nawi\u0105zania wsp\u00f3\u0142pracy skontaktuj <br>si\u0119 z\u00a0Wydzia\u0142em Analiz i\u00a0Sprzeda\u017cy<br><strong>IMGW-PIB<\/strong><\/p>\n\n\n\n<div class=\"wp-block-buttons is-layout-flex wp-block-buttons-is-layout-flex\">\n<div class=\"wp-block-button\"><a class=\"wp-block-button__link wp-element-button\" href=\"mailto:biznes@imgw.pl\">Napisz do nas<\/a><\/div>\n<\/div>\n<\/div>","protected":false},"excerpt":{"rendered":"<p>Prognozy i&nbsp;analizy warunk\u00f3w hydrologiczno-meteorologicznych oraz oceny stanu \u015brodowiska morskiego i&nbsp;l\u0105dowego u\u0142atwiaj\u0105ce prac\u0119 poszczeg\u00f3lnych sektor\u00f3w gospodarki. Optymalne podejmowanie decyzji w administrowaniu poszczeg\u00f3lnymi sektorami gospodarki, w oparciu o dedykowane produkty. Warunki hydrologiczno-meteorologiczne, stan \u015brodowiska oraz oddzia\u0142ywanie obiekt\u00f3w i&nbsp;inwestycji na&nbsp;\u015brodowisko maj\u0105 strategiczny wp\u0142yw na&nbsp;poszczeg\u00f3lne sektory gospodarki. Nasze produkty pomog\u0105 dostosowa\u0107 zapotrzebowanie na&nbsp;energi\u0119, zarz\u0105dza\u0107 zasobami wodnymi, oceni\u0107 stopie\u0144 oddzia\u0142ywania [&hellip;]<\/p>","protected":false},"author":1,"featured_media":0,"parent":39,"menu_order":0,"comment_status":"closed","ping_status":"closed","template":"","meta":{"footnotes":""},"class_list":["post-1297","page","type-page","status-publish","hentry"],"_links":{"self":[{"href":"https:\/\/imgw.pl\/en\/wp-json\/wp\/v2\/pages\/1297","targetHints":{"allow":["GET"]}}],"collection":[{"href":"https:\/\/imgw.pl\/en\/wp-json\/wp\/v2\/pages"}],"about":[{"href":"https:\/\/imgw.pl\/en\/wp-json\/wp\/v2\/types\/page"}],"author":[{"embeddable":true,"href":"https:\/\/imgw.pl\/en\/wp-json\/wp\/v2\/users\/1"}],"replies":[{"embeddable":true,"href":"https:\/\/imgw.pl\/en\/wp-json\/wp\/v2\/comments?post=1297"}],"version-history":[{"count":2,"href":"https:\/\/imgw.pl\/en\/wp-json\/wp\/v2\/pages\/1297\/revisions"}],"predecessor-version":[{"id":1323,"href":"https:\/\/imgw.pl\/en\/wp-json\/wp\/v2\/pages\/1297\/revisions\/1323"}],"up":[{"embeddable":true,"href":"https:\/\/imgw.pl\/en\/wp-json\/wp\/v2\/pages\/39"}],"wp:attachment":[{"href":"https:\/\/imgw.pl\/en\/wp-json\/wp\/v2\/media?parent=1297"}],"curies":[{"name":"wp","href":"https:\/\/api.w.org\/{rel}","templated":true}]}}