{"id":1301,"date":"2024-10-16T14:02:23","date_gmt":"2024-10-16T12:02:23","guid":{"rendered":"http:\/\/localhost:8000\/?page_id=1301"},"modified":"2024-10-16T15:20:51","modified_gmt":"2024-10-16T13:20:51","slug":"transport-i-logistyka","status":"publish","type":"page","link":"https:\/\/imgw.pl\/en\/oferta\/biznes\/transport-i-logistyka\/","title":{"rendered":"Transport i Logistyka"},"content":{"rendered":"<h2 class=\"wp-block-heading\">Prognozy oraz dane niezb\u0119dne do&nbsp;os\u0142ony dr\u00f3g w&nbsp;czasie niesprzyjaj\u0105cych warunk\u00f3w pogodowych<\/h2>\n\n\n\n<p>Zapewnienie bezpiecze\u0144stwa, wzrost efektywno\u015bci przedsi\u0119wzi\u0119\u0107oraz zmniejszenie zu\u017cycia paliw\/energii.<\/p>\n\n\n\n<p>Warunki hydrologiczno-meteorologiczne maj\u0105 szczeg\u00f3lny wp\u0142yw w&nbsp;okresie zimowym na&nbsp;utrzymanie nawierzchni dr\u00f3g w&nbsp;odpowiednim stanie. Podczas wykonywania r\u00f3\u017cnorodnych operacji podczas os\u0142ony zimowej dr\u00f3g, niezb\u0119dne jest posiadanie niezawodnej i&nbsp;dok\u0142adnej informacji pogodowej, kt\u00f3ra umo\u017cliwia kierownikom projekt\u00f3w obni\u017cenie koszt\u00f3w operacyjnych.<\/p>\n\n\n\n<hr class=\"wp-block-separator has-alpha-channel-opacity\"\/>\n\n\n\n<p><strong>PRODUKTY:<\/strong><\/p>\n\n\n\n<ul class=\"wp-block-list\">\n<li>Prognozy pogody z krokiem godzinowym na wybrane parametry.<\/li>\n\n\n\n<li>Bie\u017c\u0105ce informacje o stanie pogody.<\/li>\n\n\n\n<li>Animacje map radarowych i zdj\u0119\u0107 satelitarnych.<\/li>\n\n\n\n<li>Produkty z systemu burzowego PERUN.<\/li>\n\n\n\n<li>Opracowywanie prognoz tekstowych przez synoptyka maks. do 7 dni.<\/li>\n\n\n\n<li>Przekazywanie modelowych kr\u00f3tko i d\u0142ugoterminowych prognoz z generacj\u0105 tekstu dla okre\u015blonych punkt\u00f3w.<\/li>\n\n\n\n<li>Analizy warunk\u00f3w hydrodynamicznych podczas katastrof i wypadk\u00f3w jednostek p\u0142ywaj\u0105cych.<\/li>\n<\/ul>\n\n\n\n<p><strong>History<\/strong><br>Ekspertyzy hydrologiczne, meteorologiczne, opracowania poszczeg\u00f3lnych element\u00f3w klimatologicznych na&nbsp;podstawie gromadzonych danych archiwalnych oraz opis sytuacji pogodowej podczas odwo\u0142ania lotu przez linie lotnicze.<\/p>\n\n\n\n<p><strong>Alerty<\/strong><br>Dost\u0119p do&nbsp;aktualnych informacji dotycz\u0105cych zmian warunk\u00f3w meteorologicznych, w&nbsp;tym bie\u017c\u0105ce przesy\u0142anie alert\u00f3w i&nbsp;komunikat\u00f3w.<\/p>\n\n\n\n<hr class=\"wp-block-separator has-alpha-channel-opacity\"\/>\n\n\n\n<div class=\"wp-block-group is-vertical is-content-justification-center is-layout-flex wp-container-core-group-is-layout-ce155fab wp-block-group-is-layout-flex\">\n<p class=\"has-text-align-center\">W celu nawi\u0105zania wsp\u00f3\u0142pracy skontaktuj <br>si\u0119 z\u00a0Wydzia\u0142em Analiz i\u00a0Sprzeda\u017cy<br><strong>IMGW-PIB<\/strong><\/p>\n\n\n\n<div class=\"wp-block-buttons is-layout-flex wp-block-buttons-is-layout-flex\">\n<div class=\"wp-block-button\"><a class=\"wp-block-button__link wp-element-button\" href=\"mailto:biznes@imgw.pl\">Napisz do nas<\/a><\/div>\n<\/div>\n<\/div>","protected":false},"excerpt":{"rendered":"<p>Prognozy oraz dane niezb\u0119dne do&nbsp;os\u0142ony dr\u00f3g w&nbsp;czasie niesprzyjaj\u0105cych warunk\u00f3w pogodowych Zapewnienie bezpiecze\u0144stwa, wzrost efektywno\u015bci przedsi\u0119wzi\u0119\u0107oraz zmniejszenie zu\u017cycia paliw\/energii. Warunki hydrologiczno-meteorologiczne maj\u0105 szczeg\u00f3lny wp\u0142yw w&nbsp;okresie zimowym na&nbsp;utrzymanie nawierzchni dr\u00f3g w&nbsp;odpowiednim stanie. Podczas wykonywania r\u00f3\u017cnorodnych operacji podczas os\u0142ony zimowej dr\u00f3g, niezb\u0119dne jest posiadanie niezawodnej i&nbsp;dok\u0142adnej informacji pogodowej, kt\u00f3ra umo\u017cliwia kierownikom projekt\u00f3w obni\u017cenie koszt\u00f3w operacyjnych. PRODUKTY: HistoriaEkspertyzy hydrologiczne, [&hellip;]<\/p>","protected":false},"author":1,"featured_media":0,"parent":39,"menu_order":0,"comment_status":"closed","ping_status":"closed","template":"","meta":{"footnotes":""},"class_list":["post-1301","page","type-page","status-publish","hentry"],"_links":{"self":[{"href":"https:\/\/imgw.pl\/en\/wp-json\/wp\/v2\/pages\/1301","targetHints":{"allow":["GET"]}}],"collection":[{"href":"https:\/\/imgw.pl\/en\/wp-json\/wp\/v2\/pages"}],"about":[{"href":"https:\/\/imgw.pl\/en\/wp-json\/wp\/v2\/types\/page"}],"author":[{"embeddable":true,"href":"https:\/\/imgw.pl\/en\/wp-json\/wp\/v2\/users\/1"}],"replies":[{"embeddable":true,"href":"https:\/\/imgw.pl\/en\/wp-json\/wp\/v2\/comments?post=1301"}],"version-history":[{"count":2,"href":"https:\/\/imgw.pl\/en\/wp-json\/wp\/v2\/pages\/1301\/revisions"}],"predecessor-version":[{"id":1324,"href":"https:\/\/imgw.pl\/en\/wp-json\/wp\/v2\/pages\/1301\/revisions\/1324"}],"up":[{"embeddable":true,"href":"https:\/\/imgw.pl\/en\/wp-json\/wp\/v2\/pages\/39"}],"wp:attachment":[{"href":"https:\/\/imgw.pl\/en\/wp-json\/wp\/v2\/media?parent=1301"}],"curies":[{"name":"wp","href":"https:\/\/api.w.org\/{rel}","templated":true}]}}