{"id":1305,"date":"2024-10-16T14:05:08","date_gmt":"2024-10-16T12:05:08","guid":{"rendered":"http:\/\/localhost:8000\/?page_id=1305"},"modified":"2024-10-16T15:21:12","modified_gmt":"2024-10-16T13:21:12","slug":"media-2","status":"publish","type":"page","link":"https:\/\/imgw.pl\/en\/oferta\/biznes\/media-2\/","title":{"rendered":"Media"},"content":{"rendered":"<h2 class=\"wp-block-heading\">Przygotowanie profesjonalnych serwis\u00f3w pogodowych.<\/h2>\n\n\n\n<p>Profesjonalne serwisy pogodowe na potrzeby audycji telewizyjnych, radiowych czy portali internetowych, kt\u00f3re powstan\u0105 w oparciu o pierwsze \u017ar\u00f3d\u0142o informacji.<\/p>\n\n\n\n<p>Warunki pogodowe publikowane w&nbsp;r\u00f3\u017cnych \u017ar\u00f3d\u0142ach masowego przekazu ciesz\u0105 si\u0119 du\u017cym zainteresowaniem spo\u0142ecze\u0144stwa ze&nbsp;wzgl\u0119du na&nbsp;mo\u017cliwo\u015b\u0107 zaplanowania dnia wolnego, nawodnienia ogr\u00f3dka oraz dobrania odpowiedniego stroju do&nbsp;warunk\u00f3w pogodowych.<\/p>\n\n\n\n<p>Natomiast aktualne ostrze\u017cenia, to&nbsp;bezpiecze\u0144stwo ludzi, zwierz\u0105t oraz mienia. Dlatego niezb\u0119dne jest posiadanie danych ze&nbsp;sprawdzonego \u017ar\u00f3d\u0142a, kt\u00f3re zapewni\u0105 rzetelne informacje, a&nbsp;co&nbsp;za tym idzie popularno\u015b\u0107 serwisu pogodowego.<\/p>\n\n\n\n<hr class=\"wp-block-separator has-alpha-channel-opacity\"\/>\n\n\n\n<p><strong>Produkty<\/strong><br>\u2022&nbsp;Dedykowane serwisy pogodowe.<br>\u2022&nbsp;Animacje map radarowych i&nbsp;zdj\u0119\u0107 satelitarnych.<br>\u2022&nbsp;Produkty z&nbsp;systemu burzowego PERUN.<br>\u2022&nbsp;Prognozy graficzne dla Polski i&nbsp;Europy.<br>\u2022&nbsp;Prognozy numeryczne dla wybranych lokalizacji w&nbsp;Polsce i&nbsp;na&nbsp;\u015awiecie.<\/p>\n\n\n\n<p><strong>Alerty<\/strong><br>Dost\u0119p do&nbsp;aktualnych informacji dotycz\u0105cych zmian warunk\u00f3w hydrologiczno-meteorologicznych, w&nbsp;tym bie\u017c\u0105ce przesy\u0142anie alert\u00f3w i&nbsp;komunikat\u00f3w.<\/p>\n\n\n\n<hr class=\"wp-block-separator has-alpha-channel-opacity\"\/>\n\n\n\n<div class=\"wp-block-group is-vertical is-content-justification-center is-layout-flex wp-container-core-group-is-layout-ce155fab wp-block-group-is-layout-flex\">\n<p class=\"has-text-align-center\">W celu nawi\u0105zania wsp\u00f3\u0142pracy skontaktuj <br>si\u0119 z\u00a0Wydzia\u0142em Analiz i\u00a0Sprzeda\u017cy<br><strong>IMGW-PIB<\/strong><\/p>\n\n\n\n<div class=\"wp-block-buttons is-layout-flex wp-block-buttons-is-layout-flex\">\n<div class=\"wp-block-button\"><a class=\"wp-block-button__link wp-element-button\" href=\"mailto:biznes@imgw.pl\">Napisz do nas<\/a><\/div>\n<\/div>\n<\/div>","protected":false},"excerpt":{"rendered":"<p>Przygotowanie profesjonalnych serwis\u00f3w pogodowych. Profesjonalne serwisy pogodowe na potrzeby audycji telewizyjnych, radiowych czy portali internetowych, kt\u00f3re powstan\u0105 w oparciu o pierwsze \u017ar\u00f3d\u0142o informacji. Warunki pogodowe publikowane w&nbsp;r\u00f3\u017cnych \u017ar\u00f3d\u0142ach masowego przekazu ciesz\u0105 si\u0119 du\u017cym zainteresowaniem spo\u0142ecze\u0144stwa ze&nbsp;wzgl\u0119du na&nbsp;mo\u017cliwo\u015b\u0107 zaplanowania dnia wolnego, nawodnienia ogr\u00f3dka oraz dobrania odpowiedniego stroju do&nbsp;warunk\u00f3w pogodowych. Natomiast aktualne ostrze\u017cenia, to&nbsp;bezpiecze\u0144stwo ludzi, zwierz\u0105t oraz [&hellip;]<\/p>","protected":false},"author":1,"featured_media":0,"parent":39,"menu_order":0,"comment_status":"closed","ping_status":"closed","template":"","meta":{"footnotes":""},"class_list":["post-1305","page","type-page","status-publish","hentry"],"_links":{"self":[{"href":"https:\/\/imgw.pl\/en\/wp-json\/wp\/v2\/pages\/1305","targetHints":{"allow":["GET"]}}],"collection":[{"href":"https:\/\/imgw.pl\/en\/wp-json\/wp\/v2\/pages"}],"about":[{"href":"https:\/\/imgw.pl\/en\/wp-json\/wp\/v2\/types\/page"}],"author":[{"embeddable":true,"href":"https:\/\/imgw.pl\/en\/wp-json\/wp\/v2\/users\/1"}],"replies":[{"embeddable":true,"href":"https:\/\/imgw.pl\/en\/wp-json\/wp\/v2\/comments?post=1305"}],"version-history":[{"count":2,"href":"https:\/\/imgw.pl\/en\/wp-json\/wp\/v2\/pages\/1305\/revisions"}],"predecessor-version":[{"id":1325,"href":"https:\/\/imgw.pl\/en\/wp-json\/wp\/v2\/pages\/1305\/revisions\/1325"}],"up":[{"embeddable":true,"href":"https:\/\/imgw.pl\/en\/wp-json\/wp\/v2\/pages\/39"}],"wp:attachment":[{"href":"https:\/\/imgw.pl\/en\/wp-json\/wp\/v2\/media?parent=1305"}],"curies":[{"name":"wp","href":"https:\/\/api.w.org\/{rel}","templated":true}]}}