{"id":1311,"date":"2024-10-16T14:08:30","date_gmt":"2024-10-16T12:08:30","guid":{"rendered":"http:\/\/localhost:8000\/?page_id=1311"},"modified":"2024-10-16T15:21:33","modified_gmt":"2024-10-16T13:21:33","slug":"sport-i-kultura","status":"publish","type":"page","link":"https:\/\/imgw.pl\/en\/oferta\/biznes\/sport-i-kultura\/","title":{"rendered":"Sport i Kultura"},"content":{"rendered":"<h2 class=\"wp-block-heading\">Mo\u017cliwo\u015b\u0107 planowania, organizowania lub prze\u0142o\u017cenia wydarzenia na&nbsp;podstawie bie\u017c\u0105cych informacji pogodowych.<\/h2>\n\n\n\n<p>Podejmowanie optymalnych decyzji w oparciu o wiarygodne informacje pogodowe podczas imprez masowych, organizowanych na l\u0105dzie oraz akwenach.<\/p>\n\n\n\n<p>Warunki hydrologiczno-meteorologiczne maj\u0105 wp\u0142yw na&nbsp;organizacj\u0119 imprez odbywaj\u0105cych si\u0119 na&nbsp;l\u0105dzie oraz akwenach, dlatego niezb\u0119dne jest posiadanie bie\u017c\u0105cego serwisu pogodowego i&nbsp;danych pomiarowych, kt\u00f3re umo\u017cliwiaj\u0105 obni\u017cenie koszt\u00f3w poprzez dok\u0142adn\u0105 identyfikacj\u0119 potrzeb zwi\u0105zanych z&nbsp;organizacj\u0105 imprezy oraz zapewni\u0105 bezpiecze\u0144stwo podczas realizowanego przedsi\u0119wzi\u0119cia.<\/p>\n\n\n\n<hr class=\"wp-block-separator has-alpha-channel-opacity\"\/>\n\n\n\n<p><strong>Produkty<\/strong><br>\u2022&nbsp;Opracowanie bie\u017c\u0105cych danych pomiarowych.<br>\u2022&nbsp;Prognozy pogody oraz os\u0142ona meteorologiczna na&nbsp;miejscu imprezy.<br>\u2022&nbsp;Prognozy kr\u00f3tko, \u015brednio terminowe (wykresy i&nbsp;tabele obejmuj\u0105ce parametry hydrologiczno-meteorologiczne).<br>\u2022&nbsp;Prognozy warunk\u00f3w hydrodynamicznych podczas wydarze\u0144 sportowych na&nbsp;obszarze strefy brzegowej Morza Ba\u0142tyckiego.<br>\u2022&nbsp;Modelowe prognozy poziomu morza.<\/p>\n\n\n\n<p><strong>History<\/strong><br>\u2022&nbsp;Ekspertyzy hydrologiczno-meteorologiczne, oceanograficzne i&nbsp;opracowania poszczeg\u00f3lnych element\u00f3w klimatologicznych na&nbsp;podstawie gromadzonych danych archiwalnych.<\/p>\n\n\n\n<p><strong>Alerty<\/strong><br>Dost\u0119p do&nbsp;aktualnych informacji dotycz\u0105cych zmian warunk\u00f3w hydrologiczno-meteorologicznych, w&nbsp;tym bie\u017c\u0105ce przesy\u0142anie alert\u00f3w i&nbsp;komunikat\u00f3w.<\/p>\n\n\n\n<hr class=\"wp-block-separator has-alpha-channel-opacity\"\/>\n\n\n\n<div class=\"wp-block-group is-vertical is-content-justification-center is-layout-flex wp-container-core-group-is-layout-ce155fab wp-block-group-is-layout-flex\">\n<p class=\"has-text-align-center\">W celu nawi\u0105zania wsp\u00f3\u0142pracy skontaktuj <br>si\u0119 z\u00a0Wydzia\u0142em Analiz i\u00a0Sprzeda\u017cy<br><strong>IMGW-PIB<\/strong><\/p>\n\n\n\n<div class=\"wp-block-buttons is-layout-flex wp-block-buttons-is-layout-flex\">\n<div class=\"wp-block-button\"><a class=\"wp-block-button__link wp-element-button\" href=\"mailto:biznes@imgw.pl\">Napisz do nas<\/a><\/div>\n<\/div>\n<\/div>","protected":false},"excerpt":{"rendered":"<p>Mo\u017cliwo\u015b\u0107 planowania, organizowania lub prze\u0142o\u017cenia wydarzenia na&nbsp;podstawie bie\u017c\u0105cych informacji pogodowych. Podejmowanie optymalnych decyzji w oparciu o wiarygodne informacje pogodowe podczas imprez masowych, organizowanych na l\u0105dzie oraz akwenach. Warunki hydrologiczno-meteorologiczne maj\u0105 wp\u0142yw na&nbsp;organizacj\u0119 imprez odbywaj\u0105cych si\u0119 na&nbsp;l\u0105dzie oraz akwenach, dlatego niezb\u0119dne jest posiadanie bie\u017c\u0105cego serwisu pogodowego i&nbsp;danych pomiarowych, kt\u00f3re umo\u017cliwiaj\u0105 obni\u017cenie koszt\u00f3w poprzez dok\u0142adn\u0105 identyfikacj\u0119 potrzeb [&hellip;]<\/p>\n","protected":false},"author":1,"featured_media":0,"parent":39,"menu_order":0,"comment_status":"closed","ping_status":"closed","template":"","meta":{"footnotes":""},"class_list":["post-1311","page","type-page","status-publish","hentry"],"_links":{"self":[{"href":"https:\/\/imgw.pl\/en\/wp-json\/wp\/v2\/pages\/1311","targetHints":{"allow":["GET"]}}],"collection":[{"href":"https:\/\/imgw.pl\/en\/wp-json\/wp\/v2\/pages"}],"about":[{"href":"https:\/\/imgw.pl\/en\/wp-json\/wp\/v2\/types\/page"}],"author":[{"embeddable":true,"href":"https:\/\/imgw.pl\/en\/wp-json\/wp\/v2\/users\/1"}],"replies":[{"embeddable":true,"href":"https:\/\/imgw.pl\/en\/wp-json\/wp\/v2\/comments?post=1311"}],"version-history":[{"count":2,"href":"https:\/\/imgw.pl\/en\/wp-json\/wp\/v2\/pages\/1311\/revisions"}],"predecessor-version":[{"id":1326,"href":"https:\/\/imgw.pl\/en\/wp-json\/wp\/v2\/pages\/1311\/revisions\/1326"}],"up":[{"embeddable":true,"href":"https:\/\/imgw.pl\/en\/wp-json\/wp\/v2\/pages\/39"}],"wp:attachment":[{"href":"https:\/\/imgw.pl\/en\/wp-json\/wp\/v2\/media?parent=1311"}],"curies":[{"name":"wp","href":"https:\/\/api.w.org\/{rel}","templated":true}]}}