{"id":1315,"date":"2024-10-16T14:11:02","date_gmt":"2024-10-16T12:11:02","guid":{"rendered":"http:\/\/localhost:8000\/?page_id=1315"},"modified":"2024-10-16T14:11:46","modified_gmt":"2024-10-16T12:11:46","slug":"budownictwo","status":"publish","type":"page","link":"https:\/\/imgw.pl\/en\/oferta\/biznes\/budownictwo\/","title":{"rendered":"Budownictwo"},"content":{"rendered":"<h2 class=\"wp-block-heading\">Analiza lokalizacji inwestycji oraz dostosowanie wykonywanych prac do&nbsp;warunk\u00f3w hydrologiczno-meteorologicznych.<\/h2>\n\n\n\n<p>Poprawa bezpiecze\u0144stwa i efektywno\u015bci planowanych inwestycji.<\/p>\n\n\n\n<p>Warunki hydrologiczno-meteorologiczne maj\u0105 wp\u0142yw podczas realizacji ka\u017cdego etapu budowy. Niezb\u0119dne jest posiadanie aktualnych danych pogodowych oraz rzetelnych prognoz, kt\u00f3re zminimalizuj\u0105 ryzyko strat.<\/p>\n\n\n\n<p>Dok\u0142adnie zaplanowane przestoje zwi\u0105zane z&nbsp;pogod\u0105, pozwol\u0105 unikn\u0105\u0107 niepotrzebnych strat materialnych oraz wyd\u0142u\u017cenia terminu budowy.<\/p>\n\n\n\n<hr class=\"wp-block-separator has-alpha-channel-opacity\"\/>\n\n\n\n<p><strong>Produkty<\/strong><br>\u2022&nbsp;Raporty bie\u017c\u0105cych i&nbsp;archiwalnych danych pomiarowych.<br>\u2022&nbsp;Wp\u0142yw planowanej inwestycji na&nbsp;ryzyko powodziowe.<br>\u2022&nbsp;Wyznaczanie teren\u00f3w zalewowych.<br>\u2022&nbsp;Wyznaczanie teren\u00f3w zagro\u017conych szybkimi powodziami.<br>\u2022&nbsp;Modelowanie hydrodynamiczne, opad-odp\u0142yw.<br>\u2022&nbsp;Wyznaczanie rz\u0119dnych Qp% na&nbsp;potrzeby budowy i&nbsp;przebudowy most\u00f3w, dr\u00f3g ekspresowych.<\/p>\n\n\n\n<p><strong>Weather Forecast<\/strong><br>\u2022&nbsp;Prognozy kr\u00f3tko i&nbsp;\u015brednio terminowe (wykresy i&nbsp;tabele obejmuj\u0105ce parametry temperatury).<br>\u2022&nbsp;Prognoza wiatru na&nbsp;poszczeg\u00f3lnych wysoko\u015bciach.<br>\u2022&nbsp;Prognozy modelowe poziomu wody i&nbsp;pr\u0105d\u00f3w.<br>\u2022&nbsp;Modelowe prognozy przep\u0142ywu dla wybranych rzek.<br>\u2022&nbsp;Modelowe prognozy oddzia\u0142ywania falowania na&nbsp;budowle hydrotechniczne.<br>\u2022&nbsp;Modelowe prognozy wp\u0142ywu falowania na&nbsp;procesy erozyjne wybrze\u017ca.<br>\u2022&nbsp;Archiwalne analizy falowania z&nbsp;modelu numerycznego.<\/p>\n\n\n\n<p><strong>History<\/strong><br>\u2022&nbsp;Ekspertyzy hydrologiczno-meteorologiczne,oceanograficzne i&nbsp;opracowania poszczeg\u00f3lnych element\u00f3w klimatologicznych na&nbsp;podstawie gromadzonych danych archiwalnych.<br>\u2022&nbsp;R\u00f3\u017ce wiatr\u00f3w.<br>\u2022&nbsp;Ekspertyzy obci\u0105\u017cenia gruntu \u015bniegiem.<\/p>\n\n\n\n<p><strong>Alerty<\/strong><br>Dost\u0119p do&nbsp;aktualnych informacji dotycz\u0105cych zmian warunk\u00f3w hydrologiczno-meteorologicznych, w&nbsp;tym bie\u017c\u0105ce przesy\u0142anie alert\u00f3w i&nbsp;komunikat\u00f3w.<\/p>\n\n\n\n<hr class=\"wp-block-separator has-alpha-channel-opacity\"\/>\n\n\n\n<div class=\"wp-block-group is-vertical is-content-justification-center is-layout-flex wp-container-core-group-is-layout-ce155fab wp-block-group-is-layout-flex\">\n<p class=\"has-text-align-center\">W celu nawi\u0105zania wsp\u00f3\u0142pracy skontaktuj <br>si\u0119 z\u00a0Wydzia\u0142em Analiz i\u00a0Sprzeda\u017cy<br><strong>IMGW-PIB<\/strong><\/p>\n\n\n\n<div class=\"wp-block-buttons is-layout-flex wp-block-buttons-is-layout-flex\">\n<div class=\"wp-block-button\"><a class=\"wp-block-button__link wp-element-button\" href=\"mailto:biznes@imgw.pl\">Napisz do nas<\/a><\/div>\n<\/div>\n<\/div>","protected":false},"excerpt":{"rendered":"<p>Analiza lokalizacji inwestycji oraz dostosowanie wykonywanych prac do&nbsp;warunk\u00f3w hydrologiczno-meteorologicznych. Poprawa bezpiecze\u0144stwa i efektywno\u015bci planowanych inwestycji. Warunki hydrologiczno-meteorologiczne maj\u0105 wp\u0142yw podczas realizacji ka\u017cdego etapu budowy. Niezb\u0119dne jest posiadanie aktualnych danych pogodowych oraz rzetelnych prognoz, kt\u00f3re zminimalizuj\u0105 ryzyko strat. Dok\u0142adnie zaplanowane przestoje zwi\u0105zane z&nbsp;pogod\u0105, pozwol\u0105 unikn\u0105\u0107 niepotrzebnych strat materialnych oraz wyd\u0142u\u017cenia terminu budowy. Produkty\u2022&nbsp;Raporty bie\u017c\u0105cych i&nbsp;archiwalnych danych [&hellip;]<\/p>","protected":false},"author":1,"featured_media":0,"parent":39,"menu_order":0,"comment_status":"closed","ping_status":"closed","template":"","meta":{"footnotes":""},"class_list":["post-1315","page","type-page","status-publish","hentry"],"_links":{"self":[{"href":"https:\/\/imgw.pl\/en\/wp-json\/wp\/v2\/pages\/1315","targetHints":{"allow":["GET"]}}],"collection":[{"href":"https:\/\/imgw.pl\/en\/wp-json\/wp\/v2\/pages"}],"about":[{"href":"https:\/\/imgw.pl\/en\/wp-json\/wp\/v2\/types\/page"}],"author":[{"embeddable":true,"href":"https:\/\/imgw.pl\/en\/wp-json\/wp\/v2\/users\/1"}],"replies":[{"embeddable":true,"href":"https:\/\/imgw.pl\/en\/wp-json\/wp\/v2\/comments?post=1315"}],"version-history":[{"count":1,"href":"https:\/\/imgw.pl\/en\/wp-json\/wp\/v2\/pages\/1315\/revisions"}],"predecessor-version":[{"id":1317,"href":"https:\/\/imgw.pl\/en\/wp-json\/wp\/v2\/pages\/1315\/revisions\/1317"}],"up":[{"embeddable":true,"href":"https:\/\/imgw.pl\/en\/wp-json\/wp\/v2\/pages\/39"}],"wp:attachment":[{"href":"https:\/\/imgw.pl\/en\/wp-json\/wp\/v2\/media?parent=1315"}],"curies":[{"name":"wp","href":"https:\/\/api.w.org\/{rel}","templated":true}]}}