{"id":1328,"date":"2024-10-16T15:23:35","date_gmt":"2024-10-16T13:23:35","guid":{"rendered":"http:\/\/localhost:8000\/?page_id=1328"},"modified":"2024-10-16T15:23:48","modified_gmt":"2024-10-16T13:23:48","slug":"energia-i-energetyka","status":"publish","type":"page","link":"https:\/\/imgw.pl\/en\/oferta\/biznes\/energia-i-energetyka\/","title":{"rendered":"Energia i Energetyka"},"content":{"rendered":"<h2 class=\"wp-block-heading\">Planowanie i&nbsp;ocenianie optymalnych warunk\u00f3w hydrologicznometeorologicznych do&nbsp;realizowanych przedsi\u0119wzi\u0119\u0107.<\/h2>\n\n\n\n<p>Lokalizacja elektrowni i farm wiatrowych, planowanie zapotrzebowania na energi\u0119 oraz zapotrzebowania na surowce. Lokalizacja potencjalnych elektrowni falowych.<\/p>\n\n\n\n<p>Warunki hydrologiczno-meteorologiczne maj\u0105 kluczowy wp\u0142yw na&nbsp;zapotrzebowanie na&nbsp;energi\u0119. Niezb\u0119dne jest posiadanie niezawodnego i&nbsp;dok\u0142adnego narz\u0119dzia do&nbsp;prognozowania warunk\u00f3w hydrologiczno-meteorologicznych, kt\u00f3re umo\u017cliwi obni\u017cenie koszt\u00f3w operacyjnych.<\/p>\n\n\n\n<hr class=\"wp-block-separator has-alpha-channel-opacity\"\/>\n\n\n\n<p><strong>Produkty<\/strong><br>\u2022&nbsp;Mapy radarowe z&nbsp;meteogramem.<br>\u2022&nbsp;Prognozy burz.<br>\u2022&nbsp;Wy\u015bwietlanie aktualnych rejestracji wy\u0142adowa\u0144 atmosferycznych z&nbsp;systemu PERUN.<br>\u2022&nbsp;Opracowanie bie\u017c\u0105cych danych pomiarowych.<br>\u2022&nbsp;Prognozy z&nbsp;krokiem godzinowym dla wybranych parametr\u00f3w hydrologiczno meteorologicznych.<br>\u2022&nbsp;Prognoza wiatru na&nbsp;poszczeg\u00f3lnych wysoko\u015bciach.<br>\u2022&nbsp;Prognozy modelowe poziomu morza.<br>\u2022&nbsp;Prognozy przep\u0142ywu dla wybranych rzek.<\/p>\n\n\n\n<p><strong>History<\/strong><br>\u2022&nbsp;Analizy us\u0142onecznienia i&nbsp;zachmurzenia.<br>\u2022&nbsp;Operaty do&nbsp;post\u0119powa\u0144 wodno-prawnych.<br>\u2022&nbsp;Ocena stanu \u015brodowiska.<br>\u2022&nbsp;Ekspertyzy i&nbsp;analizy warunk\u00f3w hydrologiczno-meteorologicznych na&nbsp;podstawie danych archiwalnych.<br>\u2022&nbsp;R\u00f3\u017ce wiatr\u00f3w.<br>\u2022&nbsp;R\u00f3\u017ce falowania wiatrowego.<br>\u2022&nbsp;Opracowania i&nbsp;dane archiwalne z&nbsp;zakresu aktynometrii.<\/p>\n\n\n\n<p><strong>Alerty<\/strong><br>Dost\u0119p do&nbsp;aktualnych informacji dotycz\u0105cych zmian warunk\u00f3w hydrologiczno-meteorologicznych,<br>w&nbsp;tym bie\u017c\u0105ce przesy\u0142anie alert\u00f3w i&nbsp;komunikat\u00f3w.<\/p>\n\n\n\n<hr class=\"wp-block-separator has-alpha-channel-opacity\"\/>\n\n\n\n<div class=\"wp-block-group is-vertical is-content-justification-center is-layout-flex wp-container-core-group-is-layout-ce155fab wp-block-group-is-layout-flex\">\n<p class=\"has-text-align-center\">W celu nawi\u0105zania wsp\u00f3\u0142pracy skontaktuj <br>si\u0119 z\u00a0Wydzia\u0142em Analiz i\u00a0Sprzeda\u017cy<br><strong>IMGW-PIB<\/strong><\/p>\n\n\n\n<div class=\"wp-block-buttons is-layout-flex wp-block-buttons-is-layout-flex\">\n<div class=\"wp-block-button\"><a class=\"wp-block-button__link wp-element-button\" href=\"mailto:biznes@imgw.pl\">Napisz do nas<\/a><\/div>\n<\/div>\n<\/div>","protected":false},"excerpt":{"rendered":"<p>Planowanie i&nbsp;ocenianie optymalnych warunk\u00f3w hydrologicznometeorologicznych do&nbsp;realizowanych przedsi\u0119wzi\u0119\u0107. Lokalizacja elektrowni i farm wiatrowych, planowanie zapotrzebowania na energi\u0119 oraz zapotrzebowania na surowce. Lokalizacja potencjalnych elektrowni falowych. Warunki hydrologiczno-meteorologiczne maj\u0105 kluczowy wp\u0142yw na&nbsp;zapotrzebowanie na&nbsp;energi\u0119. Niezb\u0119dne jest posiadanie niezawodnego i&nbsp;dok\u0142adnego narz\u0119dzia do&nbsp;prognozowania warunk\u00f3w hydrologiczno-meteorologicznych, kt\u00f3re umo\u017cliwi obni\u017cenie koszt\u00f3w operacyjnych. Produkty\u2022&nbsp;Mapy radarowe z&nbsp;meteogramem.\u2022&nbsp;Prognozy burz.\u2022&nbsp;Wy\u015bwietlanie aktualnych rejestracji wy\u0142adowa\u0144 atmosferycznych z&nbsp;systemu PERUN.\u2022&nbsp;Opracowanie [&hellip;]<\/p>","protected":false},"author":1,"featured_media":0,"parent":39,"menu_order":0,"comment_status":"closed","ping_status":"closed","template":"","meta":{"footnotes":""},"class_list":["post-1328","page","type-page","status-publish","hentry"],"_links":{"self":[{"href":"https:\/\/imgw.pl\/en\/wp-json\/wp\/v2\/pages\/1328","targetHints":{"allow":["GET"]}}],"collection":[{"href":"https:\/\/imgw.pl\/en\/wp-json\/wp\/v2\/pages"}],"about":[{"href":"https:\/\/imgw.pl\/en\/wp-json\/wp\/v2\/types\/page"}],"author":[{"embeddable":true,"href":"https:\/\/imgw.pl\/en\/wp-json\/wp\/v2\/users\/1"}],"replies":[{"embeddable":true,"href":"https:\/\/imgw.pl\/en\/wp-json\/wp\/v2\/comments?post=1328"}],"version-history":[{"count":1,"href":"https:\/\/imgw.pl\/en\/wp-json\/wp\/v2\/pages\/1328\/revisions"}],"predecessor-version":[{"id":1330,"href":"https:\/\/imgw.pl\/en\/wp-json\/wp\/v2\/pages\/1328\/revisions\/1330"}],"up":[{"embeddable":true,"href":"https:\/\/imgw.pl\/en\/wp-json\/wp\/v2\/pages\/39"}],"wp:attachment":[{"href":"https:\/\/imgw.pl\/en\/wp-json\/wp\/v2\/media?parent=1328"}],"curies":[{"name":"wp","href":"https:\/\/api.w.org\/{rel}","templated":true}]}}