{"id":1332,"date":"2024-10-16T15:25:32","date_gmt":"2024-10-16T13:25:32","guid":{"rendered":"http:\/\/localhost:8000\/?page_id=1332"},"modified":"2024-10-16T15:26:00","modified_gmt":"2024-10-16T13:26:00","slug":"biznes-i-przedsiebiorstwa","status":"publish","type":"page","link":"https:\/\/imgw.pl\/en\/oferta\/biznes\/biznes-i-przedsiebiorstwa\/","title":{"rendered":"Biznes i Przedsi\u0119biorstwa"},"content":{"rendered":"<h2 class=\"wp-block-heading\">Planowanie to&nbsp;wzrost bezpiecze\u0144stwa i&nbsp;efektywno\u015bci wykonywanych prac.<\/h2>\n\n\n\n<p>Podejmowanie optymalnych decyzji podczas planowania przedsi\u0119wzi\u0119\u0107 w poszczeg\u00f3lnych sektorach gospodarczych.<\/p>\n\n\n\n<p>Warunki hydrologiczno-meteorologiczne maj\u0105 wp\u0142yw na&nbsp;wszystkie obszary biznesu. Niezb\u0119dne jest posiadanie niezawodnego i&nbsp;dok\u0142adnego narz\u0119dzia do&nbsp;obserwowania zmian zachodz\u0105cych w&nbsp;pogodzie.<\/p>\n\n\n\n<p>\u015awiadome zarz\u0105dzanie inwestycj\u0105, pozwoli unikn\u0105\u0107 niepotrzebnych strat i&nbsp;zmian w&nbsp;harmonogramie zw\u0142aszcza w&nbsp;ostatniej chwili.<\/p>\n\n\n\n<hr class=\"wp-block-separator has-alpha-channel-opacity\"\/>\n\n\n\n<p><strong>Produkty<\/strong><br>\u2022&nbsp;Przestrzenne wy\u015bwietlanie danych pogodowych.<br>\u2022&nbsp;Rozpoznawanie zagro\u017ce\u0144 powodziowych.<br>\u2022&nbsp;Scenariusze zmian klimatu.<br>\u2022&nbsp;Ocena wp\u0142ywu du\u017cych emisji przemys\u0142owych.<br>\u2022&nbsp;Oceny oddzia\u0142ywania na&nbsp;\u015brodowisko w&nbsp;zakresie jako\u015bci powietrza.<br>\u2022&nbsp;Oceny oddzia\u0142ywania na&nbsp;\u015brodowisko w&nbsp;zakresie rozk\u0142adu przestrzennego substancji biogenicznych w&nbsp;Zatoce Gda\u0144skiej.<br>\u2022&nbsp;Diagnoza i&nbsp;prognoza oddzia\u0142ywa\u0144 lotniczych emisji komunikacyjnych na&nbsp;jako\u015b\u0107 powietrza.<br>\u2022&nbsp;Modelowanie pola emisji zanieczyszcze\u0144 dla okresowych ocen jako\u015bci powietrza.<br>\u2022&nbsp;Ocena t\u0142a meteorologicznego i&nbsp;klimatologicznego badanego obszaru ze&nbsp;wzgl\u0119du na&nbsp;warunki jako\u015bci powietrza.<br>\u2022&nbsp;Wyznaczanie rz\u0119dnych Qp% na&nbsp;potrzeby budowy i&nbsp;przebudowy most\u00f3w, dr\u00f3g ekspresowych, budowli hydrotechnicznych (w&nbsp;tym wa\u0142\u00f3w przeciwpowodziowych).<br>\u2022&nbsp;Obliczenia hydrologiczne na&nbsp;potrzeby funkcjonowania gospodarstw rybackich (staw\u00f3w rybnych), na&nbsp;potrzeby poboru wody do&nbsp;cel\u00f3w rolniczych.<br>\u2022&nbsp;Prognozy modelowe poziomu wody.<br>\u2022&nbsp;Prognozy przep\u0142ywu dla wybranych rzek.<br>\u2022&nbsp;Prognozy modelowe kr\u00f3tko, \u015brednio i&nbsp;d\u0142ugo terminowe z&nbsp;krokiem 1h, 3h.<br>\u2022&nbsp;Modelowe prognozy falowania.<br>\u2022&nbsp;Prognozy sezonowe na&nbsp;okres 3-4 miesi\u0119cy (opady i&nbsp;temp. w&nbsp;odniesieniu do&nbsp;norm z&nbsp;wielolecia).<br>\u2022&nbsp;Prognozy rozprzestrzeniania si\u0119 zanieczyszcze\u0144.<br>\u2022&nbsp;Opracowywanie prognoz tekstowych przez synoptyka maks. do&nbsp;7 dni.<\/p>\n\n\n\n<p><br><strong>History<\/strong><br>\u2022&nbsp;Ekspertyzy hydrologiczno-meteorologiczne, oceanograficzne i&nbsp;opracowania poszczeg\u00f3lnych element\u00f3w klimatologicznych na&nbsp;podstawie gromadzonych danych archiwalnych.<br>\u2022&nbsp;Ekspertyzy obci\u0105\u017cenia gruntu \u015bniegiem.<br>\u2022&nbsp;Okre\u015blenie optymalnych warunk\u00f3w pod inwestycje.<br>\u2022&nbsp;Archiwalne analizy falowania z&nbsp;modelu numerycznego.<\/p>\n\n\n\n<p><strong>Alerty<\/strong><br>Dost\u0119p do&nbsp;aktualnych informacji dotycz\u0105cych zmian warunk\u00f3w hydrologiczno-meteorologicznych, w&nbsp;tym bie\u017c\u0105ce przesy\u0142anie alert\u00f3w i&nbsp;komunikat\u00f3w.<\/p>\n\n\n\n<hr class=\"wp-block-separator has-alpha-channel-opacity\"\/>\n\n\n\n<div class=\"wp-block-group is-vertical is-content-justification-center is-layout-flex wp-container-core-group-is-layout-ce155fab wp-block-group-is-layout-flex\">\n<p class=\"has-text-align-center\">W celu nawi\u0105zania wsp\u00f3\u0142pracy skontaktuj <br>si\u0119 z\u00a0Wydzia\u0142em Analiz i\u00a0Sprzeda\u017cy<br><strong>IMGW-PIB<\/strong><\/p>\n\n\n\n<div class=\"wp-block-buttons is-layout-flex wp-block-buttons-is-layout-flex\">\n<div class=\"wp-block-button\"><a class=\"wp-block-button__link wp-element-button\" href=\"mailto:biznes@imgw.pl\">Napisz do nas<\/a><\/div>\n<\/div>\n<\/div>","protected":false},"excerpt":{"rendered":"<p>Planowanie to&nbsp;wzrost bezpiecze\u0144stwa i&nbsp;efektywno\u015bci wykonywanych prac. Podejmowanie optymalnych decyzji podczas planowania przedsi\u0119wzi\u0119\u0107 w poszczeg\u00f3lnych sektorach gospodarczych. Warunki hydrologiczno-meteorologiczne maj\u0105 wp\u0142yw na&nbsp;wszystkie obszary biznesu. Niezb\u0119dne jest posiadanie niezawodnego i&nbsp;dok\u0142adnego narz\u0119dzia do&nbsp;obserwowania zmian zachodz\u0105cych w&nbsp;pogodzie. \u015awiadome zarz\u0105dzanie inwestycj\u0105, pozwoli unikn\u0105\u0107 niepotrzebnych strat i&nbsp;zmian w&nbsp;harmonogramie zw\u0142aszcza w&nbsp;ostatniej chwili. Produkty\u2022&nbsp;Przestrzenne wy\u015bwietlanie danych pogodowych.\u2022&nbsp;Rozpoznawanie zagro\u017ce\u0144 powodziowych.\u2022&nbsp;Scenariusze zmian klimatu.\u2022&nbsp;Ocena wp\u0142ywu du\u017cych [&hellip;]<\/p>","protected":false},"author":1,"featured_media":0,"parent":39,"menu_order":0,"comment_status":"closed","ping_status":"closed","template":"","meta":{"footnotes":""},"class_list":["post-1332","page","type-page","status-publish","hentry"],"_links":{"self":[{"href":"https:\/\/imgw.pl\/en\/wp-json\/wp\/v2\/pages\/1332","targetHints":{"allow":["GET"]}}],"collection":[{"href":"https:\/\/imgw.pl\/en\/wp-json\/wp\/v2\/pages"}],"about":[{"href":"https:\/\/imgw.pl\/en\/wp-json\/wp\/v2\/types\/page"}],"author":[{"embeddable":true,"href":"https:\/\/imgw.pl\/en\/wp-json\/wp\/v2\/users\/1"}],"replies":[{"embeddable":true,"href":"https:\/\/imgw.pl\/en\/wp-json\/wp\/v2\/comments?post=1332"}],"version-history":[{"count":1,"href":"https:\/\/imgw.pl\/en\/wp-json\/wp\/v2\/pages\/1332\/revisions"}],"predecessor-version":[{"id":1334,"href":"https:\/\/imgw.pl\/en\/wp-json\/wp\/v2\/pages\/1332\/revisions\/1334"}],"up":[{"embeddable":true,"href":"https:\/\/imgw.pl\/en\/wp-json\/wp\/v2\/pages\/39"}],"wp:attachment":[{"href":"https:\/\/imgw.pl\/en\/wp-json\/wp\/v2\/media?parent=1332"}],"curies":[{"name":"wp","href":"https:\/\/api.w.org\/{rel}","templated":true}]}}