{"id":1336,"date":"2024-10-16T15:26:59","date_gmt":"2024-10-16T13:26:59","guid":{"rendered":"http:\/\/localhost:8000\/?page_id=1336"},"modified":"2024-10-16T15:27:09","modified_gmt":"2024-10-16T13:27:09","slug":"budowle-pietrzace","status":"publish","type":"page","link":"https:\/\/imgw.pl\/en\/oferta\/biznes\/budowle-pietrzace\/","title":{"rendered":"Budowle pi\u0119trz\u0105ce"},"content":{"rendered":"<h2 class=\"wp-block-heading\">Ocena stanu technicznego oraz stanu bezpiecze\u0144stwa budowli pi\u0119trz\u0105cych.<\/h2>\n\n\n\n<p>Zapewnienie bezpiecze\u0144stwa poprzez prowadzenie pomiar\u00f3w i bada\u0144.<\/p>\n\n\n\n<p>Warunki hydrologiczno-meteorologiczne oraz praca sprz\u0119tu maj\u0105 wp\u0142yw na&nbsp;stan techniczny budowli pi\u0119trz\u0105cych. Dlatego wykonanie precyzyjnej oceny stanu technicznego oraz stanu bezpiecze\u0144stwa przek\u0142ada si\u0119 na&nbsp;bezpiecze\u0144stwo ludno\u015bci, zwierz\u0105t i&nbsp;infrastruktury w&nbsp;zasi\u0119gu oddzia\u0142ywania budowli pi\u0119trz\u0105cych.<\/p>\n\n\n\n<p>Sprawnie dzia\u0142aj\u0105ce budowle, to&nbsp;\u015bwiadome kszta\u0142towanie zasob\u00f3w wodnych oraz korzystanie z&nbsp;nich.<\/p>\n\n\n\n<hr class=\"wp-block-separator has-alpha-channel-opacity\"\/>\n\n\n\n<p><strong>Produkty<\/strong><br>\u2022&nbsp;Wykonywanie bada\u0144, pomiar\u00f3w pozwalaj\u0105cych wykona\u0107 oceny stanu technicznego oraz stanu bezpiecze\u0144stwa budowli pi\u0119trz\u0105cych.<br>\u2022&nbsp;Wykonywanie ocen stanu technicznego oraz stanu bezpiecze\u0144stwa budowli pi\u0119trz\u0105cych.<br>\u2022&nbsp;Wykonywanie okresowych (roczne, pi\u0119cioletnie) kontroli stanu technicznego budowli pi\u0119trz\u0105cych \u2013&nbsp;wym\u00f3g ustawy Prawo budowlane.<br>\u2022&nbsp;Opracowywanie okresowych i&nbsp;bie\u017c\u0105cych raport\u00f3w dla w\u0142adz pa\u0144stwowych, o&nbsp;stanie technicznym i&nbsp;stanie bezpiecze\u0144stwa budowli pi\u0119trz\u0105cych.<br>\u2022&nbsp;Nadz\u00f3r nad stanem technicznym i&nbsp;stanem bezpiecze\u0144stwa budowli pi\u0119trz\u0105cych.<br>\u2022&nbsp;Prowadzenie bazy danych dotycz\u0105cych budowli pi\u0119trz\u0105cych, zawieraj\u0105cej dane techniczne oraz informacje o&nbsp;lokalizacji, stanie prawnym, stanie technicznym i&nbsp;stanie bezpiecze\u0144stwa tych budowli.<br>\u2022&nbsp;Analiza i&nbsp;weryfikacja wytycznych w&nbsp;zakresie wykonywania bada\u0144, pomiar\u00f3w, ocen stanu technicznego oraz ocen stanu bezpiecze\u0144stwa budowli pi\u0119trz\u0105cych, w&nbsp;oparciu o&nbsp;aktualn\u0105 wiedz\u0119 techniczn\u0105.<br>\u2022&nbsp;Wykonywanie bada\u0144 chemicznych wody w&nbsp;celu oceny jej agresywno\u015bci (w&nbsp;tym oddzia\u0142ywania wody na&nbsp;konstrukcje budowli pi\u0119trz\u0105cych).<\/p>\n\n\n\n<hr class=\"wp-block-separator has-alpha-channel-opacity\"\/>\n\n\n\n<div class=\"wp-block-group is-vertical is-content-justification-center is-layout-flex wp-container-core-group-is-layout-ce155fab wp-block-group-is-layout-flex\">\n<p class=\"has-text-align-center\">W celu nawi\u0105zania wsp\u00f3\u0142pracy skontaktuj <br>si\u0119 z\u00a0Wydzia\u0142em Analiz i\u00a0Sprzeda\u017cy<br><strong>IMGW-PIB<\/strong><\/p>\n\n\n\n<div class=\"wp-block-buttons is-layout-flex wp-block-buttons-is-layout-flex\">\n<div class=\"wp-block-button\"><a class=\"wp-block-button__link wp-element-button\" href=\"mailto:biznes@imgw.pl\">Napisz do nas<\/a><\/div>\n<\/div>\n<\/div>","protected":false},"excerpt":{"rendered":"<p>Ocena stanu technicznego oraz stanu bezpiecze\u0144stwa budowli pi\u0119trz\u0105cych. Zapewnienie bezpiecze\u0144stwa poprzez prowadzenie pomiar\u00f3w i bada\u0144. Warunki hydrologiczno-meteorologiczne oraz praca sprz\u0119tu maj\u0105 wp\u0142yw na&nbsp;stan techniczny budowli pi\u0119trz\u0105cych. Dlatego wykonanie precyzyjnej oceny stanu technicznego oraz stanu bezpiecze\u0144stwa przek\u0142ada si\u0119 na&nbsp;bezpiecze\u0144stwo ludno\u015bci, zwierz\u0105t i&nbsp;infrastruktury w&nbsp;zasi\u0119gu oddzia\u0142ywania budowli pi\u0119trz\u0105cych. Sprawnie dzia\u0142aj\u0105ce budowle, to&nbsp;\u015bwiadome kszta\u0142towanie zasob\u00f3w wodnych oraz korzystanie z&nbsp;nich. [&hellip;]<\/p>","protected":false},"author":1,"featured_media":0,"parent":39,"menu_order":0,"comment_status":"closed","ping_status":"closed","template":"","meta":{"footnotes":""},"class_list":["post-1336","page","type-page","status-publish","hentry"],"_links":{"self":[{"href":"https:\/\/imgw.pl\/en\/wp-json\/wp\/v2\/pages\/1336","targetHints":{"allow":["GET"]}}],"collection":[{"href":"https:\/\/imgw.pl\/en\/wp-json\/wp\/v2\/pages"}],"about":[{"href":"https:\/\/imgw.pl\/en\/wp-json\/wp\/v2\/types\/page"}],"author":[{"embeddable":true,"href":"https:\/\/imgw.pl\/en\/wp-json\/wp\/v2\/users\/1"}],"replies":[{"embeddable":true,"href":"https:\/\/imgw.pl\/en\/wp-json\/wp\/v2\/comments?post=1336"}],"version-history":[{"count":1,"href":"https:\/\/imgw.pl\/en\/wp-json\/wp\/v2\/pages\/1336\/revisions"}],"predecessor-version":[{"id":1338,"href":"https:\/\/imgw.pl\/en\/wp-json\/wp\/v2\/pages\/1336\/revisions\/1338"}],"up":[{"embeddable":true,"href":"https:\/\/imgw.pl\/en\/wp-json\/wp\/v2\/pages\/39"}],"wp:attachment":[{"href":"https:\/\/imgw.pl\/en\/wp-json\/wp\/v2\/media?parent=1336"}],"curies":[{"name":"wp","href":"https:\/\/api.w.org\/{rel}","templated":true}]}}