{"id":1340,"date":"2024-10-16T15:28:47","date_gmt":"2024-10-16T13:28:47","guid":{"rendered":"http:\/\/localhost:8000\/?page_id=1340"},"modified":"2024-10-16T15:28:58","modified_gmt":"2024-10-16T13:28:58","slug":"klimat-i-ochrona-srodowiska","status":"publish","type":"page","link":"https:\/\/imgw.pl\/en\/oferta\/biznes\/klimat-i-ochrona-srodowiska\/","title":{"rendered":"Klimat i Ochrona \u015arodowiska"},"content":{"rendered":"<h2 class=\"wp-block-heading\">Oceny stanu \u015brodowiska oraz modelowanie pola emisji zanieczyszcze\u0144 w&nbsp;\u015brodowisku wodnym i&nbsp;w atmosferze.<\/h2>\n\n\n\n<p>Podejmowanie \u015bwiadomych i odpowiedzialnych decyzji w oparciu o badania, analizy i ekspertyzy w zakresie ochrony \u015brodowiska naturalnego, ze szczeg\u00f3lnym uwzgl\u0119dnieniem decyzji maj\u0105cych na celu utrzymanie lub przywr\u00f3cenie dobrego stanu \u015brodowiska.<\/p>\n\n\n\n<p>Ochrona \u015brodowiska jest zagadnieniem kluczowym dla ochrony zdrowia i&nbsp;\u017cycia ludzi. Niezb\u0119dne jest stosowanie rzetelnych metod do&nbsp;monitorowania \u015brodowiska oraz metod ocen stanu \u015brodowiska zgodnych z&nbsp;aktualnym prawodawstwem krajowym i&nbsp;unijnym.<\/p>\n\n\n\n<p>Dok\u0142adne badania, analizy i&nbsp;ekspertyzy umo\u017cliwiaj\u0105 przeprowadzenie rzetelnych ocen stanu \u015brodowiska, b\u0119d\u0105cych podstaw\u0105 wskazania kierunk\u00f3w dzia\u0142a\u0144 maj\u0105cych na&nbsp;celu ograniczenie zmian, zachowanie dobrego stanu \u015brodowiska lub jego popraw\u0119.<\/p>\n\n\n\n<hr class=\"wp-block-separator has-alpha-channel-opacity\"\/>\n\n\n\n<p><strong>Produkty<\/strong><br>\u2022&nbsp;Diagnoza i&nbsp;prognoza oddzia\u0142ywa\u0144 lotniczych emisji komunikacyjnych na&nbsp;jako\u015b\u0107 powietrza.<br>\u2022&nbsp;Modelowanie pola emisji zanieczyszcze\u0144 dla okresowych ocen jako\u015bci powietrza.<br>\u2022&nbsp;Ocena t\u0142a meteorologicznego i&nbsp;klimatologicznego badanego obszaru ze&nbsp;wzgl\u0119du na&nbsp;warunki jako\u015bci powietrza.<br>\u2022&nbsp;Scenariusze zmian klimatu.<br>\u2022&nbsp;Prognozy rozprzestrzeniania si\u0119 zanieczyszcze\u0144.<br>\u2022&nbsp;Ocena wp\u0142ywu du\u017cych emisji przemys\u0142owych na&nbsp;oddzia\u0142ywania transgraniczne.<br>\u2022&nbsp;Oceny oddzia\u0142ywania na&nbsp;\u015brodowisko w&nbsp;zakresie jako\u015bci powietrza.<br>\u2022&nbsp;Ocena stanu \u015brodowiska morskiego przeprowadzana zgodnie z&nbsp;aktualnym prawodawstwem krajowym i&nbsp;UE.<\/p>\n\n\n\n<p><br><strong>History<\/strong><br>Tworzenie ekspertyz i&nbsp;analiz na&nbsp;podstawie gromadzonych danych archiwalnych.<\/p>\n\n\n\n<hr class=\"wp-block-separator has-alpha-channel-opacity\"\/>\n\n\n\n<div class=\"wp-block-group is-vertical is-content-justification-center is-layout-flex wp-container-core-group-is-layout-ce155fab wp-block-group-is-layout-flex\">\n<p class=\"has-text-align-center\">W celu nawi\u0105zania wsp\u00f3\u0142pracy skontaktuj <br>si\u0119 z\u00a0Wydzia\u0142em Analiz i\u00a0Sprzeda\u017cy<br><strong>IMGW-PIB<\/strong><\/p>\n\n\n\n<div class=\"wp-block-buttons is-layout-flex wp-block-buttons-is-layout-flex\">\n<div class=\"wp-block-button\"><a class=\"wp-block-button__link wp-element-button\" href=\"mailto:biznes@imgw.pl\">Napisz do nas<\/a><\/div>\n<\/div>\n<\/div>","protected":false},"excerpt":{"rendered":"<p>Oceny stanu \u015brodowiska oraz modelowanie pola emisji zanieczyszcze\u0144 w&nbsp;\u015brodowisku wodnym i&nbsp;w atmosferze. Podejmowanie \u015bwiadomych i odpowiedzialnych decyzji w oparciu o badania, analizy i ekspertyzy w zakresie ochrony \u015brodowiska naturalnego, ze szczeg\u00f3lnym uwzgl\u0119dnieniem decyzji maj\u0105cych na celu utrzymanie lub przywr\u00f3cenie dobrego stanu \u015brodowiska. Ochrona \u015brodowiska jest zagadnieniem kluczowym dla ochrony zdrowia i&nbsp;\u017cycia ludzi. Niezb\u0119dne jest stosowanie [&hellip;]<\/p>\n","protected":false},"author":1,"featured_media":0,"parent":39,"menu_order":0,"comment_status":"closed","ping_status":"closed","template":"","meta":{"footnotes":""},"class_list":["post-1340","page","type-page","status-publish","hentry"],"_links":{"self":[{"href":"https:\/\/imgw.pl\/en\/wp-json\/wp\/v2\/pages\/1340","targetHints":{"allow":["GET"]}}],"collection":[{"href":"https:\/\/imgw.pl\/en\/wp-json\/wp\/v2\/pages"}],"about":[{"href":"https:\/\/imgw.pl\/en\/wp-json\/wp\/v2\/types\/page"}],"author":[{"embeddable":true,"href":"https:\/\/imgw.pl\/en\/wp-json\/wp\/v2\/users\/1"}],"replies":[{"embeddable":true,"href":"https:\/\/imgw.pl\/en\/wp-json\/wp\/v2\/comments?post=1340"}],"version-history":[{"count":1,"href":"https:\/\/imgw.pl\/en\/wp-json\/wp\/v2\/pages\/1340\/revisions"}],"predecessor-version":[{"id":1342,"href":"https:\/\/imgw.pl\/en\/wp-json\/wp\/v2\/pages\/1340\/revisions\/1342"}],"up":[{"embeddable":true,"href":"https:\/\/imgw.pl\/en\/wp-json\/wp\/v2\/pages\/39"}],"wp:attachment":[{"href":"https:\/\/imgw.pl\/en\/wp-json\/wp\/v2\/media?parent=1340"}],"curies":[{"name":"wp","href":"https:\/\/api.w.org\/{rel}","templated":true}]}}