{"id":1690,"date":"2024-11-13T18:17:30","date_gmt":"2024-11-13T17:17:30","guid":{"rendered":"http:\/\/localhost:8000\/?page_id=1690"},"modified":"2025-06-05T14:18:49","modified_gmt":"2025-06-05T12:18:49","slug":"raporty-z-dzialalnosci","status":"publish","type":"page","link":"https:\/\/imgw.pl\/en\/strona-glowna\/raporty-z-dzialalnosci\/","title":{"rendered":"Activity reports"},"content":{"rendered":"<p><strong>Sprawozdania z dzia\u0142alno\u015bci IMGW-PIB \u2013 nasz wk\u0142ad w bezpiecze\u0144stwo Polak\u00f3w<\/strong>&nbsp;<\/p>\n\n\n\n<p>W dobie rosn\u0105cych wyzwa\u0144 zwi\u0105zanych ze zmianami klimatycznymi, odpowiedzialne podej\u015bcie do nauki i wsp\u00f3\u0142praca z partnerami staj\u0105 si\u0119 kluczowe. Jako lider w dziedzinie modelowania, prognoz i bada\u0144 meteorologiczno-hydrologicznych oraz analiz klimatycznych, ka\u017cdego roku publikujemy szczeg\u00f3\u0142owe sprawozdania, kt\u00f3re dokumentuj\u0105 nasz\u0105 dzia\u0142alno\u015b\u0107 i podkre\u015blaj\u0105 wk\u0142ad ekspert\u00f3w IMGW-PIB w zrozumienie proces\u00f3w zachodz\u0105cych w \u015brodowisku naturalnym.&nbsp;<\/p>\n\n\n\n<p>Nasze raporty to nie tylko zbi\u00f3r danych, ale tak\u017ce opowie\u015b\u0107 o tym, jak \u0142\u0105czymy nauk\u0119, technologi\u0119 i zaanga\u017cowanie ludzi, by tworzy\u0107 innowacyjne rozwi\u0105zania i wspiera\u0107 partner\u00f3w w podejmowaniu najwa\u017cniejszych decyzji. Transparentno\u015b\u0107 i rzetelno\u015b\u0107 naszych dzia\u0142a\u0144 to fundament, na kt\u00f3rym budujemy zaufanie i relacje z partnerami z sektora publicznego, prywatnego i naukowego.&nbsp;<\/p>\n\n\n\n<p>Co znajdziesz w naszych sprawozdaniach?&nbsp;<\/p>\n\n\n\n<p>1. Badania klimatyczne i prognozy przysz\u0142o\u015bci&nbsp;<\/p>\n\n\n\n<p>Zmiana klimatu to jedno z najwi\u0119kszych wyzwa\u0144 wsp\u00f3\u0142czesno\u015bci. W naszych sprawozdaniach znajdziesz szczeg\u00f3\u0142owe informacje o realizowanych projektach badawczych, kt\u00f3re pomagaj\u0105 zrozumie\u0107 zmieniaj\u0105ce si\u0119 warunki klimatyczne, analizowa\u0107 ich skutki i przewidywa\u0107 przysz\u0142e scenariusze.&nbsp;<\/p>\n\n\n\n<p>2. Innowacje w meteorologii i hydrologii&nbsp;<\/p>\n\n\n\n<p>Korzystamy z najnowocze\u015bniejszych technologii, aby dostarcza\u0107 precyzyjne prognozy i analizy meteorologiczne oraz hydrologiczne. W raportach przedstawiamy wyniki naszych bada\u0144, kt\u00f3re wspieraj\u0105 planowanie w obszarach takich jak rolnictwo, zarz\u0105dzanie wodami, energetyka czy ochrona przed ekstremalnymi zjawiskami pogodowymi.&nbsp;<\/p>\n\n\n\n<p>3. Wsp\u00f3\u0142praca z sektorem publicznym i prywatnym&nbsp;<\/p>\n\n\n\n<p>Badania i analizy od IMGW-PIB s\u0105 nieocenionym narz\u0119dziem dla instytucji rz\u0105dowych, samorz\u0105d\u00f3w oraz firm, kt\u00f3re musz\u0105 podejmowa\u0107 decyzje w oparciu o dane dotycz\u0105ce klimatu i \u015brodowiska. W raportach pokazujemy efekty wsp\u00f3\u0142pracy, dzi\u0119ki kt\u00f3rej nasi partnerzy mog\u0105 lepiej zarz\u0105dza\u0107 ryzykiem i planowa\u0107 swoje dzia\u0142ania.&nbsp;<\/p>\n\n\n\n<p>4. Zr\u00f3wnowa\u017cony rozw\u00f3j i edukacja&nbsp;<\/p>\n\n\n\n<p>Wierzymy, \u017ce wiedza to klucz do zmiany. Dlatego aktywnie dzia\u0142amy na rzecz edukacji i zwi\u0119kszania \u015bwiadomo\u015bci na temat ochrony klimatu i zasob\u00f3w wodnych oraz budowania odporno\u015bci spo\u0142ecze\u0144stwa na niebezpieczne zjawiska pogodowe. W naszych sprawozdaniach znajdziesz informacje o projektach edukacyjnych, kampaniach spo\u0142ecznych oraz inicjatywach na rzecz zr\u00f3wnowa\u017conego rozwoju, kt\u00f3re realizujemy wsp\u00f3lnie z naszymi partnerami.&nbsp;<\/p>\n\n\n\n<p>Zapoznaj si\u0119 z naszymi raportami i dowiedz si\u0119, jak nasze badania mog\u0105 wspiera\u0107 Twoje dzia\u0142ania i projekty. Skontaktuj si\u0119 z nami, aby wsp\u00f3lnie budowa\u0107 bardziej zr\u00f3wnowa\u017cony \u015bwiat!&nbsp;<\/p>\n\n\n\n<div class=\"wp-block-file\"><a id=\"wp-block-file--media-b0a3dc43-727d-4c75-aab9-21dc9ee8cca1\" href=\"https:\/\/imgw.pl\/wp-content\/uploads\/2025\/06\/imgw-pib-sprawozdanie-z-dzialalnosci-2024-235x290mm-FINAL-ZMODYFIKOWANE-ROZKLADOWKI.pdf\">Raport z dzia\u0142alno\u015bci 2024 r.<\/a><\/div>\n\n\n\n<div class=\"wp-block-file\"><a id=\"wp-block-file--media-abe4ef77-88a4-4164-bd96-1ed0ae3efd5a\" href=\"https:\/\/imgw.pl\/wp-content\/uploads\/2024\/11\/imgw-pib_sprawozdanie-z-dzialalnosci-w-2023-roku-1.pdf\" target=\"_blank\" rel=\"noreferrer noopener\">Raport z dzia\u0142alno\u015bci 2023 r.<\/a><\/div>","protected":false},"excerpt":{"rendered":"<p>Sprawozdania z dzia\u0142alno\u015bci IMGW-PIB \u2013 nasz wk\u0142ad w bezpiecze\u0144stwo Polak\u00f3w&nbsp; W dobie rosn\u0105cych wyzwa\u0144 zwi\u0105zanych ze zmianami klimatycznymi, odpowiedzialne podej\u015bcie do nauki i wsp\u00f3\u0142praca z partnerami staj\u0105 si\u0119 kluczowe. Jako lider w dziedzinie modelowania, prognoz i bada\u0144 meteorologiczno-hydrologicznych oraz analiz klimatycznych, ka\u017cdego roku publikujemy szczeg\u00f3\u0142owe sprawozdania, kt\u00f3re dokumentuj\u0105 nasz\u0105 dzia\u0142alno\u015b\u0107 i podkre\u015blaj\u0105 wk\u0142ad ekspert\u00f3w IMGW-PIB [&hellip;]<\/p>\n","protected":false},"author":1,"featured_media":0,"parent":18,"menu_order":0,"comment_status":"closed","ping_status":"closed","template":"","meta":{"footnotes":""},"class_list":["post-1690","page","type-page","status-publish","hentry"],"_links":{"self":[{"href":"https:\/\/imgw.pl\/en\/wp-json\/wp\/v2\/pages\/1690","targetHints":{"allow":["GET"]}}],"collection":[{"href":"https:\/\/imgw.pl\/en\/wp-json\/wp\/v2\/pages"}],"about":[{"href":"https:\/\/imgw.pl\/en\/wp-json\/wp\/v2\/types\/page"}],"author":[{"embeddable":true,"href":"https:\/\/imgw.pl\/en\/wp-json\/wp\/v2\/users\/1"}],"replies":[{"embeddable":true,"href":"https:\/\/imgw.pl\/en\/wp-json\/wp\/v2\/comments?post=1690"}],"version-history":[{"count":5,"href":"https:\/\/imgw.pl\/en\/wp-json\/wp\/v2\/pages\/1690\/revisions"}],"predecessor-version":[{"id":4092,"href":"https:\/\/imgw.pl\/en\/wp-json\/wp\/v2\/pages\/1690\/revisions\/4092"}],"up":[{"embeddable":true,"href":"https:\/\/imgw.pl\/en\/wp-json\/wp\/v2\/pages\/18"}],"wp:attachment":[{"href":"https:\/\/imgw.pl\/en\/wp-json\/wp\/v2\/media?parent=1690"}],"curies":[{"name":"wp","href":"https:\/\/api.w.org\/{rel}","templated":true}]}}