{"id":2191,"date":"2024-11-19T10:27:17","date_gmt":"2024-11-19T09:27:17","guid":{"rendered":"https:\/\/portal-imgw-pl.dev.imgw.ad\/?page_id=2191"},"modified":"2025-07-31T12:36:24","modified_gmt":"2025-07-31T10:36:24","slug":"raporty-klimatyczne-dla-polski","status":"publish","type":"page","link":"https:\/\/imgw.pl\/en\/edukacja\/raporty-klimatyczne-dla-polski\/","title":{"rendered":"Poland climate reports"},"content":{"rendered":"<h2 class=\"wp-block-heading\">IMGW-PIB prezentuje kolejn\u0105 edycj\u0119 raportu, kt\u00f3ry w syntetyczny spos\u00f3b opisuje klimat Polski. Sporz\u0105dzone przez ekspert\u00f3w z Centrum Bada\u0144 i Rozwoju IMGW-PIB opracowanie, to kompendium wiedzy na temat zmienno\u015bci temperatury powietrza, opad\u00f3w atmosferycznych, klimatycznego bilansu wodnego czy ekstremalnych zdarze\u0144 pogodowych w 2024 roku.<\/h2>\n\n\n\n<figure class=\"wp-block-image size-large\"><img loading=\"lazy\" decoding=\"async\" width=\"1024\" height=\"568\" src=\"https:\/\/imgw.pl\/wp-content\/uploads\/2025\/07\/klimat_polski_raport_2024-1024x568.jpg\" alt=\"\" class=\"wp-image-5323\" srcset=\"https:\/\/imgw.pl\/wp-content\/uploads\/2025\/07\/klimat_polski_raport_2024-1024x568.jpg 1024w, https:\/\/imgw.pl\/wp-content\/uploads\/2025\/07\/klimat_polski_raport_2024-300x167.jpg 300w, https:\/\/imgw.pl\/wp-content\/uploads\/2025\/07\/klimat_polski_raport_2024-768x426.jpg 768w, https:\/\/imgw.pl\/wp-content\/uploads\/2025\/07\/klimat_polski_raport_2024-18x10.jpg 18w, https:\/\/imgw.pl\/wp-content\/uploads\/2025\/07\/klimat_polski_raport_2024.jpg 1200w\" sizes=\"auto, (max-width: 1024px) 100vw, 1024px\" \/><\/figure>\n\n\n\n<p>Oddajemy w Pa\u0144stwa r\u0119ce raport \u201eKlimat Polski 2024\u201d \u2013 kolejne opracowanie z serii corocznych syntez warunk\u00f3w klimatycznych Polski na tle wieloletnim (1991-2020) i w kontek\u015bcie globalnych trend\u00f3w zmiany klimatu. Mamy nadziej\u0119, \u017ce zawarte tu dane i analizy przyczyni\u0105 si\u0119 do lepszego zrozumienia wsp\u00f3\u0142czesnych wyzwa\u0144 klimatycznych oraz pomog\u0105 w kszta\u0142towaniu dzia\u0142a\u0144 na rzecz adaptacji i \u0142agodzenia skutk\u00f3w zmiany klimatu w Polsce.<\/p>\n\n\n\n<p><strong>\u201eKlimat jest jednym z kluczowych czynnik\u00f3w kszta\u0142tuj\u0105cych warunki rozwoju spo\u0142ecznego, gospodarczego oraz poziom bezpiecze\u0144stwa ludzi\u201d.<\/strong> \u2013 komentuje dr hab. Bogdan Rosa, Z-ca Dyrektora IMGW-PIB ds. Nauki. \u2013 <strong>\u201eZmiany klimatyczne \u2013 ju\u017c dzi\u015b obserwowane i mierzalne \u2013 wp\u0142ywaj\u0105 na wiele wymiar\u00f3w naszego \u017cycia: od zdrowia publicznego, przez bezpiecze\u0144stwo \u017cywno\u015bciowe i gospodark\u0119 wodn\u0105, po infrastruktur\u0119 i ochron\u0119 \u015brodowiska naturalnego. W kontek\u015bcie globalnym rok 2024 zapisa\u0142 si\u0119 jako najcieplejszy w historii pomiar\u00f3w instrumentalnych, a \u015brednia temperatura globalna po raz pierwszy w uj\u0119ciu rocznym przekroczy\u0142a o ponad 1,5\u00b0C poziom z epoki przedprzemys\u0142owej. Cho\u0107 pr\u00f3g 1,5\u00b0C z Porozumienia Paryskiego dotyczy \u015bredniej wieloletniej, roczne przekroczenie tej warto\u015bci stanowi istotny sygna\u0142 alarmowy\u201d.<\/strong><\/p>\n\n\n\n<p>Obserwacje potwierdzaj\u0105, \u017ce najszybciej ocieplaj\u0105cym si\u0119 kontynentem \u015bwiata jest Europa \u2013 rok 2024 charakteryzowa\u0142 si\u0119 rekordow\u0105 \u015bredni\u0105 temperatur\u0105 dla tego regionu oraz wyj\u0105tkowo du\u017c\u0105 liczb\u0105 dni z silnym stresem cieplnym i tzw. nocami tropikalnymi. Poprzedni rok to r\u00f3wnie\u017c wyra\u017ane kontrasty pogodowe \u2013 cieplejszy i suchszy wsch\u00f3d Europy wyra\u017anie odr\u00f3\u017cnia\u0142 si\u0119 od ch\u0142odniejszego i bardziej wilgotnego zachodu. Za nami jedna z najrozleglejszych powodzi od 2013 roku \u2013 we wrze\u015bniu, w wyniku wielodniowych opad\u00f3w zwi\u0105zanych z g\u0142\u0119bokim i rozleg\u0142ym ni\u017cem genue\u0144skim Boris, przep\u0142ywy w wielu rzekach w Europie \u015arodkowej i Wschodniej osi\u0105gn\u0119\u0142y co najmniej dwukrotno\u015b\u0107 \u015brednich maksim\u00f3w rocznych.<\/p>\n\n\n\n<p>Wieloletnie obserwacje prowadzone przez IMGW-PIB pokazuj\u0105, \u017ce r\u00f3wnie\u017c w Polsce klimat stale si\u0119 ociepla \u2013 od 1951 roku \u015brednia roczna temperatura w naszym kraju wzros\u0142a o ponad 2 st. Celsjusza. Skutkami tych zmian s\u0105 coraz cz\u0119stsze i bardziej intensywne zjawiska, takie jak fale upa\u0142\u00f3w, susze i nawalne opady powoduj\u0105ce powodzie b\u0142yskawiczne i podtopienia. <strong>\u201eOdpowiedzi\u0105 na te wyzwania s\u0105 ci\u0105g\u0142y monitoring i badania klimatu, prognozowanie jego przysz\u0142ych zmian, a przede wszystkim opracowywanie i wdra\u017canie strategii dostosowawczych\u201d.<\/strong> \u2013 dodaje Dyrektor Rosa. \u2013 <strong>\u201eInstytut Meteorologii i Gospodarki Wodnej od ponad 100 lat prowadzi systematyczne pomiary i obserwacje klimatyczne, informuj\u0105c spo\u0142ecze\u0144stwo i administracj\u0119 publiczn\u0105 o stanie systemu klimatycznego i zwi\u0105zanych z nim zagro\u017ceniach\u201d.<\/strong><\/p>\n\n\n\n<p>Opracowanie Klimat Polski IMGW-PIB to publikacja cykliczna. Corocznie jest aktualizowana na podstawie dost\u0119pnych danych IMGW-PIB. Zapraszamy r\u00f3wnie\u017c do \u015bledzenia comiesi\u0119cznych wyda\u0144 Biuletynu Monitoringu Klimatu Polski dost\u0119pnych na <a href=\"https:\/\/klimat.imgw.pl\/\">klimat.imgw.pl<\/a>.<\/p>\n\n\n\n<div class=\"wp-block-file\"><a id=\"wp-block-file--media-ae03a3c5-b131-45f7-9da4-361ff13bd8c0\" href=\"https:\/\/imgw.pl\/wp-content\/uploads\/2025\/07\/RAPORT-IMGW-PIB-Klimat-Polski-2024.pdf\">Raport IMGW-PIB Klimat Polski 2024 (pdf)<\/a><a href=\"https:\/\/imgw.pl\/wp-content\/uploads\/2025\/07\/RAPORT-IMGW-PIB-Klimat-Polski-2024.pdf\" class=\"wp-block-file__button wp-element-button\" download aria-describedby=\"wp-block-file--media-ae03a3c5-b131-45f7-9da4-361ff13bd8c0\">Pobierz<\/a><\/div>\n\n\n\n<div class=\"wp-block-file\"><a id=\"wp-block-file--media-42f7f46a-d300-46db-9b87-6889501844cc\" href=\"https:\/\/imgw.pl\/wp-content\/uploads\/2025\/07\/CLIMATE-OF-POLAND-2024.pdf\">Climate of Poland 2024 (pdf)<\/a><a href=\"https:\/\/imgw.pl\/wp-content\/uploads\/2025\/07\/CLIMATE-OF-POLAND-2024.pdf\" class=\"wp-block-file__button wp-element-button\" download aria-describedby=\"wp-block-file--media-42f7f46a-d300-46db-9b87-6889501844cc\">Pobierz<\/a><\/div>\n\n\n\n<hr class=\"wp-block-separator has-alpha-channel-opacity\"\/>\n\n\n\n<p><strong>IMGW-PIB: Klimat, co&nbsp;czeka nas w&nbsp;przysz\u0142o\u015bci?<\/strong><\/p>\n\n\n\n<iframe loading=\"lazy\" width=\"640\" height=\"360\" src=\"https:\/\/www.youtube.com\/embed\/izWKNx1XItI\" title=\"IMGW-PIB: 2021 - Klimat, co czeka nas w przysz\u0142o\u015bci?\" frameborder=\"0\" allow=\"accelerometer; autoplay; clipboard-write; encrypted-media; gyroscope; picture-in-picture; web-share\" referrerpolicy=\"strict-origin-when-cross-origin\" allowfullscreen><\/iframe>\n\n\n\n<hr class=\"wp-block-separator has-alpha-channel-opacity\"\/>","protected":false},"excerpt":{"rendered":"<p>IMGW-PIB prezentuje kolejn\u0105 edycj\u0119 raportu, kt\u00f3ry w syntetyczny spos\u00f3b opisuje klimat Polski. Sporz\u0105dzone przez ekspert\u00f3w z Centrum Bada\u0144 i Rozwoju IMGW-PIB opracowanie, to kompendium wiedzy na temat zmienno\u015bci temperatury powietrza, opad\u00f3w atmosferycznych, klimatycznego bilansu wodnego czy ekstremalnych zdarze\u0144 pogodowych w 2024 roku. Oddajemy w Pa\u0144stwa r\u0119ce raport \u201eKlimat Polski 2024\u201d \u2013 kolejne opracowanie z serii [&hellip;]<\/p>","protected":false},"author":2,"featured_media":0,"parent":593,"menu_order":0,"comment_status":"closed","ping_status":"closed","template":"","meta":{"footnotes":""},"class_list":["post-2191","page","type-page","status-publish","hentry"],"_links":{"self":[{"href":"https:\/\/imgw.pl\/en\/wp-json\/wp\/v2\/pages\/2191","targetHints":{"allow":["GET"]}}],"collection":[{"href":"https:\/\/imgw.pl\/en\/wp-json\/wp\/v2\/pages"}],"about":[{"href":"https:\/\/imgw.pl\/en\/wp-json\/wp\/v2\/types\/page"}],"author":[{"embeddable":true,"href":"https:\/\/imgw.pl\/en\/wp-json\/wp\/v2\/users\/2"}],"replies":[{"embeddable":true,"href":"https:\/\/imgw.pl\/en\/wp-json\/wp\/v2\/comments?post=2191"}],"version-history":[{"count":11,"href":"https:\/\/imgw.pl\/en\/wp-json\/wp\/v2\/pages\/2191\/revisions"}],"predecessor-version":[{"id":5604,"href":"https:\/\/imgw.pl\/en\/wp-json\/wp\/v2\/pages\/2191\/revisions\/5604"}],"up":[{"embeddable":true,"href":"https:\/\/imgw.pl\/en\/wp-json\/wp\/v2\/pages\/593"}],"wp:attachment":[{"href":"https:\/\/imgw.pl\/en\/wp-json\/wp\/v2\/media?parent=2191"}],"curies":[{"name":"wp","href":"https:\/\/api.w.org\/{rel}","templated":true}]}}