{"id":2222,"date":"2024-11-19T11:57:00","date_gmt":"2024-11-19T10:57:00","guid":{"rendered":"https:\/\/portal-imgw-pl.dev.imgw.ad\/?page_id=2222"},"modified":"2025-12-30T12:54:05","modified_gmt":"2025-12-30T11:54:05","slug":"deklaracja-dostepnosci","status":"publish","type":"page","link":"https:\/\/imgw.pl\/en\/strona-glowna\/deklaracja-dostepnosci\/","title":{"rendered":"Accessibility Statement"},"content":{"rendered":"<h3 class=\"wp-block-heading\"><strong>Wst\u0119p Deklaracji<\/strong><\/h3>\n\n\n\n<p>Instytut Meteorologii i&nbsp;Gospodarki Wodnej \u2013&nbsp;Pa\u0144stwowy Instytut Badawczy zobowi\u0105zuje si\u0119 zapewni\u0107 dost\u0119pno\u015b\u0107 swojej strony internetowej zgodnie z&nbsp;przepisami ustawy z&nbsp;dnia 4&nbsp;kwietnia 2019 r.&nbsp;o dost\u0119pno\u015bci cyfrowej stron internetowych i&nbsp;aplikacji mobilnych podmiot\u00f3w publicznych.<\/p>\n\n\n\n<p>Deklaracja dost\u0119pno\u015bci dotyczy stron internetowych:<br>Hydro.imgw.pl<br>Meteo.imgw.pl<br>Gory.imgw.pl<br>Imgw.pl<br>biometeo.imgw.pl<br>Renaturyzacja.imgw.pl<br>Awiacja.imgw.pl<br>\u00a0<\/p>\n\n\n\n<h3 class=\"wp-block-heading\"><strong>Status pod wzgl\u0119dem zgodno\u015bci z&nbsp;ustaw\u0105<\/strong><\/h3>\n\n\n\n<p>Strona internetowa jest cz\u0119\u015bciowo zgodna z&nbsp;ustaw\u0105 z&nbsp;dnia 4&nbsp;kwietnia 2019 r.&nbsp;o dost\u0119pno\u015bci cyfrowej stron internetowych i&nbsp;aplikacji mobilnych podmiot\u00f3w publicznych z&nbsp;powodu niezgodno\u015bci lub wy\u0142\u0105cze\u0144 wymienionych poni\u017cej:<\/p>\n\n\n\n<ul class=\"wp-block-list\">\n<li>zamieszczane na stronach serwisu mapy statyczne i interaktywne b\u0105d\u017a w og\u00f3le nie maj\u0105 wsparcia dla os\u00f3b z niepe\u0142nosprawno\u015bciami, b\u0105d\u017a maj\u0105 ograniczone wsparcie w postaci opis\u00f3w statycznych,<\/li>\n\n\n\n<li>nie wszystkie formularze na stronach serwisu maj\u0105 wsparcie dla os\u00f3b z niepe\u0142nosprawno\u015bciami,<\/li>\n\n\n\n<li>nie na wszystkich stronach kontrast czcionki jest dostosowany dla os\u00f3b niedowidz\u0105cych.<br>&nbsp;<\/li>\n<\/ul>\n\n\n\n<p><strong>Powody wy\u0142\u0105czenia:<\/strong><\/p>\n\n\n\n<ul class=\"wp-block-list\">\n<li>strony zosta\u0142y zaprojektowane przed wej\u015bciem w \u017cycie ustawy o dost\u0119pno\u015bci cyfrowej,<\/li>\n\n\n\n<li>mapy s\u0105 wy\u0142\u0105czone z obowi\u0105zku zapewniania dost\u0119pno\u015bci.<\/li>\n<\/ul>\n\n\n\n<p>Wymienione powy\u017cej wy\u0142\u0105czenia, b\u0119d\u0105 systematycznie usuwane w&nbsp;ramach mo\u017cliwo\u015bci zespo\u0142u redakcyjnego<br>&nbsp;<\/p>\n\n\n\n<h3 class=\"wp-block-heading\"><strong>Przygotowanie deklaracji dost\u0119pno\u015bci<\/strong><\/h3>\n\n\n\n<p>Data sporz\u0105dzenia deklaracji: 2022-11-24.<\/p>\n\n\n\n<p>Deklaracj\u0119 sporz\u0105dzono na&nbsp;podstawie samooceny przeprowadzonej przez podmiot publiczny.<\/p>\n\n\n\n<p>Data ostatniego przegl\u0105du deklaracji: 2025-09-25.<br>&nbsp;<\/p>\n\n\n\n<h3 class=\"wp-block-heading\"><strong>Skr\u00f3ty klawiaturowe<\/strong><\/h3>\n\n\n\n<p>Na tej stronie internetowej mo\u017cna korzysta\u0107 ze&nbsp;standardowych skr\u00f3t\u00f3w klawiaturowych.<br>&nbsp;<\/p>\n\n\n\n<h3 class=\"wp-block-heading\"><strong>Informacje zwrotne i&nbsp;dane kontaktowe<\/strong><\/h3>\n\n\n\n<p>Miejscem sk\u0142adania wniosk\u00f3w oraz skarg zwi\u0105zanych z&nbsp;dost\u0119pno\u015bci\u0105 cyfrow\u0105 jest formularz dost\u0119pny pod linkiem <a href=\"https:\/\/imgw.pl\/en\/kontakt\/reklamacje\/\">https:\/\/imgw.pl\/kontakt\/reklamacje<\/a><br>&nbsp;<\/p>\n\n\n\n<h3 class=\"wp-block-heading\"><strong>Informacje na&nbsp;temat procedury<\/strong><\/h3>\n\n\n\n<p>Ka\u017cdy ma&nbsp;prawo do&nbsp;wyst\u0105pienia z&nbsp;\u017c\u0105daniem zapewnienia dost\u0119pno\u015bci cyfrowej strony internetowej, aplikacji mobilnej lub jakiego\u015b ich elementu. Mo\u017cna tak\u017ce za\u017c\u0105da\u0107 udost\u0119pnienia informacji za&nbsp;pomoc\u0105 alternatywnego sposobu dost\u0119pu, na&nbsp;przyk\u0142ad przez odczytanie niedost\u0119pnego cyfrowo dokumentu, opisanie zawarto\u015bci filmu bez audiodeskrypcji itp. \u017b\u0105danie powinno zawiera\u0107 dane osoby zg\u0142aszaj\u0105cej \u017c\u0105danie, wskazanie, o&nbsp;kt\u00f3r\u0105 stron\u0119 internetow\u0105 lub aplikacj\u0119 mobiln\u0105 chodzi oraz spos\u00f3b kontaktu. Je\u017celi osoba \u017c\u0105daj\u0105ca zg\u0142asza potrzeb\u0119 otrzymania informacji za&nbsp;pomoc\u0105 alternatywnego sposobu dost\u0119pu, powinna tak\u017ce okre\u015bli\u0107 dogodny dla niej spos\u00f3b przedstawienia tej informacji. Podmiot publiczny powinien zrealizowa\u0107 \u017c\u0105danie niezw\u0142ocznie, nie p\u00f3\u017aniej ni\u017c w&nbsp;ci\u0105gu 7&nbsp;dni od&nbsp;dnia wyst\u0105pienia z&nbsp;\u017c\u0105daniem. Je\u017celi dotrzymanie tego terminu nie jest mo\u017cliwe, podmiot publiczny niezw\u0142ocznie informuje o&nbsp;tym wnosz\u0105cego \u017c\u0105danie, kiedy realizacja \u017c\u0105dania b\u0119dzie mo\u017cliwa, przy czym termin ten nie mo\u017ce by\u0107 d\u0142u\u017cszy ni\u017c 2&nbsp;miesi\u0105ce od&nbsp;dnia wyst\u0105pienia z&nbsp;\u017c\u0105daniem. Je\u017celi zapewnienie dost\u0119pno\u015bci cyfrowej nie jest mo\u017cliwe, podmiot publiczny mo\u017ce zaproponowa\u0107 alternatywny spos\u00f3b dost\u0119pu do&nbsp;informacji. W&nbsp;przypadku, gdy podmiot publiczny odm\u00f3wi realizacji \u017c\u0105dania zapewnienia dost\u0119pno\u015bci lub alternatywnego sposobu dost\u0119pu do&nbsp;informacji, wnosz\u0105cy \u017c\u0105danie mo\u017cne z\u0142o\u017cy\u0107 skarg\u0119 w&nbsp;sprawie zapewniana dost\u0119pno\u015bci cyfrowej strony internetowej, aplikacji mobilnej lub elementu strony internetowej, lub aplikacji mobilnej. Po&nbsp;wyczerpaniu wskazanej wy\u017cej procedury mo\u017cna tak\u017ce z\u0142o\u017cy\u0107 wniosek do&nbsp;Rzecznika Praw Obywatelskich.<\/p>","protected":false},"excerpt":{"rendered":"<p>Wst\u0119p Deklaracji Instytut Meteorologii i&nbsp;Gospodarki Wodnej \u2013&nbsp;Pa\u0144stwowy Instytut Badawczy zobowi\u0105zuje si\u0119 zapewni\u0107 dost\u0119pno\u015b\u0107 swojej strony internetowej zgodnie z&nbsp;przepisami ustawy z&nbsp;dnia 4&nbsp;kwietnia 2019 r.&nbsp;o dost\u0119pno\u015bci cyfrowej stron internetowych i&nbsp;aplikacji mobilnych podmiot\u00f3w publicznych. Deklaracja dost\u0119pno\u015bci dotyczy stron internetowych:Hydro.imgw.plMeteo.imgw.plGory.imgw.plImgw.plbiometeo.imgw.plRenaturyzacja.imgw.plAwiacja.imgw.pl\u00a0 Status pod wzgl\u0119dem zgodno\u015bci z&nbsp;ustaw\u0105 Strona internetowa jest cz\u0119\u015bciowo zgodna z&nbsp;ustaw\u0105 z&nbsp;dnia 4&nbsp;kwietnia 2019 r.&nbsp;o dost\u0119pno\u015bci cyfrowej stron internetowych [&hellip;]<\/p>\n","protected":false},"author":2,"featured_media":0,"parent":18,"menu_order":0,"comment_status":"closed","ping_status":"closed","template":"","meta":{"footnotes":""},"class_list":["post-2222","page","type-page","status-publish","hentry"],"_links":{"self":[{"href":"https:\/\/imgw.pl\/en\/wp-json\/wp\/v2\/pages\/2222","targetHints":{"allow":["GET"]}}],"collection":[{"href":"https:\/\/imgw.pl\/en\/wp-json\/wp\/v2\/pages"}],"about":[{"href":"https:\/\/imgw.pl\/en\/wp-json\/wp\/v2\/types\/page"}],"author":[{"embeddable":true,"href":"https:\/\/imgw.pl\/en\/wp-json\/wp\/v2\/users\/2"}],"replies":[{"embeddable":true,"href":"https:\/\/imgw.pl\/en\/wp-json\/wp\/v2\/comments?post=2222"}],"version-history":[{"count":3,"href":"https:\/\/imgw.pl\/en\/wp-json\/wp\/v2\/pages\/2222\/revisions"}],"predecessor-version":[{"id":22868,"href":"https:\/\/imgw.pl\/en\/wp-json\/wp\/v2\/pages\/2222\/revisions\/22868"}],"up":[{"embeddable":true,"href":"https:\/\/imgw.pl\/en\/wp-json\/wp\/v2\/pages\/18"}],"wp:attachment":[{"href":"https:\/\/imgw.pl\/en\/wp-json\/wp\/v2\/media?parent=2222"}],"curies":[{"name":"wp","href":"https:\/\/api.w.org\/{rel}","templated":true}]}}