{"id":2228,"date":"2024-11-19T12:15:07","date_gmt":"2024-11-19T11:15:07","guid":{"rendered":"https:\/\/portal-imgw-pl.dev.imgw.ad\/?page_id=2228"},"modified":"2025-08-14T14:22:22","modified_gmt":"2025-08-14T12:22:22","slug":"sygnalista","status":"publish","type":"page","link":"https:\/\/imgw.pl\/en\/kontakt\/sygnalista\/","title":{"rendered":"Whistle-blower"},"content":{"rendered":"<h2 class=\"wp-block-heading\">Instrukcja w&nbsp;sprawie dokonywania wewn\u0119trznych zg\u0142osze\u0144 narusze\u0144 prawa i&nbsp;podejmowania dzia\u0142a\u0144 nast\u0119pczych.<\/h2>\n\n\n\n<div data-wp-interactive=\"core\/file\" class=\"wp-block-file\"><object data-wp-bind--hidden=\"!state.hasPdfPreview\" hidden class=\"wp-block-file__embed\" data=\"https:\/\/imgw.pl\/wp-content\/uploads\/2025\/08\/Instrukcja-sygnalisci-BKA_04_INST-wyd.-2-2025.pdf\" type=\"application\/pdf\" style=\"width:100%;height:600px\" aria-label=\"Embed of Instrukcja ws dokonywania wewn\u0119trznych zg\u0142osze\u0144 narusze\u0144 prawa i podejmowania dzia\u0142a\u0144 nast\u0119pczych ZKL_04_INST.\"><\/object><a id=\"wp-block-file--media-bf893694-46a8-448a-8610-c4d82eb879d1\" href=\"https:\/\/imgw.pl\/wp-content\/uploads\/2025\/08\/Instrukcja-sygnalisci-BKA_04_INST-wyd.-2-2025.pdf\" target=\"_blank\" rel=\"noreferrer noopener\">Instrukcja ws dokonywania wewn\u0119trznych zg\u0142osze\u0144 narusze\u0144 prawa i podejmowania dzia\u0142a\u0144 nast\u0119pczych ZKL_04_INST<\/a><\/div>","protected":false},"excerpt":{"rendered":"<p>Instrukcja w&nbsp;sprawie dokonywania wewn\u0119trznych zg\u0142osze\u0144 narusze\u0144 prawa i&nbsp;podejmowania dzia\u0142a\u0144 nast\u0119pczych.<\/p>","protected":false},"author":2,"featured_media":0,"parent":621,"menu_order":0,"comment_status":"closed","ping_status":"closed","template":"","meta":{"footnotes":""},"class_list":["post-2228","page","type-page","status-publish","hentry"],"_links":{"self":[{"href":"https:\/\/imgw.pl\/en\/wp-json\/wp\/v2\/pages\/2228","targetHints":{"allow":["GET"]}}],"collection":[{"href":"https:\/\/imgw.pl\/en\/wp-json\/wp\/v2\/pages"}],"about":[{"href":"https:\/\/imgw.pl\/en\/wp-json\/wp\/v2\/types\/page"}],"author":[{"embeddable":true,"href":"https:\/\/imgw.pl\/en\/wp-json\/wp\/v2\/users\/2"}],"replies":[{"embeddable":true,"href":"https:\/\/imgw.pl\/en\/wp-json\/wp\/v2\/comments?post=2228"}],"version-history":[{"count":4,"href":"https:\/\/imgw.pl\/en\/wp-json\/wp\/v2\/pages\/2228\/revisions"}],"predecessor-version":[{"id":5648,"href":"https:\/\/imgw.pl\/en\/wp-json\/wp\/v2\/pages\/2228\/revisions\/5648"}],"up":[{"embeddable":true,"href":"https:\/\/imgw.pl\/en\/wp-json\/wp\/v2\/pages\/621"}],"wp:attachment":[{"href":"https:\/\/imgw.pl\/en\/wp-json\/wp\/v2\/media?parent=2228"}],"curies":[{"name":"wp","href":"https:\/\/api.w.org\/{rel}","templated":true}]}}