{"id":2239,"date":"2024-11-20T17:00:39","date_gmt":"2024-11-20T16:00:39","guid":{"rendered":"http:\/\/localhost:8000\/?page_id=2239"},"modified":"2026-04-02T13:13:12","modified_gmt":"2026-04-02T11:13:12","slug":"ochrona-danych-osobowych","status":"publish","type":"page","link":"https:\/\/imgw.pl\/en\/strona-glowna\/ochrona-danych-osobowych\/","title":{"rendered":"Personal data protection"},"content":{"rendered":"<h2 class=\"wp-block-heading\"><a href=\"https:\/\/imgw.pl\/en\/sites\/default\/files\/inline-files\/ogolne-zasady-przetwarzania-danych-osobowych-przez-imgw-pib.pdf\/\">Og\u00f3lne zasady przetwarzania danych osobowych przez IMGW-PIB<\/a><\/h2>\n\n\n\n<p>W celu zagwarantowania przejrzysto\u015bci przetwarzania Pa\u0144stwa danych osobowych przez Instytut Meteorologii i&nbsp;Gospodarki Wodnej \u2013&nbsp;Pa\u0144stwowy Instytut Badawczy, zgodnie z&nbsp;rozporz\u0105dzeniem PEiR (UE) nr&nbsp;2016\/679 z&nbsp;27.04.2016 r.&nbsp;w sprawie ochrony os\u00f3b fizycznych w&nbsp;zwi\u0105zku z&nbsp;przetwarzaniem danych osobowych i&nbsp;w sprawie swobodnego przep\u0142ywu takich danych oraz uchylenia dyrektywy 95\/46\/WE (og\u00f3lne rozporz\u0105dzenie o&nbsp;ochronie danych) (Dz. Urz. UE. L.&nbsp;z 2016 r.&nbsp;Nr 119, s.&nbsp;1, z&nbsp;p\u00f3\u017an. zm.) przedstawiamy og\u00f3lne informacje dotycz\u0105ce podstaw prawnych i&nbsp;celu przetwarzania Pa\u0144stwa danych osobowych, natomiast szczeg\u00f3\u0142owe klauzule informacyjne zostan\u0105 Pa\u0144stwu przekazane w&nbsp;ramach konkretnych czynno\u015bci przetwarzania.<br>&nbsp;<\/p>\n\n\n\n<h2 class=\"wp-block-heading\"><a href=\"https:\/\/imgw.pl\/en\/sites\/default\/files\/inline-files\/informacja-dotyczaca-przetwarzania-danych-osobowych-w-ramach-monitoringu-wizyjnego.pdf\/\">Informacja dotycz\u0105ca przetwarzania danych osobowych w&nbsp;ramach monitoringu wizyjnego<\/a><\/h2>\n\n\n\n<p>Informujemy, \u017ce&nbsp;w wybranych obiektach IMGW-PIB funkcjonuje zewn\u0119trzny i\/lub wewn\u0119trzny monitoring rejestruj\u0105cy obraz poprzez wykorzystanie kamer przemys\u0142owych (monitoring wizyjny). Teren ten jest oznakowany tabliczkami z&nbsp;piktogramem kamery. W&nbsp;ramach monitoringu przetwarzane s\u0105&nbsp;nast\u0119puj\u0105ce dane:<br>a)&nbsp;&nbsp; &nbsp;wizerunek;<br>b)&nbsp;&nbsp; &nbsp;zachowania os\u00f3b;<br>c)&nbsp;&nbsp; &nbsp;numery tablic rejestracyjnych;<br>d)&nbsp;&nbsp; &nbsp;oznakowania boczne pojazd\u00f3w.<\/p>\n\n\n\n<h2 class=\"wp-block-heading\"><a href=\"https:\/\/imgw.pl\/en\/sites\/default\/files\/inline-files\/klauzula-informacyjna-dla-przedstawicieli-kontrahentow.pdf\/\">Klauzula informacyjna dla przedstawicieli kontrahent\u00f3w (wykonawc\u00f3w) IMGW-PIB<\/a><\/h2>\n\n\n\n<p>Informuj\u0105ca o&nbsp;przetwarzaniu danych osobowych pozyskanych i&nbsp;wykorzystywanych w&nbsp;procesie zawierania i&nbsp;realizacji um\u00f3w przez IMGW-PIB.<\/p>\n\n\n\n<p><strong>Inspektor ochrony danych<\/strong><br>IOD IMGW-PIB \u2013\u00a0Anna Jurzyk\u00a0<a href=\"mailto:iod@imgw.pl\">iod@imgw.pl<\/a>, nr\u00a0telefonu 573 801 772.<\/p>","protected":false},"excerpt":{"rendered":"<p>Og\u00f3lne zasady przetwarzania danych osobowych przez IMGW-PIB W celu zagwarantowania przejrzysto\u015bci przetwarzania Pa\u0144stwa danych osobowych przez Instytut Meteorologii i&nbsp;Gospodarki Wodnej \u2013&nbsp;Pa\u0144stwowy Instytut Badawczy, zgodnie z&nbsp;rozporz\u0105dzeniem PEiR (UE) nr&nbsp;2016\/679 z&nbsp;27.04.2016 r.&nbsp;w sprawie ochrony os\u00f3b fizycznych w&nbsp;zwi\u0105zku z&nbsp;przetwarzaniem danych osobowych i&nbsp;w sprawie swobodnego przep\u0142ywu takich danych oraz uchylenia dyrektywy 95\/46\/WE (og\u00f3lne rozporz\u0105dzenie o&nbsp;ochronie danych) (Dz. Urz. UE. [&hellip;]<\/p>","protected":false},"author":1,"featured_media":0,"parent":18,"menu_order":0,"comment_status":"closed","ping_status":"closed","template":"","meta":{"footnotes":""},"class_list":["post-2239","page","type-page","status-publish","hentry"],"_links":{"self":[{"href":"https:\/\/imgw.pl\/en\/wp-json\/wp\/v2\/pages\/2239","targetHints":{"allow":["GET"]}}],"collection":[{"href":"https:\/\/imgw.pl\/en\/wp-json\/wp\/v2\/pages"}],"about":[{"href":"https:\/\/imgw.pl\/en\/wp-json\/wp\/v2\/types\/page"}],"author":[{"embeddable":true,"href":"https:\/\/imgw.pl\/en\/wp-json\/wp\/v2\/users\/1"}],"replies":[{"embeddable":true,"href":"https:\/\/imgw.pl\/en\/wp-json\/wp\/v2\/comments?post=2239"}],"version-history":[{"count":3,"href":"https:\/\/imgw.pl\/en\/wp-json\/wp\/v2\/pages\/2239\/revisions"}],"predecessor-version":[{"id":24636,"href":"https:\/\/imgw.pl\/en\/wp-json\/wp\/v2\/pages\/2239\/revisions\/24636"}],"up":[{"embeddable":true,"href":"https:\/\/imgw.pl\/en\/wp-json\/wp\/v2\/pages\/18"}],"wp:attachment":[{"href":"https:\/\/imgw.pl\/en\/wp-json\/wp\/v2\/media?parent=2239"}],"curies":[{"name":"wp","href":"https:\/\/api.w.org\/{rel}","templated":true}]}}