{"id":22861,"date":"2025-12-30T11:36:41","date_gmt":"2025-12-30T10:36:41","guid":{"rendered":"https:\/\/imgw.pl\/?page_id=22861"},"modified":"2025-12-30T11:40:10","modified_gmt":"2025-12-30T10:40:10","slug":"plan-rownosci-plci-gep","status":"publish","type":"page","link":"https:\/\/imgw.pl\/en\/strona-glowna\/plan-rownosci-plci-gep\/","title":{"rendered":"Plan R\u00f3wno\u015bci P\u0142ci (GEP)"},"content":{"rendered":"<p>PLAN R\u00d3WNO\u015aCI P\u0141CI (GEP) IMGW-PIB<\/p>\n\n\n\n<div class=\"wp-block-file\"><a id=\"wp-block-file--media-57ba248d-97f6-43d5-8ef7-dff322ac69db\" href=\"https:\/\/imgw.pl\/wp-content\/uploads\/2025\/12\/Plan-Rownosci-Plci-GEP-IMGW-PIB.pdf\">Plan R\u00f3wno\u015bci P\u0142ci (GEP) IMGW-PIB (pdf)<\/a><a href=\"https:\/\/imgw.pl\/wp-content\/uploads\/2025\/12\/Plan-Rownosci-Plci-GEP-IMGW-PIB.pdf\" class=\"wp-block-file__button wp-element-button\" download aria-describedby=\"wp-block-file--media-57ba248d-97f6-43d5-8ef7-dff322ac69db\">Pobierz<\/a><\/div>","protected":false},"excerpt":{"rendered":"<p>PLAN R\u00d3WNO\u015aCI P\u0141CI (GEP) IMGW-PIB<\/p>","protected":false},"author":2,"featured_media":0,"parent":18,"menu_order":0,"comment_status":"closed","ping_status":"closed","template":"","meta":{"footnotes":""},"class_list":["post-22861","page","type-page","status-publish","hentry"],"_links":{"self":[{"href":"https:\/\/imgw.pl\/en\/wp-json\/wp\/v2\/pages\/22861","targetHints":{"allow":["GET"]}}],"collection":[{"href":"https:\/\/imgw.pl\/en\/wp-json\/wp\/v2\/pages"}],"about":[{"href":"https:\/\/imgw.pl\/en\/wp-json\/wp\/v2\/types\/page"}],"author":[{"embeddable":true,"href":"https:\/\/imgw.pl\/en\/wp-json\/wp\/v2\/users\/2"}],"replies":[{"embeddable":true,"href":"https:\/\/imgw.pl\/en\/wp-json\/wp\/v2\/comments?post=22861"}],"version-history":[{"count":2,"href":"https:\/\/imgw.pl\/en\/wp-json\/wp\/v2\/pages\/22861\/revisions"}],"predecessor-version":[{"id":22866,"href":"https:\/\/imgw.pl\/en\/wp-json\/wp\/v2\/pages\/22861\/revisions\/22866"}],"up":[{"embeddable":true,"href":"https:\/\/imgw.pl\/en\/wp-json\/wp\/v2\/pages\/18"}],"wp:attachment":[{"href":"https:\/\/imgw.pl\/en\/wp-json\/wp\/v2\/media?parent=22861"}],"curies":[{"name":"wp","href":"https:\/\/api.w.org\/{rel}","templated":true}]}}