{"id":2426,"date":"2024-11-25T09:12:47","date_gmt":"2024-11-25T08:12:47","guid":{"rendered":"https:\/\/portal-imgw-pl.dev.imgw.ad\/?page_id=2426"},"modified":"2024-11-26T14:51:48","modified_gmt":"2024-11-26T13:51:48","slug":"infrastruktura","status":"publish","type":"page","link":"https:\/\/imgw.pl\/en\/strona-glowna\/infrastruktura\/","title":{"rendered":"Infrastructure"},"content":{"rendered":"<h2 class=\"wp-block-heading\">Klaster HPC SAWA<\/h2>\n\n\n\n<p>Klaster HPC w Warszawie, o nazwie&nbsp;<strong>SAWA<\/strong>, posiada wydajno\u015b\u0107: 1 Pflops CPU.<\/p>\n\n\n\n<p>Komponenty klastra:<\/p>\n\n\n\n<ul class=\"wp-block-list\">\n<li><strong>Klaster HA CCP (Cluster Container Platform)<\/strong> <br>Klaster wysokiej dost\u0119pno\u015bci CCP &#8211; kontenerowa platforma us\u0142ug dostarczaj\u0105ca us\u0142ugi dla klastra HPC<\/li>\n\n\n\n<li><strong>Klaster HA CFS (Cluster Filesystem)<\/strong><br>Klaster wysokiej dost\u0119pno\u015bci CFS &#8211; klastrowy system plik\u00f3w dostarczaj\u0105cy system plik\u00f3w&nbsp;<em>Lustre<\/em>\/<em>NFS<\/em>&nbsp;dla klastra HPC<\/li>\n\n\n\n<li><strong>W\u0119z\u0142y obliczeniowe CCN (Cluster Computing Nodes)<\/strong><br>W\u0119z\u0142y wykonuj\u0105ce prac\u0119 obliczeniow\u0105 CPU (<em>workload<\/em>)<\/li>\n\n\n\n<li><strong>Macierze<\/strong><br>Urz\u0105dzenia dostarczaj\u0105ce fizyczn\u0105&nbsp;przestrze\u0144 dyskow\u0105 dla klastra HPC<\/li>\n\n\n\n<li><strong>Prze\u0142\u0105czniki LAN<\/strong><br>Urz\u0105dzenia realizuj\u0105ce sie\u0107 lokaln\u0105 klastra HPC<\/li>\n\n\n\n<li><strong>Prze\u0142\u0105czniki IB<\/strong><br>Urz\u0105dzenia realizuj\u0105ce sie\u0107 obliczeniow\u0105 klastra HPC<\/li>\n<\/ul>\n\n\n\n<figure class=\"wp-block-image size-large\"><img loading=\"lazy\" decoding=\"async\" width=\"1024\" height=\"488\" src=\"https:\/\/imgw.pl\/wp-content\/uploads\/2024\/11\/image-1-1024x488.png\" alt=\"\" class=\"wp-image-2428\" srcset=\"https:\/\/imgw.pl\/wp-content\/uploads\/2024\/11\/image-1-1024x488.png 1024w, https:\/\/imgw.pl\/wp-content\/uploads\/2024\/11\/image-1-300x143.png 300w, https:\/\/imgw.pl\/wp-content\/uploads\/2024\/11\/image-1-768x366.png 768w, https:\/\/imgw.pl\/wp-content\/uploads\/2024\/11\/image-1-18x9.png 18w, https:\/\/imgw.pl\/wp-content\/uploads\/2024\/11\/image-1.png 1231w\" sizes=\"auto, (max-width: 1024px) 100vw, 1024px\" \/><\/figure>\n\n\n\n<p><em><strong>Rysunek:<\/strong>&nbsp;Komponenty klastra HPC SAWA<\/em><\/p>\n\n\n\n<div style=\"height:45px\" aria-hidden=\"true\" class=\"wp-block-spacer\"><\/div>\n\n\n\n<h2 class=\"wp-block-heading\">Klaster HPC KRAK<\/h2>\n\n\n\n<p>Klaster HPC w Krakowie, o nazwie&nbsp;<strong>KRAK<\/strong>, posiada wydajno\u015b\u0107: 250 Tflops CPU, 750 Tflops GPU.<\/p>\n\n\n\n<p>Komponenty klastra:<\/p>\n\n\n\n<ul class=\"wp-block-list\">\n<li><strong>Klaster HA CCP (Cluster Container Platform)<\/strong><br>Klaster wysokiej dost\u0119pno\u015bci CCP &#8211; kontenerowa platforma us\u0142ug dostarczaj\u0105ca us\u0142ugi dla klastra HPC<\/li>\n\n\n\n<li><strong>Klaster HA CFS (Cluster Filesystem)<\/strong><br>Klaster wysokiej dost\u0119pno\u015bci CFS &#8211; klastrowy system plik\u00f3w dostarczaj\u0105cy system plik\u00f3w&nbsp;<em>Lustre<\/em>\/<em>NFS<\/em>&nbsp;dla klastra HPC<\/li>\n\n\n\n<li><strong>W\u0119z\u0142y obliczeniowe CCN (Cluster Computing Nodes)<\/strong><br>W\u0119z\u0142y wykonuj\u0105ce prac\u0119 obliczeniow\u0105 CPU\/GPU (<em>workload<\/em>)<\/li>\n\n\n\n<li><strong>Macierze<\/strong><br>Urz\u0105dzenia dostarczaj\u0105ce fizyczn\u0105&nbsp;przestrze\u0144 dyskow\u0105 dla klastra HPC<\/li>\n\n\n\n<li><strong>Prze\u0142\u0105czniki LAN<\/strong><br>Urz\u0105dzenia realizuj\u0105ce sie\u0107 lokaln\u0105 klastra HPC<\/li>\n\n\n\n<li><strong>Prze\u0142\u0105czniki IB<\/strong><br>Urz\u0105dzenia realizuj\u0105ce sie\u0107 obliczeniow\u0105 klastra HPC<\/li>\n<\/ul>\n\n\n\n<figure class=\"wp-block-image size-large\"><img loading=\"lazy\" decoding=\"async\" width=\"1024\" height=\"536\" src=\"https:\/\/imgw.pl\/wp-content\/uploads\/2024\/11\/image-1024x536.png\" alt=\"\" class=\"wp-image-2427\" srcset=\"https:\/\/imgw.pl\/wp-content\/uploads\/2024\/11\/image-1024x536.png 1024w, https:\/\/imgw.pl\/wp-content\/uploads\/2024\/11\/image-300x157.png 300w, https:\/\/imgw.pl\/wp-content\/uploads\/2024\/11\/image-768x402.png 768w, https:\/\/imgw.pl\/wp-content\/uploads\/2024\/11\/image-18x9.png 18w, https:\/\/imgw.pl\/wp-content\/uploads\/2024\/11\/image.png 1152w\" sizes=\"auto, (max-width: 1024px) 100vw, 1024px\" \/><\/figure>\n\n\n\n<p><em><strong>Rysunek:<\/strong>\u00a0Komponenty klastra HPC KRAK<\/em><\/p>","protected":false},"excerpt":{"rendered":"<p>Klaster HPC SAWA Klaster HPC w Warszawie, o nazwie&nbsp;SAWA, posiada wydajno\u015b\u0107: 1 Pflops CPU. Komponenty klastra: Rysunek:&nbsp;Komponenty klastra HPC SAWA Klaster HPC KRAK Klaster HPC w Krakowie, o nazwie&nbsp;KRAK, posiada wydajno\u015b\u0107: 250 Tflops CPU, 750 Tflops GPU. Komponenty klastra: Rysunek:\u00a0Komponenty klastra HPC KRAK<\/p>","protected":false},"author":1,"featured_media":0,"parent":18,"menu_order":0,"comment_status":"closed","ping_status":"closed","template":"","meta":{"footnotes":""},"class_list":["post-2426","page","type-page","status-publish","hentry"],"_links":{"self":[{"href":"https:\/\/imgw.pl\/en\/wp-json\/wp\/v2\/pages\/2426","targetHints":{"allow":["GET"]}}],"collection":[{"href":"https:\/\/imgw.pl\/en\/wp-json\/wp\/v2\/pages"}],"about":[{"href":"https:\/\/imgw.pl\/en\/wp-json\/wp\/v2\/types\/page"}],"author":[{"embeddable":true,"href":"https:\/\/imgw.pl\/en\/wp-json\/wp\/v2\/users\/1"}],"replies":[{"embeddable":true,"href":"https:\/\/imgw.pl\/en\/wp-json\/wp\/v2\/comments?post=2426"}],"version-history":[{"count":5,"href":"https:\/\/imgw.pl\/en\/wp-json\/wp\/v2\/pages\/2426\/revisions"}],"predecessor-version":[{"id":2576,"href":"https:\/\/imgw.pl\/en\/wp-json\/wp\/v2\/pages\/2426\/revisions\/2576"}],"up":[{"embeddable":true,"href":"https:\/\/imgw.pl\/en\/wp-json\/wp\/v2\/pages\/18"}],"wp:attachment":[{"href":"https:\/\/imgw.pl\/en\/wp-json\/wp\/v2\/media?parent=2426"}],"curies":[{"name":"wp","href":"https:\/\/api.w.org\/{rel}","templated":true}]}}