{"id":25097,"date":"2026-05-04T16:33:53","date_gmt":"2026-05-04T14:33:53","guid":{"rendered":"https:\/\/imgw.pl\/?page_id=25097"},"modified":"2026-05-04T16:33:53","modified_gmt":"2026-05-04T14:33:53","slug":"aktualna-i-prognozowana-sytuacja-meteorologiczna-i-hydrologiczna-raport-nr-108","status":"publish","type":"page","link":"https:\/\/imgw.pl\/en\/aktualna-i-prognozowana-sytuacja-meteorologiczna-i-hydrologiczna-raport-nr-108\/","title":{"rendered":"Aktualna i prognozowana sytuacja meteorologiczna i hydrologiczna \u2013 raport nr 108"},"content":{"rendered":"<p>&nbsp;<\/p>\n\n\n\n<p><strong>Sytuacja meteorologiczna <\/strong><\/p>\n\n\n\n<p><a id=\"post-25097-_Hlk221189303\"><\/a> Stan na 04.05.2026, godz. 15:30 \u2013 opracowanie Centrum Meteorologicznej Os\u0142ony Kraju IMGW-PIB<\/p>\n\n\n\n<p><strong>1. Najwa\u017cniejsze zagro\u017cenia: BURZE, LOKALNE PRZYMROZKI<\/strong><\/p>\n\n\n\n<p>W najbli\u017cszych godzinach i dniach prognozowane s\u0105 burze z intensywnymi opadami deszczu (do 15\u201320 mm) oraz porywami wiatru do 60 km\/h, g\u0142\u00f3wnie na zachodzie, p\u00f3\u0142nocy oraz okresami w centrum i na po\u0142udniowym wschodzie kraju. Wysoko w Karpatach i Bieszczadach silny wiatr w porywach do 90 km\/h. Lokalnie w rejonach g\u00f3rskich i podg\u00f3rskich po\u0142udnia mo\u017cliwe przymrozki, w tym przygruntowe.<\/p>\n\n\n\n<p><strong>2. Aktualne ostrze\u017cenia meteorologiczne w podziale na regiony ostrze\u017ce\u0144 (w formacie: nazwa zjawiska\/stopie\u0144 zagro\u017cenia, czas wa\u017cno\u015bci od \u2013 do)<\/strong><\/p>\n\n\n\n<p>&nbsp;<\/p>\n\n\n\n<p><strong>PRZYMROZKI \/ 1<\/strong><\/p>\n\n\n\n<ol class=\"wp-block-list\">\n<li><strong>05.05, godz. 00:00 \u2013 05.05, godz. 07:00:<br>\u2013 ma\u0142opolskie: <\/strong>powiaty nowotarski, tatrza\u0144ski<strong><br>\u2013 podkarpackie: <\/strong>powiaty bieszczadzki, leski, sanocki<\/li>\n<\/ol>\n\n\n\n<p><a href=\"https:\/\/meteo.imgw.pl\/dyn\/index.html#osmet=true.\">https:\/\/meteo.imgw.pl\/dyn\/index.html#osmet=true.<\/a><\/p>\n\n\n\n<p><strong>3. Prognoza zagro\u017ce\u0144 na najbli\u017csze dni (doby dla poszczeg\u00f3lnych dni od 07:30 danego dnia do 07:30 dnia nast\u0119pnego)<\/strong><\/p>\n\n\n\n<p><strong>05.05.2026 (wtorek)<\/strong><\/p>\n\n\n\n<ol class=\"wp-block-list\">\n<li><strong>BURZE \/ 1<\/strong>: dolno\u015bl\u0105skie, lubuskie, wielkopolskie<\/li>\n<\/ol>\n\n\n\n<p><strong>07.05.2026 (czwartek)<\/strong><\/p>\n\n\n\n<ol class=\"wp-block-list\">\n<li><strong>BURZE \/ 1<\/strong>: lubelskie, ma\u0142opolskie, mazowieckie, podkarpackie, \u015bl\u0105skie, \u015bwi\u0119tokrzyskie<\/li>\n<\/ol>\n\n\n\n<p>W \u015brod\u0119 (6.05) burze b\u0119d\u0105 r\u00f3wnie\u017c prawdopodobne, szczeg\u00f3lnie na po\u0142udniowym wschodzie i miejscami w centrum, ale mniejsz\u0105 szans\u0105 kwalifikowania si\u0119 pod kryteria ostrze\u017cenia.<\/p>\n\n\n\n<p><a href=\"https:\/\/meteo.imgw.pl\/dyn\/index.html#pronieb=true.\">https:\/\/meteo.imgw.pl\/dyn\/index.html#pronieb=true.<\/a><\/p>\n\n\n\n<p><strong>Sytuacja hydrologiczna <\/strong><\/p>\n\n\n\n<p>Stan:04.05.2026 godz. 14:00<\/p>\n\n\n\n<p>Stan wody na rzekach w Polsce uk\u0142ada si\u0119 przede wszystkim w strefie stan\u00f3w niskich (75%), lokalnie&nbsp;\u015brednich (23%), punktowo wysokich (2%) (rys. 1). Ubieg\u0142ej doby na rzekach obserwowane by\u0142y g\u0142\u00f3wnie dalsze spadki i stabilizacja stanu wody. Niewielkie wzrosty wyst\u0105pi\u0142y na stacjach morskich i w uj\u015bciowych odcinkach Wis\u0142y i Odry.<\/p>\n\n\n\n<p>Liczba stacji z przep\u0142ywem poni\u017cej SNQ wzros\u0142a do 84.<\/p>\n\n\n\n<p><strong>Na stacjach hydrologicznych w Polsce nie zanotowano przekroczenia stanu alarmowego lub ostrzegawczego.<\/strong><\/p>\n\n\n\n<p><strong>Obowi\u0105zuj\u0105 ostrze\u017cenia hydrologiczne <\/strong>(rys. 2):<\/p>\n\n\n\n<p><strong>-susza hydrologiczna (8 ostrze\u017ce\u0144)<\/strong>: zlewnia g\u00f3rnej Warty z Liswart\u0105, zlewnia g\u00f3rnej Noteci, \u015brodkowa i dolna Note\u0107, zlewnia Iny i P\u0142oni, zlewnia Rudawy, Pr\u0105dnika i przyrzecza Wis\u0142y, Radomka, zlewnia Jeziorki.<\/p>\n\n\n\n<p><strong>Dzi\u015b <\/strong>prognozowana sytuacja hydrologiczna nie ulegnie wi\u0119kszym zmianom. Przewidywane s\u0105 dalsze spadki lub stabilizacja stanu wody, g\u0142\u00f3wnie w strefie wody niskiej, lokalnie \u015bredniej, punktowo wysokiej. Lokalnie na p\u00f3\u0142nocy kraju, w zwi\u0105zku z prognozowanymi przelotnymi opadami deszczu, mo\u017cliwe s\u0105 niewielkie wzrosty stanu wody \u2013 w obr\u0119bie aktualnych stref.<\/p>\n\n\n\n<p>Na stacjach morskich prognozowane s\u0105 wahania poziomu wody, g\u0142\u00f3wnie w strefie wody \u015bredniej.<\/p>\n\n\n\n<p><strong>We wtorek <\/strong>na rzekach w Polsce przewidywana jest przewa\u017cnie stabilizacja oraz spadki stanu wody, g\u0142\u00f3wnie w strefie wody niskiej, lokalnie \u015bredniej. Jednocze\u015bnie, przede wszystkim w p\u00f3\u0142nocnej i zachodniej cz\u0119\u015bci kraju, mo\u017cliwe s\u0105 lokalne wzrosty i wahania zwi\u0105zane z prognozowanymi opadami o charakterze przelotnym (r\u00f3wnie\u017c burzowym), g\u0142\u00f3wnie w obecnych strefach, lokalnie do strefy wody \u015bredniej, a punktowo i kr\u00f3tkotrwale \u2013 wysokiej.<\/p>\n\n\n\n<p><strong>W drugiej <\/strong>po\u0142owie tygodnia opady obejm\u0105 swoim zasi\u0119giem ca\u0142y kraj i na og\u00f3\u0142 b\u0119d\u0105 mia\u0142y charakter ci\u0105g\u0142y, z wbudowanymi burzami, w wyniku czego lokalne wzrosty mog\u0105 by\u0107 wi\u0119ksze i miejscami przybiera\u0107 gwa\u0142towny charakter. Od pi\u0105tku prognozowana jest stopniowa poprawa pogody, a na rzekach ponownie zaznacz\u0105 si\u0119 spadki stanu wody.<\/p>\n\n\n\n<p>Na stacjach pozostaj\u0105cych pod wp\u0142ywem Morza Ba\u0142tyckiego dominowa\u0107 b\u0119d\u0105 wahania z tendencj\u0105 wzrostow\u0105, zwi\u0105zane z wyst\u0119powaniem wiatru z sektora p\u00f3\u0142nocnego.<\/p>\n\n\n\n<p>Liczba stacji z przep\u0142ywami poni\u017cej \u015bredniego niskiego przep\u0142ywu b\u0119dzie waha\u0107 si\u0119 w okolicach obecnego poziomu \u2013 na pocz\u0105tku tygodnia wzro\u015bnie, lecz po wyst\u0105pieniu prognozowanych opad\u00f3w lokalnie spadnie. W najbli\u017cszych dniach wydane zostan\u0105 kolejne ostrze\u017cenia hydrologiczne dotycz\u0105ce suszy.<\/p>\n\n\n\n<p><strong>Aktualna sytuacja hydrologiczna, prognozy oraz ostrze\u017cenia dost\u0119pne zawsze w&nbsp;Serwisie hydrologicznym IMGW-PIB (<\/strong><a href=\"https:\/\/imgw-my.sharepoint.com\/personal\/centrumhydro_imgw_pl\/Documents\/Pliki%20z%20czat\u00f3w%20w%20aplikacji%20Microsoft%20Teams\/hydro.imgw.pl\"><strong>hydro.imgw.pl<\/strong><\/a><strong>).<\/strong><\/p>\n\n\n\n<figure class=\"wp-block-image\"><img loading=\"lazy\" decoding=\"async\" width=\"254\" height=\"154\" src=\"https:\/\/imgw.pl\/wp-content\/uploads\/2026\/05\/obraz-zawierajacy-tekst-zrzut-ekranu-czcionka-a-3.png\" alt=\"Obraz zawieraj\u0105cy tekst, zrzut ekranu, Czcionka, algebraZawarto\u015b\u0107 wygenerowana przez AI mo\u017ce by\u0107 niepoprawna.\" class=\"wp-image-25098\" srcset=\"https:\/\/imgw.pl\/wp-content\/uploads\/2026\/05\/obraz-zawierajacy-tekst-zrzut-ekranu-czcionka-a-3.png 254w, https:\/\/imgw.pl\/wp-content\/uploads\/2026\/05\/obraz-zawierajacy-tekst-zrzut-ekranu-czcionka-a-3-18x12.png 18w\" sizes=\"auto, (max-width: 254px) 100vw, 254px\" \/><\/figure>\n\n\n\n<figure class=\"wp-block-image\"><img loading=\"lazy\" decoding=\"async\" width=\"867\" height=\"730\" src=\"https:\/\/imgw.pl\/wp-content\/uploads\/2026\/05\/word-image-25097-2.png\" alt=\"\" class=\"wp-image-25099\" srcset=\"https:\/\/imgw.pl\/wp-content\/uploads\/2026\/05\/word-image-25097-2.png 867w, https:\/\/imgw.pl\/wp-content\/uploads\/2026\/05\/word-image-25097-2-300x253.png 300w, https:\/\/imgw.pl\/wp-content\/uploads\/2026\/05\/word-image-25097-2-768x647.png 768w, https:\/\/imgw.pl\/wp-content\/uploads\/2026\/05\/word-image-25097-2-14x12.png 14w\" sizes=\"auto, (max-width: 867px) 100vw, 867px\" \/><\/figure>\n\n\n\n<p><\/p>\n\n\n\n<p>Rys. 1. <a href=\"https:\/\/hydro.imgw.pl\/#\/map?warn=hydro&amp;bl=hydro&amp;tstp=24&amp;zo=6.92408502587485&amp;lo=21.0533&amp;la=52.0765&amp;omt=2&amp;ts=202603250900&amp;riv=true\">Stan wody na rzekach w Polsce<\/a>, stan na godz. 14:00 dnia 04.05.2026 r.<\/p>\n\n\n\n<figure class=\"wp-block-image\"><img loading=\"lazy\" decoding=\"async\" width=\"800\" height=\"686\" src=\"https:\/\/imgw.pl\/wp-content\/uploads\/2026\/05\/word-image-25097-3.jpeg\" alt=\"\" class=\"wp-image-25100\" srcset=\"https:\/\/imgw.pl\/wp-content\/uploads\/2026\/05\/word-image-25097-3.jpeg 800w, https:\/\/imgw.pl\/wp-content\/uploads\/2026\/05\/word-image-25097-3-300x257.jpeg 300w, https:\/\/imgw.pl\/wp-content\/uploads\/2026\/05\/word-image-25097-3-768x659.jpeg 768w, https:\/\/imgw.pl\/wp-content\/uploads\/2026\/05\/word-image-25097-3-14x12.jpeg 14w\" sizes=\"auto, (max-width: 800px) 100vw, 800px\" \/><\/figure>\n\n\n\n<figure class=\"wp-block-image\"><img loading=\"lazy\" decoding=\"async\" width=\"196\" height=\"289\" src=\"https:\/\/imgw.pl\/wp-content\/uploads\/2026\/05\/obraz-zawierajacy-tekst-zrzut-ekranu-czcionka-d-1.png\" alt=\"Obraz zawieraj\u0105cy tekst, zrzut ekranu, Czcionka, dokumentZawarto\u015b\u0107 wygenerowana przez AI mo\u017ce by\u0107 niepoprawna., Obraz\" class=\"wp-image-25101\" srcset=\"https:\/\/imgw.pl\/wp-content\/uploads\/2026\/05\/obraz-zawierajacy-tekst-zrzut-ekranu-czcionka-d-1.png 196w, https:\/\/imgw.pl\/wp-content\/uploads\/2026\/05\/obraz-zawierajacy-tekst-zrzut-ekranu-czcionka-d-1-8x12.png 8w\" sizes=\"auto, (max-width: 196px) 100vw, 196px\" \/><\/figure>\n\n\n\n<p><\/p>\n\n\n\n<p>Rys. 2. <a href=\"https:\/\/hydro.imgw.pl\/#\/map?warn=hydro&amp;bl=hydro&amp;tstp=24&amp;zo=6.92408502587485&amp;lo=19.189&amp;la=52.0195\">Ostrze\u017cenia hydrologiczne<\/a>, stan na godz. 14:00 dnia 04.05.2026 r.<\/p>\n\n\n\n<figure class=\"wp-block-image\"><img loading=\"lazy\" decoding=\"async\" width=\"254\" height=\"154\" src=\"https:\/\/imgw.pl\/wp-content\/uploads\/2026\/05\/obraz-zawierajacy-tekst-zrzut-ekranu-czcionka-a-4.png\" alt=\"Obraz zawieraj\u0105cy tekst, zrzut ekranu, Czcionka, algebraZawarto\u015b\u0107 wygenerowana przez AI mo\u017ce by\u0107 niepoprawna.\" class=\"wp-image-25102\" srcset=\"https:\/\/imgw.pl\/wp-content\/uploads\/2026\/05\/obraz-zawierajacy-tekst-zrzut-ekranu-czcionka-a-4.png 254w, https:\/\/imgw.pl\/wp-content\/uploads\/2026\/05\/obraz-zawierajacy-tekst-zrzut-ekranu-czcionka-a-4-18x12.png 18w\" sizes=\"auto, (max-width: 254px) 100vw, 254px\" \/><\/figure>\n\n\n\n<figure class=\"wp-block-image\"><img loading=\"lazy\" decoding=\"async\" width=\"867\" height=\"730\" src=\"https:\/\/imgw.pl\/wp-content\/uploads\/2026\/05\/word-image-25097-6.png\" alt=\"\" class=\"wp-image-25103\" srcset=\"https:\/\/imgw.pl\/wp-content\/uploads\/2026\/05\/word-image-25097-6.png 867w, https:\/\/imgw.pl\/wp-content\/uploads\/2026\/05\/word-image-25097-6-300x253.png 300w, https:\/\/imgw.pl\/wp-content\/uploads\/2026\/05\/word-image-25097-6-768x647.png 768w, https:\/\/imgw.pl\/wp-content\/uploads\/2026\/05\/word-image-25097-6-14x12.png 14w\" sizes=\"auto, (max-width: 867px) 100vw, 867px\" \/><\/figure>\n\n\n\n<p> <br><\/p>\n\n\n\n<p>Rys. 3. <a href=\"https:\/\/hydro.imgw.pl\/#\/map?warn=hydro&amp;bl=hydro&amp;tstp=24&amp;zo=6.92408502587485&amp;lo=20.2427&amp;la=52.1192&amp;ts=202603251300&amp;omt=2&amp;riv=true\">Prognoza hydrologiczna stanu wody<\/a>, godz. 08:00 dnia 05.05.2026 r.<\/p>\n\n\n\n<figure class=\"wp-block-image\"><img loading=\"lazy\" decoding=\"async\" width=\"254\" height=\"154\" src=\"https:\/\/imgw.pl\/wp-content\/uploads\/2026\/05\/obraz-zawierajacy-tekst-zrzut-ekranu-czcionka-a-5.png\" alt=\"Obraz zawieraj\u0105cy tekst, zrzut ekranu, Czcionka, algebraZawarto\u015b\u0107 wygenerowana przez AI mo\u017ce by\u0107 niepoprawna.\" class=\"wp-image-25104\" srcset=\"https:\/\/imgw.pl\/wp-content\/uploads\/2026\/05\/obraz-zawierajacy-tekst-zrzut-ekranu-czcionka-a-5.png 254w, https:\/\/imgw.pl\/wp-content\/uploads\/2026\/05\/obraz-zawierajacy-tekst-zrzut-ekranu-czcionka-a-5-18x12.png 18w\" sizes=\"auto, (max-width: 254px) 100vw, 254px\" \/><\/figure>\n\n\n\n<figure class=\"wp-block-image\"><img loading=\"lazy\" decoding=\"async\" width=\"800\" height=\"671\" src=\"https:\/\/imgw.pl\/wp-content\/uploads\/2026\/05\/word-image-25097-8.jpeg\" alt=\"\" class=\"wp-image-25105\" srcset=\"https:\/\/imgw.pl\/wp-content\/uploads\/2026\/05\/word-image-25097-8.jpeg 800w, https:\/\/imgw.pl\/wp-content\/uploads\/2026\/05\/word-image-25097-8-300x252.jpeg 300w, https:\/\/imgw.pl\/wp-content\/uploads\/2026\/05\/word-image-25097-8-768x644.jpeg 768w, https:\/\/imgw.pl\/wp-content\/uploads\/2026\/05\/word-image-25097-8-14x12.jpeg 14w\" sizes=\"auto, (max-width: 800px) 100vw, 800px\" \/><\/figure>\n\n\n\n<p><\/p>\n\n\n\n<p>Rys. 4. <a href=\"https:\/\/hydro.imgw.pl\/#\/map?warn=hydro&amp;bl=hydro&amp;tstp=24&amp;zo=6.92408502587485&amp;lo=20.2427&amp;la=52.1192&amp;ts=202603251300&amp;omt=2&amp;riv=true\">Prognoza hydrologiczna stanu wody<\/a>, godz. 08:00 dnia 06.05.2026 r. <\/p>\n\n\n\n<p>Opracowanie: Centrum Hydrologicznej Os\u0142ony Kraju IMGW-PIB<\/p>","protected":false},"excerpt":{"rendered":"<p>&nbsp; Sytuacja meteorologiczna Stan na 04.05.2026, godz. 15:30 \u2013 opracowanie Centrum Meteorologicznej Os\u0142ony Kraju IMGW-PIB 1. Najwa\u017cniejsze zagro\u017cenia: BURZE, LOKALNE PRZYMROZKI W najbli\u017cszych godzinach i dniach prognozowane s\u0105 burze z intensywnymi opadami deszczu (do 15\u201320 mm) oraz porywami wiatru do 60 km\/h, g\u0142\u00f3wnie na zachodzie, p\u00f3\u0142nocy oraz okresami w centrum i na po\u0142udniowym wschodzie kraju. [&hellip;]<\/p>\n","protected":false},"author":7,"featured_media":25105,"parent":0,"menu_order":0,"comment_status":"closed","ping_status":"closed","template":"","meta":{"footnotes":""},"class_list":["post-25097","page","type-page","status-publish","has-post-thumbnail","hentry"],"_links":{"self":[{"href":"https:\/\/imgw.pl\/en\/wp-json\/wp\/v2\/pages\/25097","targetHints":{"allow":["GET"]}}],"collection":[{"href":"https:\/\/imgw.pl\/en\/wp-json\/wp\/v2\/pages"}],"about":[{"href":"https:\/\/imgw.pl\/en\/wp-json\/wp\/v2\/types\/page"}],"author":[{"embeddable":true,"href":"https:\/\/imgw.pl\/en\/wp-json\/wp\/v2\/users\/7"}],"replies":[{"embeddable":true,"href":"https:\/\/imgw.pl\/en\/wp-json\/wp\/v2\/comments?post=25097"}],"version-history":[{"count":1,"href":"https:\/\/imgw.pl\/en\/wp-json\/wp\/v2\/pages\/25097\/revisions"}],"predecessor-version":[{"id":25106,"href":"https:\/\/imgw.pl\/en\/wp-json\/wp\/v2\/pages\/25097\/revisions\/25106"}],"wp:featuredmedia":[{"embeddable":true,"href":"https:\/\/imgw.pl\/en\/wp-json\/wp\/v2\/media\/25105"}],"wp:attachment":[{"href":"https:\/\/imgw.pl\/en\/wp-json\/wp\/v2\/media?parent=25097"}],"curies":[{"name":"wp","href":"https:\/\/api.w.org\/{rel}","templated":true}]}}