{"id":2884,"date":"2024-12-30T11:55:13","date_gmt":"2024-12-30T10:55:13","guid":{"rendered":"https:\/\/imgw.pl\/?page_id=2884"},"modified":"2025-01-07T09:46:59","modified_gmt":"2025-01-07T08:46:59","slug":"stopnie-naukowe","status":"publish","type":"page","link":"https:\/\/imgw.pl\/en\/stopnie-naukowe\/","title":{"rendered":"Academic degrees"},"content":{"rendered":"<p><a href=\"https:\/\/imgw.pl\/wp-content\/uploads\/2024\/12\/ON-06-INST_Realizacja-awansow-naukowych_v4.pdf\">Instrukcja ON\/06\/INST Realizacja awans\u00f3w naukowych<\/a> (pdf)<br><a href=\"https:\/\/imgw.pl\/wp-content\/uploads\/2024\/12\/ON.06.Z.01.INST-Regulamin_post.-dr-i-dr-hab.-2024.pdf\">Regulamin przeprowadzania post\u0119powa\u0144 o nadanie stopnia doktora i doktora habilitowanego w IMGW-PIB<\/a> (pdf)<br><\/p>\n\n\n\n<p>Za\u0142\u0105czniki 2-23.<\/p>\n\n\n\n<div class=\"wp-block-file\"><a id=\"wp-block-file--media-2afc1cb5-e79e-4a94-9720-c7b7a96c525a\" href=\"https:\/\/imgw.pl\/wp-content\/uploads\/2024\/12\/ON.06.Z.02.INST-WNIOSEK-o-wyznaczenie-promotora.docx\" target=\"_blank\" rel=\"noreferrer noopener\">ON.06.Z.02.INST-WNIOSEK o wyznaczenie promotora<\/a><\/div>\n\n\n\n<div class=\"wp-block-file\"><a id=\"wp-block-file--media-9ab80278-b722-4898-886b-d75e39431b7a\" href=\"https:\/\/imgw.pl\/wp-content\/uploads\/2024\/12\/ON.06.Z.03.INST-oswiadczenie-promotora-2024.12.06.docx\" target=\"_blank\" rel=\"noreferrer noopener\">ON.06.Z.03.INST-o\u015bwiadczenie-promotora 2024.12.06<\/a><\/div>\n\n\n\n<div class=\"wp-block-file\"><a id=\"wp-block-file--media-65aa71ed-ada2-46e9-ab93-e1c7c6a1e78b\" href=\"https:\/\/imgw.pl\/wp-content\/uploads\/2024\/12\/ON.06.Z.04.INST-RODO-post.-DR.docx\" target=\"_blank\" rel=\"noreferrer noopener\">ON.06.Z.04.INST- RODO post. DR<\/a><\/div>\n\n\n\n<div class=\"wp-block-file\"><a id=\"wp-block-file--media-c46d25bc-5a81-4710-9ef0-9765cf3c912f\" href=\"https:\/\/imgw.pl\/wp-content\/uploads\/2024\/12\/ON.06.Z.05.INST-WNIOSEK-o-wszczecie-postepowania.docx\" target=\"_blank\" rel=\"noreferrer noopener\">ON.06.Z.05.INST-WNIOSEK o wszcz\u0119cie post\u0119powania<\/a><\/div>\n\n\n\n<div class=\"wp-block-file\"><a id=\"wp-block-file--media-c966d1fe-4b5f-4a3e-9f4d-5cb0e930ccf3\" href=\"https:\/\/imgw.pl\/wp-content\/uploads\/2024\/12\/ON.06.Z.06.INST-Dane-i-oswiadczenie-Doktoranta-2024.12.06.docx\" target=\"_blank\" rel=\"noreferrer noopener\">ON.06.Z.06.INST-Dane i o\u015bwiadczenie Doktoranta 2024.12.06<\/a><\/div>\n\n\n\n<div class=\"wp-block-file\"><a id=\"wp-block-file--media-88e3df47-1ad3-4909-97a0-b574605bef7b\" href=\"https:\/\/imgw.pl\/wp-content\/uploads\/2024\/12\/ON.06.Z.07.INST-Oswiadczenie-o-zgodnosci-wersji-papierowej-2024.12.06.docx\" target=\"_blank\" rel=\"noreferrer noopener\">ON.06.Z.07.INST-O\u015bwiadczenie o zgodno\u015bci wersji papierowej 2024.12.06<\/a><\/div>\n\n\n\n<div class=\"wp-block-file\"><a id=\"wp-block-file--media-b7af2fb0-988c-4cf1-9f96-57a843daa959\" href=\"https:\/\/imgw.pl\/wp-content\/uploads\/2024\/12\/ON.06.Z.08.INST-Udostepnienie-rozprawy-2024.12.06.docx\" target=\"_blank\" rel=\"noreferrer noopener\">ON.06.Z.08.INST-Udost\u0119pnienie rozprawy 2024.12.06<\/a><\/div>\n\n\n\n<div class=\"wp-block-file\"><a id=\"wp-block-file--media-3ed97bfe-a3ec-4950-8f05-d42050057ee4\" href=\"https:\/\/imgw.pl\/wp-content\/uploads\/2024\/12\/ON.06.Z.08.INST-Udostepnienie-rozprawy-2024.12.06.docx\" target=\"_blank\" rel=\"noreferrer noopener\">ON.06.Z.08.INST-Udost\u0119pnienie rozprawy 2024.12.06<\/a><\/div>\n\n\n\n<div class=\"wp-block-file\"><a id=\"wp-block-file--media-addecc2e-e4d8-4a74-9aee-419a884d3c8c\" href=\"https:\/\/imgw.pl\/wp-content\/uploads\/2024\/12\/ON.06.Z.09.INST-Wniosek-o-wyznaczenie-recenzentow-2024.12.06.docx\" target=\"_blank\" rel=\"noreferrer noopener\">ON.06.Z.09.INST-Wniosek o wyznaczenie recenzent\u00f3w 2024.12.06<\/a><\/div>\n\n\n\n<div class=\"wp-block-file\"><a id=\"wp-block-file--media-7936445b-0d2e-43f7-9d08-41c07de885fa\" href=\"https:\/\/imgw.pl\/wp-content\/uploads\/2024\/12\/ON.06.Z.10.INST-Zrodlo-finansowania-2024.12.06.docx\" target=\"_blank\" rel=\"noreferrer noopener\">ON.06.Z.10.INST-\u0179r\u00f3d\u0142o finansowania 2024.12.06<\/a><\/div>\n\n\n\n<div class=\"wp-block-file\"><a id=\"wp-block-file--media-95224d45-7e9e-4b63-8e1e-3402b0377f51\" href=\"https:\/\/imgw.pl\/wp-content\/uploads\/2024\/12\/ON.06.Z.11.INST-Protokol-z-egzaminu-weryfikacji-8PRK-2024.12.06.docx\" target=\"_blank\" rel=\"noreferrer noopener\">ON.06.Z.11.INST-Protok\u00f3\u0142 z egzaminu weryfikacji 8PRK 2024.12.06<\/a><\/div>\n\n\n\n<div class=\"wp-block-file\"><a id=\"wp-block-file--media-d82d06a5-e6de-4d8a-9535-6e169116b740\" href=\"https:\/\/imgw.pl\/wp-content\/uploads\/2024\/12\/ON.06.Z.12.INST-Wniosek-o-ogloszenie-w-BIP-2024.12.06.docx\" target=\"_blank\" rel=\"noreferrer noopener\">ON.06.Z.12.INST-Wniosek o og\u0142oszenie w BIP 2024.12.06<\/a><\/div>\n\n\n\n<div class=\"wp-block-file\"><a id=\"wp-block-file--media-aa67b383-c71f-43f9-8c98-389bfd80f24e\" href=\"https:\/\/imgw.pl\/wp-content\/uploads\/2024\/12\/ON.06.Z.13.INST-Obowiazki-informacyjne-2024.12.06.docx\" target=\"_blank\" rel=\"noreferrer noopener\">ON.06.Z.13.INST-Obowi\u0105zki informacyjne 2024.12.06<\/a><\/div>\n\n\n\n<div class=\"wp-block-file\"><a id=\"wp-block-file--media-548fd717-b7f5-4539-8ce7-8efb292240c2\" href=\"https:\/\/imgw.pl\/wp-content\/uploads\/2024\/12\/ON.06.Z.14.INST-RODO-post.-HAB.docx\" target=\"_blank\" rel=\"noreferrer noopener\">ON.06.Z.14.INST-RODO post. HAB<\/a><\/div>\n\n\n\n<div class=\"wp-block-file\"><a id=\"wp-block-file--media-f8062e7a-a46a-4666-adfb-d4dbdb9b235d\" href=\"https:\/\/imgw.pl\/wp-content\/uploads\/2024\/12\/ON.06.Z.15.INST-Wniosek-o-finansowanie-postepowania-2024.12.06.docx\" target=\"_blank\" rel=\"noreferrer noopener\">ON.06.Z.15.INST-Wniosek o finansowanie post\u0119powania 2024.12.06<\/a><\/div>\n\n\n\n<div class=\"wp-block-file\"><a id=\"wp-block-file--media-b276f503-bc2c-4ac1-aad0-cb6568dcb3ca\" href=\"https:\/\/imgw.pl\/wp-content\/uploads\/2024\/12\/ON.06.Z.16.INST-Umowa-z-pracownikiem-2024.12.06.docx\" target=\"_blank\" rel=\"noreferrer noopener\">ON.06.Z.16.INST-Umowa z pracownikiem 2024.12.06<\/a><\/div>\n\n\n\n<div class=\"wp-block-file\"><a id=\"wp-block-file--media-eda38972-6aca-41bc-b332-ac50760ee6ea\" href=\"https:\/\/imgw.pl\/wp-content\/uploads\/2024\/12\/ON.06.Z.17.INST-Zobowiazanie-2024.12.06.docx\" target=\"_blank\" rel=\"noreferrer noopener\">ON.06.Z.17.INST-Zobowi\u0105zanie 2024.12.06<\/a><\/div>\n\n\n\n<div class=\"wp-block-file\"><a id=\"wp-block-file--media-454aac3a-f264-4502-a2ab-bf8aefe89b13\" href=\"https:\/\/imgw.pl\/wp-content\/uploads\/2024\/12\/ON.06.Z.18.INST-Plan-awansow-2024.12.06.xlsx\" target=\"_blank\" rel=\"noreferrer noopener\">ON.06.Z.18.INST-Plan awans\u00f3w 2024.12.06<\/a><\/div>\n\n\n\n<div class=\"wp-block-file\"><a id=\"wp-block-file--media-1d54cc76-327d-4057-bd7e-ca39c7db464a\" href=\"https:\/\/imgw.pl\/wp-content\/uploads\/2024\/12\/ON.06.Z.19.INST-Umowa-z-podmiotem-zlecajacym.docx\" target=\"_blank\" rel=\"noreferrer noopener\">ON.06.Z.19.INST-Umowa z podmiotem zlecaj\u0105cym<\/a><\/div>\n\n\n\n<div class=\"wp-block-file\"><a id=\"wp-block-file--media-3afb4785-521d-465e-96f6-97e908cbfcd0\" href=\"https:\/\/imgw.pl\/wp-content\/uploads\/2024\/12\/ON.06.Z.20.INST-Umowa-z-osoba-fizyczna-2024.12.06.docx\" target=\"_blank\" rel=\"noreferrer noopener\">ON.06.Z.20.INST-Umowa z osob\u0105 fizyczn\u0105 2024.12.06<\/a><\/div>\n\n\n\n<div class=\"wp-block-file\"><a id=\"wp-block-file--media-a3c92f48-930f-4178-8441-70688ab6a2c1\" href=\"https:\/\/imgw.pl\/wp-content\/uploads\/2024\/12\/ON.06.Z.21.INST-Kalkulacja-kosztow-2024.12.06.docx\" target=\"_blank\" rel=\"noreferrer noopener\">ON.06.Z.21.INST-Kalkulacja koszt\u00f3w 2024.12.06<\/a><\/div>\n\n\n\n<div class=\"wp-block-file\"><a id=\"wp-block-file--media-42383b7e-9956-4600-8655-a1b870cbf797\" href=\"https:\/\/imgw.pl\/wp-content\/uploads\/2024\/12\/ON.06.Z.22.INST-Postepowania-profesorskie.docx\" target=\"_blank\" rel=\"noreferrer noopener\">ON.06.Z.22.INST-Post\u0119powania profesorskie<\/a><\/div>\n\n\n\n<div class=\"wp-block-file\"><a id=\"wp-block-file--media-e17e4ef1-d2c4-450f-a72c-d5c2ffba2010\" href=\"https:\/\/imgw.pl\/wp-content\/uploads\/2024\/12\/ON.06.Z.23.INST-Postepowania-odwolawcze.docx\" target=\"_blank\" rel=\"noreferrer noopener\">ON.06.Z.23.INST-Post\u0119powania odwo\u0142awcze<\/a><\/div>","protected":false},"excerpt":{"rendered":"<p>Instrukcja ON\/06\/INST Realizacja awans\u00f3w naukowych (pdf)Regulamin przeprowadzania post\u0119powa\u0144 o nadanie stopnia doktora i doktora habilitowanego w IMGW-PIB (pdf) Za\u0142\u0105czniki 2-23.<\/p>","protected":false},"author":2,"featured_media":0,"parent":0,"menu_order":0,"comment_status":"closed","ping_status":"closed","template":"","meta":{"footnotes":""},"class_list":["post-2884","page","type-page","status-publish","hentry"],"_links":{"self":[{"href":"https:\/\/imgw.pl\/en\/wp-json\/wp\/v2\/pages\/2884","targetHints":{"allow":["GET"]}}],"collection":[{"href":"https:\/\/imgw.pl\/en\/wp-json\/wp\/v2\/pages"}],"about":[{"href":"https:\/\/imgw.pl\/en\/wp-json\/wp\/v2\/types\/page"}],"author":[{"embeddable":true,"href":"https:\/\/imgw.pl\/en\/wp-json\/wp\/v2\/users\/2"}],"replies":[{"embeddable":true,"href":"https:\/\/imgw.pl\/en\/wp-json\/wp\/v2\/comments?post=2884"}],"version-history":[{"count":4,"href":"https:\/\/imgw.pl\/en\/wp-json\/wp\/v2\/pages\/2884\/revisions"}],"predecessor-version":[{"id":2952,"href":"https:\/\/imgw.pl\/en\/wp-json\/wp\/v2\/pages\/2884\/revisions\/2952"}],"wp:attachment":[{"href":"https:\/\/imgw.pl\/en\/wp-json\/wp\/v2\/media?parent=2884"}],"curies":[{"name":"wp","href":"https:\/\/api.w.org\/{rel}","templated":true}]}}