{"id":3478,"date":"2025-03-13T10:29:02","date_gmt":"2025-03-13T09:29:02","guid":{"rendered":"https:\/\/imgw.pl\/?page_id=3478"},"modified":"2025-03-17T08:59:57","modified_gmt":"2025-03-17T07:59:57","slug":"patronat-imgw","status":"publish","type":"page","link":"https:\/\/imgw.pl\/en\/media\/patronat-imgw\/","title":{"rendered":"Patronat IMGW"},"content":{"rendered":"<h2 class=\"wp-block-heading\">Instytut Meteorologii i Gospodarki Wodnej \u2013 Pa\u0144stwowy Instytut Badawczy wspiera dzia\u0142alno\u015b\u0107 edukacyjn\u0105, naukow\u0105 i popularyzuj\u0105c\u0105 wiedz\u0119 z zakresu nauk o Ziemi i in\u017cynierii \u015brodowiska poprzez szereg inicjatyw w\u0142asnych, jak r\u00f3wnie\u017c wsparcie os\u00f3b i instytucji zewn\u0119trznych w formie patronatu.<\/h2>\n\n\n\n<p>Ubiegaj\u0105cy si\u0119 o patronat Dyrektora IMGW-PIB powinni spe\u0142nia\u0107 nast\u0119puj\u0105ce warunki:<\/p>\n\n\n\n<ol start=\"1\" class=\"wp-block-list\">\n<li>Zgodno\u015b\u0107 tematyki wydarzenia z dzia\u0142alno\u015bci\u0105 IMGW-PIB. Przedsi\u0119wzi\u0119cie powinno by\u0107 \u015bci\u015ble zwi\u0105zane z obszarami takimi jak meteorologia, hydrologia, klimatologia czy gospodarka wodna.<\/li>\n\n\n\n<li>Wysoka warto\u015b\u0107 merytoryczna lub spo\u0142eczna. Wydarzenie musi wnosi\u0107 istotny wk\u0142ad w rozw\u00f3j nauki, edukacji lub \u015bwiadomo\u015bci spo\u0142ecznej w zakresie tematyki zwi\u0105zanej z dzia\u0142alno\u015bci\u0105 IMGW-PIB.<\/li>\n\n\n\n<li>Zasi\u0119g i znaczenie przedsi\u0119wzi\u0119cia. Preferowane s\u0105 projekty o zasi\u0119gu mi\u0119dzynarodowym, og\u00f3lnopolskim lub ponadregionalnym, kt\u00f3re maj\u0105 istotne znaczenie dla promocji nauki i edukacji w dziedzinach powi\u0105zanych z dzia\u0142alno\u015bci\u0105 IMGW-PIB.<\/li>\n\n\n\n<li>Brak zobowi\u0105za\u0144 finansowych lub organizacyjnych. Przyznanie patronatu nie oznacza deklaracji wsparcia finansowego lub organizacyjnego ze strony IMGW-PIB.<\/li>\n\n\n\n<li>Terminowe z\u0142o\u017cenie wniosku. Wniosek o patronat powinien by\u0107 z\u0142o\u017cony z odpowiednim wyprzedzeniem, zwykle nie p\u00f3\u017aniej ni\u017c na dwa miesi\u0105ce przed planowanym terminem wydarzenia.<\/li>\n<\/ol>\n\n\n\n<p>Nale\u017cy pami\u0119ta\u0107, \u017ce decyzje o przyznaniu patronatu maj\u0105 charakter uznaniowy i s\u0105 podejmowane indywidualnie dla ka\u017cdego wniosku. W przypadku przedsi\u0119wzi\u0119\u0107 cyklicznych patronat jest przyznawany na jedn\u0105 edycj\u0119 i wymaga ponownego wniosku dla kolejnych ods\u0142on.<\/p>\n\n\n\n<p>Aby ubiega\u0107 si\u0119 o patronat, nale\u017cy wype\u0142ni\u0107 \u201eWniosek o przyznanie patronatu Dyrektora IMGW-PIB\u201d i przes\u0142a\u0107 go na adres <a href=\"mailto:content@imgw.pl\">content@imgw.pl<\/a>.<\/p>\n\n\n\n<div class=\"wp-block-file\"><a id=\"wp-block-file--media-d527f225-6b89-4242-badc-03eb473d377f\" href=\"https:\/\/imgw.pl\/wp-content\/uploads\/2025\/03\/Patronat_Wniosek-o-przyznanie-patronatu-Dyrektora-IMGW-PIB.docx\">Patronat &#8211; Wniosek o przyznanie patronatu Dyrektora IMGW-PIB (docx)<\/a><a href=\"https:\/\/imgw.pl\/wp-content\/uploads\/2025\/03\/Patronat_Wniosek-o-przyznanie-patronatu-Dyrektora-IMGW-PIB.docx\" class=\"wp-block-file__button wp-element-button\" download aria-describedby=\"wp-block-file--media-d527f225-6b89-4242-badc-03eb473d377f\">Pobierz<\/a><\/div>\n\n\n\n<div class=\"wp-block-file\"><a id=\"wp-block-file--media-355d8715-6445-43f2-80d8-59a0cff3f8c8\" href=\"https:\/\/imgw.pl\/wp-content\/uploads\/2025\/03\/Patronat_zalacznik_przetwarzanie-danych-osobowych.pdf\">Patronat &#8211; za\u0142\u0105cznik &#8211; przetwarzanie danych osobowych (pdf)<\/a><a href=\"https:\/\/imgw.pl\/wp-content\/uploads\/2025\/03\/Patronat_zalacznik_przetwarzanie-danych-osobowych.pdf\" class=\"wp-block-file__button wp-element-button\" download aria-describedby=\"wp-block-file--media-355d8715-6445-43f2-80d8-59a0cff3f8c8\">Pobierz<\/a><\/div>","protected":false},"excerpt":{"rendered":"<p>Instytut Meteorologii i Gospodarki Wodnej \u2013 Pa\u0144stwowy Instytut Badawczy wspiera dzia\u0142alno\u015b\u0107 edukacyjn\u0105, naukow\u0105 i popularyzuj\u0105c\u0105 wiedz\u0119 z zakresu nauk o Ziemi i in\u017cynierii \u015brodowiska poprzez szereg inicjatyw w\u0142asnych, jak r\u00f3wnie\u017c wsparcie os\u00f3b i instytucji zewn\u0119trznych w formie patronatu. Ubiegaj\u0105cy si\u0119 o patronat Dyrektora IMGW-PIB powinni spe\u0142nia\u0107 nast\u0119puj\u0105ce warunki: Nale\u017cy pami\u0119ta\u0107, \u017ce decyzje o przyznaniu patronatu [&hellip;]<\/p>","protected":false},"author":2,"featured_media":0,"parent":616,"menu_order":0,"comment_status":"closed","ping_status":"closed","template":"","meta":{"footnotes":""},"class_list":["post-3478","page","type-page","status-publish","hentry"],"_links":{"self":[{"href":"https:\/\/imgw.pl\/en\/wp-json\/wp\/v2\/pages\/3478","targetHints":{"allow":["GET"]}}],"collection":[{"href":"https:\/\/imgw.pl\/en\/wp-json\/wp\/v2\/pages"}],"about":[{"href":"https:\/\/imgw.pl\/en\/wp-json\/wp\/v2\/types\/page"}],"author":[{"embeddable":true,"href":"https:\/\/imgw.pl\/en\/wp-json\/wp\/v2\/users\/2"}],"replies":[{"embeddable":true,"href":"https:\/\/imgw.pl\/en\/wp-json\/wp\/v2\/comments?post=3478"}],"version-history":[{"count":2,"href":"https:\/\/imgw.pl\/en\/wp-json\/wp\/v2\/pages\/3478\/revisions"}],"predecessor-version":[{"id":3482,"href":"https:\/\/imgw.pl\/en\/wp-json\/wp\/v2\/pages\/3478\/revisions\/3482"}],"up":[{"embeddable":true,"href":"https:\/\/imgw.pl\/en\/wp-json\/wp\/v2\/pages\/616"}],"wp:attachment":[{"href":"https:\/\/imgw.pl\/en\/wp-json\/wp\/v2\/media?parent=3478"}],"curies":[{"name":"wp","href":"https:\/\/api.w.org\/{rel}","templated":true}]}}