{"id":37,"date":"2024-08-30T12:15:36","date_gmt":"2024-08-30T10:15:36","guid":{"rendered":"http:\/\/localhost:8000\/?page_id=37"},"modified":"2025-07-14T08:08:27","modified_gmt":"2025-07-14T06:08:27","slug":"biuro-prasowe","status":"publish","type":"page","link":"https:\/\/imgw.pl\/en\/media\/biuro-prasowe\/","title":{"rendered":"Communications Team"},"content":{"rendered":"<p>Journalists from all over Poland are invited to contact the IMGW-PIB Communication Team from Monday to Friday between 7:00 AM and 5:00 PM.<\/p>\n\n\n\n<p>Please contact us each time to schedule the date for a conversation or recording and to agree on the subject matter.<\/p>\n\n\n\n<p>CONTACT<br><strong>COMMUNICATIONS TEAM<\/strong><br><a href=\"https:\/\/imgw.pl\/en\/instytut\/biuroprasowe@imgw.pl\/\">biuroprasowe@imgw.pl<\/a><br>T. +48 503 122 100<\/p>\n\n\n\n<p><strong>IMGW-PIB Press Spokesperson:<\/strong><\/p>\n\n\n\n<p><strong>Agnieszka Prasek<\/strong><br>Team Communication Coordinator, Press Spokesperson, Meteorologist<br><a href=\"mailto:agnieszka.prasek@imgw.pl\">agnieszka.prasek@imgw.pl<\/a> <br>T. +48 511 889 400<\/p>","protected":false},"excerpt":{"rendered":"<p>Dziennikarzy z ca\u0142ej Polski zapraszamy do kontaktu z Zespo\u0142em Komunikacji IMGW-PIB od poniedzia\u0142ku do pi\u0105tku w godzinach 7:00\u201317:00. Prosimy ka\u017cdorazowo o kontakt w celu um\u00f3wienia terminu rozmowy lub nagrania oraz uzgodnienia zakresu tematycznego. KONTAKTZESP\u00d3\u0141 KOMUNIKACJIbiuroprasowe@imgw.plT.&nbsp;+48&nbsp;503 122 100 Rzecznik Prasowy IMGW-PIB: Agnieszka PrasekKoordynator Zespo\u0142u Komunikacji, Rzecznik Prasowy, Synoptykagnieszka.prasek@imgw.pl T. +48 511\u00a0889\u00a0400<\/p>","protected":false},"author":1,"featured_media":0,"parent":616,"menu_order":0,"comment_status":"closed","ping_status":"closed","template":"","meta":{"footnotes":""},"class_list":["post-37","page","type-page","status-publish","hentry"],"_links":{"self":[{"href":"https:\/\/imgw.pl\/en\/wp-json\/wp\/v2\/pages\/37","targetHints":{"allow":["GET"]}}],"collection":[{"href":"https:\/\/imgw.pl\/en\/wp-json\/wp\/v2\/pages"}],"about":[{"href":"https:\/\/imgw.pl\/en\/wp-json\/wp\/v2\/types\/page"}],"author":[{"embeddable":true,"href":"https:\/\/imgw.pl\/en\/wp-json\/wp\/v2\/users\/1"}],"replies":[{"embeddable":true,"href":"https:\/\/imgw.pl\/en\/wp-json\/wp\/v2\/comments?post=37"}],"version-history":[{"count":9,"href":"https:\/\/imgw.pl\/en\/wp-json\/wp\/v2\/pages\/37\/revisions"}],"predecessor-version":[{"id":5038,"href":"https:\/\/imgw.pl\/en\/wp-json\/wp\/v2\/pages\/37\/revisions\/5038"}],"up":[{"embeddable":true,"href":"https:\/\/imgw.pl\/en\/wp-json\/wp\/v2\/pages\/616"}],"wp:attachment":[{"href":"https:\/\/imgw.pl\/en\/wp-json\/wp\/v2\/media?parent=37"}],"curies":[{"name":"wp","href":"https:\/\/api.w.org\/{rel}","templated":true}]}}