{"id":53,"date":"2024-08-30T12:27:06","date_gmt":"2024-08-30T10:27:06","guid":{"rendered":"http:\/\/localhost:8000\/?page_id=53"},"modified":"2026-01-12T12:45:14","modified_gmt":"2026-01-12T11:45:14","slug":"dane-kontaktowe","status":"publish","type":"page","link":"https:\/\/imgw.pl\/en\/kontakt\/dane-kontaktowe\/","title":{"rendered":"Contact details"},"content":{"rendered":"<p>Institute of Meteorology and Water Management - National Research Institute<\/p>\n\n\n\n<p><strong>Institute of Meteorology and Water Management - National Research Institute<\/strong><br>Podle\u015bna 61<br>01-673 Warsaw<br>E.&nbsp;<a href=\"mailto:imgw@imgw.pl\">imgw@imgw.pl<\/a><br>T. +48 22 56 94 100<br>F. +48 22 83 41 801<\/p>\n\n\n\n<p><strong>Products and Business<\/strong><br>E&nbsp;<a href=\"https:\/\/imgw.pl\/en\/biznes@imgw.pl\/\">biznes@imgw.pl<\/a><br>For information on IMGW-PIB products and services, please direct your inquiries to&nbsp;<a href=\"https:\/\/imgw.pl\/en\/biznes@imgw.pl\/\">business@imgw.pl.<\/a><br>We inform you that we do not provide product pricing information over the phone, as it is necessary to precisely determine the scope of data or products of interest.<\/p>\n\n\n\n<p>Forecasts, studies, and more<br>+48 519 751 210<br>+48 573 006 739<\/p>\n\n\n\n<p>Expert assessments and archival data<br>+48 573 801 704<br>+48 573 801 717<br>+48 781 774 220<br>+48 519 751 213<br>+48 503 199 011<\/p>\n\n\n\n<p><strong>ePUAP<\/strong><br>We are using the ePUAP platform, where you can write to the mailbox at: \/IMGW-PIB\/SkrytkaESP (A condition for submitting an application or letter to IMGW-PIB via the ePUAP platform is to have a user account on the ePUAP platform).<\/p>\n\n\n\n<p><strong>E-DELIVERY ADDRESS<\/strong>AE:PL-93793-41528-DHJID-29<\/p>\n\n\n\n<iframe allowfullscreen=\"\" height=\"450\" loading=\"lazy\" referrerpolicy=\"no-referrer-when-downgrade\" src=\"https:\/\/www.google.com\/maps\/embed?pb=!1m18!1m12!1m3!1d2440.9320268025967!2d20.956875333135574!3d52.280935996971444!2m3!1f0!2f0!3f0!3m2!1i1024!2i768!4f13.1!3m3!1m2!1s0x471ecbdaa657c815%3A0x7c2464f251ff722c!2sInstytut%20Meteorologii%20i%20Gospodarki%20Wodnej%20%E2%80%93%20Pa%C5%84stwowy%20Instytut%20Badawczy!5e0!3m2!1spl!2spl!4v1679046797946!5m2!1spl!2spl\" style=\"border:0;\" width=\"890\"><\/iframe>","protected":false},"excerpt":{"rendered":"<p>Instytut Meteorologii i&nbsp;Gospodarki Wodnej Pa\u0144stwowy Instytut Badawczy Instytut Meteorologii i&nbsp;Gospodarki Wodnej Pa\u0144stwowy Instytut BadawczyPodle\u015bna 6101-673 WarszawaE.&nbsp;imgw@imgw.plT.&nbsp;+48 22&nbsp;56 94&nbsp;100F.&nbsp;+48 22&nbsp;83 41&nbsp;801 Produkty i&nbsp;biznesE:&nbsp;biznes@imgw.plW&nbsp;celu uzyskania informacji o&nbsp;produktach i&nbsp;us\u0142ugach IMGW-PIB uprzejmie prosimy o&nbsp;kierowanie zapyta\u0144 na&nbsp;adres&nbsp;biznes@imgw.pl.Informujemy, \u017ce&nbsp;nie udzielamy telefonicznie informacji o&nbsp;cenach naszych produkt\u00f3w z&nbsp;uwagi na&nbsp;konieczno\u015b\u0107 precyzyjnego okre\u015blenia zakresu danych lub produkt\u00f3w, kt\u00f3re s\u0105&nbsp;przedmiotem zainteresowania. Prognozy, opracowania i&nbsp;inne+48 519 751 [&hellip;]<\/p>\n","protected":false},"author":1,"featured_media":1088,"parent":621,"menu_order":0,"comment_status":"closed","ping_status":"closed","template":"","meta":{"footnotes":""},"class_list":["post-53","page","type-page","status-publish","has-post-thumbnail","hentry"],"_links":{"self":[{"href":"https:\/\/imgw.pl\/en\/wp-json\/wp\/v2\/pages\/53","targetHints":{"allow":["GET"]}}],"collection":[{"href":"https:\/\/imgw.pl\/en\/wp-json\/wp\/v2\/pages"}],"about":[{"href":"https:\/\/imgw.pl\/en\/wp-json\/wp\/v2\/types\/page"}],"author":[{"embeddable":true,"href":"https:\/\/imgw.pl\/en\/wp-json\/wp\/v2\/users\/1"}],"replies":[{"embeddable":true,"href":"https:\/\/imgw.pl\/en\/wp-json\/wp\/v2\/comments?post=53"}],"version-history":[{"count":11,"href":"https:\/\/imgw.pl\/en\/wp-json\/wp\/v2\/pages\/53\/revisions"}],"predecessor-version":[{"id":23130,"href":"https:\/\/imgw.pl\/en\/wp-json\/wp\/v2\/pages\/53\/revisions\/23130"}],"up":[{"embeddable":true,"href":"https:\/\/imgw.pl\/en\/wp-json\/wp\/v2\/pages\/621"}],"wp:featuredmedia":[{"embeddable":true,"href":"https:\/\/imgw.pl\/en\/wp-json\/wp\/v2\/media\/1088"}],"wp:attachment":[{"href":"https:\/\/imgw.pl\/en\/wp-json\/wp\/v2\/media?parent=53"}],"curies":[{"name":"wp","href":"https:\/\/api.w.org\/{rel}","templated":true}]}}