{"id":545,"date":"2024-09-23T12:03:04","date_gmt":"2024-09-23T10:03:04","guid":{"rendered":"http:\/\/localhost:8000\/?page_id=545"},"modified":"2024-12-20T07:23:45","modified_gmt":"2024-12-20T06:23:45","slug":"oferta-szkoleniowa","status":"publish","type":"page","link":"https:\/\/imgw.pl\/en\/oferta\/oferta-szkoleniowa\/","title":{"rendered":"Schooling"},"content":{"rendered":"<p><strong>Rodzaje i forma szkole\u0144:<\/strong>&nbsp;<\/p>\n\n\n\n<ul class=\"wp-block-list\">\n<li>Forma stacjonarna, hybrydowa i niestacjonarna (online);&nbsp;<\/li>\n\n\n\n<li>Indywidualne lub grupowe;&nbsp;<\/li>\n\n\n\n<li>Uzgodniona tematyka i poziom zaawansowania szkolenia.&nbsp;<\/li>\n<\/ul>\n\n\n\n<p><strong>Proces kszta\u0142cenia podczas szkolenia oparty jest na:<\/strong>&nbsp;<\/p>\n\n\n\n<ul class=\"wp-block-list\">\n<li>Zaj\u0119ciach wyk\u0142adowo-seminaryjnych;<\/li>\n\n\n\n<li>\u0106wiczeniach praktycznych (studia przypadk\u00f3w i ich analiza, praca w zespole, wsp\u00f3lna wymiana spostrze\u017ce\u0144 i wniosk\u00f3w mi\u0119dzy uczestnikami);&nbsp;<\/li>\n\n\n\n<li>Stosowaniu nowatorskich metod i technik nauczania;&nbsp;<\/li>\n\n\n\n<li>Uzyskaniu wiedzy, kt\u00f3r\u0105 b\u0119dzie mo\u017cna wykorzysta\u0107 w praktyce w przysz\u0142o\u015bci.&nbsp;&nbsp;&nbsp;<\/li>\n<\/ul>\n\n\n\n<p><strong>W ramach kursu\/szkolenia:<\/strong>&nbsp;<\/p>\n\n\n\n<ul class=\"wp-block-list\">\n<li>Mo\u017cliwo\u015b\u0107 udzia\u0142u w panelu dyskusyjnym;&nbsp;<\/li>\n\n\n\n<li>Wizyta w Centrum Radarowym, Zwiedzanie Biura Prognoz Meteorologicznych i Prognoz Hydrologicznych\/prezentacja pracy\/pokaz narz\u0119dzi i technologii;&nbsp;<\/li>\n\n\n\n<li>Przegl\u0105d dzia\u0142alno\u015bci IMGW-PIB (historia, misja, g\u0142\u00f3wne zadania).&nbsp;<\/li>\n<\/ul>\n\n\n\n<p><strong>Warunki zaliczenia szkolenia:<\/strong>&nbsp;<\/p>\n\n\n\n<ul class=\"wp-block-list\">\n<li>Obecno\u015b\u0107 na szkoleniu;&nbsp;<\/li>\n\n\n\n<li>Zdanie ko\u0144cowego testu opartego na wiedzy ze szkolenia i otrzymanych podczas niego materia\u0142ach w formie papierowej lub elektronicznej;&nbsp;<\/li>\n\n\n\n<li>Zaliczenie kursu skutkuje otrzymaniem certyfikatu uko\u0144czenia szkolenia.&nbsp;<\/li>\n<\/ul>\n\n\n\n<p><strong>Szkolenia dedykowane dla:<\/strong>&nbsp;<\/p>\n\n\n\n<ul class=\"wp-block-list\">\n<li>Pracownik\u00f3w bran\u017cy budowlanej, rolniczej, transportowej, rekreacyjnej i turystycznej;&nbsp;<\/li>\n\n\n\n<li>Pracownik\u00f3w zajmuj\u0105cych si\u0119 ca\u0142oroczn\u0105, a w szczeg\u00f3lno\u015bci zimow\u0105 os\u0142on\u0105 dr\u00f3g;&nbsp;<\/li>\n\n\n\n<li>Rybak\u00f3w i le\u015bniczych;&nbsp;<\/li>\n\n\n\n<li>Jednostek samorz\u0105du terytorialnego posiadaj\u0105cymi zadania w\u0142asne lub zlecone, w kt\u00f3rych szczeg\u00f3lne znaczenie ma pogoda;&nbsp;<\/li>\n\n\n\n<li>S\u0142u\u017cb mundurowych;&nbsp;<\/li>\n\n\n\n<li>Os\u00f3b zasiadaj\u0105cych w sztabach kryzysowych.&nbsp;<\/li>\n<\/ul>\n\n\n\n<p><strong>Informacja o kadrze:<\/strong>&nbsp;<\/p>\n\n\n\n<ul class=\"wp-block-list\">\n<li>Wyk\u0142adowcami na kursie s\u0105 wysoko wykwalifikowani pracownicy Instytutu Meteorologii i Gospodarki Wodnej \u2013 Pa\u0144stwowego Instytutu Badawczego.&nbsp;<\/li>\n<\/ul>\n\n\n\n<p><strong>Tematyka szkole\u0144 (do uzgodnienia):<\/strong>&nbsp;<\/p>\n\n\n\n<ul class=\"wp-block-list\">\n<li>Rodzaje prognoz meteorologicznych i hydrologicznych;&nbsp;<\/li>\n\n\n\n<li>Prognozy kr\u00f3tkoterminowe, \u015brednioterminowe, d\u0142ugoterminowe (np. 48h, 120h);&nbsp;<\/li>\n\n\n\n<li>Ostrze\u017cenia meteorologiczne i hydrologiczne &#8211; Kategorie ostrze\u017ce\u0144, kryteria wydawania;&nbsp;<\/li>\n\n\n\n<li>Struktura i kluczowe elementy prognoz i ostrze\u017ce\u0144;&nbsp;<\/li>\n\n\n\n<li>Mapy i modele meteorologiczne &#8211; Om\u00f3wienie najwa\u017cniejszych map i modeli, kt\u00f3re tworzy IMGW-PIB;&nbsp;<\/li>\n\n\n\n<li>Inne produkty &#8211; Serwisy tematyczne, raporty, analizy.&nbsp;<\/li>\n\n\n\n<li>Niebezpieczne zjawiska pogody zwi\u0105zane z ch\u0142odn\u0105 por\u0105 roku ze szczeg\u00f3lnym uwzgl\u0119dnieniem charakterystyki zjawisk, skutk\u00f3w ich wyst\u0119powania i metod prognozowania (metoda synoptyczna, metody numeryczne).&nbsp;<\/li>\n\n\n\n<li>Charakterystyczne przep\u0142ywy i charakterystyczne stany wody;&nbsp;<\/li>\n\n\n\n<li>Zasoby wodne w Polsce;&nbsp;<\/li>\n\n\n\n<li>Zmiany klimatu i ich wp\u0142yw na zasoby wodne;&nbsp;<\/li>\n\n\n\n<li>W\u0142a\u015bciwe gospodarowanie zasobami wodnymi;&nbsp;<\/li>\n\n\n\n<li>Zmienno\u015b\u0107 koryt rzecznych.&nbsp;<\/li>\n\n\n\n<li>Dost\u0119pno\u015b\u0107 produkt\u00f3w dotycz\u0105cych niebezpiecznych zjawisk pogody: strony internetowe (IMGW-PIB), SMS, Alerty RCB i media spo\u0142eczno\u015bciowe.&nbsp;<\/li>\n<\/ul>\n\n\n\n<div style=\"height:20px\" aria-hidden=\"true\" class=\"wp-block-spacer\"><\/div>\n\n\n\n<details class=\"wp-block-details is-layout-flow wp-block-details-is-layout-flow\" style=\"text-transform:uppercase\"><summary> <strong>Szkolenia z zakresu meteorologii<\/strong><\/summary>\n<p style=\"text-transform:none\">Rodzaje prognoz meteorologicznych;&nbsp;<\/p>\n\n\n\n<ul style=\"text-transform:none\" class=\"wp-block-list\">\n<li>Prognozy kr\u00f3tkoterminowe, \u015brednioterminowe, d\u0142ugoterminowe (np. 48h, 120h);&nbsp;<\/li>\n\n\n\n<li>Ostrze\u017cenia meteorologiczne &#8211; Kategorie ostrze\u017ce\u0144, kryteria wydawania;&nbsp;<\/li>\n\n\n\n<li>Struktura i kluczowe elementy prognoz i ostrze\u017ce\u0144;&nbsp;<\/li>\n\n\n\n<li>Mapy i modele meteorologiczne &#8211; Om\u00f3wienie najwa\u017cniejszych map i modeli, kt\u00f3re tworzy IMGW-PIB;&nbsp;<\/li>\n\n\n\n<li>Inne produkty &#8211; Serwisy tematyczne, raporty, analizy.&nbsp;<\/li>\n\n\n\n<li>Niebezpieczne zjawiska pogody zwi\u0105zane z ch\u0142odn\u0105 por\u0105 roku ze szczeg\u00f3lnym uwzgl\u0119dnieniem charakterystyki zjawisk, skutk\u00f3w ich wyst\u0119powania i metod prognozowania (prognozy synoptyczne, prognozy numeryczne).&nbsp;<\/li>\n<\/ul>\n\n\n\n<p style=\"text-transform:none\">Oferta meteorologiczna skierowana jest zar\u00f3wno do os\u00f3b prywatnych,&nbsp; podmiot\u00f3w prowadz\u0105cych dzia\u0142alno\u015b\u0107 gospodarcz\u0105, organ\u00f3w administracji publicznej, a tak\u017ce s\u0142u\u017cb. Szczeg\u00f3lnie przydatna w: rolnictwie, le\u015bnictwie, rybo\u0142\u00f3wstwie, przemy\u015ble wydobywczym, budownictwie, transporcie, \u0142\u0105czno\u015bci, gospodarce komunalnej, handlu i us\u0142ugach, ochronie zdrowia, turystyce i kulturze. Oferta zapewnia wiedz\u0119 u\u0142atwiaj\u0105c\u0105 codzienne \u017cycie w spo\u0142ecze\u0144stwie jak i funkcjonowanie w gospodarce narodowej.&nbsp;<\/p>\n\n\n\n<p style=\"text-transform:none\">Dodatkowo, wiedza pozwala zapobiega\u0107 wielu negatywnym zdarzeniom, kt\u00f3re w konsekwencji mog\u0142yby mie\u0107 wp\u0142yw na dalsz\u0105 dzia\u0142alno\u015b\u0107 jednostek o jakimkolwiek charakterze.&nbsp;&nbsp;<\/p>\n<\/details>\n\n\n\n<details class=\"wp-block-details is-layout-flow wp-block-details-is-layout-flow\"><summary> <strong>SZKOLENIA Z ZAKRESU METEOROLOGII LOTNICZEJ<\/strong>&nbsp;<\/summary>\n<p>IMGW-PIB oferuje szkolenia tematyczne, prowadzone przez wysokiej klasy specjalist\u00f3w z du\u017cym do\u015bwiadczeniem praktycznym, dedykowane dla:&nbsp;<\/p>\n\n\n\n<ul class=\"wp-block-list\">\n<li>pilot\u00f3w samolotowych i cz\u0142onk\u00f3w za\u0142\u00f3g lotniczych\/pilot\u00f3w \u015bmig\u0142owc\u00f3w\/pilot\u00f3w szybowcowych\/pilot\u00f3w balonowych\/instruktor\u00f3w pilot\u00f3w;&nbsp;<\/li>\n\n\n\n<li>skoczk\u00f3w spadochronowych\/lotniarzy i paralotniarzy;&nbsp;<\/li>\n\n\n\n<li>os\u00f3b obs\u0142uguj\u0105cych bezza\u0142ogowe statki powietrzne;&nbsp;<\/li>\n\n\n\n<li>kontroler\u00f3w ruchu lotniczego;&nbsp;<\/li>\n\n\n\n<li>cz\u0142onk\u00f3w obs\u0142ugi lotnisk\/s\u0142u\u017cb dy\u017curnych lotnisk;&nbsp;<\/li>\n\n\n\n<li>wojskowych s\u0142u\u017cb meteorologicznych;&nbsp;<\/li>\n\n\n\n<li>personelu odpowiedzialnego za elektroniczne systemy bezpiecze\u0144stwa ruchu lotniczego ATSEP.&nbsp;<\/li>\n<\/ul>\n\n\n\n<p>W zale\u017cno\u015bci od rodzaju szkolenia, jego uczestnik otrzymuje certyfikat uko\u0144czenia oraz materia\u0142y szkoleniowe, a tak\u017ce mo\u017cliwo\u015b\u0107 sprawdzenia zdobytej wiedzy w te\u015bcie ko\u0144cowym. Ponadto w trakcie kursu zapozna si\u0119 z prac\u0105 operacyjn\u0105 Centralnego Biura Prognoz Lotniczych &#8211; Meteorologicznego Biura Nadzoru, Biura Prognoz Meteorologicznych w Krakowie czy Lotniskowych Stacji Meteorologicznych.\u00a0<\/p>\n\n\n\n<p>Rodzaje i forma szkole\u0144:&nbsp;<\/p>\n\n\n\n<ul class=\"wp-block-list\">\n<li>stacjonarne\/on-line\/grupowe;\u00a0<\/li>\n\n\n\n<li>wyk\u0142ad, seminarium, \u0107wiczenia;&nbsp;<\/li>\n\n\n\n<li>warsztaty oparte na case study\/praca zespo\u0142owa w ma\u0142ych grupach\/tw\u00f3rcza dyskusja;&nbsp;<\/li>\n\n\n\n<li>uzgodniona tematyka\/zakres oraz poziom zaawansowania szkolenia.&nbsp;<\/li>\n<\/ul>\n\n\n\n<p>PRZYK\u0141ADOWY ZAKRES TEMATYCZNY<\/p>\n\n\n\n<ul class=\"wp-block-list\">\n<li>prognozy dla lotniska TAF,<\/li>\n\n\n\n<li>prognozy obszarowe GAMET,<\/li>\n\n\n\n<li>ostrze\u017cenia lotnicze &#8211; zapotrzebowanie lotnicze, kategorie ostrze\u017ce\u0144 i kryteria wydawania,<\/li>\n\n\n\n<li>prognozy graficzne SIGWX ( do FL100 i g\u00f3rne dotycz\u0105ce r\u00f3\u017cnych obszar\u00f3w \u015bwiata, a tak\u017ce mapy wiatrowe r\u00f3\u017cnych poziom\u00f3w lotniczych),<\/li>\n\n\n\n<li>niebezpieczne zjawiska pogody w kontek\u015bcie lotnictwa (pora letnia i zimowa),<\/li>\n\n\n\n<li>wykorzystywanie zobrazowa\u0144 radarowych oraz zdj\u0119\u0107 satelitarnych do planowania lot\u00f3w i operacji lotniczych,<\/li>\n\n\n\n<li>przegl\u0105d strony Awiacja IMGW i prawid\u0142owa interpretacja zamieszczonych produkt\u00f3w,<\/li>\n\n\n\n<li>analizy lotnicze, raporty,<\/li>\n\n\n\n<li>kodowanie obserwacji i pomiar\u00f3w &#8211; Klucz METAR,<\/li>\n\n\n\n<li>przyrz\u0105dy wykorzystywane do pomiar\u00f3w i obserwacji meteorologicznych,<\/li>\n\n\n\n<li>automatyczne systemy pomiarowe parametr\u00f3w meteorologicznych AWOS,<\/li>\n\n\n\n<li>wykorzystanie systemu Ice-Alert na lotnisku.<\/li>\n<\/ul>\n\n\n\n<p><strong>Szko\u0142a Meteorologii Lotniczej<\/strong>&nbsp;<\/p>\n\n\n\n<p>Szko\u0142\u0119 Meteorologii Lotniczej organizujemy nieprzerwanie od 2007 roku. Oferujemy mo\u017cliwo\u015b\u0107 poszerzenie wiedzy z dziedziny meteorologii lotniczej oraz wymian\u0119 do\u015bwiadcze\u0144 i pogl\u0105d\u00f3w mi\u0119dzy pracownikami IMGW-PIB, pilotami i kontrolerami ruchu lotniczego oraz og\u00f3lnie rozumianym \u015brodowiskiem lotniczym. Oferta kierowana jest przede wszystkim do os\u00f3b zwi\u0105zanych z bran\u017c\u0105 lotnicz\u0105, kt\u00f3re chc\u0105 rozwija\u0107 swoje umiej\u0119tno\u015bci w praktyce.\u00a0<\/p>\n\n\n\n<p>G\u0142\u00f3wne cele SML:&nbsp;<\/p>\n\n\n\n<ul class=\"wp-block-list\">\n<li>Wyk\u0142ady z zakresu meteorologii lotniczej i zagadnie\u0144 z ni\u0105 \u015bci\u015ble powi\u0105zanych.<\/li>\n\n\n\n<li>Zastosowanie wiedzy teoretycznej w praktyce poprzez udzia\u0142 w warsztatach opartych na studium przypadku.\u00a0<\/li>\n\n\n\n<li>Podniesienie poziomu bezpiecze\u0144stwa wykonywania lot\u00f3w poprzez lepsze zrozumienie pogody i prognoz meteorologicznych.&nbsp;<\/li>\n\n\n\n<li>Rozw\u00f3j osobisty.&nbsp;<\/li>\n<\/ul>\n\n\n\n<p>Ka\u017cda edycja SML ma sw\u00f3j przewodni temat, a program szkole\u0144 jest na bie\u017c\u0105co aktualizowany z uwzgl\u0119dnieniem Pa\u0144stwa propozycji i uwag. Informacje na temat SML, wraz z programem i warunkami uczestnictwa, zamieszczane s\u0105 na stronie <a href=\"https:\/\/awiacja.imgw.pl\/\" target=\"_blank\" rel=\"noreferrer noopener\">awiacja.imgw.pl<\/a>. Zapytanie mo\u017cna kierowa\u0107 na adres mailowy <a href=\"mailto:oslonameteo@imgw.pl\" target=\"_blank\" rel=\"noreferrer noopener\">oslonameteo@imgw.pl<\/a>.&nbsp;<\/p>\n\n\n\n<p><strong>Szkolenia dla personelu odpowiedzialnego za elektroniczne systemy bezpiecze\u0144stwa ruchu lotniczego ATSEP<\/strong>&nbsp;<\/p>\n\n\n\n<p>Szkolenie podstawowe i kwalifikacyjne zgodnie z zapisami Rozporz\u0105dzenia Wykonawczego Komisji (UE) 2017\/373. W sk\u0142ad Instruktor\u00f3w ATSEP wchodz\u0105 pracownicy IMGW-PIB, z r\u00f3\u017cnych kom\u00f3rek CMOLC, WSSP, BP i Wydzia\u0142u Administracji, kt\u00f3rzy posiadaj\u0105 odpowiednie do\u015bwiadczenie. Szkolenie \u0142\u0105cznie trwa 3 dni. Po otrzymaniu pozytywnego wyniku z egzaminu, ka\u017cdy uczestnik otrzymuje \u015awiadectwo uko\u0144czenia kursu \u201eSZKOLENIE PERSONELU ATSEP\u201d DLA URZ\u0104DZE\u0143 MET w zakresie: szkolenia podstawowego, szkolenia kwalifikacyjnego dla urz\u0105dze\u0144 s\u0142u\u017cb meteorologicznych (MET).\u00a0<\/p>\n\n\n\n<p><strong>Szkolenia dla personelu Wojskowej S\u0142u\u017cby Meteorologicznej<\/strong><\/p>\n\n\n\n<p>Szkolenia w formie stacjonarnej, odbywaj\u0105ce si\u0119 w gmachu IMGW-PIB w Warszawie, dla synoptyk\u00f3w, obserwator\u00f3w, zgodne z wymogami ICAO i WMO. Wyk\u0142ady i \u0107wiczenia przygotowuj\u0105 pracownicy Centrum Meteorologicznej Os\u0142ony Lotnictwa Cywilnego, Centrum Meteorologicznej Os\u0142ony Kraju, Wydzia\u0142u Teledetekcji Naziemnej oraz Centrum Informatyki. Uczestnicy szkolenia maj\u0105 mo\u017cliwo\u015b\u0107 zapoznania si\u0119 bezpo\u015brednio z prac\u0105 synoptyk\u00f3w w Centralnym Biurze Prognoz Meteorologicznych \u2013 Meteorologicznym Biurze Nadzoru oraz odbycia \u0107wicze\u0144 praktycznych w Lotniskowej Stacji Meteorologicznej Warszawa.&nbsp;<\/p>\n\n\n\n<p><\/p>\n\n\n\n<p><\/p>\n<\/details>\n\n\n\n<details class=\"wp-block-details is-layout-flow wp-block-details-is-layout-flow\" style=\"text-transform:uppercase\"><summary> <strong>Szkolenia z zakresu hydrologii i klimatologii<\/strong><\/summary>\n<p>Identyfikacja prognoz hydrologicznych;&nbsp;<\/p>\n\n\n\n<ul style=\"text-transform:none\" class=\"wp-block-list\">\n<li>Ostrze\u017cenia i komunikaty hydrologiczne \u2013 kategorie i kryteria wydawania;&nbsp;<\/li>\n\n\n\n<li>Rodzaje przep\u0142yw\u00f3w i stan\u00f3w wody;&nbsp;<\/li>\n\n\n\n<li>Zasoby wodne w Polsce;&nbsp;<\/li>\n\n\n\n<li>W\u0142a\u015bciwe gospodarowanie zasobami wodnymi;&nbsp;<\/li>\n\n\n\n<li>Zmiany klimatu i ich wp\u0142yw na zasoby wodne;&nbsp;<\/li>\n\n\n\n<li>Zmienno\u015b\u0107 koryt rzecznych;&nbsp;<\/li>\n\n\n\n<li>Opracowanie scenariuszy klimatycznych.&nbsp;<\/li>\n<\/ul>\n\n\n\n<p style=\"text-transform:none\">Oferta hydrologiczna i klimatologiczna skierowana jest r\u00f3wnie\u017c do os\u00f3b prywatnych, podmiot\u00f3w prowadz\u0105cych dzia\u0142alno\u015b\u0107 gospodarcz\u0105, organ\u00f3w administracji publicznej, a tak\u017ce s\u0142u\u017cb. Szczeg\u00f3lnie przydatna w: rolnictwie, le\u015bnictwie, rybo\u0142\u00f3wstwie, budownictwie, transporcie, \u0142\u0105czno\u015bci, handlu i us\u0142ugach, ochronie zdrowia, turystyce.&nbsp;&nbsp;<\/p>\n\n\n\n<p style=\"text-transform:none\">Oferta zapewnia wiedz\u0119 u\u0142atwiaj\u0105c\u0105 codzienne \u017cycie w spo\u0142ecze\u0144stwie jak i funkcjonowanie w gospodarce narodowej. Pozwala zapobiega\u0107 skutkom katastrof naturalnych takich jak powodzie czy te\u017c susze.&nbsp;&nbsp;<\/p>\n<\/details>\n\n\n\n<details class=\"wp-block-details is-layout-flow wp-block-details-is-layout-flow\"><summary> <strong>SZKOLENIA INFORMACYJNE<\/strong><\/summary>\n<ul class=\"wp-block-list\">\n<li>Strony internetowe (IMGW-PIB);&nbsp;&nbsp;<\/li>\n\n\n\n<li>SMS, Alerty RCB;&nbsp;&nbsp;<\/li>\n\n\n\n<li>Media spo\u0142eczno\u015bciowe;&nbsp;&nbsp;<\/li>\n\n\n\n<li>inne.&nbsp;<\/li>\n<\/ul>\n\n\n\n<p>Oferta informacyjna skierowana jest r\u00f3wnie\u017c do os\u00f3b prywatnych, podmiot\u00f3w prowadz\u0105cych dzia\u0142alno\u015b\u0107 gospodarcz\u0105, organ\u00f3w administracji publicznej, a tak\u017ce s\u0142u\u017cb. Szczeg\u00f3lnie przydatna w: rolnictwie, le\u015bnictwie, rybo\u0142\u00f3wstwie, przemy\u015ble wydobywczym, budownictwie, transporcie, \u0142\u0105czno\u015bci, gospodarce komunalnej, handlu i us\u0142ugach, ochronie zdrowia, turystyce i kulturze. Oferta zapewnia wiedz\u0119 u\u0142atwiaj\u0105c\u0105 codzienne \u017cycie w spo\u0142ecze\u0144stwie jak i funkcjonowanie w gospodarce narodowej.&nbsp;<\/p>\n\n\n\n<p>Uzyskana wiedza u\u0142atwi weryfikacj\u0119 prawdziwo\u015bci przekazywanych na bie\u017c\u0105co codziennych prognoz meteorologicznych i hydrologicznych. Pozwoli na zabezpieczenie mienia przed zapowiadanymi anomaliami pogodowymi.&nbsp;<\/p>\n<\/details>\n\n\n\n<div style=\"height:20px\" aria-hidden=\"true\" class=\"wp-block-spacer\"><\/div>\n\n\n\n<p><strong>Uwaga:<\/strong>&nbsp;<\/p>\n\n\n\n<p><strong>Istnieje mo\u017cliwo\u015b\u0107 opracowania indywidualnego zakresu merytorycznego z zakresu:<\/strong>&nbsp;<\/p>\n\n\n\n<p style=\"margin-top:0;margin-bottom:0\"><strong>meteorologii, hydrologii, klimatologii, agrometeorologii, bezpiecze\u0144stwa budowli pi\u0119trz\u0105cych oraz rodzaj\u00f3w i wykorzystania prognoz numerycznych modeli meteorologicznych.&nbsp;&nbsp;&nbsp;<\/strong>&nbsp;<\/p>","protected":false},"excerpt":{"rendered":"<p>Rodzaje i forma szkole\u0144:&nbsp; Proces kszta\u0142cenia podczas szkolenia oparty jest na:&nbsp; W ramach kursu\/szkolenia:&nbsp; Warunki zaliczenia szkolenia:&nbsp; Szkolenia dedykowane dla:&nbsp; Informacja o kadrze:&nbsp; Tematyka szkole\u0144 (do uzgodnienia):&nbsp; Uwaga:&nbsp; Istnieje mo\u017cliwo\u015b\u0107 opracowania indywidualnego zakresu merytorycznego z zakresu:&nbsp; meteorologii, hydrologii, klimatologii, agrometeorologii, bezpiecze\u0144stwa budowli pi\u0119trz\u0105cych oraz rodzaj\u00f3w i wykorzystania prognoz numerycznych modeli meteorologicznych.&nbsp;&nbsp;&nbsp;&nbsp;<\/p>","protected":false},"author":1,"featured_media":0,"parent":543,"menu_order":0,"comment_status":"closed","ping_status":"closed","template":"","meta":{"footnotes":""},"class_list":["post-545","page","type-page","status-publish","hentry"],"_links":{"self":[{"href":"https:\/\/imgw.pl\/en\/wp-json\/wp\/v2\/pages\/545","targetHints":{"allow":["GET"]}}],"collection":[{"href":"https:\/\/imgw.pl\/en\/wp-json\/wp\/v2\/pages"}],"about":[{"href":"https:\/\/imgw.pl\/en\/wp-json\/wp\/v2\/types\/page"}],"author":[{"embeddable":true,"href":"https:\/\/imgw.pl\/en\/wp-json\/wp\/v2\/users\/1"}],"replies":[{"embeddable":true,"href":"https:\/\/imgw.pl\/en\/wp-json\/wp\/v2\/comments?post=545"}],"version-history":[{"count":7,"href":"https:\/\/imgw.pl\/en\/wp-json\/wp\/v2\/pages\/545\/revisions"}],"predecessor-version":[{"id":2839,"href":"https:\/\/imgw.pl\/en\/wp-json\/wp\/v2\/pages\/545\/revisions\/2839"}],"up":[{"embeddable":true,"href":"https:\/\/imgw.pl\/en\/wp-json\/wp\/v2\/pages\/543"}],"wp:attachment":[{"href":"https:\/\/imgw.pl\/en\/wp-json\/wp\/v2\/media?parent=545"}],"curies":[{"name":"wp","href":"https:\/\/api.w.org\/{rel}","templated":true}]}}