{"id":551,"date":"2024-09-23T12:04:12","date_gmt":"2024-09-23T10:04:12","guid":{"rendered":"http:\/\/localhost:8000\/?page_id=551"},"modified":"2025-11-13T09:42:29","modified_gmt":"2025-11-13T08:42:29","slug":"newsletter","status":"publish","type":"page","link":"https:\/\/imgw.pl\/en\/oferta\/newsletter\/","title":{"rendered":"Newsletter"},"content":{"rendered":"\n<p>Otrzymuj regularne informacje na&nbsp;tematy zwi\u0105zane z&nbsp;meteorologi\u0105, hydrologi\u0105 i&nbsp;klimatem.<\/p>\n\n\n<style id=\"wpforms-css-vars-1168-block-41da2a28-93a6-4c6c-a857-e26c1b09c5a0\">\n\t\t\t\t#wpforms-1168.wpforms-block-41da2a28-93a6-4c6c-a857-e26c1b09c5a0 {\n\t\t\t\t--wpforms-label-error-color: #d92d20;\n--wpforms-field-border-radius: 8px;\n--wpforms-button-border-radius: 8px;\n--wpforms-button-background-color: #00359e;\n--wpforms-field-size-input-height: 43px;\n--wpforms-field-size-input-spacing: 15px;\n--wpforms-field-size-font-size: 16px;\n--wpforms-field-size-line-height: 19px;\n--wpforms-field-size-padding-h: 14px;\n--wpforms-field-size-checkbox-size: 16px;\n--wpforms-field-size-sublabel-spacing: 5px;\n--wpforms-field-size-icon-size: 1;\n--wpforms-label-size-font-size: 16px;\n--wpforms-label-size-line-height: 19px;\n--wpforms-label-size-sublabel-font-size: 14px;\n--wpforms-label-size-sublabel-line-height: 17px;\n--wpforms-button-size-font-size: 17px;\n--wpforms-button-size-height: 41px;\n--wpforms-button-size-padding-h: 15px;\n--wpforms-button-size-margin-top: 10px;\n\t\t\t}\n\t\t\t<\/style><div class=\"wpforms-container wpforms-container-full wpforms-block wpforms-block-41da2a28-93a6-4c6c-a857-e26c1b09c5a0 wpforms-render-modern\" id=\"wpforms-1168\"><form id=\"wpforms-form-1168\" class=\"wpforms-validate wpforms-form wpforms-ajax-form\" data-formid=\"1168\" method=\"post\" enctype=\"multipart\/form-data\" action=\"\/en\/wp-json\/wp\/v2\/pages\/551\" data-token=\"54cda84b948da482c80bd5035f7a4cca\" data-token-time=\"1776659581\"><noscript class=\"wpforms-error-noscript\">Please enable JavaScript in your browser to complete this form.<\/noscript><div id=\"wpforms-error-noscript\" style=\"display: none;\">Please enable JavaScript in your browser to complete this form.<\/div><div class=\"wpforms-field-container\"><div id=\"wpforms-1168-field_1-container\" class=\"wpforms-field wpforms-field-name\" data-field-id=\"1\"><label class=\"wpforms-field-label\" for=\"wpforms-1168-field_1\">Imi\u0119<\/label><input type=\"text\" id=\"wpforms-1168-field_1\" class=\"wpforms-field-medium\" name=\"wpforms[fields][1]\" aria-errormessage=\"wpforms-1168-field_1-error\" ><\/div><div id=\"wpforms-1168-field_2-container\" class=\"wpforms-field wpforms-field-email\" data-field-id=\"2\"><label class=\"wpforms-field-label\" for=\"wpforms-1168-field_2\">Email <span class=\"wpforms-required-label\" aria-hidden=\"true\">*<\/span><\/label><input type=\"email\" id=\"wpforms-1168-field_2\" class=\"wpforms-field-medium wpforms-field-required\" name=\"wpforms[fields][2]\" spellcheck=\"false\" aria-errormessage=\"wpforms-1168-field_2-error\" required><\/div>\t\t<div id=\"wpforms-1168-field_4-container\"\n\t\t\tclass=\"wpforms-field wpforms-field-text\"\n\t\t\tdata-field-type=\"text\"\n\t\t\tdata-field-id=\"4\"\n\t\t\t>\n\t\t\t<label class=\"wpforms-field-label\" for=\"wpforms-1168-field_4\" >Imi\u0119 Email RODO<\/label>\n\t\t\t<input type=\"text\" id=\"wpforms-1168-field_4\" class=\"wpforms-field-medium\" name=\"wpforms[fields][4]\" >\n\t\t<\/div>\n\t\t<div id=\"wpforms-1168-field_3-container\" class=\"wpforms-field wpforms-field-checkbox\" data-field-id=\"3\"><fieldset><legend class=\"wpforms-field-label wpforms-label-hide\" aria-hidden=\"false\">RODO <span class=\"wpforms-required-label\" aria-hidden=\"true\">*<\/span><\/legend><ul id=\"wpforms-1168-field_3\" class=\"wpforms-field-required\"><li class=\"choice-1 depth-1\"><input type=\"checkbox\" id=\"wpforms-1168-field_3_1\" name=\"wpforms[fields][3][]\" value=\"Wyra\u017cam zgod\u0119 na przetwarzanie przez IMGW-PIB z siedzib\u0105 w Warszawie, przy ul. Podle\u015bnej 61 moich danych osobowych (tj. danych podanych w Formularzu Rejestracyjnym) w celu: otrzymywania Newslettera w tym otrzymywania za pomoc\u0105 \u015brodk\u00f3w komunikacji elektronicznej w rozumieniu ustawy z dnia 18 lipca 2002 roku o \u015bwiadczenie us\u0142ug drog\u0105 elektroniczn\u0105 (Dz.U. z 2020r. poz. 344), na podany adres e-mail, zawartych w Newsletterze informacji handlowych l na temat us\u0142ug oferowanych przez IMGW-PIB z siedzib\u0105 w Warszawie, ul. Podle\u015bna 61. Zgoda jest dobrowolna i mo\u017ce by\u0107 w ka\u017cdej chwili wycofana, poprzez wys\u0142anie wiadomo\u015bci mailowej na adres: iod@imgw.pl. Wycofanie zgody nie wp\u0142ywa na zgodno\u015b\u0107 z prawem przetwarzania, kt\u00f3rego dokonano na podstawie zgody przed jej wycofaniem.\" aria-errormessage=\"wpforms-1168-field_3_1-error\" required ><label class=\"wpforms-field-label-inline\" for=\"wpforms-1168-field_3_1\">Wyra\u017cam zgod\u0119 na przetwarzanie przez IMGW-PIB z siedzib\u0105 w Warszawie, przy ul. Podle\u015bnej 61 moich danych osobowych (tj. danych podanych w Formularzu Rejestracyjnym) w celu: otrzymywania Newslettera w tym otrzymywania za pomoc\u0105 \u015brodk\u00f3w komunikacji elektronicznej w rozumieniu ustawy z dnia 18 lipca 2002 roku o \u015bwiadczenie us\u0142ug drog\u0105 elektroniczn\u0105 (Dz.U. z 2020r. poz. 344), na podany adres e-mail, zawartych w Newsletterze informacji handlowych l na temat us\u0142ug oferowanych przez IMGW-PIB z siedzib\u0105 w Warszawie, ul. Podle\u015bna 61. Zgoda jest dobrowolna i mo\u017ce by\u0107 w ka\u017cdej chwili wycofana, poprzez wys\u0142anie wiadomo\u015bci mailowej na adres: iod@imgw.pl. Wycofanie zgody nie wp\u0142ywa na zgodno\u015b\u0107 z prawem przetwarzania, kt\u00f3rego dokonano na podstawie zgody przed jej wycofaniem. <span class=\"wpforms-required-label\">*<\/span><\/label><\/li><\/ul><\/fieldset><\/div><script>\n\t\t\t\t( function() {\n\t\t\t\t\tconst style = document.createElement( 'style' );\n\t\t\t\t\tstyle.appendChild( document.createTextNode( '#wpforms-1168-field_4-container { position: absolute !important; overflow: hidden !important; display: inline !important; height: 1px !important; width: 1px !important; z-index: -1000 !important; padding: 0 !important; } #wpforms-1168-field_4-container input { visibility: hidden; } #wpforms-conversational-form-page #wpforms-1168-field_4-container label { counter-increment: none; }' ) );\n\t\t\t\t\tdocument.head.appendChild( style );\n\t\t\t\t\tdocument.currentScript?.remove();\n\t\t\t\t} )();\n\t\t\t<\/script><\/div><!-- .wpforms-field-container --><div class=\"wpforms-recaptcha-container wpforms-is-recaptcha wpforms-is-recaptcha-type-v2\" ><div class=\"g-recaptcha\" data-sitekey=\"6LeBqooqAAAAAJzNNKTwjfFxeslZZMH9IqhHsDZY\"><\/div><input type=\"text\" name=\"g-recaptcha-hidden\" class=\"wpforms-recaptcha-hidden\" style=\"position:absolute!important;clip:rect(0,0,0,0)!important;height:1px!important;width:1px!important;border:0!important;overflow:hidden!important;padding:0!important;margin:0!important;\" data-rule-recaptcha=\"1\"><\/div><div class=\"wpforms-submit-container\" ><input type=\"hidden\" name=\"wpforms[id]\" value=\"1168\"><input type=\"hidden\" name=\"page_title\" value=\"\"><input type=\"hidden\" name=\"page_url\" value=\"https:\/\/imgw.pl\/en\/wp-json\/wp\/v2\/pages\/551\"><input type=\"hidden\" name=\"url_referer\" value=\"\"><button type=\"submit\" name=\"wpforms[submit]\" id=\"wpforms-submit-1168\" class=\"wpforms-submit\" aria-live=\"assertive\" value=\"wpforms-submit\">Wy\u015blij<\/button><img loading=\"lazy\" decoding=\"async\" src=\"https:\/\/imgw.pl\/wp-content\/plugins\/wpforms-lite\/assets\/images\/submit-spin.svg\" class=\"wpforms-submit-spinner\" style=\"display: none;\" width=\"26\" height=\"26\" alt=\"Loading\"><\/div><\/form><\/div>  <!-- .wpforms-container -->\n\n\n<p class=\"has-small-font-size\" style=\"font-style:normal;font-weight:300\">IMGW-PIB z&nbsp;siedzib\u0105 w&nbsp;Warszawie, ul. Podle\u015bna 61&nbsp;(dalej: IMGW-PIB) informuje, \u017ce&nbsp;jest administratorem Pani\/Pana danych osobowych. Kontakt z&nbsp;administratorem odbywa si\u0119 poprzez telefon:&nbsp;<a href=\"tel:+48225694301\">(+48) 22&nbsp;569 43&nbsp;01<\/a>&nbsp;lub email&nbsp;<a href=\"https:\/\/imgw.pl\/iod@imgw.pl\">iod@imgw.pl<\/a>.<\/p>\n\n\n\n<p class=\"has-small-font-size\" style=\"font-style:normal;font-weight:300\">Informacje szczeg\u00f3\u0142owe na\u00a0temat zasad przetwarzania danych osobowych znajduj\u0105 si\u0119 pod poni\u017cszym adresem:\u00a0<a href=\"https:\/\/imgw.pl\/strona-glowna\/ochrona-danych-osobowych\/\">https:\/\/imgw.pl\/strona-glowna\/ochrona-danych-osobowych\/<\/a>.<\/p>\n\n\n\n<p class=\"has-small-font-size\" style=\"font-style:normal;font-weight:300\">1. Do&nbsp;kontaktu z&nbsp;Inspektorem ochrony danych w&nbsp;IMGW-PIB s\u0142u\u017cy nast\u0119puj\u0105cy adres email:&nbsp;<a href=\"https:\/\/imgw.pl\/iod@imgw.pl\">iod@imgw.pl<\/a>.<\/p>\n\n\n\n<p class=\"has-small-font-size\" style=\"font-style:normal;font-weight:300\">Pani\/Pana dane osobowe przetwarzane s\u0105&nbsp;w nast\u0119puj\u0105cych celach:<\/p>\n\n\n\n<ol style=\"list-style-type:lower-alpha\" class=\"wp-block-list has-small-font-size\">\n<li style=\"font-style:normal;font-weight:300\">przesy\u0142ania informacji nt. dzia\u0142alno\u015bci IMGW-PIB z wykorzystaniem serwis\u00f3w informacyjnych funkcjonuj\u0105cych w IMGW-PIB, w kt\u00f3rych si\u0119 Pan\/Pani zarejestrowa\u0142\/-a, w tym w ramach Newslettera IMGW-PIB,<\/li>\n\n\n\n<li style=\"font-style:normal;font-weight:300\">udzielenia odpowiedzi na pytania przes\u0142ane przez Pani\u0105\/Pana do IMGW-PIB poczt\u0105 elektroniczn\u0105,<\/li>\n\n\n\n<li style=\"font-style:normal;font-weight:300\">zawarcia lub wykonania um\u00f3w pomi\u0119dzy stronami, dochodzenia i obrony praw w razie zaistnienia roszcze\u0144 pomi\u0119dzy stronami.<\/li>\n<\/ol>\n\n\n<script>window._edrone = window._edrone || {};\r\nconst submitButton = document.querySelector('#wpforms-submit-1168');\r\nlet zgoda = jQuery('#wpforms-1168-field_3_1');\r\nif (submitButton) {\r\n    submitButton.addEventListener('click', function() {\r\n\t\tif (zgoda.is(\":checked\")) {\r\n\t\t\t_edrone.customer_tags = 'Newsletter';\r\n\t\t\t_edrone.email = document.querySelector('input[type=\"email\"]')?.value ?? '';\r\n\t\t\t_edrone.first_name = document.querySelector('input[type=\"text\"]')?.value ?? '';\r\n\t\t\t_edrone.action_type = 'subscribe';\r\n\t\t\t_edrone.init();\r\n\t\t}\r\n    });\r\n}<\/script>\n","protected":false},"excerpt":{"rendered":"<p>Otrzymuj regularne informacje na&nbsp;tematy zwi\u0105zane z&nbsp;meteorologi\u0105, hydrologi\u0105 i&nbsp;klimatem. IMGW-PIB z&nbsp;siedzib\u0105 w&nbsp;Warszawie, ul. Podle\u015bna 61&nbsp;(dalej: IMGW-PIB) informuje, \u017ce&nbsp;jest administratorem Pani\/Pana danych osobowych. Kontakt z&nbsp;administratorem odbywa si\u0119 poprzez telefon:&nbsp;(+48) 22&nbsp;569 43&nbsp;01&nbsp;lub email&nbsp;iod@imgw.pl. Informacje szczeg\u00f3\u0142owe na\u00a0temat zasad przetwarzania danych osobowych znajduj\u0105 si\u0119 pod poni\u017cszym adresem:\u00a0https:\/\/imgw.pl\/strona-glowna\/ochrona-danych-osobowych\/. 1. Do&nbsp;kontaktu z&nbsp;Inspektorem ochrony danych w&nbsp;IMGW-PIB s\u0142u\u017cy nast\u0119puj\u0105cy adres email:&nbsp;iod@imgw.pl. Pani\/Pana dane osobowe [&hellip;]<\/p>\n","protected":false},"author":1,"featured_media":0,"parent":543,"menu_order":0,"comment_status":"closed","ping_status":"closed","template":"","meta":{"footnotes":""},"class_list":["post-551","page","type-page","status-publish","hentry"],"_links":{"self":[{"href":"https:\/\/imgw.pl\/en\/wp-json\/wp\/v2\/pages\/551","targetHints":{"allow":["GET"]}}],"collection":[{"href":"https:\/\/imgw.pl\/en\/wp-json\/wp\/v2\/pages"}],"about":[{"href":"https:\/\/imgw.pl\/en\/wp-json\/wp\/v2\/types\/page"}],"author":[{"embeddable":true,"href":"https:\/\/imgw.pl\/en\/wp-json\/wp\/v2\/users\/1"}],"replies":[{"embeddable":true,"href":"https:\/\/imgw.pl\/en\/wp-json\/wp\/v2\/comments?post=551"}],"version-history":[{"count":14,"href":"https:\/\/imgw.pl\/en\/wp-json\/wp\/v2\/pages\/551\/revisions"}],"predecessor-version":[{"id":22540,"href":"https:\/\/imgw.pl\/en\/wp-json\/wp\/v2\/pages\/551\/revisions\/22540"}],"up":[{"embeddable":true,"href":"https:\/\/imgw.pl\/en\/wp-json\/wp\/v2\/pages\/543"}],"wp:attachment":[{"href":"https:\/\/imgw.pl\/en\/wp-json\/wp\/v2\/media?parent=551"}],"curies":[{"name":"wp","href":"https:\/\/api.w.org\/{rel}","templated":true}]}}