{"id":553,"date":"2024-09-23T12:05:03","date_gmt":"2024-09-23T10:05:03","guid":{"rendered":"http:\/\/localhost:8000\/?page_id=553"},"modified":"2025-04-16T09:05:32","modified_gmt":"2025-04-16T07:05:32","slug":"historia","status":"publish","type":"page","link":"https:\/\/imgw.pl\/en\/strona-glowna\/historia\/","title":{"rendered":"History"},"content":{"rendered":"<h2 class=\"wp-block-heading\">100-lat historii IMGW-PIB<\/h2>\n\n\n\n<blockquote class=\"wp-block-quote is-layout-flow wp-block-quote-is-layout-flow\">\n<p><\/p>\n<\/blockquote>\n\n\n\n<h3 class=\"wp-block-heading\">Kamienie milowe w&nbsp;rozwoju IMGW-PIB<\/h3>\n\n\n\n<p class=\"has-text-align-left\"><strong>1468<\/strong>&nbsp;\u2013 9&nbsp;kwietnia 1468 r.&nbsp;Krak\u00f3w, najstarsza notatka o&nbsp;pogodzie.<\/p>\n\n\n\n<p><strong>1502-1507<\/strong>,&nbsp;<strong>1527-1531<\/strong>&nbsp;i&nbsp;<strong>1535-1540<\/strong>&nbsp;\u2013&nbsp;zapiski z&nbsp;obserwacji astrometeorologicznych prowadzonych przez Marcina Biema, profesora Akademii Krakowskiej.<\/p>\n\n\n\n<p><strong>1635<\/strong>&nbsp;\u2013&nbsp;zapiski z&nbsp;obserwacji pogody w&nbsp;Szczecinie, prowadzonych przez W.&nbsp;Eichstadta.<\/p>\n\n\n\n<p><strong>1609 \u2013&nbsp;1639<\/strong>&nbsp;zapiski z&nbsp;obserwacji pogody w&nbsp;Gda\u0144sku, prowadzonych przez P.&nbsp;Kruegera.<\/p>\n\n\n\n<p><strong>1662-1701<\/strong>&nbsp;\u2013 zapiski z&nbsp;obserwacji pogody w&nbsp;Gda\u0144sku, prowadzonych przez F.&nbsp;Buetnera, kt\u00f3ry wydawa\u0142 tak\u017ce kalendarze.<\/p>\n\n\n\n<p><strong>1654\/55<\/strong>&nbsp;\u2013&nbsp;pierwsze pr\u00f3by instrumentalne pomiaru temperatury i&nbsp;wizualne obserwacje stanu nieba, w&nbsp;ramach tzw. sieci florenty\u0144skiej w&nbsp;Warszawie. Nie jest znane dok\u0142adne miejsce obserwacji i&nbsp;d\u0142ugo\u015b\u0107 ich trwania; zachowa\u0142 si\u0119 tylko fragment ich zapisu (dla okresu 10-16 maja 1655 r.),&nbsp;<strong>b\u0119d\u0105cy najstarszym \u2013&nbsp;poza W\u0142ochami \u2212&nbsp;dokumentem potwierdzaj\u0105cym obserwacje meteorologiczne na&nbsp;\u015bwiecie.<\/strong><\/p>\n\n\n\n<p><strong>1688<\/strong>&nbsp;\u2013&nbsp;rozpocz\u0119cie eksperymentalnych pomiar\u00f3w temperatury za&nbsp;pomoc\u0105 termometru nazywanego Wetterglas, w&nbsp;domu Wilkego, w&nbsp;Gda\u0144sku.<\/p>\n\n\n\n<p><strong>1708<\/strong>&nbsp;\u2013&nbsp;termometr Wilkego zosta\u0142 odrestaurowany przez D.&nbsp;Fahrenheita.<\/p>\n\n\n\n<p><strong>1717<\/strong>&nbsp;\u2013&nbsp;pierwsze zapisy hydrologiczne na&nbsp;podstawie wodowskazu we&nbsp;Wroc\u0142awiu.<\/p>\n\n\n\n<p><strong>1739<\/strong>&nbsp;\u2013&nbsp;pierwsze zapisy hydrologiczne na&nbsp;podstawie wodowskazu w&nbsp;Gda\u0144sku.<\/p>\n\n\n\n<p><strong>1739<\/strong>&nbsp;\u2013&nbsp;pocz\u0105tek regularnych i&nbsp;nieprzerwanych pomiar\u00f3w instrumentalnych i&nbsp;obserwacji meteorologicznych w&nbsp;Gda\u0144sku. Pierwszym instrumentalnym meteorologiem by\u0142 Ch. Hanov.<\/p>\n\n\n\n<p><strong>1871<\/strong>&nbsp;\u2013&nbsp;powo\u0142ano S\u0142u\u017cb\u0119 Hydrologiczn\u0105 na&nbsp;terenie zaboru pruskiego; w&nbsp;1876 r.&nbsp;na terenie Galicji, a&nbsp;w zaborze austriackim w&nbsp;1893 r.<\/p>\n\n\n\n<p><strong>1779<\/strong>&nbsp;\u2013&nbsp;pocz\u0105tek regularnych i&nbsp;nieprzerwanych pomiar\u00f3w instrumentalnych i&nbsp;obserwacji meteorologicznych w&nbsp;Warszawie.<\/p>\n\n\n\n<p><strong>1781<\/strong>&nbsp;\u2013&nbsp;obserwacje pogody w&nbsp;\u017baganiu, w&nbsp;ramach tzw. sieci palatynackiej.<\/p>\n\n\n\n<p><strong>1881<\/strong>&nbsp;\u2013&nbsp;pierwszy posterunek meteorologiczny, na&nbsp;kt\u00f3rym prowadzono pomiary i&nbsp;obserwacje w&nbsp;Bia\u0142ymstoku (temperatura powietrza, wiatr i&nbsp;opady).<\/p>\n\n\n\n<p><strong>1885<\/strong>&nbsp;\u2013&nbsp;Warszawska Sie\u0107 Meteorologiczna oraz Biuro i&nbsp;Stacja Centralna przy Muzeum Przemys\u0142u i&nbsp;Rolnictwa w&nbsp;Warszawie zapocz\u0105tkowa\u0142y organizowanie na&nbsp;szerok\u0105 skal\u0119 systemu obserwacji meteorologicznych. Wydano te\u017c pierwsz\u0105 instrukcj\u0119 dla obserwator\u00f3w Sieci Warszawskiej.<\/p>\n\n\n\n<p><strong>1791<\/strong>&nbsp;\u2013&nbsp;pocz\u0105tek regularnych i&nbsp;nieprzerwanych pomiar\u00f3w instrumentalnych i&nbsp;obserwacji meteorologicznych we&nbsp;Wroc\u0142awiu.<\/p>\n\n\n\n<p><strong>1792<\/strong>&nbsp;\u2013&nbsp;pocz\u0105tek regularnych i&nbsp;nieprzerwanych pomiar\u00f3w instrumentalnych i&nbsp;obserwacji meteorologicznych w&nbsp;Krakowie.<\/p>\n\n\n\n<h3 class=\"wp-block-heading\">1900-2000<\/h3>\n\n\n\n<p><strong>1904<\/strong>&nbsp;\u2013&nbsp;powsta\u0142 pierwszy podr\u0119cznik meteorologiczny.<\/p>\n\n\n\n<p><strong>1912<\/strong>&nbsp;\u2013&nbsp;sie\u0107 stacji meteorologicznych liczy 333 lokalizacje.<\/p>\n\n\n\n<p><strong>1919<\/strong>&nbsp;\u2013&nbsp;Rozporz\u0105dzenie Rady Ministr\u00f3w z&nbsp;dnia 28&nbsp;maja 1919 roku o&nbsp;powo\u0142aniu przy Ministrze Rolnictwa i&nbsp;D\u00f3br Pa\u0144stwowych Pa\u0144stwowego Instytutu Meteorologicznego. Pierwszym dyrektorem zosta\u0142 prof. W\u0142. Gorczy\u0144ski.<\/p>\n\n\n\n<p><strong>1919<\/strong>&nbsp;\u2013&nbsp;powstanie Wydzia\u0142u Hydrograficznego w&nbsp;Ministerstwie Rob\u00f3t Publicznych. Celem by\u0142o badanie zjawisk zwi\u0105zanych z&nbsp;przep\u0142ywem wody oraz okre\u015blenie ich przyczyn i&nbsp;skutk\u00f3w.<\/p>\n\n\n\n<p><strong>1921<\/strong>&nbsp;\u2013&nbsp;Rada Ministr\u00f3w powo\u0142a\u0142a Wydzia\u0142 Morski. Rozpocz\u0105\u0142 on&nbsp;prac\u0119 w&nbsp;1922 roku. By\u0142 to&nbsp;pierwszy oddzia\u0142 terenowy Instytutu.<\/p>\n\n\n\n<p><strong>1922<\/strong>&nbsp;\u2013&nbsp;ustawa z&nbsp;dnia 23&nbsp;maja 1922 r.&nbsp;o zatwierdzeniu statutu Pa\u0144stwowego Instytutu Meteorologicznego.<\/p>\n\n\n\n<p><strong>1934<\/strong>&nbsp;\u2013&nbsp;utworzono Instytut Hydrograficzny podleg\u0142y Ministerstwu Komunikacji.<\/p>\n\n\n\n<p><strong>1945<\/strong>&nbsp;\u2013&nbsp;powo\u0142ano Pa\u0144stwowy Instytut Hydrologiczno-Meteorologiczny, na&nbsp;kt\u00f3ry na\u0142o\u017cono obowi\u0105zek os\u0142ony hydrologicznej kraju oraz odbudow\u0119 sieci stacji hydrologicznych i&nbsp;meteorologicznych na&nbsp;terenie Polski.<\/p>\n\n\n\n<p><strong>1952<\/strong>&nbsp;\u2013&nbsp;powo\u0142ano Zak\u0142ad Prognoz Hydrologicznych, kt\u00f3ry pe\u0142ni\u0142 s\u0142u\u017cb\u0119 oraz prowadzi\u0142 prace badawczo-rozwojowe. Oddzia\u0142y Zak\u0142adu sprawowa\u0142y funkcje regionalnych stacji zbiorczych danych oraz prowadzi\u0142y lokaln\u0105 os\u0142on\u0119 hydrologiczn\u0105 na&nbsp;swoich terenach.<\/p>\n\n\n\n<p><strong>1960<\/strong>&nbsp;\u2013&nbsp;w Zak\u0142adzie Prognoz Hydrologicznych powsta\u0142o opracowanie \u201eOperat os\u0142ony przeciwpowodziowej i&nbsp;gospodarki wodnej na&nbsp;zespole elektrowni wodnych Ro\u017cn\u00f3w-Czch\u00f3w\u201d, stanowi\u0105ce prze\u0142om w&nbsp;dotychczasowych metodach i&nbsp;formie os\u0142ony hydrologicznej. Opracowanie pod kierunkiem naukowym prof. J.&nbsp;Lambora sk\u0142ada\u0142o si\u0119 z&nbsp;12&nbsp;tom\u00f3w.<\/p>\n\n\n\n<p><strong>1967<\/strong>&nbsp;\u2013&nbsp;powsta\u0142a pierwsza polska naziemna stacja do&nbsp;odbioru danych z&nbsp;satelit\u00f3w meteorologicznych APT i&nbsp;rozpocz\u0119to regularny odbi\u00f3r danych (Zak\u0142ad Bada\u0144 Rakietowych i&nbsp;Satelitarnych w&nbsp;Krakowie).<\/p>\n\n\n\n<p><strong>1973<\/strong>&nbsp;\u2013&nbsp;opracowano i&nbsp;wdro\u017cono maszyn\u0119 cyfrow\u0105 wy\u017cszej klasy ODRA 1305 do&nbsp;analiz modeli prognostycznych klasy opad-odp\u0142yw, tajanie-odp\u0142yw i&nbsp;transformacji przep\u0142ywu wykorzystuj\u0105ce techniki symulacyjne). System prognoz zosta\u0142 uruchomiony najpierw dla So\u0142y i&nbsp;Dunajca (odpowiednio model o&nbsp;nazwie MONIKA i&nbsp;MONS), a&nbsp;nast\u0119pnie dla \u015brodkowej Wis\u0142y i&nbsp;Narwi.<\/p>\n\n\n\n<p><strong>1973<\/strong>&nbsp;\u2013&nbsp;w wyniku po\u0142\u0105czenia Instytutu Hydrologiczno-Meteorologicznego z&nbsp;Instytutem Gospodarki Wodnej powstaje Instytut Meteorologii i&nbsp;Gospodarki Wodnej.<\/p>\n\n\n\n<p><strong>1975<\/strong>&nbsp;\u2013&nbsp;utworzono O\u015brodek Odbioru Danych Satelitarnych z&nbsp;Pracowni\u0105 Interpretacji Danych Satelitarnych.<\/p>\n\n\n\n<p><strong>1979<\/strong>&nbsp;\u2013&nbsp;rozpocz\u0119cie odbioru danych satelitarnych z&nbsp;satelity geostacjonarnego METEOSAT. By\u0142o to&nbsp;mo\u017cliwe dzi\u0119ki uruchomieniu pierwszego systemu odbiorczego do&nbsp;rejestracji danych METEOSAT-WEFAX w&nbsp;pasmie 1.7 GHz w&nbsp;Polsce, zbudowanego przez Politechnik\u0119 Wroc\u0142awsk\u0105. Lata 70. to&nbsp;czas opracowywania metod wykorzystania obraz\u00f3w satelitarnych do&nbsp;prognozy burz i&nbsp;opad\u00f3w oraz prace nad rozwojem technik transmisji danych do&nbsp;u\u017cytkownik\u00f3w. To&nbsp;r\u00f3wnie\u017c pierwsze zastosowania obraz\u00f3w satelitarnych do&nbsp;bada\u0144 zanieczyszcze\u0144 atmosfery.<\/p>\n\n\n\n<p><strong>1980<\/strong>&nbsp;\u2013&nbsp;w Zak\u0142adzie Meteorologii Kosmicznej prowadzono badania stratosfery w&nbsp;oparciu o&nbsp;zgromadzone dane rakietowe.<\/p>\n\n\n\n<p><strong>1984<\/strong>&nbsp;\u2013&nbsp;pocz\u0105tek odbior\u00f3w cyfrowych danych NOAA-HRPT. W&nbsp;1986 r.&nbsp;zainstalowano w&nbsp;O\u015brodku Odbioru i&nbsp;Przetwarzania Danych Satelitarnych w&nbsp;Oddziale IMGW w&nbsp;Krakowie stacj\u0119 do&nbsp;odbioru cyfrowych transmisji NOAA-HRPT zbudowan\u0105 przez Politechnik\u0119 Wroc\u0142awsk\u0105 i&nbsp;rozpocz\u0119to operacyjny odbi\u00f3r danych NOAA.<\/p>\n\n\n\n<p><strong>1993<\/strong>&nbsp;\u2013&nbsp;podpisano pierwsz\u0105 umow\u0119 z&nbsp;organizacj\u0105 EUMETSAT na&nbsp;korzystanie z&nbsp;kodowanych danych satelitarnych na&nbsp;potrzeby prac naukowych oraz s\u0142u\u017cby meteorologicznej i&nbsp;hydrologicznej.<\/p>\n\n\n\n<p><strong>1995<\/strong>&nbsp;\u2013&nbsp;instalacja w&nbsp;Zak\u0142adzie Bada\u0144 Satelitarnych w&nbsp;Krakowie nowej stacji do&nbsp;odbioru i&nbsp;przetwarzania cyfrowych danych satelitarnych METEOSAT HRI oraz NOAA HRPT. Rozpocz\u0119cie prac nad nowymi produktami satelitarnymi na&nbsp;potrzeby monitorowania pogody oraz sk\u0142adu chemicznego atmosfery.<\/p>\n\n\n\n<p><strong>1999<\/strong>&nbsp;\u2013&nbsp;Polska zostaje krajem wsp\u00f3\u0142pracuj\u0105cym z&nbsp;EUMETSAT.<br>&nbsp;<\/p>\n\n\n\n<h3 class=\"wp-block-heading\">2000-2010<\/h3>\n\n\n\n<p><strong>2001<\/strong>&nbsp;\u2013&nbsp;Zak\u0142ad Bada\u0144 Satelitarnych, we&nbsp;wsp\u00f3\u0142pracy z&nbsp;EUMETSAT, organizuje pierwsze mi\u0119dzynarodowe szkolenie w&nbsp;Polsce z&nbsp;wykorzystania danych satelitarnych. W&nbsp;szkoleniu wzi\u0119li udzia\u0142 przedstawiciele narodowych s\u0142u\u017cb meteorologicznych kraj\u00f3w Europy \u015arodkowej.<\/p>\n\n\n\n<p><strong>2003<\/strong>&nbsp;\u2013&nbsp;pocz\u0105tek wykorzystywania danych satelitarnych do&nbsp;monitorowania pogody, a&nbsp;w szczeg\u00f3lno\u015bci zjawisk konwekcyjnych oraz niskich chmur Stratus i&nbsp;mgie\u0142 z&nbsp;wykorzystaniem danych satelitarnych Meteosat.<\/p>\n\n\n\n<p><strong>2003<\/strong>&nbsp;\u2013&nbsp;instalacja i&nbsp;uruchomienie systemu do&nbsp;odbioru i&nbsp;przetwarzania danych z&nbsp;satelit\u00f3w Meteosat Drugiej Generacji (MSG), w&nbsp;szczeg\u00f3lno\u015bci pogodowych \u2013&nbsp;zjawisk konwekcyjnych oraz niskich chmur Stratus i&nbsp;mgie\u0142.<\/p>\n\n\n\n<p><strong>2005<\/strong>&nbsp;\u2013&nbsp;powstaje Satelitarne Centrum Aplikacyjne na&nbsp;rzecz Hydrologii Operacyjnej EUMETSAT (H-SAF), w&nbsp;kt\u00f3rym IMGW koordynuje pracami, maj\u0105cymi na&nbsp;celu walidacj\u0119 produkt\u00f3w satelitarnych, generowanych przez H-SAF z&nbsp;wykorzystaniem modeli hydrologicznych.<\/p>\n\n\n\n<p><strong>2007<\/strong>&nbsp;\u2013&nbsp;po\u0142\u0105czono Zak\u0142ad Teledetekcji Atmosfery (ZTA) z&nbsp;Zak\u0142adem Monitoringu i&nbsp;Bada\u0144 \u015arodowiska (ZMB\u015a) i&nbsp;nadano mu&nbsp;nazw\u0119 Zak\u0142adu Monitoringu i&nbsp;Modelowania Zanieczyszcze\u0144 Powietrza.<\/p>\n\n\n\n<p><strong>2007<\/strong>&nbsp;\u2013&nbsp;inauguracja serwisu pogodowego IMGW.<\/p>\n\n\n\n<p><strong>2007<\/strong> \u2013 IMGW-PIB otrzymuje Certyfikat S\u0142u\u017cb ATM\/ANS oraz wyznaczenie ministra w\u0142a\u015bciwego jako instytucja zapewniaj\u0105ca s\u0142u\u017cby \u017ceglugi powietrznej.<\/p>\n\n\n\n<p><strong>2007<\/strong> \u2013 I edycja Szko\u0142y Meteorologii Lotniczej.<\/p>\n\n\n\n<p><strong>2009<\/strong>&nbsp;\u2013&nbsp;IMGW zostaje g\u0142\u00f3wnym polskim partnerem organizacji EUMETSAT.<\/p>\n\n\n\n<p><strong>2010<\/strong>&nbsp;\u2013&nbsp;13&nbsp;wrze\u015bnia IMGW otrzymuje status pa\u0144stwowego instytutu badawczego.<\/p>\n\n\n\n<p><strong>2010<\/strong>&nbsp;\u2013&nbsp;powo\u0142anie Centr\u00f3w Modelowania Powodziowego i&nbsp;Suszy.<\/p>\n\n\n\n<p><strong>2010<\/strong>&nbsp;\u2013&nbsp;rozpocz\u0119cie projektu ISOK \u2013&nbsp;Informatyczny System Os\u0142ony Kraju przed nadzwyczajnymi zagro\u017ceniami, w&nbsp;zakresie opracowania wst\u0119pnej oceny ryzyka powodziowego oraz map zagro\u017cenia powodziowego i&nbsp;map ryzyka powodziowego.<\/p>\n\n\n\n<p><strong>2010<\/strong>&nbsp;\u2013&nbsp;IMGW-PIB otrzymuje god\u0142o TERAZ POLSKA.<br>&nbsp;<\/p>\n\n\n\n<h3 class=\"wp-block-heading\">2010-2019<\/h3>\n\n\n\n<p><strong>2010\/2011<\/strong>&nbsp;\u2013&nbsp;Instalacja i&nbsp;uruchomienie systemu do&nbsp;odbioru i&nbsp;przetwarzania danych satelitarnych, pozwalaj\u0105cego na&nbsp;korzystanie z&nbsp;satelit\u00f3w nadaj\u0105cych w&nbsp;pa\u015bmie X:&nbsp;Terra, Aqua, Suomi-NPP i&nbsp;NOAA-20.<\/p>\n\n\n\n<p><strong>2011<\/strong>&nbsp;\u2013&nbsp;rozpocz\u0119cie nieodp\u0142atnego udost\u0119pniania danych, wed\u0142ug dostosowanej do&nbsp;dyrektyw unijnych ustawy o&nbsp;dost\u0119pie do&nbsp;informacji publicznej.<\/p>\n\n\n\n<p><strong>2012<\/strong>&nbsp;\u2013&nbsp;IMGW-PIB wraz z&nbsp;EUMETSAT organizuje najwa\u017cniejsz\u0105 coroczn\u0105 konferencj\u0119 u\u017cytkownik\u00f3w danych z&nbsp;satelit\u00f3w meteorologicznych: 2012 EUMETSAT Meteorological Satellite Conference.<br><br><strong>2013<\/strong>&nbsp;\u2013&nbsp;ukazuje si\u0119 pierwszy numer czasopisma naukowego IMGW-PIB pod tytu\u0142em \u201eMHWM\u201d.<\/p>\n\n\n\n<p><strong>2014-2015<\/strong>&nbsp;\u2013&nbsp;opracowanie plan\u00f3w zarz\u0105dzania ryzykiem powodziowym dla obszar\u00f3w dorzeczy i&nbsp;region\u00f3w wodnych.<\/p>\n\n\n\n<p><strong>2016<\/strong>&nbsp;\u2013&nbsp;rozpocz\u0119cie projektu \u201eNumeryczne prognozy pogody dla zr\u00f3wnowa\u017conej Europy\u201d.<\/p>\n\n\n\n<p><strong>2017<\/strong>&nbsp;\u2013&nbsp;rozpocz\u0119cie procesu nieodp\u0142atnego udost\u0119pniania danych metrologicznych, hydrologicznych oraz radarowych.<\/p>\n\n\n\n<p><strong>2017<\/strong>&nbsp;\u2013&nbsp;IMGW-PIB zostaje krajowym operatorem danych satelitarnych systemu Copernicus \u2013&nbsp;satelity Sentinel-1,2,3 i&nbsp;5P. Dane te&nbsp;pozwalaj\u0105 na&nbsp;monitorowanie zlodzenia na&nbsp;morzu i&nbsp;wi\u0119kszych rzekach, obszar\u00f3w zalanych i&nbsp;podtopionych podczas powodzi, stanu powierzchni ziemi, zakwit\u00f3w alg i&nbsp;sinic na&nbsp;morzu, stanu morza (wysoko\u015b\u0107, falowanie, wiatr) oraz sk\u0142adu atmosfery.<\/p>\n\n\n\n<p><strong>2017<\/strong>&nbsp;\u2013&nbsp;opracowanie plan\u00f3w adaptacji do&nbsp;zmian klimatu w&nbsp;miastach powy\u017cej 100 tys. mieszka\u0144c\u00f3w (zako\u0144czenie 2018 r.).<\/p>\n\n\n\n<p><strong>2017<\/strong>&nbsp;\u2013&nbsp;IMGW-PIB podpisuje umow\u0119 na&nbsp;realizacj\u0119 projektu \u201eSystem operacyjnego gromadzenia, udost\u0119pniania i&nbsp;promocji cyfrowej informacji satelitarnej o&nbsp;\u015brodowisku (<a href=\"https:\/\/sat4envi.imgw.pl\/\">Sat4Envi)<\/a>\u201d finansowanego ze&nbsp;\u015brodk\u00f3w Unii Europejskiej z&nbsp;Europejskiego Funduszu Rozwoju regionalnego w&nbsp;ramach Programu Operacyjnego Polska Cyfrowa.<\/p>\n\n\n\n<p><strong>2018<\/strong>&nbsp;\u2013&nbsp;rozpocz\u0119cie projektu cyfryzacji archiwalnych danych meteorologicznych, gromadzonych na&nbsp;ziemiach Ma\u0142opolski od&nbsp;XIX do&nbsp;po\u0142owy XX&nbsp;w.<\/p>\n\n\n\n<p><strong>2019<\/strong>&nbsp;\u2013&nbsp;startuje projekt \u201eSystem operacyjnego gromadzenia, udost\u0119pniania i&nbsp;promocji cyfrowej informacji satelitarnej o&nbsp;\u015brodowisku (<a href=\"https:\/\/sat4envi.imgw.pl\/\">Sat4Envi<\/a>)\u201d, finansowany ze&nbsp;\u015brodk\u00f3w Unii Europejskiej w&nbsp;ramach Programu Operacyjnego Polska Cyfrowa. Projekt ma&nbsp;na celu budow\u0119 kompleksowego systemu, pozwalaj\u0105cego na&nbsp;powszechne i&nbsp;\u0142atwe korzystanie z&nbsp;cyfrowej informacji satelitarnej w&nbsp;oparciu o&nbsp;istniej\u0105ce i&nbsp;modernizowane w&nbsp;ramach projektu zasoby zaanga\u017cowanych instytucji, tj. IMGW-PIB, Centrum Bada\u0144 Kosmicznych Polskiej Akademii Nauk, Akademickiego Centrum Komputerowego CYFRONET AGH oraz Polskiej Agencji Kosmicznej.<\/p>\n\n\n\n<p><strong>2019<\/strong>&nbsp;\u2013&nbsp;uruchomienie szerokiej komunikacji Instytut w&nbsp;Social Media z&nbsp;has\u0142em: Instytut dla wszystkich. \u0141atwy dost\u0119p do&nbsp;informacji pogodowych jest priorytetem Instytutu.&nbsp;<\/p>\n\n\n\n<p><strong>2019<\/strong>&nbsp;\u2013&nbsp;wznowienie publikacji magazynu&nbsp;<a href=\"https:\/\/obserwator.imgw.pl\/\">OBSERWATOR<\/a>&nbsp;(Gazeta Obserwatora) w&nbsp;wersji drukowanej i&nbsp;online z&nbsp;tre\u015bciami popularno-naukowymi.<br>&nbsp;<\/p>\n\n\n\n<h3 class=\"wp-block-heading\">2020-2030<\/h3>\n\n\n\n<p><strong>2020<\/strong>&nbsp;\u2013 uruchomienie serwisu pogodowego&nbsp;<a href=\"https:\/\/meteo.imgw.pl\/\">meteo.imgw.pl<\/a>&nbsp;wraz z&nbsp;aplikacj\u0105 mobiln\u0105 na&nbsp;urz\u0105dzenia przeno\u015bne.<\/p>\n\n\n\n<p><strong>2020<\/strong>&nbsp;\u2013 zako\u0144czenie prac nad&nbsp;<a href=\"https:\/\/isok.gov.pl\/hydroportal.html\">Mapami Zagro\u017cenia&nbsp;i&nbsp;Ryzyka Powodziowego<\/a>&nbsp;przez konsorcjum, kt\u00f3rego liderem by\u0142 IMGW-PIB (Centrum Hydrologicznej Os\u0142ony Kraju).<\/p>\n\n\n\n<p><strong>2020<\/strong>&nbsp;\u2013&nbsp;opracowanie Strategii IMGW-PIB do&nbsp;2025 roku.&nbsp;<\/p>\n\n\n\n<p><strong>2020 <\/strong>\u2013 uruchomienie nowej strony awiacja.imgw.pl<\/p>\n\n\n\n<p><strong>2021<\/strong>&nbsp;\u2013&nbsp;powstaje serwis z&nbsp;prognoz\u0105 po\u017carow\u0105, dost\u0119pny w&nbsp;serwisie&nbsp;<a href=\"http:\/\/meteo.imgw.pl\/\">meteo.imgw.pl<\/a>, w&nbsp;zak\u0142adce &#8222;Zagro\u017cenie po\u017carowe&#8221;. Prognozy wykonywane s\u0105&nbsp;dla ca\u0142ej Polski na&nbsp;siatce o&nbsp;rozdzielczo\u015bci przestrzennej 2.5\u00d72.5 km, raz dziennie na&nbsp;godzin\u0119 12&nbsp;UTC, z&nbsp;wyprzedzeniem czasowym wynosz\u0105cym 24&nbsp;i 48&nbsp;godzin. Jest to&nbsp;pierwszy w&nbsp;Polsce system prognozowania zagro\u017cenia po\u017carowego lasu w&nbsp;wysokiej rozdzielczo\u015bci przestrzennej z&nbsp;tak d\u0142ugim horyzontem czasowym.<\/p>\n\n\n\n<p><strong>2021<\/strong>&nbsp;\u2013&nbsp;Instytut uruchamia model numeryczny Hybrid 1.0. Model Hybrid 1.0 IMGW-PIB to&nbsp;po\u0142\u0105czenie trzech system\u00f3w prognostycznych: modeli nowcastingowych SCENE i&nbsp;INCA-PL2 oraz dw\u00f3ch modeli mezoskalowych AROME i&nbsp;ALARO. Ich konsolidacja gwarantuje od\u015bwie\u017canie prognozy na&nbsp;najbli\u017csze minuty i&nbsp;godziny oraz mo\u017cliwo\u015b\u0107 obejrzenia na&nbsp;jednym wykresie r\u00f3wnocze\u015bnie prognozy na&nbsp;trzy najbli\u017csze dni, bez konieczno\u015bci prze\u0142\u0105czania pomi\u0119dzy modelami o&nbsp;r\u00f3\u017cnych d\u0142ugo\u015bciach prognoz.<\/p>\n\n\n\n<p><strong>2022<\/strong>&nbsp;\u2013&nbsp;powo\u0142anie dr. Janusza Karpa na&nbsp;dyrektora IMGW-PIB.<\/p>\n\n\n\n<p><strong>2022<\/strong>&nbsp;\u2013&nbsp;modernizacja sieci radar\u00f3w meteorologicznych POLRAD. Prace obejm\u0105 wymian\u0119 wszystkich urz\u0105dze\u0144 na&nbsp;magnetronowe z&nbsp;funkcjonalno\u015bci\u0105 pomiar\u00f3w w&nbsp;podw\u00f3jnej polaryzacji oraz budow\u0119 dw\u00f3ch nowych stacji radarowych \u2013&nbsp;w U\u017crankach i&nbsp;na&nbsp;G\u00f3rze \u015awi\u0119tej Anny. Po&nbsp;zako\u0144czeniu modernizacji IMGW-PIB b\u0119dzie dysponowa\u0107 najnowocze\u015bniejsz\u0105 sieci\u0105 radarow\u0105 i&nbsp;nowymi mo\u017cliwo\u015bciami pomiarowymi, a&nbsp;spo\u0142ecze\u0144stwo otrzyma dok\u0142adniejsze informacje pogodowe.<\/p>\n\n\n\n<p><strong>2022<\/strong>&nbsp;\u2013&nbsp;uruchomienie nowego serwisu informacyjnego&nbsp;<a href=\"https:\/\/cmm.imgw.pl\/\">cmm.imgw.pl<\/a>, w&nbsp;kt\u00f3rym udost\u0119pniono bie\u017c\u0105ce wyniki prognoz numerycznych obliczanych przez wszystkie modele pogodowe stosowane w&nbsp;Instytucie. Wyniki dost\u0119pne s\u0105&nbsp;w postaci graficznej na&nbsp;specjalnie przygotowanej stronie internetowej, kt\u00f3rej autorami s\u0105&nbsp;eksperci Centrum Modelowania Meteorologicznego IMGW-PIB. Strona jest w&nbsp;pe\u0142ni otwarta dla wszystkich zainteresowanych, a&nbsp;szczeg\u00f3lnie dla tych spoza Instytutu, a&nbsp;zamieszczone informacje aktualizowane s\u0105&nbsp;na bie\u017c\u0105co w&nbsp;najkr\u00f3tszym mo\u017cliwym czasie.<\/p>\n\n\n\n<p><strong>2022<\/strong>&nbsp;\u2013&nbsp;modernizacja Systemu Detekcji i&nbsp;Lokalizacji Wy\u0142adowa\u0144 Atmosferycznych PERUN. Podj\u0119te prace przyczyni\u0105 si\u0119 do&nbsp;zwi\u0119kszenia skuteczno\u015bci i&nbsp;dok\u0142adno\u015bci lokalizacji wy\u0142adowa\u0144 atmosferycznych oraz ujednolicenia ca\u0142ego systemu poprzez wycofanie z&nbsp;eksploatacji wys\u0142u\u017conych stacji SAFIR 3000, kt\u00f3re nie s\u0105&nbsp;obecnie wspierane przez producenta.<\/p>\n\n\n\n<p><strong>2022<\/strong>&nbsp;\u2013&nbsp;zako\u0144czenie projektu projekt PMAXTP, w&nbsp;ramach kt\u00f3rego powsta\u0142y 2592 mapy charakterystyk opad\u00f3w maksymalnych. Na&nbsp;ich bazie zbudowano interaktywn\u0105 map\u0119 Polski do&nbsp;wizualnej i&nbsp;liczbowej prezentacji wynik\u00f3w, dost\u0119pn\u0105 pod adresem&nbsp;<a href=\"https:\/\/klimat.imgw.pl\/opady-maksymalne\">klimat.imgw.pl\/opady-maksymalne<\/a>. Strona internetowa jest platform\u0105 publiczn\u0105, otwart\u0105, a&nbsp;charakterystyki opad\u00f3w maksymalnych w&nbsp;postaci tabel i&nbsp;wykres\u00f3w udost\u0119pniane s\u0105&nbsp;u\u017cytkownikom bezp\u0142atnie.<\/p>\n\n\n\n<p><strong>2022 <\/strong>\u2013 do\u0142\u0105czenie CMOLC do grona s\u0142u\u017cb meteorologicznych opracowuj\u0105cych prognoz\u0119 CBCF (Cross Border Convection Forecast) na potrzeby Network Managera Eurocontrol.<\/p>\n\n\n\n<p><strong>2023<\/strong>&nbsp;\u2013&nbsp;kwiecie\u0144, IMGW-PIB cz\u0142onkiem konsorcjum ACTRIS-PL, kt\u00f3re reprezentuje Polsk\u0119 na&nbsp;poziomie naukowym w&nbsp;mi\u0119dzynarodowym systemie infrastruktury wspieraj\u0105cej badania nad atmosfer\u0105 i&nbsp;klimatem w&nbsp;Unii Europejskiej.<br><br><strong>2023<\/strong>&nbsp;\u2013&nbsp;maj, powstaje pierwszy cyfrowy Atlas ma\u0142ej energetyki wiatrowej dla Polski (Projekt AMEW-PL). Opracowany przez IMGW-PIB i&nbsp;Politechnik\u0119 Wroc\u0142awsk\u0105 atlas pomo\u017ce producentom lepiej zarz\u0105dza\u0107 zasobami i&nbsp;mocami wytw\u00f3rczymi.<br><br><strong>2023<\/strong>&nbsp;\u2013&nbsp;pa\u017adziernik, Instytut Meteorologii i&nbsp;Gospodarki Wodnej \u2013&nbsp;PIB oraz Stowarzyszenie Skywarn Polska, tw\u00f3rca Serwisu Polscy \u0141owcy Burz, podpisa\u0142y porozumienie o&nbsp;wsp\u00f3\u0142pracy. Celem jest osi\u0105gni\u0119cie nowej jako\u015bci w&nbsp;obszarze analiz, prognozowania i&nbsp;ostrzegania oraz edukacji spo\u0142ecze\u0144stwa, w&nbsp;zakresie dotycz\u0105cym niebezpiecznych burz i&nbsp;zjawisk im&nbsp;towarzysz\u0105cych.<br><br><strong>2023<\/strong>&nbsp;\u2013&nbsp;grudzie\u0144, nowa ods\u0142ona serwisu pogodowego&nbsp;<a href=\"https:\/\/meteo.imgw.pl\/\">Meteo IMGW<\/a>.<br><br><strong>2024<\/strong>&nbsp;\u2013&nbsp;stycze\u0144, powo\u0142anie prof. Roberta Czerniawskiego na&nbsp;stanowisko dyrektora IMGW-PIB.<br><br><strong>2024<\/strong>&nbsp;\u2013&nbsp;marzec, nowa ods\u0142ona serwisu Hydro IMGW.<br><br><strong>2024<\/strong>&nbsp;\u2013&nbsp;czerwiec, podpisanie listu intencyjnego w&nbsp;sprawie budowy instalacji wodoci\u0105gowej, kanalizacyjnej oraz energetycznej na&nbsp;terenie Karkonoskiego Parku Narodowego.<\/p>\n\n\n\n<p><strong>2024<\/strong>&nbsp;\u2013&nbsp;lipiec, IMGW-PIB zamkn\u0105\u0142 kontrakt \u201eModernizacja sieci radar\u00f3w meteorologicznych POLRAD\u201d, kt\u00f3rego realizacja poprawi bezpiecze\u0144stwo ludno\u015bci, mienia i&nbsp;infrastruktury oraz transportu lotniczego. Zwie\u0144czeniem projektu by\u0142o otwarcie nowego radaru na&nbsp;G\u00f3rze \u015bw. Anny.<\/p>\n\n\n\n<p><strong>2024<\/strong> \u2013 I Og\u00f3lnopolska Konferencja Meteorologii Lotniczej.<\/p>\n\n\n\n<p><strong>2024<\/strong> \u2013 nowa wersja prognozy obszarowej SIGWX dla FIR Warszawa.<\/p>\n\n\n\n<p><strong>2025<\/strong> \u2013 marzec, uruchomienie nowego serwisu <a href=\"https:\/\/renaturyzacja.imgw.pl\/\">Renaturyzacja IMGW<\/a> jako elementu systemowego wsparcia, kt\u00f3rego celem jest zwi\u0119kszenie skali renaturyzacji rzek w Polsce.<\/p>\n\n\n\n<p><strong>2025<\/strong> \u2013 kwiecie\u0144, nowa ods\u0142ona serwisu <a href=\"https:\/\/awiacja.imgw.pl\">Awiacja IMGW<\/a> \u2013 oficjalnego serwisu IMGW-PIB z danymi meteorologicznymi dla lotnictwa.<\/p>\n\n\n\n<p><\/p>","protected":false},"excerpt":{"rendered":"<p>100-lat historii IMGW-PIB Kamienie milowe w&nbsp;rozwoju IMGW-PIB 1468&nbsp;\u2013 9&nbsp;kwietnia 1468 r.&nbsp;Krak\u00f3w, najstarsza notatka o&nbsp;pogodzie. 1502-1507,&nbsp;1527-1531&nbsp;i&nbsp;1535-1540&nbsp;\u2013&nbsp;zapiski z&nbsp;obserwacji astrometeorologicznych prowadzonych przez Marcina Biema, profesora Akademii Krakowskiej. 1635&nbsp;\u2013&nbsp;zapiski z&nbsp;obserwacji pogody w&nbsp;Szczecinie, prowadzonych przez W.&nbsp;Eichstadta. 1609 \u2013&nbsp;1639&nbsp;zapiski z&nbsp;obserwacji pogody w&nbsp;Gda\u0144sku, prowadzonych przez P.&nbsp;Kruegera. 1662-1701&nbsp;\u2013 zapiski z&nbsp;obserwacji pogody w&nbsp;Gda\u0144sku, prowadzonych przez F.&nbsp;Buetnera, kt\u00f3ry wydawa\u0142 tak\u017ce kalendarze. 1654\/55&nbsp;\u2013&nbsp;pierwsze pr\u00f3by instrumentalne pomiaru [&hellip;]<\/p>\n","protected":false},"author":1,"featured_media":0,"parent":18,"menu_order":0,"comment_status":"closed","ping_status":"closed","template":"","meta":{"footnotes":""},"class_list":["post-553","page","type-page","status-publish","hentry"],"_links":{"self":[{"href":"https:\/\/imgw.pl\/en\/wp-json\/wp\/v2\/pages\/553","targetHints":{"allow":["GET"]}}],"collection":[{"href":"https:\/\/imgw.pl\/en\/wp-json\/wp\/v2\/pages"}],"about":[{"href":"https:\/\/imgw.pl\/en\/wp-json\/wp\/v2\/types\/page"}],"author":[{"embeddable":true,"href":"https:\/\/imgw.pl\/en\/wp-json\/wp\/v2\/users\/1"}],"replies":[{"embeddable":true,"href":"https:\/\/imgw.pl\/en\/wp-json\/wp\/v2\/comments?post=553"}],"version-history":[{"count":10,"href":"https:\/\/imgw.pl\/en\/wp-json\/wp\/v2\/pages\/553\/revisions"}],"predecessor-version":[{"id":3767,"href":"https:\/\/imgw.pl\/en\/wp-json\/wp\/v2\/pages\/553\/revisions\/3767"}],"up":[{"embeddable":true,"href":"https:\/\/imgw.pl\/en\/wp-json\/wp\/v2\/pages\/18"}],"wp:attachment":[{"href":"https:\/\/imgw.pl\/en\/wp-json\/wp\/v2\/media?parent=553"}],"curies":[{"name":"wp","href":"https:\/\/api.w.org\/{rel}","templated":true}]}}