{"id":555,"date":"2024-09-23T12:05:23","date_gmt":"2024-09-23T10:05:23","guid":{"rendered":"http:\/\/localhost:8000\/?page_id=555"},"modified":"2025-12-10T09:50:19","modified_gmt":"2025-12-10T08:50:19","slug":"strategia","status":"publish","type":"page","link":"https:\/\/imgw.pl\/en\/strona-glowna\/strategia\/","title":{"rendered":"Strategy"},"content":{"rendered":"<p>Strategia IMGW-PIB 2021-2025 to podstawowy dokument zarz\u0105dczy, w kt\u00f3rym zapisano cele rozwojowe dla Instytutu Meteorologii i Gospodarki Wodnej \u2013 Pa\u0144stwowego Instytutu Badawczego, kt\u00f3re maj\u0105 by\u0107 osi\u0105gni\u0119te do 2025 roku. Pierwsza wersja strategii zosta\u0142a opublikowana w 2020 roku, a prezentowany dokument jest aktualizacj\u0105 tego opracowania.&nbsp;&nbsp;<\/p>\n\n\n\n<p>Strategia IMGW-PIB wyznacza cele w 4 kluczowych obszarach: Meteorologia i Hydrologia, Gospodarka, Klimat i Sprzeda\u017c. Maj\u0105 one wzmacnia\u0107 pozycj\u0119 IMGW-PIB, jako jednej z kluczowych dla bezpiecze\u0144stwa pa\u0144stwa i obywateli jednostek naukowo-badawczych, jak r\u00f3wnie\u017c unowocze\u015bnia\u0107 struktur\u0119 i model zarz\u0105dzania, dostosowuj\u0105c je do dynamicznie zmieniaj\u0105cych si\u0119 warunk\u00f3w rynkowych.&nbsp;<\/p>\n\n\n\n<p>Do najwa\u017cniejszych cel\u00f3w strategicznych IMGW-PIB nale\u017c\u0105: podniesienie jako\u015bci prognoz meteorologicznych i hydrologicznych, rozw\u00f3j i wdro\u017cenie rozwi\u0105za\u0144 wspieraj\u0105cych gospodark\u0119 i us\u0142ugi komercyjne, budowa kompetencji modelowania klimatu i informowanie o wp\u0142ywie zmiany klimatu na gospodark\u0119 kraju oraz wzmocnienie us\u0142ug o produkt\u00f3w komercyjnych.&nbsp;<\/p>\n\n\n\n<p>W ramach ka\u017cdego z 4 kluczowych obszar\u00f3w rozwoju wskazano Cele Operacyjne wraz ze szczeg\u00f3\u0142owymi zadaniami wskazanymi do zrealizowania na koniec 2025 roku. Aktualizacj\u0105 jest efektem pracy zespo\u0142u, kt\u00f3ry odpowiada za osi\u0105gni\u0119cie cel\u00f3w zapisanych w Strategii. Dokument, kt\u00f3ry mam zaszczyt Pa\u0144stwu przedstawi\u0107 jest urealnieniem i rozwini\u0119ciem wersji opublikowanej w 2020 roku. Przy tak rozleg\u0142ych i wieloletnich projektach to naturalna konsekwencja prawid\u0142owo realizowanego procesu zarz\u0105dzania oraz wyraz dba\u0142o\u015bci o to, aby osi\u0105gni\u0119te zosta\u0142y cele, jak najlepiej s\u0142u\u017c\u0105ce spo\u0142ecze\u0144stwu.&nbsp;<\/p>","protected":false},"excerpt":{"rendered":"<p>Strategia IMGW-PIB 2021-2025 to podstawowy dokument zarz\u0105dczy, w kt\u00f3rym zapisano cele rozwojowe dla Instytutu Meteorologii i Gospodarki Wodnej \u2013 Pa\u0144stwowego Instytutu Badawczego, kt\u00f3re maj\u0105 by\u0107 osi\u0105gni\u0119te do 2025 roku. Pierwsza wersja strategii zosta\u0142a opublikowana w 2020 roku, a prezentowany dokument jest aktualizacj\u0105 tego opracowania.&nbsp;&nbsp; Strategia IMGW-PIB wyznacza cele w 4 kluczowych obszarach: Meteorologia i Hydrologia, [&hellip;]<\/p>\n","protected":false},"author":1,"featured_media":0,"parent":18,"menu_order":0,"comment_status":"closed","ping_status":"closed","template":"","meta":{"footnotes":""},"class_list":["post-555","page","type-page","status-publish","hentry"],"_links":{"self":[{"href":"https:\/\/imgw.pl\/en\/wp-json\/wp\/v2\/pages\/555","targetHints":{"allow":["GET"]}}],"collection":[{"href":"https:\/\/imgw.pl\/en\/wp-json\/wp\/v2\/pages"}],"about":[{"href":"https:\/\/imgw.pl\/en\/wp-json\/wp\/v2\/types\/page"}],"author":[{"embeddable":true,"href":"https:\/\/imgw.pl\/en\/wp-json\/wp\/v2\/users\/1"}],"replies":[{"embeddable":true,"href":"https:\/\/imgw.pl\/en\/wp-json\/wp\/v2\/comments?post=555"}],"version-history":[{"count":2,"href":"https:\/\/imgw.pl\/en\/wp-json\/wp\/v2\/pages\/555\/revisions"}],"predecessor-version":[{"id":1683,"href":"https:\/\/imgw.pl\/en\/wp-json\/wp\/v2\/pages\/555\/revisions\/1683"}],"up":[{"embeddable":true,"href":"https:\/\/imgw.pl\/en\/wp-json\/wp\/v2\/pages\/18"}],"wp:attachment":[{"href":"https:\/\/imgw.pl\/en\/wp-json\/wp\/v2\/media?parent=555"}],"curies":[{"name":"wp","href":"https:\/\/api.w.org\/{rel}","templated":true}]}}