{"id":559,"date":"2024-09-23T12:05:59","date_gmt":"2024-09-23T10:05:59","guid":{"rendered":"http:\/\/localhost:8000\/?page_id=559"},"modified":"2024-10-16T12:10:02","modified_gmt":"2024-10-16T10:10:02","slug":"zadania-statutowe","status":"publish","type":"page","link":"https:\/\/imgw.pl\/en\/strona-glowna\/zadania-statutowe\/","title":{"rendered":"Statutory activity"},"content":{"rendered":"<h2 class=\"wp-block-heading\">Do&nbsp;podstawowych zada\u0144 statutowych IMGW-PIB nale\u017cy prowadzenie pomiar\u00f3w, obserwacji oraz prac naukowo-badawczych w&nbsp;dziedzinach:<\/h2>\n\n\n\n<ul class=\"wp-block-list\">\n<li><strong>Meteorologii<\/strong><\/li>\n\n\n\n<li><strong>Hydrologii<\/strong><\/li>\n\n\n\n<li><strong>Oceanologii<\/strong><\/li>\n\n\n\n<li><strong>Gospodarki i in\u017cynierii wodnej<\/strong><\/li>\n\n\n\n<li><strong>Jako\u015bci zasob\u00f3w wodnych<\/strong><\/li>\n\n\n\n<li><strong>Klimatologii<\/strong><br>\u00a0<\/li>\n<\/ul>\n\n\n\n<p>Celem dzia\u0142ania Instytutu jest zaspokajanie potrzeb poprzez opracowywanie prognoz i&nbsp;ekspertyz dla spo\u0142ecze\u0144stwa, gospodarki i&nbsp;obronno\u015bci Pa\u0144stwa w&nbsp;zakresie jego dzia\u0142ania. Cel ten Instytut realizuje przez prowadzenie prac badawczych, rozwojowych, wdro\u017ceniowych oraz przez utrzymanie sieci obserwacyjno-pomiarowej, a&nbsp;tak\u017ce prowadzenie obserwacji i&nbsp;pomiar\u00f3w.<\/p>\n\n\n\n<p><strong>Do zada\u0144 Instytutu nale\u017cy w&nbsp;szczeg\u00f3lno\u015bci:<\/strong><\/p>\n\n\n\n<p>1. Prowadzenie systematycznych pomiar\u00f3w i&nbsp;obserwacji przy pomocy podstawowych sieci stacji i&nbsp;posterunk\u00f3w oraz sieci pomiarowych specjalnych.<\/p>\n\n\n\n<p>2. Zbieranie, przechowywanie, przetwarzanie i&nbsp;udost\u0119pnianie materia\u0142\u00f3w pomiarowych i&nbsp;obserwacyjnych krajowych i&nbsp;zagranicznych oraz udzielanie informacji z&nbsp;zakresu prowadzonych prac<\/p>\n\n\n\n<p>3. Opracowywanie i&nbsp;rozpowszechnianie prognoz i&nbsp;ostrze\u017ce\u0144 dla os\u0142ony ludno\u015bci oraz gospodarki narodowej i&nbsp;obronno\u015bci Pa\u0144stwa \u2013&nbsp;wraz z&nbsp;prognozowaniem jako\u015bci zasob\u00f3w wodnych i&nbsp;zanieczyszcze\u0144 atmosfery;<\/p>\n\n\n\n<p>4. Opracowywanie ocen stanu technicznego i&nbsp;bezpiecze\u0144stwa budowli pi\u0119trz\u0105cych dla potrzeb ochrony ludno\u015bci i&nbsp;mienia przed kl\u0119skami \u017cywio\u0142owymi i&nbsp;katastrofami budowlanymi;<\/p>\n\n\n\n<p>5. Prowadzenie prac naukowo-badawczych w&nbsp;zakresie fizyki i&nbsp;chemii atmosfery, klimatologii, agrometeorologii, hydrologii, oceanologii, fizyki, chemii i&nbsp;biologii wody, hydrodynamiki w\u00f3d, bilansowania i&nbsp;gospodarowania zasobami wodnymi, in\u017cynierii wodnej i&nbsp;bezpiecze\u0144stwa budowli wodnych, ekonomiki, planowania i&nbsp;prognozowania w&nbsp;gospodarce i&nbsp;in\u017cynierii wodnej oraz w&nbsp;meteorologii, hydrologii i&nbsp;oceanologii a&nbsp;tak\u017ce prowadzenie prac w&nbsp;zakresie proces\u00f3w i&nbsp;czynnik\u00f3w kszta\u0142tuj\u0105cych jako\u015b\u0107 zasob\u00f3w wodnych.<\/p>\n\n\n\n<p>6. Prowadzenie bada\u0144 w&nbsp;zakresie ochrony przed \u017cywio\u0142owym dzia\u0142aniem si\u0142 przyrody.<\/p>\n\n\n\n<p>7. Wydawanie opinii i&nbsp;ekspertyz z&nbsp;dziedzin b\u0119d\u0105cych przedmiotem dzia\u0142alno\u015bci Instytutu.<\/p>\n\n\n\n<p>8. Konstruowanie, badanie, wytwarzanie, sprawdzanie i&nbsp;legalizacja aparatury i&nbsp;sprz\u0119tu.<\/p>\n\n\n\n<p>9. Doskonalenie i&nbsp;podnoszenie kwalifikacji naukowych i&nbsp;zawodowych kadr oraz nadawanie stopni naukowych w&nbsp;zakresie ustalonym odr\u0119bnymi przepisami.<\/p>\n\n\n\n<p>10. Gromadzenie, przetwarzanie i&nbsp;upowszechnianie informacji naukowej, technicznej i&nbsp;ekonomicznej z&nbsp;dziedzin b\u0119d\u0105cych przedmiotem dzia\u0142alno\u015bci Instytutu; prowadzenie informacji naukowej, technicznej i&nbsp;ekonomicznej.<\/p>\n\n\n\n<p>11. Prowadzenie dzia\u0142alno\u015bci wydawniczej.<\/p>\n\n\n\n<p>12. Prowadzenie prac normalizacyjnych i&nbsp;unifikacyjnych zwi\u0105zanych z&nbsp;dzia\u0142alno\u015bci\u0105.<\/p>\n\n\n\n<p>13. Wykonywanie zada\u0144 zwi\u0105zanych z&nbsp;obronno\u015bci\u0105 kraju, okre\u015blonych odr\u0119bnymi przepisami.<\/p>\n\n\n\n<p>14. Organizowanie sympozj\u00f3w i&nbsp;konferencji naukowych z&nbsp;dziedzin b\u0119d\u0105cych przedmiotem dzia\u0142alno\u015bci Instytutu.<\/p>\n\n\n\n<p>15. Uczestniczenie w&nbsp;dzia\u0142alno\u015bci \u015awiatowej Organizacji Meteorologicznej i&nbsp;innych agend wyspecjalizowanych ONZ oraz prowadzenie wsp\u00f3\u0142pracy z&nbsp;innymi organizacjami i&nbsp;instytucjami krajowymi i&nbsp;zagranicznymi.<\/p>\n\n\n\n<p>16. Wykonywanie innych zada\u0144 zlecanych.<\/p>","protected":false},"excerpt":{"rendered":"<p>Do&nbsp;podstawowych zada\u0144 statutowych IMGW-PIB nale\u017cy prowadzenie pomiar\u00f3w, obserwacji oraz prac naukowo-badawczych w&nbsp;dziedzinach: Celem dzia\u0142ania Instytutu jest zaspokajanie potrzeb poprzez opracowywanie prognoz i&nbsp;ekspertyz dla spo\u0142ecze\u0144stwa, gospodarki i&nbsp;obronno\u015bci Pa\u0144stwa w&nbsp;zakresie jego dzia\u0142ania. Cel ten Instytut realizuje przez prowadzenie prac badawczych, rozwojowych, wdro\u017ceniowych oraz przez utrzymanie sieci obserwacyjno-pomiarowej, a&nbsp;tak\u017ce prowadzenie obserwacji i&nbsp;pomiar\u00f3w. Do zada\u0144 Instytutu nale\u017cy w&nbsp;szczeg\u00f3lno\u015bci: 1. [&hellip;]<\/p>\n","protected":false},"author":1,"featured_media":0,"parent":18,"menu_order":0,"comment_status":"closed","ping_status":"closed","template":"","meta":{"footnotes":""},"class_list":["post-559","page","type-page","status-publish","hentry"],"_links":{"self":[{"href":"https:\/\/imgw.pl\/en\/wp-json\/wp\/v2\/pages\/559","targetHints":{"allow":["GET"]}}],"collection":[{"href":"https:\/\/imgw.pl\/en\/wp-json\/wp\/v2\/pages"}],"about":[{"href":"https:\/\/imgw.pl\/en\/wp-json\/wp\/v2\/types\/page"}],"author":[{"embeddable":true,"href":"https:\/\/imgw.pl\/en\/wp-json\/wp\/v2\/users\/1"}],"replies":[{"embeddable":true,"href":"https:\/\/imgw.pl\/en\/wp-json\/wp\/v2\/comments?post=559"}],"version-history":[{"count":2,"href":"https:\/\/imgw.pl\/en\/wp-json\/wp\/v2\/pages\/559\/revisions"}],"predecessor-version":[{"id":1195,"href":"https:\/\/imgw.pl\/en\/wp-json\/wp\/v2\/pages\/559\/revisions\/1195"}],"up":[{"embeddable":true,"href":"https:\/\/imgw.pl\/en\/wp-json\/wp\/v2\/pages\/18"}],"wp:attachment":[{"href":"https:\/\/imgw.pl\/en\/wp-json\/wp\/v2\/media?parent=559"}],"curies":[{"name":"wp","href":"https:\/\/api.w.org\/{rel}","templated":true}]}}