{"id":565,"date":"2024-09-23T12:07:03","date_gmt":"2024-09-23T10:07:03","guid":{"rendered":"http:\/\/localhost:8000\/?page_id=565"},"modified":"2024-11-25T09:06:41","modified_gmt":"2024-11-25T08:06:41","slug":"osrodki-i-stacje","status":"publish","type":"page","link":"https:\/\/imgw.pl\/en\/strona-glowna\/osrodki-i-stacje\/","title":{"rendered":"Centers and stations"},"content":{"rendered":"<div class=\"wp-block-group is-layout-grid wp-container-core-group-is-layout-73d44df6 wp-block-group-is-layout-grid\">\n<p><strong>IMGW-PIB Warszawa<\/strong><br>Podle\u015bna 61<br>01-673 Warsaw<br>T.&nbsp;+48 22&nbsp;56 94<strong>&nbsp;<\/strong>100<br>E.&nbsp;<a href=\"mailto:imgw@imgw.pl\">imgw@imgw.pl<\/a><\/p>\n\n\n\n<p><strong>Bia\u0142ystok<\/strong><br>Cio\u0142kowskiego 2\/3<br>15-950 Bia\u0142ystok<br>T.&nbsp;+48 85&nbsp;74 86&nbsp;150<\/p>\n\n\n\n<p><strong>Gdynia<\/strong><br>Jerzego Waszyngtona 42<br>81-342 Gdynia<br>T.&nbsp;+48 58&nbsp;62 88&nbsp;100<\/p>\n\n\n\n<p><strong>Katowice<\/strong><br>Bratk\u00f3w 10<br>40-045, Katowice<br>T.&nbsp;+48 32&nbsp;35 71&nbsp;111<\/p>\n\n\n\n<p><strong>Krak\u00f3w<\/strong><br>Piotra Borowego 14<br>30-215 Krak\u00f3w<br>T.&nbsp;+48 &nbsp;12 63&nbsp;98 311<\/p>\n\n\n\n<p><strong>Pozna\u0144<\/strong><br>D\u0105browskiego 174\/176<br>60-594 Pozna\u0144<br>T.&nbsp;+48 61&nbsp;84 95&nbsp;161<\/p>\n\n\n\n<p><strong>Wroc\u0142aw<\/strong><br>Parkowa 28<br>51-616 Wroc\u0142aw<br>T.&nbsp;+48 71&nbsp;32 00&nbsp;132<\/p>\n\n\n\n<p><\/p>\n<\/div>\n\n\n\n<p><br>Meteorologiczna sie\u0107 pomiarowo-obserwacyjna IMGW-PIB&nbsp;<\/p>\n\n\n\n<p>Aktualnie (stan na listopad 2024) sie\u0107 sk\u0142ada si\u0119 z 981 stacji, w tym 63 stacji synoptycznych I rz\u0119du, 220 stacji klimatologicznych II rz\u0119du, 690 stacji opadowych III rz\u0119du oraz 8 stacji specjalnych IV rz\u0119du. Obecnie trwa jej rozbudowa i modernizacja w ramach projektu ochrony przeciwpowodziowej w dorzeczu Odry i Wis\u0142y (POPDOW). W efekcie do 2025 r. Instytut Meteorologii i Gospodarki Wodnej b\u0119dzie dysponowa\u0142 ponad tysi\u0105cem stacji, z kt\u00f3rych ok. 70 proc. zostanie wyposa\u017cona w automatyczne urz\u0105dzenia pomiarowe oraz telemetryczny system przesy\u0142u danych.&nbsp;<\/p>\n\n\n\n<figure class=\"wp-block-image size-large\"><img loading=\"lazy\" decoding=\"async\" width=\"1024\" height=\"978\" src=\"https:\/\/imgw.pl\/wp-content\/uploads\/2024\/11\/Obserwator_mapa_meteo-scaled-e1732521918161-1024x978.jpg\" alt=\"\" class=\"wp-image-2420\" srcset=\"https:\/\/imgw.pl\/wp-content\/uploads\/2024\/11\/Obserwator_mapa_meteo-scaled-e1732521918161-1024x978.jpg 1024w, https:\/\/imgw.pl\/wp-content\/uploads\/2024\/11\/Obserwator_mapa_meteo-scaled-e1732521918161-300x287.jpg 300w, https:\/\/imgw.pl\/wp-content\/uploads\/2024\/11\/Obserwator_mapa_meteo-scaled-e1732521918161-768x734.jpg 768w, https:\/\/imgw.pl\/wp-content\/uploads\/2024\/11\/Obserwator_mapa_meteo-scaled-e1732521918161-1536x1468.jpg 1536w, https:\/\/imgw.pl\/wp-content\/uploads\/2024\/11\/Obserwator_mapa_meteo-scaled-e1732521918161-13x12.jpg 13w, https:\/\/imgw.pl\/wp-content\/uploads\/2024\/11\/Obserwator_mapa_meteo-scaled-e1732521918161.jpg 1664w\" sizes=\"auto, (max-width: 1024px) 100vw, 1024px\" \/><\/figure>\n\n\n\n<p>Hydrologiczna sie\u0107 pomiarowo-obserwacyjna IMGW-PIB&nbsp;<\/p>\n\n\n\n<p>Aktualnie (stan na listopad 2024) sie\u0107 sk\u0142ada si\u0119 z 905 stacji, w tym 82 stacji I rz\u0119du utrzymywanych na potrzeby obliczaniu bilansu wodnego Polski, 634 stacji II rz\u0119du \u2013 automatycznych z ci\u0105g\u0142\u0105 transmisj\u0105 danych, 73 stacji III rz\u0119du \u2013 automatycznych bez ci\u0105g\u0142ej transmisji oraz 116 stacji IV rz\u0119du, gdzie pomiary prowadzone s\u0105 wy\u0142\u0105cznie manualnie przez obserwatora. W 2025 r. IMGW-PIB b\u0119dzie dysponowa\u0142 950 stacjami, z czego ok. 92 proc. zostanie wyposa\u017cona w automatyczne urz\u0105dzenia pomiarowe oraz telemetryczny system przesy\u0142u danych.\u00a0<\/p>\n\n\n\n<figure class=\"wp-block-image size-large\"><img loading=\"lazy\" decoding=\"async\" width=\"1024\" height=\"977\" src=\"https:\/\/imgw.pl\/wp-content\/uploads\/2024\/11\/Obserwator_mapa_hydro-scaled-e1732521954634-1024x977.jpg\" alt=\"\" class=\"wp-image-2421\" srcset=\"https:\/\/imgw.pl\/wp-content\/uploads\/2024\/11\/Obserwator_mapa_hydro-scaled-e1732521954634-1024x977.jpg 1024w, https:\/\/imgw.pl\/wp-content\/uploads\/2024\/11\/Obserwator_mapa_hydro-scaled-e1732521954634-300x286.jpg 300w, https:\/\/imgw.pl\/wp-content\/uploads\/2024\/11\/Obserwator_mapa_hydro-scaled-e1732521954634-768x732.jpg 768w, https:\/\/imgw.pl\/wp-content\/uploads\/2024\/11\/Obserwator_mapa_hydro-scaled-e1732521954634-1536x1465.jpg 1536w, https:\/\/imgw.pl\/wp-content\/uploads\/2024\/11\/Obserwator_mapa_hydro-scaled-e1732521954634-13x12.jpg 13w, https:\/\/imgw.pl\/wp-content\/uploads\/2024\/11\/Obserwator_mapa_hydro-scaled-e1732521954634.jpg 1664w\" sizes=\"auto, (max-width: 1024px) 100vw, 1024px\" \/><\/figure>","protected":false},"excerpt":{"rendered":"<p>IMGW-PIB WarszawaPodle\u015bna 6101-673 WarszawaT.&nbsp;+48 22&nbsp;56 94&nbsp;100E.&nbsp;imgw@imgw.pl Bia\u0142ystokCio\u0142kowskiego 2\/315-950 Bia\u0142ystokT.&nbsp;+48 85&nbsp;74 86&nbsp;150 GdyniaJerzego Waszyngtona 4281-342 GdyniaT.&nbsp;+48 58&nbsp;62 88&nbsp;100 KatowiceBratk\u00f3w 1040-045, KatowiceT.&nbsp;+48 32&nbsp;35 71&nbsp;111 Krak\u00f3wPiotra Borowego 1430-215 Krak\u00f3wT.&nbsp;+48 &nbsp;12 63&nbsp;98 311 Pozna\u0144D\u0105browskiego 174\/17660-594 Pozna\u0144T.&nbsp;+48 61&nbsp;84 95&nbsp;161 Wroc\u0142awParkowa 2851-616 Wroc\u0142awT.&nbsp;+48 71&nbsp;32 00&nbsp;132 Meteorologiczna sie\u0107 pomiarowo-obserwacyjna IMGW-PIB&nbsp; Aktualnie (stan na listopad 2024) sie\u0107 sk\u0142ada si\u0119 z 981 stacji, w [&hellip;]<\/p>\n","protected":false},"author":1,"featured_media":0,"parent":18,"menu_order":0,"comment_status":"closed","ping_status":"closed","template":"","meta":{"footnotes":""},"class_list":["post-565","page","type-page","status-publish","hentry"],"_links":{"self":[{"href":"https:\/\/imgw.pl\/en\/wp-json\/wp\/v2\/pages\/565","targetHints":{"allow":["GET"]}}],"collection":[{"href":"https:\/\/imgw.pl\/en\/wp-json\/wp\/v2\/pages"}],"about":[{"href":"https:\/\/imgw.pl\/en\/wp-json\/wp\/v2\/types\/page"}],"author":[{"embeddable":true,"href":"https:\/\/imgw.pl\/en\/wp-json\/wp\/v2\/users\/1"}],"replies":[{"embeddable":true,"href":"https:\/\/imgw.pl\/en\/wp-json\/wp\/v2\/comments?post=565"}],"version-history":[{"count":6,"href":"https:\/\/imgw.pl\/en\/wp-json\/wp\/v2\/pages\/565\/revisions"}],"predecessor-version":[{"id":2424,"href":"https:\/\/imgw.pl\/en\/wp-json\/wp\/v2\/pages\/565\/revisions\/2424"}],"up":[{"embeddable":true,"href":"https:\/\/imgw.pl\/en\/wp-json\/wp\/v2\/pages\/18"}],"wp:attachment":[{"href":"https:\/\/imgw.pl\/en\/wp-json\/wp\/v2\/media?parent=565"}],"curies":[{"name":"wp","href":"https:\/\/api.w.org\/{rel}","templated":true}]}}