{"id":567,"date":"2024-09-23T12:07:21","date_gmt":"2024-09-23T10:07:21","guid":{"rendered":"http:\/\/localhost:8000\/?page_id=567"},"modified":"2026-04-24T08:56:57","modified_gmt":"2026-04-24T06:56:57","slug":"dotacje","status":"publish","type":"page","link":"https:\/\/imgw.pl\/en\/strona-glowna\/dotacje\/","title":{"rendered":"Grants"},"content":{"rendered":"<h2 class=\"wp-block-heading\">Projekty finansowane z&nbsp;bud\u017cetu pa\u0144stwa<\/h2>\n\n\n\n<figure class=\"wp-block-image aligncenter is-resized\"><img decoding=\"async\" src=\"https:\/\/imgw.pl\/sites\/default\/files\/inline-images\/znaki_strona_www.png\" alt=\"Flaga i God\u0142o Polski\" style=\"width:231px;height:auto\"\/><\/figure>\n\n\n\n<h3 class=\"wp-block-heading\">Umowy finansowane z&nbsp;bud\u017cetu pa\u0144stwa w&nbsp;2026 r.<\/h3>\n\n\n\n<details class=\"wp-block-details is-layout-flow wp-block-details-is-layout-flow\"><summary><strong>Dotacja celowa na realizacj\u0119 inwestycji w zwi\u0105zku z realizacj\u0105 zada\u0144 Pa\u0144stwowej S\u0142u\u017cby Hydrologiczno \u2013 Meteorologicznej<\/strong>, o kt\u00f3rych mowa w art. 376 i 378 ustawy z dnia 20 lipca 2017 r. \u2013 Prawo wodne (Dz. U. z 2025 r. poz. 960, z p\u00f3\u017an. zm.) <strong>w wysoko\u015bci 14 000 000 z\u0142 <\/strong>na wydatki inwestycyjne, w tym:<br>8 478 616,00 z\u0142 na zadania zwi\u0105zane z budownictwem<br>5 512 384,00 z\u0142 na zakupy inwestycyjne<br><\/summary>\n<p>Zadania dofinansowane z bud\u017cetu pa\u0144stwa na podstawie umowy dotacji nr MI\/DGW\/03\/04\/2026 zawartej w dniu 1 kwietnia 2026 r., obj\u0119te obowi\u0105zkiem informacyjnym zgodnie z rozporz\u0105dzeniem Rady Ministr\u00f3w z dnia 7 maja 2021 r. w sprawie okre\u015blenia dzia\u0142a\u0144 informacyjnych podejmowanych przez podmioty realizuj\u0105ce zadania finansowane lub dofinansowane z bud\u017cetu pa\u0144stwa lub pa\u0144stwowych funduszy celowych (Dz. U. z 2021 r. poz. 953 z p\u00f3\u017an. zm.):<\/p>\n\n\n\n<div class=\"wp-block-columns is-layout-flex wp-container-core-columns-is-layout-28f84493 wp-block-columns-is-layout-flex\">\n<div class=\"wp-block-column is-layout-flow wp-block-column-is-layout-flow\" style=\"flex-basis:100%\">\n<figure class=\"wp-block-table is-style-regular has-small-font-size\"><table class=\"has-fixed-layout\"><tbody><tr><td><strong>Nazwa zadania<\/strong><\/td><td><strong>Kr\u00f3tki opis zadania<\/strong><\/td><td><strong>Ca\u0142kowita warto\u015b\u0107 zadania (PLN)<\/strong><\/td><td><strong>Warto\u015b\u0107 dofinansowania (PLN) \u2013 rok 2026<\/strong><\/td><td><strong>Warto\u015b\u0107 dofinansowania (PLN) \u2013 lata ubieg\u0142e<\/strong><\/td><\/tr><tr><td><strong>Przebudowa budynku \u201eA\u201d IMGW-PIB zlokalizowanego przy ul. Podle\u015bnej 61 w Warszawie w ramach dostosowania do aktualnych przepis\u00f3w przeciwpo\u017carowych<\/strong><\/td><td>Zakres prac obejmie przebudow\u0119 instalacji elektrycznej, wentylacji mechanicznej, hydrantowej, Systemu Sygnalizacji Po\u017caru oraz D\u017awi\u0119kowego Systemu Ostrzegawczego. Celem zadania jest dostosowanie budynku do obowi\u0105zuj\u0105cych przepis\u00f3w przeciwpo\u017carowych oraz eliminacja zagro\u017ce\u0144 wskazanych w ekspertyzie technicznej \u2013 zadanie kontynuowane.<\/td><td>13&nbsp;708&nbsp;134,01 (warto\u015b\u0107 planowana)<\/td><td><strong>2&nbsp;519&nbsp;426,89<\/strong> (warto\u015b\u0107 planowana)<\/td><td><strong>4&nbsp;130&nbsp;448,68<\/strong> (warto\u015b\u0107 poniesiona)<\/td><\/tr><tr><td><strong>Modernizacja budynku gara\u017cowego IMGW-PIB w S\u0142upsku<\/strong><strong><\/strong><\/td><td>Modernizacja obejmuje 10 pomieszcze\u0144 gara\u017cowych o \u0142\u0105cznej powierzchni ponad 445 m\u00b2. Inwestycja pozwoli na bezpieczne przechowywanie \u015brodk\u00f3w transportu, sprz\u0119tu pomiarowego oraz stworzenie zaplecza warsztatowego dla pracownik\u00f3w realizuj\u0105cych zadania PSHM \u2013 zadanie kontynuowane.<\/td><td>1&nbsp;881&nbsp;900,00 (warto\u015b\u0107 planowana)<\/td><td><strong>877&nbsp;150,53<\/strong> (warto\u015b\u0107 planowana)<\/td><td><strong>877&nbsp;150,53<\/strong> (warto\u015b\u0107 poniesiona)<\/td><\/tr><tr><td><strong>Modernizacja budynku Stacji Pomiar\u00f3w Aerologicznych we Wroc\u0142awiu<\/strong><strong><\/strong><\/td><td>Zadanie obejmuje modernizacj\u0119 systemu odwodnienia oraz termoizolacji budynku. Inwestycja jest niezb\u0119dna ze wzgl\u0119du na zwi\u0119kszon\u0105 liczb\u0119 u\u017cytkownik\u00f3w obiektu oraz przechowywanie sprz\u0119tu i materia\u0142\u00f3w o wysokiej warto\u015bci \u2013 zadanie kontynuowane.<\/td><td>1&nbsp;961&nbsp;420,00 (warto\u015b\u0107 planowana)<\/td><td><strong>914&nbsp;214,44<\/strong> (warto\u015b\u0107 planowana)<\/td><td><strong>914&nbsp;214,44<\/strong> (warto\u015b\u0107 poniesiona)<\/td><\/tr><tr><td><strong>Modernizacja budynku Stacji Hydrologiczno-Meteorologicznej Olsztyn<\/strong><\/td><td>Modernizacja realizowana jest etapowo, z uwagi na zakres rob\u00f3t oraz bie\u017c\u0105ce funkcjonowanie stacji synoptycznej i zespo\u0142u terenowego. W 2026 r. planowana jest modernizacja instalacji elektrycznej oraz monta\u017c instalacji przeciwpo\u017carowej \u2013 zadanie kontynuowane.<\/td><td>775&nbsp;986,00 (warto\u015b\u0107 planowana)<\/td><td><strong>194&nbsp;922,00<\/strong> (warto\u015b\u0107 planowana)<\/td><td><strong>138&nbsp;604,33<\/strong> (warto\u015b\u0107 poniesiona)<\/td><\/tr><tr><td><strong>Budowa stacji na sieci PSHM<\/strong><\/td><td>Inwestycja ma na celu popraw\u0119 reprezentatywno\u015bci stacji hydrologicznych oraz jako\u015bci uzyskiwanych danych. Zakres prac obejmuje m.in. budow\u0119 i modernizacj\u0119 stanowisk wodowskazowych, umocnienia brzeg\u00f3w oraz popraw\u0119 bezpiecze\u0144stwa i funkcjonalno\u015bci infrastruktury pomiarowej \u2013 zadanie w cz\u0119\u015bci kontynuowane.<\/td><td>1&nbsp;926&nbsp;203,00 (warto\u015b\u0107 planowana)<\/td><td><strong>658&nbsp;290,18<\/strong> (warto\u015b\u0107 planowana)<\/td><td><strong>1&nbsp;140&nbsp;249,59<\/strong> (warto\u015b\u0107 poniesiona)<\/td><\/tr><tr><td><strong>Budowa przy\u0142\u0105czy energetycznych na sieci stacji PSHM<\/strong><\/td><td>Zadanie obejmuje budow\u0119 przy\u0142\u0105czy energetycznych do stacji automatycznych. Inwestycja zapewni sta\u0142e zasilanie automatycznych stacji pomiarowych, ograniczy koszty serwisowe oraz zwi\u0119kszy ci\u0105g\u0142o\u015b\u0107 i jako\u015b\u0107 danych pomiarowych \u2013 zadanie w cz\u0119\u015bci kontynuowane.<\/td><td>122&nbsp;975,00 (warto\u015b\u0107 planowana)<\/td><td><strong>91&nbsp;728,00<\/strong> (warto\u015b\u0107 planowana)<\/td><td><strong>22&nbsp;909,11<\/strong> (warto\u015b\u0107 poniesiona)<\/td><\/tr><\/tbody><\/table><\/figure>\n<\/div>\n<\/div>\n<\/details>\n\n\n\n<ul class=\"wp-block-list\">\n<li>Dotacja celowa na finansowanie wk\u0142adu w\u0142asnego w ramach projektu <strong>\u201eUaktualnienie i rozw\u00f3j atlasu opad\u00f3w nat\u0119\u017ce\u0144 miarodajnych PMAXTP\u201d.<\/strong> &nbsp;<br><br>\u015arodki przyznane wed\u0142ug poni\u017cszej klasyfikacji bud\u017cetowej:<br>1. cz. 22, dzia\u0142 900, rozdzia\u0142 90095, paragraf 2009 \u2013 101.172,82z\u0142 na podstawie umowy dotacji z dnia 12.03.2026 r. \u2013 zadania bie\u017c\u0105ce<\/li>\n<\/ul>\n\n\n\n<ul class=\"wp-block-list\">\n<li>Dotacja celowa na finansowanie wk\u0142adu w\u0142asnego w ramach projektu \u201e<strong>Budowa systemu ostrze\u017ce\u0144 hydrologicznych przed powodziami opadowymi (w tym b\u0142yskawicznymi, z ang. flash flood) wskutek intensywnych opad\u00f3w deszczu w zlewniach zurbanizowanych i niekontrolowanych (SOPPB)<\/strong>\u201d.<br><br>\u015arodki przyznane wed\u0142ug poni\u017cszej klasyfikacji bud\u017cetowej:<br>1. cz. 22, dzia\u0142 900, rozdzia\u0142 90095, paragraf 2009 \u2013 260.000,00 z\u0142 \u2013 zadania bie\u017c\u0105ce<br>2. cz. 22, dzia\u0142 900, rozdzia\u0142 90095, paragraf 6209 \u2013 119.000,00 z\u0142 \u2013 zadania inwestycyjne;<\/li>\n<\/ul>\n\n\n\n<h3 class=\"wp-block-heading\">Umowy finansowane z&nbsp;bud\u017cetu pa\u0144stwa w&nbsp;2025 r.<\/h3>\n\n\n\n<ul class=\"wp-block-list\">\n<li>Dotacja celowa na sfinansowanie zada\u0144 w ramach \u201e<strong>Projektu ochrony przeciwpowodziowej w dorzeczu Odry i Wis\u0142y<\/strong>\u201d w wysoko\u015bci 4 187 322,97 z\u0142 . \u015arodki pochodz\u0105 z rezerwy celowej bud\u017cetu pa\u0144stwa okre\u015blonej w cz\u0119\u015bci 83, poz. 4 &#8211; \u201ePrzeciwdzia\u0142anie i usuwanie skutk\u00f3w kl\u0119sk \u017cywio\u0142owych\u201d.<br><br>\u015arodki przyznane wed\u0142ug poni\u017cszej klasyfikacji bud\u017cetowej:<br>1. cz. 22, dzia\u0142 900, rozdzia\u0142 90078, paragraf 6234 \u2013 4 178 959,02 z\u0142 \u2013 komponent 4: Wzmocnienie instytucjonalne i udoskonalenie prognozowania &#8211; wydatki inwestycyjne.<br>2. cz. 22, dzia\u0142 900, rozdzia\u0142 90078, paragraf 2833 \u2013 8 363,95 z\u0142 \u2013 komponent 5: Zarz\u0105dzanie Projektem i opracowanie dalszych studi\u00f3w \u2013 wydatki bie\u017c\u0105ce<br><br><a href=\"https:\/\/imgw.pl\/wp-content\/uploads\/2026\/01\/Szczegolowa-informacja-odnosnie-dotacji-dla-IMGW-PIB-od-MI-pdf_2025_grudzien-1.pdf\">Szczeg\u00f3\u0142owa informacja odno\u015bnie dotacji dla IMGW-PIB od Ministra Infrastruktury (pdf) &gt;&gt;<\/a><br><br><\/li>\n\n\n\n<li>Dotacja na realizacj\u0119 inwestycji Pa\u0144stwowej S\u0142u\u017cby Hydrologiczno &#8211; Meteorologicznej, o kt\u00f3rych mowa w art. 376 i 378 ustawy z dnia 20 lipca 2017 r. \u2013 Prawo wodne (Dz. U. z 2024 r. poz. 1087, z p\u00f3\u017an. zm.) w wysoko\u015bci 14 531 628,00 z\u0142 wed\u0142ug klasyfikacji bud\u017cetowej: cz. 22, dzia\u0142 900, rozdzia\u0142 90095 paragraf 6230 \u2013 na wydatki inwestycyjne, w tym:<br>9 747 806,00 z\u0142 na koszty zwi\u0105zane z budownictwem,<br>4 783 822,00 z\u0142 na zakupy inwestycyjne.<br><br><br><\/li>\n\n\n\n<li>Dotacja celowa na finansowanie wk\u0142adu w\u0142asnego w ramach projektu \u201e<strong>Budowa systemu ostrze\u017ce\u0144 hydrologicznych przed powodziami opadowymi (w tym b\u0142yskawicznymi, z ang. flash flood) wskutek intensywnych opad\u00f3w deszczu w zlewniach zurbanizowanych i niekontrolowanych (SOPPB)<\/strong>\u201d.<br><br>\u015arodki przyznane wed\u0142ug poni\u017cszej klasyfikacji bud\u017cetowej:<br>1. cz. 22, dzia\u0142 900, rozdzia\u0142 90095, paragraf 2009 \u2013 119.842,67 z\u0142 \u2013 zadania bie\u017c\u0105ce<br>2. cz. 22, dzia\u0142 900, rozdzia\u0142 90095, paragraf 6209 \u2013 164.636,71 z\u0142 \u2013 zadania inwestycyjne;<\/li>\n<\/ul>\n\n\n\n<h3 class=\"wp-block-heading\">Umowy finansowane z&nbsp;bud\u017cetu pa\u0144stwa w&nbsp;2024 r.<\/h3>\n\n\n\n<ul class=\"wp-block-list\">\n<li>Dotacja celowa na sfinansowanie zada\u0144 w ramach \u201e<strong>Projektu ochrony przeciwpowodziowej w dorzeczu Odry i Wis\u0142y<\/strong>\u201d w wysoko\u015bci 101.966.580,92 z\u0142. \u015arodki pochodz\u0105 z rezerwy celowej bud\u017cetu pa\u0144stwa okre\u015blonej w cz\u0119\u015bci 83, poz. 4 &#8211; \u201ePrzeciwdzia\u0142anie i usuwanie skutk\u00f3w kl\u0119sk \u017cywio\u0142owych\u201d.<br><br>\u015arodki przyznane wed\u0142ug poni\u017cszej klasyfikacji bud\u017cetowej:<br>1.&nbsp;&nbsp; &nbsp;cz. 22, dzia\u0142 900, rozdzia\u0142 90078, paragraf 2833 \u2013 60 000,00 z\u0142 \u2013 komponent 5: Zarz\u0105dzanie Projektem i opracowanie dalszych studi\u00f3w \u2013 wydatki bie\u017c\u0105ce;<br>2.&nbsp;&nbsp; &nbsp;cz. 22, dzia\u0142 900, rozdzia\u0142 90078, paragraf 6233 \u2013 61 780 000,00 z\u0142 \u2013 komponent 4: Wzmocnienie instytucjonalne i udoskonalenie prognozowania &#8211; wydatki inwestycyjne.<br>3.&nbsp;&nbsp; &nbsp;cz. 22, dzia\u0142 900, rozdzia\u0142 90078, paragraf 6234 \u2013 40 126 580,92 z\u0142 \u2013 komponent 4: Wzmocnienie instytucjonalne i udoskonalenie prognozowania &#8211; wydatki inwestycyjne.<br><br><a href=\"https:\/\/imgw.pl\/wp-content\/uploads\/2024\/12\/Szczegolowa-informacja-odnosnie-dotacji-dla-IMGW-PIB-od-MI_12.2024.pdf\">Szczeg\u00f3\u0142owa informacja odno\u015bnie dotacji dla IMGW-PIB od&nbsp;Ministra Infrastruktury (pdf) &gt;&gt;<\/a><\/li>\n<\/ul>\n\n\n\n<ul class=\"wp-block-list\">\n<li>Dotacja na wykonanie zada\u0144 Pa\u0144stwowej S\u0142u\u017cby Hydrologiczno &#8211; Meteorologicznej, o kt\u00f3rych mowa w art. 376 i 378 ustawy z dnia 20 lipca 2017 r. \u2013 Prawo wodne (Dz. U. z 2023 r. poz. 1478, z p\u00f3\u017an. zm.) w wysoko\u015bci 136 400 000,00 z\u0142 wed\u0142ug klasyfikacji bud\u017cetowej: cz. 22, dzia\u0142 900, rozdzia\u0142 90095 paragraf 2830 \u2013 na wydatki bie\u017c\u0105ce.<br>&nbsp;<\/li>\n\n\n\n<li>Dotacja na wykonanie inwestycji Pa\u0144stwowej S\u0142u\u017cby Hydrologiczno &#8211; Meteorologicznej, o kt\u00f3rych mowa w art. 376 i 378 ustawy z dnia 20 lipca 2017 r. \u2013 Prawo wodne (Dz. U. z 2023 r. poz. 1478, z p\u00f3\u017an. zm.) w wysoko\u015bci 17 540 000,00 z\u0142 wed\u0142ug klasyfikacji bud\u017cetowej: cz. 22, dzia\u0142 900, rozdzia\u0142 90095 paragraf 6230 \u2013 na wydatki inwestycyjne, w tym:<br>1. 12 083 866,00 z\u0142 na koszty zwi\u0105zane z budownictwem,<br>2. 5 456 134,00 z\u0142 na zakupy inwestycyjne.<br>&nbsp;<\/li>\n\n\n\n<li>Dotacja na wykonanie zada\u0144 Pa\u0144stwowej S\u0142u\u017cby do Spraw Bezpiecze\u0144stwa Budowli Pi\u0119trz\u0105cych, o kt\u00f3rych mowa w art. 377 i 379 pkt 1 ustawy z dnia 20 lipca 2017 r. \u2013 Prawo wodne (Dz. U. z 2023 r. poz. 1478, z p\u00f3\u017an. zm.) w wysoko\u015bci 17 240 000,00 z\u0142, wed\u0142ug klasyfikacji bud\u017cetowej: cz. 22, dzia\u0142 900, rozdzia\u0142 90095 paragraf 2830 \u2013 na wydatki bie\u017c\u0105ce;<br>&nbsp;<\/li>\n\n\n\n<li>Dotacja na wykonanie inwestycji Pa\u0144stwowej S\u0142u\u017cby do Spraw Bezpiecze\u0144stwa Budowli Pi\u0119trz\u0105cych, o kt\u00f3rych mowa w art. 379 pkt 1 ustawy z dnia 20 lipca 2017 r. \u2013 Prawo wodne (Dz. U. z 2023 r. poz. 1478, z p\u00f3\u017an. zm.) w wysoko\u015bci 1 250 000,00 z\u0142 wed\u0142ug klasyfikacji bud\u017cetowej: cz. 22, dzia\u0142 900, rozdzia\u0142 90095 paragraf 6230 \u2013 na wydatki inwestycyjne, w tym:<br>1. 1 221 583,95 z\u0142 na zakupy inwestycyjne,<br>2. 28 416,05 z\u0142 na koszty zwi\u0105zane z budownictwem.<br><\/li>\n<\/ul>\n\n\n\n<h3 class=\"wp-block-heading\">Umowy finansowane z&nbsp;bud\u017cetu pa\u0144stwa w&nbsp;2023 r.<\/h3>\n\n\n\n<ul class=\"wp-block-list\">\n<li>Dotacja na wykonanie zada\u0144&nbsp;<strong>Pa\u0144stwowej S\u0142u\u017cby Hydrologiczno &#8211; Meteorologicznej<\/strong>, o kt\u00f3rych mowa w art. 376 i 378 ustawy z dnia 20 lipca 2017 r. \u2013 Prawo wodne (Dz. U. z 2021 r. poz. 2233, z p\u00f3\u017an. zm.) w wysoko\u015bci 138 100 000,00 z\u0142 wed\u0142ug poni\u017cszej klasyfikacji bud\u017cetowej:<br>1. cz. 22, dzia\u0142 900, rozdzia\u0142 90095 paragraf 2830 &#8211; 128 547 000,00 z\u0142 &#8211; na wydatki bie\u017c\u0105ce<br>2. cz. 22, dzia\u0142 900, rozdzia\u0142 90095 paragraf 6230 \u2013 9 553 000,00 z\u0142 &#8211; na wydatki inwestycyjne<br>&nbsp;<\/li>\n\n\n\n<li>Dotacja na wykonanie zada\u0144<strong>&nbsp;Pa\u0144stwowej S\u0142u\u017cby do Spraw Bezpiecze\u0144stwa Budowli Pi\u0119trz\u0105cych<\/strong>, o kt\u00f3rych mowa w art. 377 i 379 pkt 1 ustawy z dnia 20 lipca 2017 r. \u2013 Prawo wodne (Dz. U. z 2021 r. poz. 2233, z p\u00f3\u017an. zm.) w wysoko\u015bci 15 740 000,00 z\u0142, wed\u0142ug poni\u017cszej klasyfikacji bud\u017cetowej:<br>1. cz. 22, dzia\u0142 900, rozdzia\u0142 90095 paragraf 2830 \u2013 14 943 000,00 z\u0142 \u2013 na wydatki bie\u017c\u0105ce;<br>2. cz. 22, dzia\u0142 900, rozdzia\u0142 90095 paragraf 6230 \u2013 797 000,00 z\u0142 \u2013 na wydatki inwestycyjne.<\/li>\n<\/ul>\n\n\n\n<p><strong><u>Wydatki inwestycyjne:<\/u><\/strong><br>Posiadanie specjalistycznego sprz\u0119tu niezb\u0119dnego do&nbsp;prowadzenia bada\u0144 i&nbsp;pomiar\u00f3w stanu technicznego i&nbsp;stanu bezpiecze\u0144stwa budowli pi\u0119trz\u0105cych.<br>Utrzymanie infrastruktury podstawowej sieci pomiarowo \u2013&nbsp;obserwacyjnej oraz urz\u0105dze\u0144 do&nbsp;pomiar\u00f3w i&nbsp;obserwacji hydrologicznych oraz meteorologicznych.<\/p>\n\n\n\n<ul class=\"wp-block-list\">\n<li>Dotacja celowa na sfinansowanie zada\u0144 w ramach \u201eProjektu ochrony przeciwpowodziowej w dorzeczu Odry i Wis\u0142y\u201d w wysoko\u015bci 124 530 00,00 z\u0142. \u015arodki pochodz\u0105 z rezerwy celowej bud\u017cetu pa\u0144stwa okre\u015blonej w cz\u0119\u015bci 83, poz. 4 &#8211; \u201ePrzeciwdzia\u0142anie i usuwanie skutk\u00f3w kl\u0119sk \u017cywio\u0142owych\u201d.<\/li>\n<\/ul>\n\n\n\n<p>\u015arodki przyznane wed\u0142ug poni\u017cszej klasyfikacji bud\u017cetowej:<\/p>\n\n\n\n<ol class=\"wp-block-list\">\n<li>1. cz. 22, dzia\u0142 900, rozdzia\u0142 90078, paragraf 2833 \u2013 60 000,00 z\u0142 \u2013 komponent 5: Zarz\u0105dzanie Projektem i opracowanie dalszych studi\u00f3w \u2013 wydatki bie\u017c\u0105ce;<\/li>\n\n\n\n<li>2. cz. 22, dzia\u0142 900, rozdzia\u0142 90078, paragraf 6233 \u2013124 470 000,00 z\u0142 \u2013 komponent 4: Wzmocnienie instytucjonalne i udoskonalenie prognozowania &#8211; wydatki inwestycyjne.<\/li>\n<\/ol>\n\n\n\n<div class=\"wp-block-file\"><a id=\"wp-block-file--media-38baee02-c2ef-43a8-a776-a42e696cf8b7\" href=\"https:\/\/imgw.pl\/wp-content\/uploads\/2024\/10\/informacja-na-nasza-strone_11.2023_inf.-pod-link_0.pdf\" target=\"_blank\" rel=\"noreferrer noopener\">Szczeg\u00f3\u0142owa informacja odno\u015bnie dotacji dla IMGW-PIB od&nbsp;Ministra Infrastruktury (pdf)<\/a><\/div>\n\n\n\n<h3 class=\"wp-block-heading\">Umowy finansowane z&nbsp;bud\u017cetu pa\u0144stwa w&nbsp;2022 r.<\/h3>\n\n\n\n<ul class=\"wp-block-list\">\n<li>Dotacja na wykonanie zada\u0144&nbsp;<strong>Pa\u0144stwowej S\u0142u\u017cby Hydrologiczno &#8211; Meteorologicznej<\/strong>, o kt\u00f3rych mowa w art. 376 ustawy z dnia 20 lipca 2017 r. \u2013 Prawo wodne (Dz. U. z 2021 r. poz. 2233, z p\u00f3\u017an. zm.) w wysoko\u015bci 93 999&nbsp;000,00 z\u0142 na wydatki bie\u017c\u0105ce (cz\u0119\u015b\u0107 \u2013 22; dzia\u0142 \u2013 900; rozdzia\u0142 \u2013 90095; \u00a7 2830 ).<\/li>\n\n\n\n<li>Dotacja na wykonanie zada\u0144&nbsp;<strong>Pa\u0144stwowej S\u0142u\u017cby do Spraw Bezpiecze\u0144stwa Budowli Pi\u0119trz\u0105cych<\/strong>, o kt\u00f3rych mowa w art. 377 i 379 pkt 1 ustawy z dnia 20 lipca 2017 r. \u2013 Prawo wodne (Dz. U. z 2021 r. poz. 2233, z p\u00f3\u017an. zm.) w wysoko\u015bci 11&nbsp;999&nbsp;000,00 z\u0142, wed\u0142ug poni\u017cszej klasyfikacji bud\u017cetowej:\n<ol class=\"wp-block-list\">\n<li>cz. 22, dzia\u0142 900, rozdzia\u0142 90095 paragraf 2830 \u2013 11&nbsp;884&nbsp;000,00 z\u0142 \u2013 na wydatki bie\u017c\u0105ce;<\/li>\n\n\n\n<li>cz. 22, dzia\u0142 900, rozdzia\u0142 90095 paragraf 6230 \u2013 115&nbsp;000,00 z\u0142 \u2013 na wydatki inwestycyjne.<\/li>\n<\/ol>\n<\/li>\n<\/ul>\n\n\n\n<p><strong><u>Wydatki inwestycyjne:<\/u><\/strong><\/p>\n\n\n\n<p>Posiadanie specjalistycznego sprz\u0119tu niezb\u0119dnego do&nbsp;prowadzenia bada\u0144 i&nbsp;pomiar\u00f3w stanu technicznego i&nbsp;stanu bezpiecze\u0144stwa budowli pi\u0119trz\u0105cych.<\/p>\n\n\n\n<ul class=\"wp-block-list\">\n<li>Dotacja celowa na sfinansowanie zada\u0144 w ramach \u201e<strong>Projektu ochrony przeciwpowodziowej w dorzeczu Odry i Wis\u0142y<\/strong>\u201d w wysoko\u015bci&nbsp;141&nbsp;332&nbsp;640,00 z\u0142&nbsp;. \u015arodki pochodz\u0105 z rezerwy celowej bud\u017cetu pa\u0144stwa okre\u015blonej w cz\u0119\u015bci 83, poz. 4 &#8211; \u201ePrzeciwdzia\u0142anie i usuwanie skutk\u00f3w kl\u0119sk \u017cywio\u0142owych\u201d.<\/li>\n<\/ul>\n\n\n\n<p>\u015arodki przyznane wed\u0142ug poni\u017cszej klasyfikacji bud\u017cetowej:<\/p>\n\n\n\n<ol class=\"wp-block-list\">\n<li>cz. 22, dzia\u0142 900, rozdzia\u0142 90078, paragraf 2833 \u2013 23 240,00 z\u0142 \u2013 komponent 5: Zarz\u0105dzanie Projektem i opracowanie dalszych studi\u00f3w \u2013 wydatki bie\u017c\u0105ce;<\/li>\n\n\n\n<li>cz. 22, dzia\u0142 900, rozdzia\u0142 90078, paragraf 6233 \u2013 141 309 400,00 z\u0142 \u2013 komponent 4: Wzmocnienie instytucjonalne i udoskonalenie prognozowania &#8211; wydatki inwestycyjne.<\/li>\n<\/ol>\n\n\n\n<div class=\"wp-block-file\"><a id=\"wp-block-file--media-2de116de-c75f-4575-9f72-8c989be30449\" href=\"https:\/\/imgw.pl\/wp-content\/uploads\/2024\/10\/szczegolowa-informacja-odnosnie-dotacji-dla-imgw-pib-od-ministra-infrastruktury_0-1.pdf\" target=\"_blank\" rel=\"noreferrer noopener\">Szczeg\u00f3\u0142owa informacja odno\u015bnie dotacji dla IMGW-PIB od Ministra Infrastruktury (pdf)<\/a><\/div>","protected":false},"excerpt":{"rendered":"<p>Projekty finansowane z&nbsp;bud\u017cetu pa\u0144stwa Umowy finansowane z&nbsp;bud\u017cetu pa\u0144stwa w&nbsp;2026 r. Umowy finansowane z&nbsp;bud\u017cetu pa\u0144stwa w&nbsp;2025 r. Umowy finansowane z&nbsp;bud\u017cetu pa\u0144stwa w&nbsp;2024 r. Umowy finansowane z&nbsp;bud\u017cetu pa\u0144stwa w&nbsp;2023 r. Wydatki inwestycyjne:Posiadanie specjalistycznego sprz\u0119tu niezb\u0119dnego do&nbsp;prowadzenia bada\u0144 i&nbsp;pomiar\u00f3w stanu technicznego i&nbsp;stanu bezpiecze\u0144stwa budowli pi\u0119trz\u0105cych.Utrzymanie infrastruktury podstawowej sieci pomiarowo \u2013&nbsp;obserwacyjnej oraz urz\u0105dze\u0144 do&nbsp;pomiar\u00f3w i&nbsp;obserwacji hydrologicznych oraz meteorologicznych. \u015arodki [&hellip;]<\/p>\n","protected":false},"author":1,"featured_media":0,"parent":18,"menu_order":0,"comment_status":"closed","ping_status":"closed","template":"","meta":{"footnotes":""},"class_list":["post-567","page","type-page","status-publish","hentry"],"_links":{"self":[{"href":"https:\/\/imgw.pl\/en\/wp-json\/wp\/v2\/pages\/567","targetHints":{"allow":["GET"]}}],"collection":[{"href":"https:\/\/imgw.pl\/en\/wp-json\/wp\/v2\/pages"}],"about":[{"href":"https:\/\/imgw.pl\/en\/wp-json\/wp\/v2\/types\/page"}],"author":[{"embeddable":true,"href":"https:\/\/imgw.pl\/en\/wp-json\/wp\/v2\/users\/1"}],"replies":[{"embeddable":true,"href":"https:\/\/imgw.pl\/en\/wp-json\/wp\/v2\/comments?post=567"}],"version-history":[{"count":35,"href":"https:\/\/imgw.pl\/en\/wp-json\/wp\/v2\/pages\/567\/revisions"}],"predecessor-version":[{"id":24931,"href":"https:\/\/imgw.pl\/en\/wp-json\/wp\/v2\/pages\/567\/revisions\/24931"}],"up":[{"embeddable":true,"href":"https:\/\/imgw.pl\/en\/wp-json\/wp\/v2\/pages\/18"}],"wp:attachment":[{"href":"https:\/\/imgw.pl\/en\/wp-json\/wp\/v2\/media?parent=567"}],"curies":[{"name":"wp","href":"https:\/\/api.w.org\/{rel}","templated":true}]}}