{"id":569,"date":"2024-09-23T12:07:41","date_gmt":"2024-09-23T10:07:41","guid":{"rendered":"http:\/\/localhost:8000\/?page_id=569"},"modified":"2024-11-25T09:23:22","modified_gmt":"2024-11-25T08:23:22","slug":"nagrody-i-wyroznienia","status":"publish","type":"page","link":"https:\/\/imgw.pl\/en\/strona-glowna\/nagrody-i-wyroznienia\/","title":{"rendered":"Awards and distinctions"},"content":{"rendered":"<p><strong>Wyr\u00f3\u017cnienia biznesowe<\/strong>&nbsp;<\/p>\n\n\n\n<p>Supermani Jako\u015bci 2024&nbsp;<\/p>\n\n\n\n<p style=\"margin-top:0;margin-bottom:0\">Instytut Meteorologii i Gospodarki Wodnej \u2013 Pa\u0144stwowy Instytut Badawczy wyr\u00f3\u017cniony przyznaniem nagrody EKOSupermena Jako\u015bci: Innowacyjno\u015b\u0107 w dzia\u0142aniu oraz zaanga\u017cowanie na rzecz dzia\u0142a\u0144 proekologicznych, ochrony \u015brodowiska i zr\u00f3wnowa\u017conego rozwoju.&nbsp;<\/p>\n\n\n\n<p>Supermeni Jako\u015bci 2021&nbsp;<\/p>\n\n\n\n<p>Br\u0105zowy Laur w kategorii \u201eJako\u015b\u0107\u201d&nbsp;<\/p>\n\n\n\n<p><strong>Synoptyk Roku<\/strong>&nbsp;<\/p>\n\n\n\n<p>Laureaci 14. Edycji Konkursu Synoptyk Roku (marzec 2024):&nbsp;<\/p>\n\n\n\n<p style=\"margin-top:0;margin-bottom:0\">Rafa\u0142 P\u0142a\u017cewski i Janusz Zieli\u0144ski \u2013 z\u0142ota statuetka&nbsp;<\/p>\n\n\n\n<p style=\"margin-top:0;margin-bottom:0\">Witold Wi\u0105\u017cewski \u2013 srebrna statuetka&nbsp;<\/p>\n\n\n\n<p style=\"margin-top:0;margin-bottom:0\">Mariusz Pilipczuk \u2013 br\u0105zowa statuetka&nbsp;<\/p>\n\n\n\n<p>Laureaci 13. Edycji Konkursu Synoptyk Roku (marzec 2023):&nbsp;<\/p>\n\n\n\n<p style=\"margin-top:0;margin-bottom:0\">Anna Wo\u017aniak \u2013 z\u0142ota statuetka&nbsp;<\/p>\n\n\n\n<p style=\"margin-top:0;margin-bottom:0\">Joanna Romaniuk \u2013 srebrna statuetka&nbsp;<\/p>\n\n\n\n<p style=\"margin-top:0;margin-bottom:0\">\u0141ukasz Kie\u0142t \u2013 br\u0105zowa statuetka.&nbsp;<\/p>","protected":false},"excerpt":{"rendered":"<p>Wyr\u00f3\u017cnienia biznesowe&nbsp; Supermani Jako\u015bci 2024&nbsp; Instytut Meteorologii i Gospodarki Wodnej \u2013 Pa\u0144stwowy Instytut Badawczy wyr\u00f3\u017cniony przyznaniem nagrody EKOSupermena Jako\u015bci: Innowacyjno\u015b\u0107 w dzia\u0142aniu oraz zaanga\u017cowanie na rzecz dzia\u0142a\u0144 proekologicznych, ochrony \u015brodowiska i zr\u00f3wnowa\u017conego rozwoju.&nbsp; Supermeni Jako\u015bci 2021&nbsp; Br\u0105zowy Laur w kategorii \u201eJako\u015b\u0107\u201d&nbsp; Synoptyk Roku&nbsp; Laureaci 14. Edycji Konkursu Synoptyk Roku (marzec 2024):&nbsp; Rafa\u0142 P\u0142a\u017cewski i Janusz [&hellip;]<\/p>\n","protected":false},"author":1,"featured_media":0,"parent":18,"menu_order":0,"comment_status":"closed","ping_status":"closed","template":"","meta":{"footnotes":""},"class_list":["post-569","page","type-page","status-publish","hentry"],"_links":{"self":[{"href":"https:\/\/imgw.pl\/en\/wp-json\/wp\/v2\/pages\/569","targetHints":{"allow":["GET"]}}],"collection":[{"href":"https:\/\/imgw.pl\/en\/wp-json\/wp\/v2\/pages"}],"about":[{"href":"https:\/\/imgw.pl\/en\/wp-json\/wp\/v2\/types\/page"}],"author":[{"embeddable":true,"href":"https:\/\/imgw.pl\/en\/wp-json\/wp\/v2\/users\/1"}],"replies":[{"embeddable":true,"href":"https:\/\/imgw.pl\/en\/wp-json\/wp\/v2\/comments?post=569"}],"version-history":[{"count":3,"href":"https:\/\/imgw.pl\/en\/wp-json\/wp\/v2\/pages\/569\/revisions"}],"predecessor-version":[{"id":2437,"href":"https:\/\/imgw.pl\/en\/wp-json\/wp\/v2\/pages\/569\/revisions\/2437"}],"up":[{"embeddable":true,"href":"https:\/\/imgw.pl\/en\/wp-json\/wp\/v2\/pages\/18"}],"wp:attachment":[{"href":"https:\/\/imgw.pl\/en\/wp-json\/wp\/v2\/media?parent=569"}],"curies":[{"name":"wp","href":"https:\/\/api.w.org\/{rel}","templated":true}]}}