{"id":571,"date":"2024-09-23T12:08:02","date_gmt":"2024-09-23T10:08:02","guid":{"rendered":"http:\/\/localhost:8000\/?page_id=571"},"modified":"2025-11-14T11:58:03","modified_gmt":"2025-11-14T10:58:03","slug":"systemy-zarzadzania","status":"publish","type":"page","link":"https:\/\/imgw.pl\/en\/strona-glowna\/systemy-zarzadzania\/","title":{"rendered":"Management systems"},"content":{"rendered":"<p><strong>Wdro\u017cony system zarz\u0105dzania przyczyni\u0142 si\u0119 do bie\u017c\u0105cej znajomo\u015bci aktualnych i przysz\u0142ych potrzeb klient\u00f3w oraz schemat\u00f3w funkcjonowania Instytutu i proces\u00f3w. IMGW-PIB analizuje przyj\u0119te wska\u017aniki jako\u015bci, raportuje je oraz podejmuje skuteczne dzia\u0142ania.<\/strong><\/p>\n\n\n\n<p>Z perspektywy czasu dostrzegany jest wp\u0142yw wdro\u017conego systemu zarz\u0105dzania jako\u015bci\u0105 na codzienn\u0105 prac\u0119 oraz produkty IMGW-PIB.<\/p>\n\n\n\n<p>Wdro\u017cony w IMGW-PIB system zarz\u0105dzania jako\u015bci\u0105 wg normy PN-EN ISO 9001:2015 obejmuje dzia\u0142alno\u015b\u0107 Meteorologicznej Os\u0142ony Lotnictwa Cywilnego, co zosta\u0142o potwierdzone certyfikatem nr: AC090 100\/1892\/3654\/2019 wydanym przez firm\u0119 T\u00dcV NORD. W dniu 13-10-2025 r., w wyniku auditu recertyfikacji wa\u017cno\u015b\u0107 certyfikatu zosta\u0142a przed\u0142u\u017cona na okres kolejnych 3 lat (15-11-2025 \u2013 14-11-2028).<\/p>\n\n\n\n<p>Instytut Meteorologii i Gospodarki Wodnej \u2013 Pa\u0144stwowy Instytut Badawczy zosta\u0142 wyznaczony przez Ministra Infrastruktury jako instytucja zapewniaj\u0105ca s\u0142u\u017cby \u017ceglugi powietrznej w polskiej przestrzeni powietrznej w zakresie pe\u0142nienia os\u0142ony meteorologicznej lotnictwa cywilnego. Posiadamy Certyfikat instytucji zapewniaj\u0105cej s\u0142u\u017cby ATM\/ANS nr PL-01\/2007 wydany przez Prezesa Urz\u0119du Lotnictwa Cywilnego.<\/p>\n\n\n\n<p>Dyrektor IMGW-PIB ustanowi\u0142, wdro\u017cy\u0142 i opublikowa\u0142 Polityk\u0119 Jako\u015bci IMGW-PIB oraz Polityk\u0119 Bezpiecze\u0144stwa IMGW-PIB, kt\u00f3re tworz\u0105 ramy do ustanawiania cel\u00f3w jako\u015bciowych na dany rok oraz wspieraj\u0105 NASZE strategiczne kierunki dzia\u0142alno\u015bci.<\/p>","protected":false},"excerpt":{"rendered":"<p>Wdro\u017cony system zarz\u0105dzania przyczyni\u0142 si\u0119 do bie\u017c\u0105cej znajomo\u015bci aktualnych i przysz\u0142ych potrzeb klient\u00f3w oraz schemat\u00f3w funkcjonowania Instytutu i proces\u00f3w. IMGW-PIB analizuje przyj\u0119te wska\u017aniki jako\u015bci, raportuje je oraz podejmuje skuteczne dzia\u0142ania. Z perspektywy czasu dostrzegany jest wp\u0142yw wdro\u017conego systemu zarz\u0105dzania jako\u015bci\u0105 na codzienn\u0105 prac\u0119 oraz produkty IMGW-PIB. Wdro\u017cony w IMGW-PIB system zarz\u0105dzania jako\u015bci\u0105 wg normy PN-EN [&hellip;]<\/p>","protected":false},"author":1,"featured_media":0,"parent":18,"menu_order":0,"comment_status":"closed","ping_status":"closed","template":"","meta":{"footnotes":""},"class_list":["post-571","page","type-page","status-publish","hentry"],"_links":{"self":[{"href":"https:\/\/imgw.pl\/en\/wp-json\/wp\/v2\/pages\/571","targetHints":{"allow":["GET"]}}],"collection":[{"href":"https:\/\/imgw.pl\/en\/wp-json\/wp\/v2\/pages"}],"about":[{"href":"https:\/\/imgw.pl\/en\/wp-json\/wp\/v2\/types\/page"}],"author":[{"embeddable":true,"href":"https:\/\/imgw.pl\/en\/wp-json\/wp\/v2\/users\/1"}],"replies":[{"embeddable":true,"href":"https:\/\/imgw.pl\/en\/wp-json\/wp\/v2\/comments?post=571"}],"version-history":[{"count":7,"href":"https:\/\/imgw.pl\/en\/wp-json\/wp\/v2\/pages\/571\/revisions"}],"predecessor-version":[{"id":22550,"href":"https:\/\/imgw.pl\/en\/wp-json\/wp\/v2\/pages\/571\/revisions\/22550"}],"up":[{"embeddable":true,"href":"https:\/\/imgw.pl\/en\/wp-json\/wp\/v2\/pages\/18"}],"wp:attachment":[{"href":"https:\/\/imgw.pl\/en\/wp-json\/wp\/v2\/media?parent=571"}],"curies":[{"name":"wp","href":"https:\/\/api.w.org\/{rel}","templated":true}]}}