{"id":573,"date":"2024-09-23T12:08:20","date_gmt":"2024-09-23T10:08:20","guid":{"rendered":"http:\/\/localhost:8000\/?page_id=573"},"modified":"2024-11-20T16:56:22","modified_gmt":"2024-11-20T15:56:22","slug":"dokumenty-prawne","status":"publish","type":"page","link":"https:\/\/imgw.pl\/en\/strona-glowna\/dokumenty-prawne\/","title":{"rendered":"Legal documents"},"content":{"rendered":"<p>Podstawowe dokumenty reguluj\u0105ce dzia\u0142alno\u015b\u0107 IMGW-PIB dost\u0119pne s\u0105&nbsp;na \u017cyczenie pod adresem:&nbsp;<a href=\"mailto:biuro.prawne@imgw.pl\">biuro.prawne@imgw.pl<\/a><\/p>\n\n\n\n<p>\u0179r\u00f3d\u0142em prawa na&nbsp;terenie Polski s\u0105&nbsp;akty prawne og\u0142aszane w&nbsp;Dzienniku Urz\u0119dowym UE&nbsp;oraz akty prawne og\u0142aszane zgodnie z&nbsp;ustaw\u0105 z&nbsp;dnia 20&nbsp;lipca 2000 r.&nbsp;o og\u0142aszaniu akt\u00f3w normatywnych i&nbsp;niekt\u00f3rych innych akt\u00f3w prawnych (Dz. U.&nbsp;z 2016 r.&nbsp;poz. 296, z&nbsp;p\u00f3\u017an. zm.). Instytut Meteorologii i&nbsp;Gospodarki Wodnej \u2013&nbsp;Pa\u0144stwowy Instytut Badawczy nie ponosi odpowiedzialno\u015bci za&nbsp;skutki dzia\u0142a\u0144 podj\u0119tych w&nbsp;oparciu o&nbsp;informacje publikowane na&nbsp;stronie internetowej IMGW-PIB.<\/p>\n\n\n\n<p>Tre\u015b\u0107 akt\u00f3w prawnych zamieszczonych na&nbsp;stronie internetowej Instytutu Meteorologii i&nbsp;Gospodarki Wodnej \u2013&nbsp;Pa\u0144stwowy Instytut Badawczy nie jest \u017ar\u00f3d\u0142em prawa.<\/p>","protected":false},"excerpt":{"rendered":"<p>Podstawowe dokumenty reguluj\u0105ce dzia\u0142alno\u015b\u0107 IMGW-PIB dost\u0119pne s\u0105&nbsp;na \u017cyczenie pod adresem:&nbsp;biuro.prawne@imgw.pl \u0179r\u00f3d\u0142em prawa na&nbsp;terenie Polski s\u0105&nbsp;akty prawne og\u0142aszane w&nbsp;Dzienniku Urz\u0119dowym UE&nbsp;oraz akty prawne og\u0142aszane zgodnie z&nbsp;ustaw\u0105 z&nbsp;dnia 20&nbsp;lipca 2000 r.&nbsp;o og\u0142aszaniu akt\u00f3w normatywnych i&nbsp;niekt\u00f3rych innych akt\u00f3w prawnych (Dz. U.&nbsp;z 2016 r.&nbsp;poz. 296, z&nbsp;p\u00f3\u017an. zm.). Instytut Meteorologii i&nbsp;Gospodarki Wodnej \u2013&nbsp;Pa\u0144stwowy Instytut Badawczy nie ponosi odpowiedzialno\u015bci za&nbsp;skutki dzia\u0142a\u0144 [&hellip;]<\/p>\n","protected":false},"author":1,"featured_media":0,"parent":18,"menu_order":0,"comment_status":"closed","ping_status":"closed","template":"","meta":{"footnotes":""},"class_list":["post-573","page","type-page","status-publish","hentry"],"_links":{"self":[{"href":"https:\/\/imgw.pl\/en\/wp-json\/wp\/v2\/pages\/573","targetHints":{"allow":["GET"]}}],"collection":[{"href":"https:\/\/imgw.pl\/en\/wp-json\/wp\/v2\/pages"}],"about":[{"href":"https:\/\/imgw.pl\/en\/wp-json\/wp\/v2\/types\/page"}],"author":[{"embeddable":true,"href":"https:\/\/imgw.pl\/en\/wp-json\/wp\/v2\/users\/1"}],"replies":[{"embeddable":true,"href":"https:\/\/imgw.pl\/en\/wp-json\/wp\/v2\/comments?post=573"}],"version-history":[{"count":3,"href":"https:\/\/imgw.pl\/en\/wp-json\/wp\/v2\/pages\/573\/revisions"}],"predecessor-version":[{"id":2238,"href":"https:\/\/imgw.pl\/en\/wp-json\/wp\/v2\/pages\/573\/revisions\/2238"}],"up":[{"embeddable":true,"href":"https:\/\/imgw.pl\/en\/wp-json\/wp\/v2\/pages\/18"}],"wp:attachment":[{"href":"https:\/\/imgw.pl\/en\/wp-json\/wp\/v2\/media?parent=573"}],"curies":[{"name":"wp","href":"https:\/\/api.w.org\/{rel}","templated":true}]}}