{"id":583,"date":"2024-09-23T12:19:05","date_gmt":"2024-09-23T10:19:05","guid":{"rendered":"http:\/\/localhost:8000\/?page_id=583"},"modified":"2025-10-07T12:31:45","modified_gmt":"2025-10-07T10:31:45","slug":"rada-naukowa","status":"publish","type":"page","link":"https:\/\/imgw.pl\/en\/nauka\/rada-naukowa\/","title":{"rendered":"Scientific council"},"content":{"rendered":"<h2 class=\"wp-block-heading\">Rada Naukowa IMGW-PIB XI&nbsp;kadencji &#8211;&nbsp;cz\u0142onkowie i&nbsp;ich funkcje (2023-2027)<\/h2>\n\n\n\n<p><strong>Przewodnicz\u0105cy<\/strong><br>dr&nbsp;hab. Artur Magnuszewski, prof. UW<\/p>\n\n\n\n<p><strong>Wiceprzewodnicz\u0105cy<\/strong><br>prof. dr&nbsp;hab. in\u017c. Tomasz Walczykiewicz<\/p>\n\n\n\n<p><strong>Wiceprzewodnicz\u0105cy<\/strong><br>dr&nbsp;hab. Jan Szturc, prof. IMGW-PIB<\/p>\n\n\n\n<p><strong>Przewodnicz\u0105ca Komisji ds. Przewod\u00f3w Doktorskich<\/strong><br>dr&nbsp;hab. in\u017c. Tamara Tokarczyk, prof. IMGW-PIB<\/p>\n\n\n\n<p><strong>Wiceprzewodnicz\u0105ca Komisji ds. Przewod\u00f3w Doktorskich<\/strong><br>prof. dr\u00a0hab. in\u017c. Tamara Zalewska<\/p>\n\n\n\n<p><strong>Przewodnicz\u0105cy Komisji ds. Planu i&nbsp;Finans\u00f3w<\/strong><br>dr&nbsp;Leszek O\u015br\u00f3dka<\/p>\n\n\n\n<p><strong>Przewodnicz\u0105cy Komisji ds. Bada\u0144 i Rozwoju<\/strong><br>prof. dr hab. in\u017c. Bogdan Ozga-Zieli\u0144ski<br><br><\/p>\n\n\n\n<p><strong>Cz\u0142onkowie RN IMGW-PIB<\/strong><\/p>\n\n\n\n<ol class=\"wp-block-list\">\n<li>mgr Mateusz Balcerowicz<\/li>\n\n\n\n<li>dr Bogdan Bochenek<\/li>\n\n\n\n<li>mgr Monika Bry\u0142a<\/li>\n\n\n\n<li>dr Anna Cieplok<\/li>\n\n\n\n<li>mgr in\u017c. Grzegorz Dumie\u0144ski<\/li>\n\n\n\n<li>dr in\u017c. Marta Gruszczy\u0144ska<\/li>\n\n\n\n<li>prof. dr hab. Jerzy Hausner<\/li>\n\n\n\n<li>dr hab. Andrzej Jagu\u015b, prof. UBB<\/li>\n\n\n\n<li>prof. dr hab. in\u017c. Bartosz Ka\u017amierczak<\/li>\n\n\n\n<li>dr hab. in\u017c Apoloniusz Kodura, prof. PW<\/li>\n\n\n\n<li>dr Tomasz Krepski<\/li>\n\n\n\n<li>prof. dr hab. In\u017c. Lech \u0141obocki<\/li>\n\n\n\n<li>dr hab. Artur Magnuszewski, prof. UW<\/li>\n\n\n\n<li>prof. dr hab.&nbsp; Szymon Piotr Malinowski<\/li>\n\n\n\n<li>dr Andrzej Mazur<\/li>\n\n\n\n<li>prof. dr hab. in\u017c. Tomasz Okruszko<\/li>\n\n\n\n<li>dr hab. in\u017c. Paulina Orli\u0144ska-Wo\u017aniak, prof. IMGW-PIB<\/li>\n\n\n\n<li>dr Leszek O\u015br\u00f3dka<\/li>\n\n\n\n<li>prof. dr hab. in\u017c. Bogdan Ozga-Zieli\u0144ski<\/li>\n\n\n\n<li>dr hab. Miko\u0142aj Piniewski \u2013 <em>przedstawiciel ministra w\u0142a\u015bciwego <\/em><em>ds. szkolnictwa wy\u017cszego i nauki<\/em><\/li>\n\n\n\n<li>dr in\u017c. Wiwiana Szali\u0144ska<\/li>\n\n\n\n<li>dr hab. Ewa Szali\u0144ska van Overdijk, prof. AGH<\/li>\n\n\n\n<li>dr hab. Jan Szturc, prof. IMGW-PIB<\/li>\n\n\n\n<li>dr hab. Pawe\u0142 Terefenko, prof. US<\/li>\n\n\n\n<li>prof. dr hab. in\u017c. Tamara Tokarczyk<\/li>\n\n\n\n<li>prof. dr hab. in\u017c. Tomasz Walczykiewicz<\/li>\n\n\n\n<li>dr hab. in\u017c. Pawe\u0142 Wilk, prof. IMGW-PIB<\/li>\n\n\n\n<li>dr hab. Andrzej Wyszogrodzki, prof. IMGW-PIB<\/li>\n\n\n\n<li>prof. dr hab. in\u017c. Janusz Zaleski<\/li>\n\n\n\n<li>prof. dr hab. in\u017c. Tamara Zalewska<\/li>\n\n\n\n<li>prof. dr hab. Maciej Zalewski<\/li>\n<\/ol>\n\n\n\n<hr class=\"wp-block-separator has-alpha-channel-opacity\"\/>\n\n\n\n<h2 class=\"wp-block-heading\"><strong>Rada Naukowa IMGW-PIB X&nbsp;kadencji &#8211;&nbsp;cz\u0142onkowie i&nbsp;ich funkcje (2019-2023)&nbsp;<\/strong><\/h2>\n\n\n\n<p><strong>Przewodnicz\u0105cy<\/strong><br>dr&nbsp;hab. Artur Magnuszewski, prof. UW<\/p>\n\n\n\n<p><strong>Wiceprzewodnicz\u0105cy<\/strong><br>prof. dr&nbsp;hab. in\u017c. Tomasz Walczykiewicz<\/p>\n\n\n\n<p><strong>Przewodniczy Komisji ds. Planu i&nbsp;Finans\u00f3w<\/strong><br>dr&nbsp;in\u017c. Mariusz Adynkiewicz-Piragas<\/p>\n\n\n\n<p><strong>Przewodnicz\u0105cy Komisji In\u017cynierii, Gospodarki Wodnej i&nbsp;Jako\u015bci W\u00f3d<\/strong><br>dr&nbsp;hab. in\u017c. Bogdan Ozga-Zieli\u0144ski, prof. IMGW-PIB<\/p>\n\n\n\n<p><strong>Przewodnicz\u0105cy Komisji Meteorologii, Klimatologii i&nbsp;Ochrony Atmosfery<\/strong><br>dr&nbsp;hab. Jan Szturc, prof. IMGW-PIB<\/p>\n\n\n\n<p><strong>Przewodnicz\u0105ca Komisji ds. Hydrologii i&nbsp;Oceanologii<\/strong><br>dr&nbsp;hab. in\u017c. Tamara Tokarczyk, prof. IMGW-PIB<\/p>\n\n\n\n<p><strong>Przewodnicz\u0105cy Komisji ds. Pa\u0144stwowej S\u0142u\u017cby H-M<\/strong><br>dr&nbsp;hab. Andrzej Wyszogrodzki, prof. IMGW-PIB<\/p>\n\n\n\n<p><strong>Cz\u0142onkowie<\/strong><br>prof. dr&nbsp;hab. Kazimierz Banasik<br>dr&nbsp;in\u017c. Ma\u0142gorzata Bogucka-Szymalska<br>dr&nbsp;Marek Chabior&nbsp; &nbsp;<br>mgr&nbsp; Marek Chibowski<br>mgr in\u017c. Przemys\u0142aw Daca<br>dr&nbsp;in\u017c. Piotr Durajczyk<br>dr&nbsp;Ma\u0142gorzata K\u0119pi\u0144ska-Kasprzak<br>dr&nbsp;in\u017c. Aleksander Lisowiec \u2013&nbsp;przedstawiciel MNiSW<br>prof. dr&nbsp;hab. in\u017c. Wojciech Majewski&nbsp;&nbsp; &nbsp;<br>prof. dr&nbsp;hab.&nbsp; Szymon Piotr Malinowski&nbsp;&nbsp; &nbsp;<br>dr&nbsp;hab. in\u017c. Zbigniew Matuszak&nbsp;&nbsp; &nbsp;<br>prof. dr&nbsp;hab. Marian Mokwa&nbsp;&nbsp; &nbsp;<br>prof. dr&nbsp;hab. in\u017c. Tomasz Okruszko&nbsp;&nbsp; &nbsp;<br>dr&nbsp;hab. in\u017c. Paulina Orli\u0144ska-Wo\u017aniak&nbsp;&nbsp;&nbsp;<br>prof. dr&nbsp;hab. in\u017c. Tadeusz Szelangiewicz&nbsp;&nbsp;&nbsp;&nbsp;<br>dr&nbsp;Grzegorz Urban&nbsp;&nbsp; &nbsp;<br>dr&nbsp;hab. in\u017c. Miros\u0142aw Wiatkowski<br>dr&nbsp;hab. in\u017c. Pawe\u0142 Wilk&nbsp;&nbsp; &nbsp;<br>dr&nbsp;Krzysztof Wo\u015b<\/p>\n\n\n\n<h3 class=\"wp-block-heading\"><a href=\"http:\/\/bip.imgw.pl\/organizacja\/struktura-organizacyjna\/rada-naukowa\/publiczne-obrony-rozpraw-doktorskich\/\">Informacje o&nbsp;publicznych&nbsp;obronach&nbsp;rozpraw doktorskich znajduj\u0105 si\u0119 w&nbsp;Biuletynie Informacji Publicznej IMGW-PIB&nbsp;&gt;&gt;<\/a><\/h3>\n\n\n\n<h3 class=\"wp-block-heading\"><a href=\"https:\/\/bip.imgw.pl\/organizacja\/struktura-organizacyjna\/rada-naukowa\/habilitacje\/\">Informacje o&nbsp;o przewodach habilitacyjnych znajduj\u0105 si\u0119 w&nbsp;Biuletynie Informacji Publicznej IMGW-PIB&nbsp;&gt;&gt;<\/a><\/h3>","protected":false},"excerpt":{"rendered":"<p>Rada Naukowa IMGW-PIB XI&nbsp;kadencji &#8211;&nbsp;cz\u0142onkowie i&nbsp;ich funkcje (2023-2027) Przewodnicz\u0105cydr&nbsp;hab. Artur Magnuszewski, prof. UW Wiceprzewodnicz\u0105cyprof. dr&nbsp;hab. in\u017c. Tomasz Walczykiewicz Wiceprzewodnicz\u0105cydr&nbsp;hab. Jan Szturc, prof. IMGW-PIB Przewodnicz\u0105ca Komisji ds. Przewod\u00f3w Doktorskichdr&nbsp;hab. in\u017c. Tamara Tokarczyk, prof. IMGW-PIB Wiceprzewodnicz\u0105ca Komisji ds. Przewod\u00f3w Doktorskichprof. dr\u00a0hab. in\u017c. Tamara Zalewska Przewodnicz\u0105cy Komisji ds. Planu i&nbsp;Finans\u00f3wdr&nbsp;Leszek O\u015br\u00f3dka Przewodnicz\u0105cy Komisji ds. Bada\u0144 i Rozwojuprof. dr [&hellip;]<\/p>","protected":false},"author":1,"featured_media":0,"parent":575,"menu_order":0,"comment_status":"closed","ping_status":"closed","template":"","meta":{"footnotes":""},"class_list":["post-583","page","type-page","status-publish","hentry"],"_links":{"self":[{"href":"https:\/\/imgw.pl\/en\/wp-json\/wp\/v2\/pages\/583","targetHints":{"allow":["GET"]}}],"collection":[{"href":"https:\/\/imgw.pl\/en\/wp-json\/wp\/v2\/pages"}],"about":[{"href":"https:\/\/imgw.pl\/en\/wp-json\/wp\/v2\/types\/page"}],"author":[{"embeddable":true,"href":"https:\/\/imgw.pl\/en\/wp-json\/wp\/v2\/users\/1"}],"replies":[{"embeddable":true,"href":"https:\/\/imgw.pl\/en\/wp-json\/wp\/v2\/comments?post=583"}],"version-history":[{"count":9,"href":"https:\/\/imgw.pl\/en\/wp-json\/wp\/v2\/pages\/583\/revisions"}],"predecessor-version":[{"id":22296,"href":"https:\/\/imgw.pl\/en\/wp-json\/wp\/v2\/pages\/583\/revisions\/22296"}],"up":[{"embeddable":true,"href":"https:\/\/imgw.pl\/en\/wp-json\/wp\/v2\/pages\/575"}],"wp:attachment":[{"href":"https:\/\/imgw.pl\/en\/wp-json\/wp\/v2\/media?parent=583"}],"curies":[{"name":"wp","href":"https:\/\/api.w.org\/{rel}","templated":true}]}}