{"id":585,"date":"2024-09-23T12:19:21","date_gmt":"2024-09-23T10:19:21","guid":{"rendered":"http:\/\/localhost:8000\/?page_id=585"},"modified":"2024-10-18T11:56:53","modified_gmt":"2024-10-18T09:56:53","slug":"partnerzy-naukowi","status":"publish","type":"page","link":"https:\/\/imgw.pl\/en\/nauka\/partnerzy-naukowi\/","title":{"rendered":"Scientific partners"},"content":{"rendered":"<div class=\"wp-block-group has-global-padding is-layout-constrained wp-block-group-is-layout-constrained\">\n<div class=\"wp-block-group is-layout-grid wp-container-core-group-is-layout-795d4686 wp-block-group-is-layout-grid\">\n<div class=\"wp-block-group is-vertical is-layout-flex wp-container-core-group-is-layout-fe9cc265 wp-block-group-is-layout-flex\">\n<p><strong>Pa\u0144stwowa Wy\u017csza Szko\u0142a Zawodowa w\u00a0Nowym S\u0105czu<\/strong><\/p>\n\n\n\n<p><a href=\"http:\/\/www.pwsz-ns.edu.pl\/\">http:\/\/www.pwsz-ns.edu.pl\/<\/a><\/p>\n<\/div>\n\n\n\n<div class=\"wp-block-group is-vertical is-layout-flex wp-container-core-group-is-layout-fe9cc265 wp-block-group-is-layout-flex\">\n<p><strong>Instytut Botaniki im. W\u0142adys\u0142awa Szafera Polskiej Akademii Nauk<\/strong><\/p>\n\n\n\n<p><a href=\"https:\/\/botany.pl\/index.php\/pl\">https:\/\/botany.pl\/index.php\/pl<\/a><\/p>\n<\/div>\n\n\n\n<div class=\"wp-block-group wp-container-content-014ddb17 is-vertical is-layout-flex wp-container-core-group-is-layout-fe9cc265 wp-block-group-is-layout-flex\">\n<p><strong>Lotnicza Akademia Wojskowa<\/strong><\/p>\n\n\n\n<p><a href=\"https:\/\/www.law.mil.pl\">https:\/\/www.law.mil.pl<\/a><\/p>\n<\/div>\n\n\n\n<div class=\"wp-block-group is-vertical is-layout-flex wp-container-core-group-is-layout-fe9cc265 wp-block-group-is-layout-flex\">\n<p><strong>Uniwersytet Pedagogiczny im. Komisji Edukacji Narodowej<\/strong><\/p>\n\n\n\n<p><a href=\"http:\/\/www.up.krakow.pl\/\">http:\/\/www.up.krakow.pl\/<\/a><\/p>\n<\/div>\n\n\n\n<div class=\"wp-block-group is-vertical is-layout-flex wp-container-core-group-is-layout-fe9cc265 wp-block-group-is-layout-flex\">\n<p><strong>Politechnika Wroc\u0142awska<\/strong><\/p>\n\n\n\n<p><a href=\"https:\/\/pwr.edu.pl\">https:\/\/pwr.edu.pl<\/a><\/p>\n<\/div>\n\n\n\n<div class=\"wp-block-group is-vertical is-layout-flex wp-container-core-group-is-layout-fe9cc265 wp-block-group-is-layout-flex\">\n<p><strong>Akademia G\u00f3rniczo-Hutnicza im. Stanis\u0142awa Staszica w\u00a0Krakowie<\/strong><\/p>\n\n\n\n<p><a href=\"https:\/\/www.agh.edu.pl\">https:\/\/www.agh.edu.pl<\/a><\/p>\n<\/div>\n\n\n\n<div class=\"wp-block-group is-vertical is-layout-flex wp-container-core-group-is-layout-fe9cc265 wp-block-group-is-layout-flex\">\n<p><strong>Krakowska Akademia im. Andrzeja Frycza Modrzewskiego<\/strong><\/p>\n\n\n\n<p><a href=\"https:\/\/www.ka.edu.pl\">https:\/\/www.ka.edu.pl<\/a><\/p>\n<\/div>\n\n\n\n<div class=\"wp-block-group is-vertical is-layout-flex wp-container-core-group-is-layout-fe9cc265 wp-block-group-is-layout-flex\">\n<p><strong>Uniwersytet Zielonog\u00f3rski<\/strong><\/p>\n\n\n\n<p><a href=\"http:\/\/www.uz.zgora.pl\/\">http:\/\/www.uz.zgora.pl\/<\/a><\/p>\n<\/div>\n\n\n\n<div class=\"wp-block-group is-vertical is-layout-flex wp-container-core-group-is-layout-fe9cc265 wp-block-group-is-layout-flex\">\n<p><strong>Zachodniopomorski Uniwersytet Technologiczny w\u00a0Szczecinie<\/strong><\/p>\n\n\n\n<p><a href=\"http:\/\/www.zut.edu.pl\/\">http:\/\/www.zut.edu.pl\/<\/a><\/p>\n<\/div>\n\n\n\n<div class=\"wp-block-group is-vertical is-layout-flex wp-container-core-group-is-layout-fe9cc265 wp-block-group-is-layout-flex\">\n<p><strong>Uniwersytet Rzeszowski<\/strong><\/p>\n\n\n\n<p><a href=\"http:\/\/www.ur.edu.pl\/\">http:\/\/www.ur.edu.pl\/<\/a><\/p>\n<\/div>\n\n\n\n<div class=\"wp-block-group is-vertical is-layout-flex wp-container-core-group-is-layout-fe9cc265 wp-block-group-is-layout-flex\">\n<p><strong>Uniwersytet Warmi\u0144sko-Mazurski w\u00a0Olsztynie<\/strong><\/p>\n\n\n\n<p><a href=\"http:\/\/www.uwm.edu.pl\/\">http:\/\/www.uwm.edu.pl\/<\/a><\/p>\n<\/div>\n\n\n\n<div class=\"wp-block-group is-vertical is-layout-flex wp-container-core-group-is-layout-fe9cc265 wp-block-group-is-layout-flex\">\n<p><strong>Instytut W\u0142\u00f3kien Naturalnych i\u00a0Ro\u015blin Zielarskich w\u00a0Poznaniu<\/strong><\/p>\n\n\n\n<p><a href=\"https:\/\/www.iwnirz.pl\">https:\/\/www.iwnirz.pl<\/a><\/p>\n<\/div>\n\n\n\n<div class=\"wp-block-group is-vertical is-layout-flex wp-container-core-group-is-layout-fe9cc265 wp-block-group-is-layout-flex\">\n<p><strong>Pa\u0144stwowa Wy\u017csza Szko\u0142a Zawodowa im. Stanis\u0142awa Pigonia w\u00a0Kro\u015bnie<\/strong><\/p>\n\n\n\n<p><a href=\"http:\/\/www.pwsz.krosno.pl\/\">http:\/\/www.pwsz.krosno.pl\/<\/a><\/p>\n<\/div>\n\n\n\n<div class=\"wp-block-group is-vertical is-layout-flex wp-container-core-group-is-layout-fe9cc265 wp-block-group-is-layout-flex\">\n<p><strong>Politechnika \u015awi\u0119tokrzyska w\u00a0Kielcach<\/strong><\/p>\n\n\n\n<p><a href=\"https:\/\/tu.kielce.pl\/\">https:\/\/tu.kielce.pl\/<\/a><\/p>\n<\/div>\n\n\n\n<div class=\"wp-block-group is-vertical is-layout-flex wp-container-core-group-is-layout-fe9cc265 wp-block-group-is-layout-flex\">\n<p><strong>Politechnika Warszawska<\/strong><\/p>\n\n\n\n<p><a href=\"https:\/\/www.pw.edu.pl\">https:\/\/www.pw.edu.pl<\/a><\/p>\n<\/div>\n\n\n\n<div class=\"wp-block-group is-vertical is-layout-flex wp-container-core-group-is-layout-fe9cc265 wp-block-group-is-layout-flex\">\n<p><strong>Politechnika Cz\u0119stochowska<\/strong><\/p>\n\n\n\n<p><a href=\"https:\/\/www.pcz.pl\">https:\/\/www.pcz.pl<\/a><\/p>\n<\/div>\n\n\n\n<div class=\"wp-block-group is-vertical is-layout-flex wp-container-core-group-is-layout-fe9cc265 wp-block-group-is-layout-flex\">\n<p><strong>Uniwersytet Miko\u0142aja Kopernika w\u00a0Toruniu<\/strong><\/p>\n\n\n\n<p><a href=\"https:\/\/www.umk.pl\">https:\/\/www.umk.pl<\/a><\/p>\n<\/div>\n\n\n\n<div class=\"wp-block-group is-vertical is-layout-flex wp-container-core-group-is-layout-fe9cc265 wp-block-group-is-layout-flex\">\n<p><strong>Instytut Geofizyki PAN<\/strong><\/p>\n\n\n\n<p><a href=\"https:\/\/www.igf.edu.pl\">https:\/\/www.igf.edu.pl<\/a><\/p>\n<\/div>\n\n\n\n<div class=\"wp-block-group is-vertical is-layout-flex wp-container-core-group-is-layout-fe9cc265 wp-block-group-is-layout-flex\">\n<p><strong>Politechnika \u015al\u0105ska w\u00a0Gliwicach<\/strong><\/p>\n\n\n\n<p><a href=\"https:\/\/www.polsl.pl\">https:\/\/www.polsl.pl<\/a><\/p>\n<\/div>\n\n\n\n<div class=\"wp-block-group is-vertical is-layout-flex wp-container-core-group-is-layout-fe9cc265 wp-block-group-is-layout-flex\">\n<p><strong>Instytut Psychiatrii i\u00a0Neurologii w\u00a0Warszawie<\/strong><\/p>\n\n\n\n<p><a href=\"http:\/\/www.ipin.edu.pl\/\">http:\/\/www.ipin.edu.pl\/<\/a><\/p>\n<\/div>\n\n\n\n<div class=\"wp-block-group is-vertical is-layout-flex wp-container-core-group-is-layout-fe9cc265 wp-block-group-is-layout-flex\">\n<p><strong>Uniwersytet Wroc\u0142awski we\u00a0Wroc\u0142awiu<\/strong><\/p>\n\n\n\n<p><a href=\"https:\/\/uni.wroc.pl\">https:\/\/uni.wroc.pl<\/a><\/p>\n<\/div>\n\n\n\n<div class=\"wp-block-group is-vertical is-layout-flex wp-container-core-group-is-layout-fe9cc265 wp-block-group-is-layout-flex\">\n<p><strong>Uniwersytet Technologiczno-Przyrodniczy im. Jana i\u00a0J\u0119drzeja \u015aniadeckich<\/strong><\/p>\n\n\n\n<p><a href=\"http:\/\/www.utp.edu.pl\/pl\/\">http:\/\/www.utp.edu.pl\/pl\/<\/a><\/p>\n<\/div>\n\n\n\n<div class=\"wp-block-group is-vertical is-layout-flex wp-container-core-group-is-layout-fe9cc265 wp-block-group-is-layout-flex\">\n<p><strong>Politechnika Gda\u0144ska\u00a0<\/strong><\/p>\n\n\n\n<p><a href=\"https:\/\/pg.edu.pl\">https:\/\/pg.edu.pl<\/a><\/p>\n<\/div>\n\n\n\n<div class=\"wp-block-group is-vertical is-layout-flex wp-container-core-group-is-layout-fe9cc265 wp-block-group-is-layout-flex\">\n<p><strong>Instytut \u015arodowiska Rolniczego i\u00a0Le\u015bnego PAN<\/strong><\/p>\n\n\n\n<p><a href=\"http:\/\/www.isrl.poznan.pl\/pl\/\">http:\/\/www.isrl.poznan.pl\/pl\/<\/a><\/p>\n<\/div>\n\n\n\n<div class=\"wp-block-group is-vertical is-layout-flex wp-container-core-group-is-layout-fe9cc265 wp-block-group-is-layout-flex\">\n<p><strong>Instytut Technologiczno-Przyrodniczy w\u00a0Falentach<\/strong><\/p>\n\n\n\n<p><a href=\"http:\/\/www.itep.edu.pl\/\">http:\/\/www.itep.edu.pl\/<\/a><\/p>\n<\/div>\n\n\n\n<div class=\"wp-block-group is-vertical is-layout-flex wp-container-core-group-is-layout-fe9cc265 wp-block-group-is-layout-flex\">\n<p><strong>Instytut Ochrony Przyrody Polska Akademia Nauk w\u00a0Krakowie<\/strong><\/p>\n\n\n\n<p><a href=\"http:\/\/www.iop.krakow.pl\/\">http:\/\/www.iop.krakow.pl\/<\/a><\/p>\n<\/div>\n\n\n\n<div class=\"wp-block-group is-vertical is-layout-flex wp-container-core-group-is-layout-fe9cc265 wp-block-group-is-layout-flex\">\n<p><strong>Instytut Medycyny Pracy im. prof. dr\u00a0med. Jerzego Nofera<\/strong><\/p>\n\n\n\n<p><a href=\"http:\/\/www.imp.lodz.pl\/\">http:\/\/www.imp.lodz.pl\/<\/a><\/p>\n<\/div>\n\n\n\n<div class=\"wp-block-group is-vertical is-layout-flex wp-container-core-group-is-layout-fe9cc265 wp-block-group-is-layout-flex\">\n<p><strong>Instytut Dendrologii Polskiej Akademii Nauk w\u00a0K\u00f3rniku<\/strong><\/p>\n\n\n\n<p><a href=\"http:\/\/www.idpan.poznan.pl\/\">http:\/\/www.idpan.poznan.pl\/<\/a><\/p>\n<\/div>\n\n\n\n<div class=\"wp-block-group is-vertical is-layout-flex wp-container-core-group-is-layout-fe9cc265 wp-block-group-is-layout-flex\">\n<p><strong>Uniwersytet Ekonomiczny we\u00a0Wroc\u0142awiu<\/strong><\/p>\n\n\n\n<p><a href=\"http:\/\/www.ue.wroc.pl\/\">http:\/\/www.ue.wroc.pl\/<\/a><\/p>\n<\/div>\n\n\n\n<div class=\"wp-block-group is-vertical is-layout-flex wp-container-core-group-is-layout-fe9cc265 wp-block-group-is-layout-flex\">\n<p><strong>Politechnika Bia\u0142ostocka w\u00a0Bia\u0142ymstoku<\/strong><\/p>\n\n\n\n<p><a href=\"https:\/\/www.pb.edu.pl\/\">https:\/\/www.pb.edu.pl\/<\/a><\/p>\n<\/div>\n\n\n\n<div class=\"wp-block-group is-vertical is-layout-flex wp-container-core-group-is-layout-fe9cc265 wp-block-group-is-layout-flex\">\n<p><strong>Uniwersytet Szczeci\u0144ski Wydzia\u0142 Nauk o\u00a0Ziemi<\/strong><\/p>\n\n\n\n<p><a href=\"https:\/\/www.usz.edu.pl\/\">https:\/\/www.usz.edu.pl\/<\/a><\/p>\n<\/div>\n\n\n\n<div class=\"wp-block-group is-vertical is-layout-flex wp-container-core-group-is-layout-fe9cc265 wp-block-group-is-layout-flex\">\n<p><strong>Uniwersytet Warszawski<\/strong><\/p>\n\n\n\n<p><a href=\"https:\/\/www.uw.edu.pl\/\">https:\/\/www.uw.edu.pl\/<\/a><\/p>\n<\/div>\n\n\n\n<div class=\"wp-block-group is-vertical is-layout-flex wp-container-core-group-is-layout-fe9cc265 wp-block-group-is-layout-flex\">\n<p><strong>Uniwersytet Przyrodniczo-humanistyczny w\u00a0Siedlcach<\/strong><\/p>\n\n\n\n<p><a href=\"https:\/\/www.uph.edu.pl\">https:\/\/www.uph.edu.pl<\/a><\/p>\n<\/div>\n\n\n\n<div class=\"wp-block-group is-vertical is-layout-flex wp-container-core-group-is-layout-fe9cc265 wp-block-group-is-layout-flex\">\n<p><strong>Uniwersytet Rolniczy im. H.\u00a0Ko\u0142\u0142\u0105taja w\u00a0Krakowie<\/strong><\/p>\n\n\n\n<p><a href=\"https:\/\/urk.edu.pl\">https:\/\/urk.edu.pl<\/a><\/p>\n<\/div>\n\n\n\n<div class=\"wp-block-group is-vertical is-layout-flex wp-container-core-group-is-layout-fe9cc265 wp-block-group-is-layout-flex\">\n<p><strong>Uniwersytet Przyrodniczy w\u00a0Poznaniu<\/strong><\/p>\n\n\n\n<p><a href=\"https:\/\/skylark.up.poznan.pl\">https:\/\/skylark.up.poznan.pl<\/a><\/p>\n<\/div>\n\n\n\n<div class=\"wp-block-group is-vertical is-layout-flex wp-container-core-group-is-layout-fe9cc265 wp-block-group-is-layout-flex\">\n<p><strong>Uniwersytet Gda\u0144ski<\/strong><\/p>\n\n\n\n<p><a href=\"https:\/\/ug.edu.pl\">https:\/\/ug.edu.pl<\/a><\/p>\n<\/div>\n\n\n\n<div class=\"wp-block-group is-vertical is-layout-flex wp-container-core-group-is-layout-fe9cc265 wp-block-group-is-layout-flex\">\n<p><strong>Akademia Pomorska w\u00a0S\u0142upsku<\/strong><\/p>\n\n\n\n<p><a href=\"https:\/\/www.apsl.edu.pl\">https:\/\/www.apsl.edu.pl<\/a><\/p>\n<\/div>\n\n\n\n<div class=\"wp-block-group is-vertical is-layout-flex wp-container-core-group-is-layout-fe9cc265 wp-block-group-is-layout-flex\">\n<p><strong>Politechnika Rzeszowska im. Ignacego \u0141ukasiewicza<\/strong><\/p>\n\n\n\n<p><a href=\"https:\/\/w.prz.edu.pl\">https:\/\/w.prz.edu.pl<\/a><\/p>\n<\/div>\n\n\n\n<div class=\"wp-block-group is-vertical is-layout-flex wp-container-core-group-is-layout-fe9cc265 wp-block-group-is-layout-flex\">\n<p><strong>Politechnika Pozna\u0144ska<\/strong><\/p>\n\n\n\n<p><a href=\"https:\/\/www.put.poznan.pl\">https:\/\/www.put.poznan.pl<\/a><\/p>\n<\/div>\n\n\n\n<div class=\"wp-block-group is-vertical is-layout-flex wp-container-core-group-is-layout-fe9cc265 wp-block-group-is-layout-flex\">\n<p><strong>Uniwersytet Przyrodniczy w\u00a0Lublinie<\/strong><\/p>\n\n\n\n<p><a href=\"https:\/\/www.up.lublin.pl\/\">https:\/\/www.up.lublin.pl\/<\/a><\/p>\n<\/div>\n\n\n\n<div class=\"wp-block-group is-vertical is-layout-flex wp-container-core-group-is-layout-fe9cc265 wp-block-group-is-layout-flex\">\n<p><strong>Instytut Geografii i\u00a0Przestrzennego Zagospodarowania im. St. Leszczyckiego PAN w\u00a0Warszawie<\/strong><\/p>\n\n\n\n<p><a href=\"https:\/\/www.igipz.pan.pl\">https:\/\/www.igipz.pan.pl<\/a><\/p>\n<\/div>\n\n\n\n<div class=\"wp-block-group is-vertical is-layout-flex wp-container-core-group-is-layout-fe9cc265 wp-block-group-is-layout-flex\">\n<p><strong>Szko\u0142a G\u0142\u00f3wna Gospodarstwa Wiejskiego w\u00a0Warszawie<\/strong><\/p>\n\n\n\n<p><a href=\"http:\/\/www.sggw.pl\/\">http:\/\/www.sggw.pl\/<\/a><\/p>\n<\/div>\n\n\n\n<div class=\"wp-block-group is-vertical is-layout-flex wp-container-core-group-is-layout-fe9cc265 wp-block-group-is-layout-flex\">\n<p><strong>Politechnika Opolska w\u00a0Opolu<\/strong><\/p>\n\n\n\n<p><a href=\"https:\/\/www.po.opole.pl\">https:\/\/www.po.opole.pl<\/a><\/p>\n<\/div>\n\n\n\n<div class=\"wp-block-group is-vertical is-layout-flex wp-container-core-group-is-layout-fe9cc265 wp-block-group-is-layout-flex\">\n<p><strong>Centrum Bada\u0144 Ekologicznych PAN w\u00a0Dziekanowie Le\u015bnym<\/strong><\/p>\n\n\n\n<p><a href=\"http:\/\/www.cbe-pan.pl\/\">http:\/\/www.cbe-pan.pl\/<\/a><\/p>\n<\/div>\n\n\n\n<div class=\"wp-block-group is-vertical is-layout-flex wp-container-core-group-is-layout-fe9cc265 wp-block-group-is-layout-flex\">\n<p><strong>Uniwersytet \u0141\u00f3dzki w\u00a0\u0141odzi\u00a0<\/strong><\/p>\n\n\n\n<p><a href=\"https:\/\/www.uni.lodz.pl\">https:\/\/www.uni.lodz.pl<\/a><\/p>\n<\/div>\n\n\n\n<div class=\"wp-block-group is-vertical is-layout-flex wp-container-core-group-is-layout-fe9cc265 wp-block-group-is-layout-flex\">\n<p><strong>Akademia Morska w\u00a0Szczecinie<\/strong><\/p>\n\n\n\n<p><a href=\"https:\/\/www.am.szczecin.pl\">https:\/\/www.am.szczecin.pl<\/a><\/p>\n<\/div>\n\n\n\n<div class=\"wp-block-group is-vertical is-layout-flex wp-container-core-group-is-layout-fe9cc265 wp-block-group-is-layout-flex\">\n<p><strong>Uniwersytet Jagiello\u0144ski w\u00a0Krakowie<\/strong><\/p>\n\n\n\n<p><a href=\"https:\/\/www.uj.edu.pl\/\">www.uj.edu.pl\/<\/a><\/p>\n<\/div>\n\n\n\n<div class=\"wp-block-group is-vertical is-layout-flex wp-container-core-group-is-layout-fe9cc265 wp-block-group-is-layout-flex\">\n<p><strong>Uniwersytet Adama Mickiewicza w\u00a0Poznaniu<\/strong><\/p>\n\n\n\n<p><a href=\"https:\/\/amu.edu.pl\">https:\/\/amu.edu.pl<\/a><\/p>\n<\/div>\n\n\n\n<div class=\"wp-block-group is-vertical is-layout-flex wp-container-core-group-is-layout-fe9cc265 wp-block-group-is-layout-flex\">\n<p><strong>Uniwersytet Przyrodniczy we\u00a0Wroc\u0142awiu<\/strong><\/p>\n\n\n\n<p><a href=\"http:\/\/www.upwr.edu.pl\/\">www.upwr.edu.pl\/<\/a><\/p>\n<\/div>\n\n\n\n<div class=\"wp-block-group is-vertical is-layout-flex wp-container-core-group-is-layout-fe9cc265 wp-block-group-is-layout-flex\">\n<p><strong>Instytut Ekologii Teren\u00f3w Uprzemys\u0142owionych w\u00a0Katowicach<\/strong><\/p>\n\n\n\n<p><a href=\"https:\/\/ietu.pl\/\">ietu.pl<\/a><\/p>\n<\/div>\n\n\n\n<div class=\"wp-block-group is-vertical is-layout-flex wp-container-core-group-is-layout-fe9cc265 wp-block-group-is-layout-flex\">\n<p><strong>Uniwersytet Marii Sk\u0142odowskiej-Curie w\u00a0Lublinie<\/strong><\/p>\n\n\n\n<p><a href=\"https:\/\/www.umcs.pl\/\">www.umcs.pl<\/a><\/p>\n<\/div>\n<\/div>\n<\/div>","protected":false},"excerpt":{"rendered":"<p>Pa\u0144stwowa Wy\u017csza Szko\u0142a Zawodowa w\u00a0Nowym S\u0105czu http:\/\/www.pwsz-ns.edu.pl\/ Instytut Botaniki im. W\u0142adys\u0142awa Szafera Polskiej Akademii Nauk https:\/\/botany.pl\/index.php\/pl Lotnicza Akademia Wojskowa https:\/\/www.law.mil.pl Uniwersytet Pedagogiczny im. Komisji Edukacji Narodowej http:\/\/www.up.krakow.pl\/ Politechnika Wroc\u0142awska https:\/\/pwr.edu.pl Akademia G\u00f3rniczo-Hutnicza im. Stanis\u0142awa Staszica w\u00a0Krakowie https:\/\/www.agh.edu.pl Krakowska Akademia im. Andrzeja Frycza Modrzewskiego https:\/\/www.ka.edu.pl Uniwersytet Zielonog\u00f3rski http:\/\/www.uz.zgora.pl\/ Zachodniopomorski Uniwersytet Technologiczny w\u00a0Szczecinie http:\/\/www.zut.edu.pl\/ Uniwersytet Rzeszowski http:\/\/www.ur.edu.pl\/ [&hellip;]<\/p>","protected":false},"author":1,"featured_media":0,"parent":575,"menu_order":0,"comment_status":"closed","ping_status":"closed","template":"","meta":{"footnotes":""},"class_list":["post-585","page","type-page","status-publish","hentry"],"_links":{"self":[{"href":"https:\/\/imgw.pl\/en\/wp-json\/wp\/v2\/pages\/585","targetHints":{"allow":["GET"]}}],"collection":[{"href":"https:\/\/imgw.pl\/en\/wp-json\/wp\/v2\/pages"}],"about":[{"href":"https:\/\/imgw.pl\/en\/wp-json\/wp\/v2\/types\/page"}],"author":[{"embeddable":true,"href":"https:\/\/imgw.pl\/en\/wp-json\/wp\/v2\/users\/1"}],"replies":[{"embeddable":true,"href":"https:\/\/imgw.pl\/en\/wp-json\/wp\/v2\/comments?post=585"}],"version-history":[{"count":12,"href":"https:\/\/imgw.pl\/en\/wp-json\/wp\/v2\/pages\/585\/revisions"}],"predecessor-version":[{"id":1531,"href":"https:\/\/imgw.pl\/en\/wp-json\/wp\/v2\/pages\/585\/revisions\/1531"}],"up":[{"embeddable":true,"href":"https:\/\/imgw.pl\/en\/wp-json\/wp\/v2\/pages\/575"}],"wp:attachment":[{"href":"https:\/\/imgw.pl\/en\/wp-json\/wp\/v2\/media?parent=585"}],"curies":[{"name":"wp","href":"https:\/\/api.w.org\/{rel}","templated":true}]}}