{"id":591,"date":"2024-09-23T12:20:11","date_gmt":"2024-09-23T10:20:11","guid":{"rendered":"http:\/\/localhost:8000\/?page_id=591"},"modified":"2025-01-28T10:46:39","modified_gmt":"2025-01-28T09:46:39","slug":"biblioteka-imgw-pib","status":"publish","type":"page","link":"https:\/\/imgw.pl\/en\/nauka\/biblioteka-imgw-pib\/","title":{"rendered":"IMGW-PIB Library"},"content":{"rendered":"<h2 class=\"wp-block-heading\">Biblioteka mie\u015bci si\u0119 w&nbsp;budynku Instytutu w&nbsp;Warszawie. Ksi\u0119gozbi\u00f3r zawiera og\u00f3\u0142em 89.070 wolumin\u00f3w, w&nbsp;tym:<\/h2>\n\n\n\n<ul class=\"wp-block-list\">\n<li><strong>33.527 ksi\u0105\u017cek<\/strong><\/li>\n\n\n\n<li><strong>55.543 czasopism i magazyn\u00f3w<\/strong><\/li>\n\n\n\n<li><strong>9.569 r\u0119kopis\u00f3w<\/strong><\/li>\n\n\n\n<li><strong>303 mikroformy<\/strong><\/li>\n\n\n\n<li><strong>165 materia\u0142\u00f3w audiowizualnych;<\/strong><\/li>\n\n\n\n<li><strong>3.317 inne elementy<\/strong><br>&nbsp;<\/li>\n<\/ul>\n\n\n\n<p>Biblioteka udost\u0119pnia na&nbsp;miejscu ponad 3.000 tytu\u0142\u00f3w czasopism polskich i&nbsp;mi\u0119dzynarodowych z&nbsp;zakresu takich dziedzin jak: meteorologia, klimatologia, hydrologia, hydrotechnika, in\u017cynieria wodna, oceanografia, ochrona i&nbsp;in\u017cynieria \u015brodowiska i&nbsp;wiele innych.<\/p>\n\n\n\n<p>Biblioteka IMGW-PIB korzysta z&nbsp;zasob\u00f3w Wirtualnej Nauki. Czytelnicy za&nbsp;po\u015brednictwem komputer\u00f3w w&nbsp;czytelni maj\u0105 dost\u0119p elektroniczny do&nbsp;11 tytu\u0142\u00f3w czasopism oraz dw\u00f3ch obszernych baz abstrakt\u00f3w i&nbsp;czasopism naukowych \u2013&nbsp;\u201eMeteorological &amp; Geoastrophysical Abstracts oraz Water Resources Abstracts\u201d, b\u0119d\u0105cych cz\u0119\u015bci\u0105 kolekcji \u201eProQuest Natural Science Collection\u201d. Baza ta&nbsp;oferuje wgl\u0105d do&nbsp;ponad 2.000 tytu\u0142\u00f3w pe\u0142notekstowych z&nbsp;dziedziny nauk przyrodniczych.<\/p>\n\n\n\n<p>Biblioteka IMGW-PIB ma&nbsp;w swoich zbiorach unikalne publikacje wydane przed 1945 rokiem, w&nbsp;tym najstarsz\u0105 ksi\u0105\u017ck\u0119 w&nbsp;kolekcji z&nbsp;1776 roku pod tytu\u0142em \u201eAusfuhrlichere Abhandlung der hydrotechnik ober des Wasserbaues\u201d. Zbi\u00f3r wolumin\u00f3w historycznych zawiera g\u0142\u00f3wnie ksi\u0105\u017cki niemieckie, ale r\u00f3wnie\u017c ameryka\u0144skie, polskie i&nbsp;rosyjskie \u2013&nbsp;\u0142\u0105cznie 248 pozycji.<\/p>\n\n\n\n<p>Zapraszamy do&nbsp;korzystania z&nbsp;zasob\u00f3w biblioteki w&nbsp;dni robocze tygodnia, od&nbsp;godziny 9&nbsp;do&nbsp;14. lub wypo\u017cyczaj\u0105c je&nbsp;na rewersy, tak\u017ce mi\u0119dzybiblioteczne.<\/p>\n\n\n\n<p><strong>Dodatkowo zapraszamy do&nbsp;bibliotek digitalowych:<\/strong><br><strong>Sowa<\/strong>&nbsp;<a href=\"https:\/\/imgw.sowa.pl\/\" target=\"_blank\" rel=\"noreferrer noopener\">https:\/\/imgw.sowa.pl\/<\/a><br><strong>wBibliotecePL<\/strong>&nbsp;<a href=\"https:\/\/w.bibliotece.pl\/search\/?q=IMGW\" target=\"_blank\" rel=\"noreferrer noopener\">https:\/\/w.bibliotece.pl\/search\/?q=IMGW<\/a><\/p>\n\n\n\n<p>Kontakt:<br>T.\u00a0 +48 22\u00a0569 45\u00a019, 511-889-594 i 511-889-588<br>E.\u00a0<a href=\"mailto:biblioteka@imgw.pl\">biblioteka@imgw.pl<\/a><\/p>","protected":false},"excerpt":{"rendered":"<p>Biblioteka mie\u015bci si\u0119 w&nbsp;budynku Instytutu w&nbsp;Warszawie. Ksi\u0119gozbi\u00f3r zawiera og\u00f3\u0142em 89.070 wolumin\u00f3w, w&nbsp;tym: Biblioteka udost\u0119pnia na&nbsp;miejscu ponad 3.000 tytu\u0142\u00f3w czasopism polskich i&nbsp;mi\u0119dzynarodowych z&nbsp;zakresu takich dziedzin jak: meteorologia, klimatologia, hydrologia, hydrotechnika, in\u017cynieria wodna, oceanografia, ochrona i&nbsp;in\u017cynieria \u015brodowiska i&nbsp;wiele innych. Biblioteka IMGW-PIB korzysta z&nbsp;zasob\u00f3w Wirtualnej Nauki. Czytelnicy za&nbsp;po\u015brednictwem komputer\u00f3w w&nbsp;czytelni maj\u0105 dost\u0119p elektroniczny do&nbsp;11 tytu\u0142\u00f3w czasopism oraz dw\u00f3ch [&hellip;]<\/p>","protected":false},"author":1,"featured_media":0,"parent":575,"menu_order":0,"comment_status":"closed","ping_status":"closed","template":"","meta":{"footnotes":""},"class_list":["post-591","page","type-page","status-publish","hentry"],"_links":{"self":[{"href":"https:\/\/imgw.pl\/en\/wp-json\/wp\/v2\/pages\/591","targetHints":{"allow":["GET"]}}],"collection":[{"href":"https:\/\/imgw.pl\/en\/wp-json\/wp\/v2\/pages"}],"about":[{"href":"https:\/\/imgw.pl\/en\/wp-json\/wp\/v2\/types\/page"}],"author":[{"embeddable":true,"href":"https:\/\/imgw.pl\/en\/wp-json\/wp\/v2\/users\/1"}],"replies":[{"embeddable":true,"href":"https:\/\/imgw.pl\/en\/wp-json\/wp\/v2\/comments?post=591"}],"version-history":[{"count":4,"href":"https:\/\/imgw.pl\/en\/wp-json\/wp\/v2\/pages\/591\/revisions"}],"predecessor-version":[{"id":3131,"href":"https:\/\/imgw.pl\/en\/wp-json\/wp\/v2\/pages\/591\/revisions\/3131"}],"up":[{"embeddable":true,"href":"https:\/\/imgw.pl\/en\/wp-json\/wp\/v2\/pages\/575"}],"wp:attachment":[{"href":"https:\/\/imgw.pl\/en\/wp-json\/wp\/v2\/media?parent=591"}],"curies":[{"name":"wp","href":"https:\/\/api.w.org\/{rel}","templated":true}]}}