{"id":595,"date":"2024-09-23T12:22:18","date_gmt":"2024-09-23T10:22:18","guid":{"rendered":"http:\/\/localhost:8000\/?page_id=595"},"modified":"2025-03-10T10:45:29","modified_gmt":"2025-03-10T09:45:29","slug":"edukacja-klimatyczna","status":"publish","type":"page","link":"https:\/\/imgw.pl\/en\/edukacja\/edukacja-klimatyczna\/","title":{"rendered":"Climate education"},"content":{"rendered":"<h3 class=\"wp-block-heading has-small-font-size\">Edukacja jest najwa\u017cniejsza:<\/h3>\n\n\n\n<iframe loading=\"lazy\" width=\"560\" height=\"315\" src=\"https:\/\/www.youtube.com\/embed\/aC_UuNUNPGw?si=WzrZGQKexfuxR56E\" title=\"YouTube video player\" frameborder=\"0\" allow=\"accelerometer; autoplay; clipboard-write; encrypted-media; gyroscope; picture-in-picture; web-share\" referrerpolicy=\"strict-origin-when-cross-origin\" allowfullscreen><\/iframe>\n\n\n\n<p>Prezentujemy jedena\u015bcie lekcji pogodowych, w&nbsp;tym dwie dla uczni\u00f3w klas przedszkolnych. Ka\u017cda z&nbsp;nich sk\u0142ada si\u0119 z&nbsp;prezentacji dla nauczyciela, kt\u00f3r\u0105 mo\u017ce referowa\u0107 czytaj\u0105c j\u0105&nbsp;lub prezentuj\u0105c na&nbsp;no\u015bniku wideo. Uczniowie otrzymuj\u0105 fiszki \u2013&nbsp;do&nbsp;wydrukowania lub pobrania na&nbsp;komputer\/telefon.<\/p>\n\n\n\n<p>Polecamy te\u017c nasz film edukacyjny&nbsp;<strong>IMGW-PIB: Klimat, woda i&nbsp;pogoda<\/strong>. To&nbsp;mo\u017ce by\u0107 najlepsze wprowadzenie do&nbsp;zaj\u0119\u0107 lekcyjnych. Komiks to&nbsp;bonus i&nbsp;z pewno\u015bci\u0105 spodoba si\u0119 wszystkim. Mo\u017cna go&nbsp;przegl\u0105da\u0107 online (flipbook) lub \u015bci\u0105gn\u0105\u0107 na&nbsp;w\u0142asny u\u017cytek. Komiks dost\u0119pny jest r\u00f3wnie\u017c w&nbsp;wersji filmowej na&nbsp;kanale&nbsp;<a href=\"https:\/\/www.youtube.com\/watch?v=LBSvFrvA5Lg\">YT @imgwmeteo<\/a>.<\/p>\n\n\n\n<p>Zapraszamy do&nbsp;nieko\u0144cz\u0105cej si\u0119 podr\u00f3\u017cy o&nbsp;pogodzie. W&nbsp;przypadku dodatkowych pyta\u0144 lub ch\u0119ci otrzymania dodatkowych informacji edukacyjnych prosimy o&nbsp;kontakt z&nbsp;Zespo\u0142em Komunikacji IMGW-PIB pod adresem email \u2013&nbsp;<a href=\"mailto:content@imgw.pl\">content@imgw.pl<\/a><\/p>\n\n\n\n<ul class=\"wp-block-list\">\n<li><a href=\"https:\/\/youtu.be\/LBSvFrvA5Lg\">Komiks &#8222;Przygody Weathermana&#8221; w&nbsp;formie animacji z&nbsp;lektorem<\/a>&nbsp;<\/li>\n\n\n\n<li><a href=\"https:\/\/imgw.pl\/en\/sites\/default\/files\/weatherman\/weatherman-2020\/IMGW_WEATHERMAN_2020_1.html\/\">Komiks online (wersja flipbook)&nbsp;<\/a><\/li>\n\n\n\n<li><a href=\"https:\/\/youtu.be\/FL-Xu657ScI\">Film edukacyjny \u2013&nbsp;IMGW-PIB. Klimat, woda i&nbsp;pogoda (czyta Krystyna Czub\u00f3wna)<\/a><\/li>\n<\/ul>\n\n\n\n<figure class=\"wp-block-image\"><a href=\"http:\/\/online.fliphtml5.com\/wwpr\/yeoz\/#p=1\" target=\"_blank\" rel=\"noreferrer noopener\"><img decoding=\"async\" src=\"https:\/\/imgw.pl\/sites\/default\/files\/inline-images\/wheatherman-imgw-komiks-edukacyjny.jpg\" alt=\"wheatherman-imgw-komiks-edukacyjny.jpg \"\/><\/a><\/figure>\n\n\n\n<h6 class=\"wp-block-heading\">Autorem grafiki do komiksu jest Tomasz Kleszcz. Tre\u015b\u0107 opracowa\u0142 Zesp\u00f3\u0142 Komunikacji IMGW-PIB (Projekt Manager: Anna Go\u0142awska).<\/h6>\n\n\n\n<iframe loading=\"lazy\" width=\"560\" height=\"315\" src=\"https:\/\/www.youtube.com\/embed\/FL-Xu657ScI?si=6cOnzqc9aUONppO3\" title=\"YouTube video player\" frameborder=\"0\" allow=\"accelerometer; autoplay; clipboard-write; encrypted-media; gyroscope; picture-in-picture; web-share\" referrerpolicy=\"strict-origin-when-cross-origin\" allowfullscreen><\/iframe>","protected":false},"excerpt":{"rendered":"<p>Edukacja jest najwa\u017cniejsza: Prezentujemy jedena\u015bcie lekcji pogodowych, w&nbsp;tym dwie dla uczni\u00f3w klas przedszkolnych. Ka\u017cda z&nbsp;nich sk\u0142ada si\u0119 z&nbsp;prezentacji dla nauczyciela, kt\u00f3r\u0105 mo\u017ce referowa\u0107 czytaj\u0105c j\u0105&nbsp;lub prezentuj\u0105c na&nbsp;no\u015bniku wideo. Uczniowie otrzymuj\u0105 fiszki \u2013&nbsp;do&nbsp;wydrukowania lub pobrania na&nbsp;komputer\/telefon. Polecamy te\u017c nasz film edukacyjny&nbsp;IMGW-PIB: Klimat, woda i&nbsp;pogoda. To&nbsp;mo\u017ce by\u0107 najlepsze wprowadzenie do&nbsp;zaj\u0119\u0107 lekcyjnych. Komiks to&nbsp;bonus i&nbsp;z pewno\u015bci\u0105 spodoba si\u0119 [&hellip;]<\/p>","protected":false},"author":1,"featured_media":0,"parent":593,"menu_order":0,"comment_status":"closed","ping_status":"closed","template":"","meta":{"footnotes":""},"class_list":["post-595","page","type-page","status-publish","hentry"],"_links":{"self":[{"href":"https:\/\/imgw.pl\/en\/wp-json\/wp\/v2\/pages\/595","targetHints":{"allow":["GET"]}}],"collection":[{"href":"https:\/\/imgw.pl\/en\/wp-json\/wp\/v2\/pages"}],"about":[{"href":"https:\/\/imgw.pl\/en\/wp-json\/wp\/v2\/types\/page"}],"author":[{"embeddable":true,"href":"https:\/\/imgw.pl\/en\/wp-json\/wp\/v2\/users\/1"}],"replies":[{"embeddable":true,"href":"https:\/\/imgw.pl\/en\/wp-json\/wp\/v2\/comments?post=595"}],"version-history":[{"count":10,"href":"https:\/\/imgw.pl\/en\/wp-json\/wp\/v2\/pages\/595\/revisions"}],"predecessor-version":[{"id":3454,"href":"https:\/\/imgw.pl\/en\/wp-json\/wp\/v2\/pages\/595\/revisions\/3454"}],"up":[{"embeddable":true,"href":"https:\/\/imgw.pl\/en\/wp-json\/wp\/v2\/pages\/593"}],"wp:attachment":[{"href":"https:\/\/imgw.pl\/en\/wp-json\/wp\/v2\/media?parent=595"}],"curies":[{"name":"wp","href":"https:\/\/api.w.org\/{rel}","templated":true}]}}