{"id":599,"date":"2024-09-23T12:23:10","date_gmt":"2024-09-23T10:23:10","guid":{"rendered":"http:\/\/localhost:8000\/?page_id=599"},"modified":"2024-11-25T10:35:13","modified_gmt":"2024-11-25T09:35:13","slug":"strategie-adaptacji-do-zmiany-klimatu","status":"publish","type":"page","link":"https:\/\/imgw.pl\/en\/edukacja\/strategie-adaptacji-do-zmiany-klimatu\/","title":{"rendered":"Climate adaptation strategies"},"content":{"rendered":"<p><strong>Adaptacja do zmiany klimatu<\/strong>\u202fto proces dostosowywania si\u0119 do obecnych lub przewidywanych warunk\u00f3w klimatycznych oraz ich skutk\u00f3w. Proces ten realizowany jest poprzez dzia\u0142ania adaptacyjne, o r\u00f3\u017cnym charakterze i w r\u00f3\u017cnej formie. Celem adaptacji jest zmniejszenie negatywnych skutk\u00f3w zmiany klimatu dla gospodarki, spo\u0142ecze\u0144stwa i \u015brodowiska oraz wykorzystanie potencjalnych korzy\u015bci, kt\u00f3re mog\u0105 si\u0119 pojawi\u0107.&nbsp;<br>Adaptacja jest kluczowa, poniewa\u017c zmiany klimatyczne s\u0105 nieuniknione, nawet przy wysi\u0142kach na rzecz ich \u0142agodzenia. Dzi\u0119ki adaptacji mo\u017cemy lepiej przygotowa\u0107 si\u0119 na przysz\u0142e wyzwania i zminimalizowa\u0107 ich wp\u0142yw na nasze \u017cycie.&nbsp;<br>&nbsp;<br>W Polsce ochrona klimatu jak i adaptacja do zmian klimatu od lat s\u0105 jednym z priorytet\u00f3w, co znalaz\u0142o m.in. odzwierciedlenie w przyj\u0119ciu na szczeblu krajowym ju\u017c w 2013 roku<strong> Strategicznego planu adaptacji dla sektor\u00f3w i obszar\u00f3w wra\u017cliwych na zmiany klimatu do roku 2020 <\/strong>z perspektyw\u0105 do roku 2030, tzw. <a href=\"https:\/\/bip.mos.gov.pl\/fileadmin\/user_upload\/bip\/strategie_plany_programy\/Strategiczny_plan_adaptacji_2020.pdf\" target=\"_blank\" rel=\"noreferrer noopener\">SPA2020<\/a>. By\u0142 to pierwszy dokument strategiczny, kt\u00f3ry bezpo\u015brednio dotyczy kwestii adaptacji do zachodz\u0105cych zmian klimatu. G\u0142\u00f3wnym celem Planu jest zapewnienie zr\u00f3wnowa\u017conego rozwoju oraz efektywnego funkcjonowania gospodarki i spo\u0142ecze\u0144stwa w warunkach zmieniaj\u0105cego si\u0119 klimatu. W dokumencie wskazano priorytetowe kierunki dzia\u0142a\u0144 adaptacyjnych, kt\u00f3re nale\u017cy podj\u0105\u0107 w najbardziej wra\u017cliwych na zmiany klimatu obszarach, takich jak: gospodarka wodna, rolnictwo, le\u015bnictwo, r\u00f3\u017cnorodno\u015b\u0107 biologiczna, zdrowie, energetyka, budownictwo i gospodarka przestrzenna, obszary zurbanizowane, transport, obszary g\u00f3rskie i strefy wybrze\u017ca. Obecnie trwaj\u0105 prace nad aktualizacj\u0105 d\u0142ugookresowych dokument\u00f3w strategicznych, kt\u00f3rych skuteczna realizacja pozwoli na adaptacj\u0119 do post\u0119puj\u0105cej zmiany klimatu oraz przeciwdzia\u0142anie ekstremalnym zjawiskom pogodowym.&nbsp;<br>&nbsp;<br>Bior\u0105c pod uwag\u0119 du\u017ce skupienie ludzi, us\u0142ug i infrastruktury szczeg\u00f3lnie nara\u017cone na negatywne skutki zmieniaj\u0105cego si\u0119 klimatu s\u0105 <strong>obszary miejskie.<\/strong>&nbsp;<br>&nbsp;<br><strong>IMGW-PIB<\/strong> by\u0142o jednym z partner\u00f3w konsorcjum, realizuj\u0105cego\u202f zam\u00f3wienie Ministerstwa \u015arodowiska na\u202f \u201eOpracowanie plan\u00f3w adaptacji do zmian klimatu w miastach powy\u017cej 100 tys. mieszka\u0144c\u00f3w\u201d.&nbsp;<\/p>\n\n\n\n<p>Celem nadrz\u0119dnym opracowania <strong>Miejskich Plan\u00f3w Adaptacji<\/strong> by\u0142o przygotowanie w\u0142adz miast i ich mieszka\u0144c\u00f3w do \u015bwiadomego i odpowiedzialnego reagowania na mo\u017cliwe zmiany klimatu ich skutki\u202f (zagro\u017cenia) poprzez:&nbsp;<\/p>\n\n\n\n<ul class=\"wp-block-list\">\n<li>Okre\u015blenie podatno\u015bci miast na zmiany klimatu\u00a0<\/li>\n\n\n\n<li>Zaplanowanie dzia\u0142a\u0144 adaptacyjnych na poziomie lokalnym&nbsp;<\/li>\n\n\n\n<li>Podniesienie \u015bwiadomo\u015bci nt. potrzeby adaptacji do zmiany klimatu na poziomie lokalnym&nbsp;<\/li>\n<\/ul>\n\n\n\n<p>\u202fRezultatem (produktem) s\u0105 Miejskie Plany Adaptacji (MPA) powsta\u0142e z uwzgl\u0119dnieniem specyficznych lokalnych uwarunkowa\u0144 geograficznych, spo\u0142ecznych i gospodarczych. Miasta otrzyma\u0142y kompleksowe dokumenty identyfikuj\u0105ce zagro\u017cenia wynikaj\u0105ce ze zmian klimatu oraz dopracowane, indywidualnie dobrane rozwi\u0105zania adaptacyjne z uwzgl\u0119dnieniem potrzeb grup szczeg\u00f3lnie wra\u017cliwych. Plany zawieraj\u0105 katalog przedsi\u0119wzi\u0119\u0107 i zada\u0144, kt\u00f3re maj\u0105 charakter priorytetowy i powinny by\u0107 przeprowadzone w pierwszej kolejno\u015bci (wraz z okresem wdra\u017cania i szacunkowymi kosztami).&nbsp;<br><a href=\"http:\/\/44mpa.pl\/\" target=\"_blank\" rel=\"noreferrer noopener\">Wi\u0119cej o projekcie MPA 44.<\/a>&nbsp;<\/p>\n\n\n\n<p><strong>Na szczeblu europejskim<\/strong> bardzo pomocny jest portal <a href=\"https:\/\/climate-adapt.eea.europa.eu\/pl?set_language=pl\" target=\"_blank\" rel=\"noreferrer noopener\">Climate-ADAPT<\/a>. To europejska platforma adaptacji do zmiany klimatu, kt\u00f3ra wspiera Europ\u0119 w dostosowywaniu si\u0119 do zmieniaj\u0105cego klimatu. Portal ten pomaga u\u017cytkownikom uzyskiwa\u0107 i dzieli\u0107 si\u0119 danymi oraz informacjami na temat przewidywanej zmiany klimatu w Europie, obecnej i przysz\u0142ej wra\u017cliwo\u015bci region\u00f3w i sektor\u00f3w, strategii adaptacyjnych oraz potencjalnych opcji adaptacyjnych. Dostarcza on narz\u0119dzi i zasob\u00f3w wspieraj\u0105cych planowanie adaptacji, w tym studia przypadk\u00f3w, profile kraj\u00f3w, katalog zasob\u00f3w oraz narz\u0119dzia do oceny ryzyka klimatycznego. Pomaga to w zwi\u0119kszaniu odporno\u015bci na zmiany klimatyczne poprzez lepsze przygotowanie i planowanie na poziomie lokalnym, regionalnym i krajowym.&nbsp;&nbsp;<\/p>\n\n\n\n<p>Climate-ADAPT jest zarz\u0105dzany przez Europejsk\u0105 Agencj\u0119 \u015arodowiska (EEA) we wsp\u00f3\u0142pracy z Komisj\u0105 Europejsk\u0105. Portal ten dzia\u0142a w ramach polityki adaptacji do zmian klimatu Unii Europejskiej, kt\u00f3ra jest cz\u0119\u015bci\u0105 szerszej strategii UE na rzecz zr\u00f3wnowa\u017conego rozwoju i ochrony \u015brodowiska.&nbsp;&nbsp;<\/p>","protected":false},"excerpt":{"rendered":"<p>Adaptacja do zmiany klimatu\u202fto proces dostosowywania si\u0119 do obecnych lub przewidywanych warunk\u00f3w klimatycznych oraz ich skutk\u00f3w. Proces ten realizowany jest poprzez dzia\u0142ania adaptacyjne, o r\u00f3\u017cnym charakterze i w r\u00f3\u017cnej formie. Celem adaptacji jest zmniejszenie negatywnych skutk\u00f3w zmiany klimatu dla gospodarki, spo\u0142ecze\u0144stwa i \u015brodowiska oraz wykorzystanie potencjalnych korzy\u015bci, kt\u00f3re mog\u0105 si\u0119 pojawi\u0107.&nbsp;Adaptacja jest kluczowa, poniewa\u017c zmiany [&hellip;]<\/p>\n","protected":false},"author":1,"featured_media":0,"parent":593,"menu_order":0,"comment_status":"closed","ping_status":"closed","template":"","meta":{"footnotes":""},"class_list":["post-599","page","type-page","status-publish","hentry"],"_links":{"self":[{"href":"https:\/\/imgw.pl\/en\/wp-json\/wp\/v2\/pages\/599","targetHints":{"allow":["GET"]}}],"collection":[{"href":"https:\/\/imgw.pl\/en\/wp-json\/wp\/v2\/pages"}],"about":[{"href":"https:\/\/imgw.pl\/en\/wp-json\/wp\/v2\/types\/page"}],"author":[{"embeddable":true,"href":"https:\/\/imgw.pl\/en\/wp-json\/wp\/v2\/users\/1"}],"replies":[{"embeddable":true,"href":"https:\/\/imgw.pl\/en\/wp-json\/wp\/v2\/comments?post=599"}],"version-history":[{"count":2,"href":"https:\/\/imgw.pl\/en\/wp-json\/wp\/v2\/pages\/599\/revisions"}],"predecessor-version":[{"id":2537,"href":"https:\/\/imgw.pl\/en\/wp-json\/wp\/v2\/pages\/599\/revisions\/2537"}],"up":[{"embeddable":true,"href":"https:\/\/imgw.pl\/en\/wp-json\/wp\/v2\/pages\/593"}],"wp:attachment":[{"href":"https:\/\/imgw.pl\/en\/wp-json\/wp\/v2\/media?parent=599"}],"curies":[{"name":"wp","href":"https:\/\/api.w.org\/{rel}","templated":true}]}}