{"id":610,"date":"2024-09-23T12:25:46","date_gmt":"2024-09-23T10:25:46","guid":{"rendered":"http:\/\/localhost:8000\/?page_id=610"},"modified":"2024-10-18T12:31:39","modified_gmt":"2024-10-18T10:31:39","slug":"praca","status":"publish","type":"page","link":"https:\/\/imgw.pl\/en\/kariera\/praca\/","title":{"rendered":"Jobs at IMGW-PIB"},"content":{"rendered":"<h3 class=\"wp-block-heading\">Dlaczego warto podj\u0105\u0107 z&nbsp;nami wsp\u00f3\u0142prac\u0119?<\/h3>\n\n\n\n<p>Pogoda i&nbsp;klimat to&nbsp;jedne z&nbsp;najwa\u017cniejszych temat\u00f3w we&nbsp;wsp\u00f3\u0142czesnym \u015bwiecie. Jeste\u015bmy Instytutem badawczym zatrudniaj\u0105cym wysokiej klasy specjalist\u00f3w oraz posiadamy niezb\u0119dn\u0105 infrastruktur\u0119 do&nbsp;dzia\u0142a\u0144 w&nbsp;zakresie prognozowania gro\u017anych zjawisk pogodowych i&nbsp;hydrologicznych, przeprowadzania analiz statystycznych oraz prowadzenia intensywnych prac naukowo-badawczych. &nbsp;<\/p>\n\n\n\n<p><strong>Nasz\u0105 misj\u0105<\/strong>&nbsp;jest informowanie spo\u0142ecze\u0144stwa o:&nbsp;prognozowanych warunkach meteorologicznych i&nbsp;hydrologicznych, zmianach klimatu oraz wszystkich czynnikach wp\u0142ywaj\u0105cych na&nbsp;aktualn\u0105 pogod\u0119 i&nbsp;warunki hydrologiczne w&nbsp;Polsce.<\/p>\n\n\n\n<p><strong>G\u0142\u00f3wnym zadaniem<\/strong>&nbsp;IMGW-PIB jest zapewnienie meteorologicznej i&nbsp;hydrologicznej os\u0142ony Polski. W&nbsp;ramach dzia\u0142a\u0144 ustawowych wykonujemy, opracowujemy i&nbsp;przekazujemy przede wszystkich ostrze\u017cenia przed niebezpiecznymi zjawiskami pogodowymi i&nbsp;hydrologicznymi, prognozy meteorologiczne i&nbsp;hydrologiczne oraz dedykowane komunikaty i&nbsp;biuletyny eksperckie. Specjali\u015bci IMGW-PIB nieustannie analizuj\u0105 dane, wprowadzaj\u0105 zmiany w&nbsp;modelach prognostycznych oraz poszukuj\u0105 nowych metod i&nbsp;narz\u0119dzi s\u0142u\u017c\u0105cych do&nbsp;przewidywania warunk\u00f3w atmosferycznych i&nbsp;hydrologicznych.<\/p>\n\n\n\n<p>Jeste\u015bmy cz\u0142onkiem wielu organizacji mi\u0119dzynarodowych. Reprezentujemy Polsk\u0119 na&nbsp;forum WMO (\u015awiatowa Organizacja Meteorologiczna) oraz EUMETSAT (Europejska Organizacja Eksploatacji Satelit\u00f3w Meteorologicznych). Uczestniczymy w&nbsp;mi\u0119dzynarodowych pracach naukowo-badawczych. Nasza sie\u0107 pomiarowo-obserwacyjna obejmuje terytorium ca\u0142ej Polski. Instytut jest gotowy na&nbsp;wiele nowych wyzwa\u0144. Rozbudowana infrastruktura, nowoczesne platformy komunikacji oraz szeroka paleta us\u0142ug i&nbsp;nowoczesne modele prognozowania definiuj\u0105 IMGW-PIB jako nowoczesn\u0105 instytucj\u0119 s\u0142u\u017c\u0105c\u0105 spo\u0142ecze\u0144stwu i&nbsp;pa\u0144stwu.<\/p>\n\n\n\n<p>Cieszymy si\u0119, \u017ce&nbsp;mo\u017cemy dzieli\u0107 si\u0119 z&nbsp;Pa\u0144stwem nasz\u0105 wiedz\u0105 i&nbsp;do\u015bwiadczeniem.<\/p>\n\n\n\n<h3 class=\"wp-block-heading\">Prognozy potwierdzone naukowo<\/h3>\n\n\n\n<p>Praca w&nbsp;Instytucie Meteorologii i&nbsp;Gospodarki Wodnej \u2013&nbsp;Pa\u0144stwowym Instytucie Badawczym to&nbsp;szereg wyzwa\u0144 i&nbsp;mo\u017cliwo\u015b\u0107 wsp\u00f3\u0142pracy z&nbsp;najwy\u017cszej klasy specjalistami. Czekamy na&nbsp;najlepszych w&nbsp;Warszawie, Gdyni, Wroc\u0142awiu, Krakowie, Poznaniu, na&nbsp;Kasprowym Wierchu, \u015anie\u017cce, Helu i&nbsp;w wielu innych miejscach Polski. IMGW-PIB to&nbsp;stale rozwijaj\u0105ca si\u0119 instytucja, kt\u00f3ra dzia\u0142a na&nbsp;terenie ca\u0142ego kraju.<\/p>\n\n\n\n<h3 class=\"wp-block-heading\">IMGW-PIB in Numbers<\/h3>\n\n\n\n<ul class=\"wp-block-list\">\n<li><strong>Nearly 1400 specialists and experts.<\/strong><\/li>\n\n\n\n<li><strong>63 synoptic stations.<\/strong><\/li>\n\n\n\n<li><strong>Ponad 900 stacji klimatologicznych i\u00a0opadowych.<\/strong><\/li>\n\n\n\n<li><strong>Over 900 hydrological stations.<\/strong><\/li>\n\n\n\n<li><strong>4 aerological stations.<\/strong><\/li>\n\n\n\n<li><strong>10 meteorological radars.<\/strong><\/li>\n\n\n\n<li><strong>13 stacji detekcyjnych lokalizuj\u0105cych wy\u0142adowania atmosferyczne.<\/strong><\/li>\n\n\n\n<li><strong>Marine research vessel r\/v Baltica.<\/strong><\/li>\n<\/ul>\n\n\n\n<h3 class=\"wp-block-heading\">Co nas wyr\u00f3\u017cnia i&nbsp;nadaje charakter naszej pracy?<\/h3>\n\n\n\n<p>&#8211; d\u0105\u017cymy do&nbsp;ci\u0105g\u0142ego doskonalenia naszych zaawansowanych rozwi\u0105za\u0144 w&nbsp;prognozowaniu pogody i&nbsp;zjawisk hydrologicznych,<br>&#8211;&nbsp;wyznaczamy standardy bada\u0144 i&nbsp;analityki meteorologiczno-hydrologicznej,<br>&#8211;&nbsp;opracowujemy i&nbsp;stale udoskonalamy nasze wewn\u0119trzne metody i&nbsp;technologie,<br>&#8211;&nbsp;w spos\u00f3b ci\u0105g\u0142y podnosimy nasze kwalifikacje i&nbsp;rozwijamy si\u0119.<\/p>\n\n\n\n<h3 class=\"wp-block-heading\">Lokalizacja i&nbsp;forma zatrudnienia:<\/h3>\n\n\n\n<p>&#8211; zatrudniamy pracownik\u00f3w na&nbsp;terenie ca\u0142ej Polski (w&nbsp;poszczeg\u00f3lnych jednostkach organizacyjnych Instytutu),<br>&#8211;&nbsp;praca w&nbsp;trybie stacjonarnym, cz\u0119\u015bciowo zdalnym lub zdalnym,<br>&#8211;&nbsp;umowa o&nbsp;prac\u0119.<\/p>\n\n\n\n<h3 class=\"wp-block-heading\">Od przysz\u0142ych pracownik\u00f3w oczekujemy:<\/h3>\n\n\n\n<p>&#8211; wysokiej kultury osobistej,<br>&#8211;&nbsp;zaanga\u017cowania w&nbsp;realizacj\u0119 powierzonych zada\u0144,<br>&#8211;&nbsp;adekwatnego wykszta\u0142cenia, do\u015bwiadczenia i&nbsp;kwalifikacji na&nbsp;aplikowane stanowisko.<\/p>\n\n\n\n<h3 class=\"wp-block-heading\">Przysz\u0142ym pracownikom oferujemy<\/h3>\n\n\n\n<ul class=\"wp-block-list\">\n<li>elastyczne godziny pracy,<\/li>\n\n\n\n<li>wsp\u00f3\u0142prac\u0119 z najlepszymi specjalistami w bran\u017cy,<\/li>\n\n\n\n<li>szkolenia podnosz\u0105ce kwalifikacje zawodowe,<\/li>\n\n\n\n<li>mo\u017cliwo\u015b\u0107 uczestniczenia w konferencjach i targach bran\u017cowych na ca\u0142ym \u015bwiecie,<\/li>\n\n\n\n<li>mo\u017cliwo\u015b\u0107 awans\u00f3w poziomych i pionowych,<\/li>\n\n\n\n<li>mo\u017cliwo\u015b\u0107 korzystania z bazy noclegowej na stacjach terenowych IMGW-PIB w atrakcyjnych miejscach za niewielk\u0105 op\u0142at\u0105,<\/li>\n\n\n\n<li>niezb\u0119dne narz\u0119dzia pracy,<\/li>\n\n\n\n<li>nowoczesne oprogramowania,<\/li>\n\n\n\n<li>spotkania integracyjne i \u015bwi\u0105teczne,<\/li>\n\n\n\n<li>dost\u0119p do specjalistycznych bran\u017cowych wydawnictw,<\/li>\n\n\n\n<li>prywatn\u0105 opiek\u0119 medyczn\u0105,<\/li>\n\n\n\n<li>dodatkowe ubezpieczenie na \u017cycie,<\/li>\n\n\n\n<li>pracownicze plany kapita\u0142owe,<\/li>\n\n\n\n<li>pracowniczy program emerytalny.<\/li>\n<\/ul>\n\n\n\n<h3 class=\"wp-block-heading\">Zapraszamy do&nbsp;zapoznania si\u0119 z&nbsp;bie\u017c\u0105cymi ofertami pracy:<\/h3>\n\n\n\n<p><a href=\"https:\/\/bip.imgw.pl\/praca\/aktualne-oferty-pracy\/\">Aktualne oferty pracy \u2013&nbsp;Biuletyn Informacji Publicznej (bip.imgw.pl)<\/a><\/p>\n\n\n\n<p>\u017byczymy powodzenia i&nbsp;do&nbsp;zobaczenia!<\/p>\n\n\n\n<figure class=\"wp-block-embed is-type-rich is-provider-obs-uga-osadzania wp-block-embed-obs-uga-osadzania wp-embed-aspect-16-9 wp-has-aspect-ratio\"><div class=\"wp-block-embed__wrapper\">\n<iframe loading=\"lazy\" title=\"IMGW. Ludzie od wody i pogody\" width=\"500\" height=\"281\" src=\"https:\/\/www.youtube.com\/embed\/GmHtduamXb8?feature=oembed\" frameborder=\"0\" allow=\"accelerometer; autoplay; clipboard-write; encrypted-media; gyroscope; picture-in-picture; web-share\" referrerpolicy=\"strict-origin-when-cross-origin\" allowfullscreen><\/iframe>\n<\/div><\/figure>","protected":false},"excerpt":{"rendered":"<p>Dlaczego warto podj\u0105\u0107 z&nbsp;nami wsp\u00f3\u0142prac\u0119? Pogoda i&nbsp;klimat to&nbsp;jedne z&nbsp;najwa\u017cniejszych temat\u00f3w we&nbsp;wsp\u00f3\u0142czesnym \u015bwiecie. Jeste\u015bmy Instytutem badawczym zatrudniaj\u0105cym wysokiej klasy specjalist\u00f3w oraz posiadamy niezb\u0119dn\u0105 infrastruktur\u0119 do&nbsp;dzia\u0142a\u0144 w&nbsp;zakresie prognozowania gro\u017anych zjawisk pogodowych i&nbsp;hydrologicznych, przeprowadzania analiz statystycznych oraz prowadzenia intensywnych prac naukowo-badawczych. &nbsp; Nasz\u0105 misj\u0105&nbsp;jest informowanie spo\u0142ecze\u0144stwa o:&nbsp;prognozowanych warunkach meteorologicznych i&nbsp;hydrologicznych, zmianach klimatu oraz wszystkich czynnikach wp\u0142ywaj\u0105cych na&nbsp;aktualn\u0105 pogod\u0119 [&hellip;]<\/p>\n","protected":false},"author":1,"featured_media":0,"parent":608,"menu_order":0,"comment_status":"closed","ping_status":"closed","template":"","meta":{"footnotes":""},"class_list":["post-610","page","type-page","status-publish","hentry"],"_links":{"self":[{"href":"https:\/\/imgw.pl\/en\/wp-json\/wp\/v2\/pages\/610","targetHints":{"allow":["GET"]}}],"collection":[{"href":"https:\/\/imgw.pl\/en\/wp-json\/wp\/v2\/pages"}],"about":[{"href":"https:\/\/imgw.pl\/en\/wp-json\/wp\/v2\/types\/page"}],"author":[{"embeddable":true,"href":"https:\/\/imgw.pl\/en\/wp-json\/wp\/v2\/users\/1"}],"replies":[{"embeddable":true,"href":"https:\/\/imgw.pl\/en\/wp-json\/wp\/v2\/comments?post=610"}],"version-history":[{"count":2,"href":"https:\/\/imgw.pl\/en\/wp-json\/wp\/v2\/pages\/610\/revisions"}],"predecessor-version":[{"id":1562,"href":"https:\/\/imgw.pl\/en\/wp-json\/wp\/v2\/pages\/610\/revisions\/1562"}],"up":[{"embeddable":true,"href":"https:\/\/imgw.pl\/en\/wp-json\/wp\/v2\/pages\/608"}],"wp:attachment":[{"href":"https:\/\/imgw.pl\/en\/wp-json\/wp\/v2\/media?parent=610"}],"curies":[{"name":"wp","href":"https:\/\/api.w.org\/{rel}","templated":true}]}}