{"id":614,"date":"2024-09-23T12:26:14","date_gmt":"2024-09-23T10:26:14","guid":{"rendered":"http:\/\/localhost:8000\/?page_id=614"},"modified":"2026-04-29T11:28:44","modified_gmt":"2026-04-29T09:28:44","slug":"praktyki-i-staze","status":"publish","type":"page","link":"https:\/\/imgw.pl\/en\/kariera\/praktyki-i-staze\/","title":{"rendered":"Praktyki zawodowe"},"content":{"rendered":"<h2 class=\"wp-block-heading\"><strong>Dzi\u0119kujemy za zainteresowanie odbyciem praktyki zawodowej w Instytucie Meteorologii i Gospodarki Wodnej \u2013 Pa\u0144stwowym Instytucie Badawczym (IMGW-PIB).<\/strong><\/h2>\n\n\n\n<h3 class=\"wp-block-heading\"><strong>Praktyki zawodowe w&nbsp;IMGW-PIB \u2013&nbsp;informacje og\u00f3lne<\/strong><\/h3>\n\n\n\n<p>W zwi\u0105zku z og\u00f3lnie obowi\u0105zuj\u0105cym w IMGW-PIB trybem pracy hybrydowej, przyjmowanie praktykant\u00f3w do Instytutu w pe\u0142nym trybie stacjonarnym mo\u017ce odbywa\u0107 si\u0119 w ograniczonym zakresie. Praktyki zawodowe w IMGW-PIB mog\u0105 by\u0107 realizowane w trybie hybrydowym lub zdalnym, ale pod warunkiem, \u017ce prawid\u0142owe przeprowadzenie danej praktyki b\u0119dzie mo\u017cliwe zar\u00f3wno pod wzgl\u0119dem organizacyjno-technicznym (komunikacyjnym) jak i merytoryczno-dydaktycznym. Praktyki w pe\u0142nym trybie stacjonarnym mog\u0105 odbywa\u0107 si\u0119 w tych kom\u00f3rkach organizacyjnych IMGW-PIB, kt\u00f3re funkcjonuj\u0105 w trybie tradycyjnym (stacjonarnym).<\/p>\n\n\n\n<h3 class=\"wp-block-heading\"><strong><strong>Od przysz\u0142ego praktykanta oczekujemy przes\u0142ania nast\u0119puj\u0105cych dokument\u00f3w rekrutacyjnych (wymagane w\u00a0celu przeprowadzenia procesu rekrutacji na\u00a0praktyk\u0119):<\/strong><\/strong><\/h3>\n\n\n\n<ul class=\"wp-block-list\">\n<li>Wype\u0142niony i podpisany w zakresie cz\u0119\u015bci A \u201eFormularz zg\u0142oszeniowy dla os\u00f3b ubiegaj\u0105cych si\u0119 o odbycie praktyki w IMGW-PIB\u201d;<\/li>\n\n\n\n<li>Pisemny wniosek (skierowanie) uczelni lub szko\u0142y o przeprowadzenie w IMGW-PIB praktyki oraz ramowy (og\u00f3lny) program praktyki sporz\u0105dzony przez uczelni\u0119 lub szko\u0142\u0119 (ewentualnie: pisemne podanie od osoby ubiegaj\u0105cej si\u0119 indywidualnie o praktyk\u0119);<\/li>\n\n\n\n<li>CV;<\/li>\n\n\n\n<li>Potwierdzenie posiadania na czas odbywania praktyki ubezpieczenia NNW (je\u015bli osoba aplikuj\u0105ca o praktyk\u0119 w momencie sk\u0142adania dokument\u00f3w rekrutacyjnych nie posiada powy\u017cszego dokumentu, dokument ten mo\u017ce zosta\u0107 dostarczony do IMGW-PIB w terminie p\u00f3\u017aniejszym, tj. po ustaleniu mo\u017cliwo\u015bci przeprowadzenia w IMGW-PIB praktyki w konkretnym terminie).<\/li>\n<\/ul>\n\n\n\n<h3 class=\"wp-block-heading\"><br><strong><strong>Wa\u017cne INFORMACJE:<\/strong><\/strong><\/h3>\n\n\n\n<ul class=\"wp-block-list\">\n<li>Dokumenty rekrutacyjne nale\u017cy przes\u0142a\u0107 drog\u0105 elektroniczn\u0105 (w formacie pdf) na adres e-mail:\u00a0<a href=\"mailro:szkolenia@imgw.pl\">szkolenia@imgw.pl<\/a>;<\/li>\n\n\n\n<li>Termin sk\u0142adania dokument\u00f3w rekrutacyjnych: najp\u00f3\u017aniej 30 dni przed planowanym terminem rozpocz\u0119cia praktyki;<\/li>\n\n\n\n<li>Dostarczenie dokument\u00f3w rekrutacyjnych nie jest r\u00f3wnoznaczne z przyj\u0119ciem na praktyk\u0119. Po otrzymaniu kompletu dokument\u00f3w, Zesp\u00f3\u0142 Szkole\u0144 IMGW-PIB przeprowadzi rozeznanie w odpowiednich kom\u00f3rkach organizacyjnych IMGW-PIB w zakresie mo\u017cliwo\u015bci zorganizowania praktyki, a nast\u0119pnie o wyniku powy\u017cszego rozeznania poinformuje osob\u0119 aplikuj\u0105c\u0105 o praktyk\u0119, przedstawiaj\u0105c mo\u017cliwo\u015bci IMGW-PIB w przedmiotowym zakresie;<\/li>\n\n\n\n<li>W przypadku mo\u017cliwo\u015bci przyj\u0119cia na praktyk\u0119 do IMGW-PIB zostan\u0105 przeprowadzone dalsze czynno\u015bci organizacyjno-formalne zwi\u0105zane z praktyk\u0105, kt\u00f3re zako\u0144cz\u0105 si\u0119 zawarciem umowy o praktyk\u0119;<\/li>\n\n\n\n<li>Praktyki w IMGW-PIB mog\u0105 rozpoczyna\u0107 si\u0119 1 lub 15 dnia roboczego danego miesi\u0105ca.<\/li>\n<\/ul>\n\n\n\n<h3 class=\"wp-block-heading\"><strong>Maj\u0105 Pa\u0144stwo dodatkowe pytania?<\/strong><\/h3>\n\n\n\n<p>Zapraszamy do\u00a0kontaktu z\u00a0Zespo\u0142em Szkole\u0144 IMGW-PIB: <br><a href=\"mailto:szkolenia@imgw.pl\">szkolenia@imgw.pl<\/a><\/p>","protected":false},"excerpt":{"rendered":"<p>Dzi\u0119kujemy za zainteresowanie odbyciem praktyki zawodowej w Instytucie Meteorologii i Gospodarki Wodnej \u2013 Pa\u0144stwowym Instytucie Badawczym (IMGW-PIB). Praktyki zawodowe w&nbsp;IMGW-PIB \u2013&nbsp;informacje og\u00f3lne W zwi\u0105zku z og\u00f3lnie obowi\u0105zuj\u0105cym w IMGW-PIB trybem pracy hybrydowej, przyjmowanie praktykant\u00f3w do Instytutu w pe\u0142nym trybie stacjonarnym mo\u017ce odbywa\u0107 si\u0119 w ograniczonym zakresie. Praktyki zawodowe w IMGW-PIB mog\u0105 by\u0107 realizowane w trybie [&hellip;]<\/p>\n","protected":false},"author":1,"featured_media":0,"parent":608,"menu_order":0,"comment_status":"closed","ping_status":"closed","template":"","meta":{"footnotes":""},"class_list":["post-614","page","type-page","status-publish","hentry"],"_links":{"self":[{"href":"https:\/\/imgw.pl\/en\/wp-json\/wp\/v2\/pages\/614","targetHints":{"allow":["GET"]}}],"collection":[{"href":"https:\/\/imgw.pl\/en\/wp-json\/wp\/v2\/pages"}],"about":[{"href":"https:\/\/imgw.pl\/en\/wp-json\/wp\/v2\/types\/page"}],"author":[{"embeddable":true,"href":"https:\/\/imgw.pl\/en\/wp-json\/wp\/v2\/users\/1"}],"replies":[{"embeddable":true,"href":"https:\/\/imgw.pl\/en\/wp-json\/wp\/v2\/comments?post=614"}],"version-history":[{"count":4,"href":"https:\/\/imgw.pl\/en\/wp-json\/wp\/v2\/pages\/614\/revisions"}],"predecessor-version":[{"id":25022,"href":"https:\/\/imgw.pl\/en\/wp-json\/wp\/v2\/pages\/614\/revisions\/25022"}],"up":[{"embeddable":true,"href":"https:\/\/imgw.pl\/en\/wp-json\/wp\/v2\/pages\/608"}],"wp:attachment":[{"href":"https:\/\/imgw.pl\/en\/wp-json\/wp\/v2\/media?parent=614"}],"curies":[{"name":"wp","href":"https:\/\/api.w.org\/{rel}","templated":true}]}}