{"id":618,"date":"2024-09-23T12:26:50","date_gmt":"2024-09-23T10:26:50","guid":{"rendered":"http:\/\/localhost:8000\/?page_id=618"},"modified":"2024-11-25T10:37:06","modified_gmt":"2024-11-25T09:37:06","slug":"komunikacja-medialna","status":"publish","type":"page","link":"https:\/\/imgw.pl\/en\/media\/komunikacja-medialna\/","title":{"rendered":"Media communication"},"content":{"rendered":"\n<h2 class=\"wp-block-heading\">Misj\u0105 Instytutu Meteorologii i Gospodarki Wodnej \u2013 Pa\u0144stwowego Instytutu Badawczego (IMGW-PIB) jest rzetelne informowanie o aktualnych i przysz\u0142ych warunkach pogodowych, stanie w\u00f3d powierzchniowych oraz zagro\u017ceniach i ryzykach meteorologicznych, hydrologicznych i klimatycznych. Dzia\u0142alno\u015b\u0107 IMGW-PIB opiera si\u0119 na kilku fundamentalnych zasadach, kt\u00f3re stanowi\u0105 podstaw\u0119 naszej komunikacji z spo\u0142ecze\u0144stwem i instytucjami.&nbsp;<\/h2>\n\n\n\n<p><strong>RZETELNO\u015a\u0106 I WIARYGODNO\u015a\u0106 INFORMACJI<\/strong>&nbsp;<\/p>\n\n\n\n<p style=\"margin-top:0;margin-bottom:0\">Komunikacja IMGW-PIB ze spo\u0142ecze\u0144stwem opiera si\u0119 na zaufaniu, wiarygodno\u015bci i jednoznacznej ocenie fakt\u00f3w. Informacje, kt\u00f3re publikujemy poprzez r\u00f3\u017cne kana\u0142y dystrybucji, nigdy nie maj\u0105 charakteru spekulacji. Ich celem nie jest budowanie fake news\u00f3w ani clickbaitowych nag\u0142\u00f3wk\u00f3w. Wszystkie komunikaty i materia\u0142y IMGW-PIB opieraj\u0105 si\u0119 na naukowych faktach i wiedzy ekspert\u00f3w o ugruntowanej pozycji w danej dziedzinie. Dbamy o to, aby ich wypowiedzi nie by\u0142y interpretowane intencjonalnie b\u0105d\u017a s\u0142u\u017cy\u0142y do tworzenia tre\u015bci wprowadzaj\u0105cych odbiorc\u00f3w w b\u0142\u0105d.&nbsp;<\/p>\n\n\n\n<p><strong>ZNACZENIE JEDNO\u0179R\u00d3D\u0141OWO\u015aCI INFORMACJI<\/strong>&nbsp;<\/p>\n\n\n\n<p style=\"margin-top:0;margin-bottom:0\">W obliczu rosn\u0105cego problemu dezinformacji szczeg\u00f3lnie istotne jest, aby informacje dotycz\u0105ce prognoz pogodowych pochodzi\u0142y z jednego, wiarygodnego \u017ar\u00f3d\u0142a \u2013 IMGW-PIB. Pogoda i zjawiska atmosferyczne mog\u0105 w ka\u017cdej sytuacji zagra\u017ca\u0107 naszemu \u017cyciu, zdrowiu oraz dobrostanowi \u015brodowiska, w kt\u00f3rym funkcjonujemy. Dlatego zach\u0119camy do korzystania z informacji bezpo\u015brednio publikowanych w kana\u0142ach komunikacji IMGW-PIB. Nasze prognozy i ostrze\u017cenia s\u0105 oparte na najnowszych danych i analizach, co czyni je najdok\u0142adniejszymi i najbardziej wiarygodnymi.&nbsp;<\/p>\n\n\n\n<p><strong>ODPOWIEDZIALNO\u015a\u0106 ZA S\u0141OWA I OBRAZY<\/strong>&nbsp;<\/p>\n\n\n\n<p style=\"margin-top:0;margin-bottom:0\">We wsp\u00f3\u0142czesnym \u015bwiecie dost\u0119p do informacji jest jednym z najwa\u017cniejszych praw cz\u0142owieka. Jednak tak samo wa\u017cne jest odpowiedzialne i w\u0142a\u015bciwe jej wykorzystywanie. Dlatego IMGW-PIB w komunikacji ze spo\u0142ecze\u0144stwem i instytucjami kieruje si\u0119 zasad\u0105 odpowiedzialno\u015bci za s\u0142owa i obrazy. Nasze komunikaty s\u0105 przygotowywane z najwy\u017csz\u0105 staranno\u015bci\u0105, aby dostarcza\u0107 spo\u0142ecze\u0144stwu precyzyjne i niezawodne informacje.&nbsp;<\/p>\n\n\n\n<p><strong>MONITOROWANIE I OSTRZEGANIE<\/strong>&nbsp;<\/p>\n\n\n\n<p style=\"margin-top:0;margin-bottom:0\">Ekstremalne zjawiska pogodowe dotykaj\u0105 wszystkie kraje na \u015bwiecie. Ich skutki najdotkliwiej odczuwaj\u0105 spo\u0142eczno\u015bci nieprzygotowane i nieposiadaj\u0105ce system\u00f3w wczesnego ostrzegania. Dlatego IMGW-PIB nieustannie monitoruje sytuacj\u0119 pogodow\u0105 w Polsce i ostrzega przed zagro\u017ceniami meteorologicznymi i hydrologicznymi. Zmiana klimatu oraz zdarzenia pogodowe maj\u0105 powa\u017cny wp\u0142yw na nasze \u017cycie i mienie, dlatego tak wa\u017cne jest \u015bledzenie komunikat\u00f3w hydrologiczno-meteorologicznych. IMGW-PIB jest \u017ar\u00f3d\u0142em sprawdzonych i odpowiedzialnych prognoz oraz ostrze\u017ce\u0144. S\u0142u\u017cymy spo\u0142ecze\u0144stwu 24 h\/dob\u0119.&nbsp;<\/p>\n\n\n\n<p><strong>WALKA Z DEZINFORMACJ\u0104<\/strong>&nbsp;<\/p>\n\n\n\n<p style=\"margin-top:0;margin-bottom:0\">W dobie powszechnego dost\u0119pu do informacji, dezinformacja staje si\u0119 coraz wi\u0119kszym problemem. Nieprawdziwe lub nieprecyzyjne informacje mog\u0105 prowadzi\u0107 do paniki, niew\u0142a\u015bciwych decyzji oraz niepotrzebnego ryzyka. Dlatego tak wa\u017cne jest, aby informacje o prognozach pogody i zagro\u017ceniach meteorologicznych pochodzi\u0142y wy\u0142\u0105cznie z wiarygodnego \u017ar\u00f3d\u0142a, jakim jest IMGW-PIB. Nasz instytut dysponuje najnowszymi technologiami oraz zespo\u0142em do\u015bwiadczonych specjalist\u00f3w, kt\u00f3rzy dbaj\u0105 o to, aby dostarcza\u0107 spo\u0142ecze\u0144stwu najdok\u0142adniejsze i najbardziej aktualne dane.&nbsp;<\/p>\n\n\n\n<p><strong>Misja IMGW-PIB polega na dostarczaniu rzetelnych, wiarygodnych i naukowo potwierdzonych informacji na temat warunk\u00f3w pogodowych oraz zagro\u017ce\u0144 meteorologicznych i hydrologicznych. W obliczu wyzwa\u0144 zwi\u0105zanych z dezinformacj\u0105, zach\u0119camy do korzystania z naszych oficjalnych kana\u0142\u00f3w komunikacji, kt\u00f3re zapewniaj\u0105 dost\u0119p do najbardziej precyzyjnych i aktualnych prognoz oraz ostrze\u017ce\u0144. Odpowiedzialne podej\u015bcie do informacji jest kluczowe dla bezpiecze\u0144stwa i dobrostanu spo\u0142ecze\u0144stwa, dlatego IMGW-PIB zobowi\u0105zuje si\u0119 do ci\u0105g\u0142ej i rzetelnej pracy na rzecz wszystkich obywateli.<\/strong>&nbsp;<\/p>\n\n\n\n<p><strong>S\u0142owniki termin\u00f3w specjalistycznych:<\/strong><\/p>\n\n\n\n<div class=\"wp-block-file\"><a id=\"wp-block-file--media-f9c51069-cba8-4f04-8895-042c286c2d60\" href=\"https:\/\/imgw.pl\/wp-content\/uploads\/2024\/10\/slownik-dla-mediow_cmok_0.pdf\" target=\"_blank\" rel=\"noreferrer noopener\">S\u0142ownik termin\u00f3w meteorologicznych [pdf]<\/a><\/div>\n\n\n\n<div class=\"wp-block-file\"><a id=\"wp-block-file--media-fecc137b-aac5-4c3c-a965-22ca889f6a70\" href=\"https:\/\/imgw.pl\/wp-content\/uploads\/2024\/10\/slownik-dla-mediow_chok.pdf\" target=\"_blank\" rel=\"noreferrer noopener\">S\u0142ownik termin\u00f3w hydrologicznych [pdf]<\/a><\/div>\n\n\n\n<div class=\"wp-block-file\"><a id=\"wp-block-file--media-bb68400b-5b9c-434c-bfa1-ad3f082f838b\" href=\"https:\/\/imgw.pl\/wp-content\/uploads\/2024\/10\/slownik-dla-mediow_cmm.pdf\" target=\"_blank\" rel=\"noreferrer noopener\">S\u0142ownik termin\u00f3w modelowania meteorologicznego [pdf]<\/a><\/div>\n","protected":false},"excerpt":{"rendered":"<p>Misj\u0105 Instytutu Meteorologii i Gospodarki Wodnej \u2013 Pa\u0144stwowego Instytutu Badawczego (IMGW-PIB) jest rzetelne informowanie o aktualnych i przysz\u0142ych warunkach pogodowych, stanie w\u00f3d powierzchniowych oraz zagro\u017ceniach i ryzykach meteorologicznych, hydrologicznych i klimatycznych. Dzia\u0142alno\u015b\u0107 IMGW-PIB opiera si\u0119 na kilku fundamentalnych zasadach, kt\u00f3re stanowi\u0105 podstaw\u0119 naszej komunikacji z spo\u0142ecze\u0144stwem i instytucjami.&nbsp; RZETELNO\u015a\u0106 I WIARYGODNO\u015a\u0106 INFORMACJI&nbsp; Komunikacja IMGW-PIB ze [&hellip;]<\/p>\n","protected":false},"author":1,"featured_media":0,"parent":616,"menu_order":0,"comment_status":"closed","ping_status":"closed","template":"","meta":{"footnotes":""},"class_list":["post-618","page","type-page","status-publish","hentry"],"_links":{"self":[{"href":"https:\/\/imgw.pl\/en\/wp-json\/wp\/v2\/pages\/618","targetHints":{"allow":["GET"]}}],"collection":[{"href":"https:\/\/imgw.pl\/en\/wp-json\/wp\/v2\/pages"}],"about":[{"href":"https:\/\/imgw.pl\/en\/wp-json\/wp\/v2\/types\/page"}],"author":[{"embeddable":true,"href":"https:\/\/imgw.pl\/en\/wp-json\/wp\/v2\/users\/1"}],"replies":[{"embeddable":true,"href":"https:\/\/imgw.pl\/en\/wp-json\/wp\/v2\/comments?post=618"}],"version-history":[{"count":7,"href":"https:\/\/imgw.pl\/en\/wp-json\/wp\/v2\/pages\/618\/revisions"}],"predecessor-version":[{"id":2538,"href":"https:\/\/imgw.pl\/en\/wp-json\/wp\/v2\/pages\/618\/revisions\/2538"}],"up":[{"embeddable":true,"href":"https:\/\/imgw.pl\/en\/wp-json\/wp\/v2\/pages\/616"}],"wp:attachment":[{"href":"https:\/\/imgw.pl\/en\/wp-json\/wp\/v2\/media?parent=618"}],"curies":[{"name":"wp","href":"https:\/\/api.w.org\/{rel}","templated":true}]}}