{"id":623,"date":"2024-09-23T12:28:08","date_gmt":"2024-09-23T10:28:08","guid":{"rendered":"http:\/\/localhost:8000\/?page_id=623"},"modified":"2024-09-23T13:32:38","modified_gmt":"2024-09-23T11:32:38","slug":"reklamacje","status":"publish","type":"page","link":"https:\/\/imgw.pl\/en\/kontakt\/reklamacje\/","title":{"rendered":"Complaints"},"content":{"rendered":"\n<h3 class=\"wp-block-heading has-small-font-size\" style=\"font-style:normal;font-weight:400\"><strong>Instytut Meteorologii i Gospodarki Wodnej \u2013 Pa\u0144stwowy Instytut Badawczy uprzejmie informuje:<\/strong><\/h3>\n\n\n\n<ol class=\"wp-block-list\">\n<li style=\"font-size:16px;font-style:normal;font-weight:300\">rozpatrzeniu podlega\u0107 b\u0119dzie jedynie reklamacja z\u0142o\u017cona za\u00a0po\u015brednictwem kompletnie wype\u0142nionego Formularza Reklamacji<\/li>\n\n\n\n<li style=\"font-size:16px;font-style:normal;font-weight:300\">termin na\u00a0rozpoznanie reklamacji wynosi 30\u00a0dni<\/li>\n\n\n\n<li style=\"font-size:16px;font-style:normal;font-weight:300\">na\u00a0wskazany adres e-mail zostanie przes\u0142ana wiadomo\u015b\u0107 zawieraj\u0105ca numer zarejestrowanej reklamacji, kt\u00f3ry b\u0119dzie w\u0142a\u015bciwy dla dalszej korespondencji<\/li>\n<\/ol>\n\n\n<style id=\"wpforms-css-vars-785-block-24456bfc-11e4-4865-9892-5c748d5a1f95\">\n\t\t\t\t#wpforms-785.wpforms-block-24456bfc-11e4-4865-9892-5c748d5a1f95 {\n\t\t\t\t--wpforms-label-error-color: #d92d20;\n--wpforms-button-border-radius: 8px;\n--wpforms-button-background-color: #00359e;\n--wpforms-field-border-radius: 8px;\n--wpforms-field-size-input-height: 43px;\n--wpforms-field-size-input-spacing: 15px;\n--wpforms-field-size-font-size: 16px;\n--wpforms-field-size-line-height: 19px;\n--wpforms-field-size-padding-h: 14px;\n--wpforms-field-size-checkbox-size: 16px;\n--wpforms-field-size-sublabel-spacing: 5px;\n--wpforms-field-size-icon-size: 1;\n--wpforms-label-size-font-size: 16px;\n--wpforms-label-size-line-height: 19px;\n--wpforms-label-size-sublabel-font-size: 14px;\n--wpforms-label-size-sublabel-line-height: 17px;\n--wpforms-button-size-font-size: 17px;\n--wpforms-button-size-height: 41px;\n--wpforms-button-size-padding-h: 15px;\n--wpforms-button-size-margin-top: 10px;\n\t\t\t}\n\t\t\t<\/style><div class=\"wpforms-container wpforms-container-full wpforms-block wpforms-block-24456bfc-11e4-4865-9892-5c748d5a1f95 wpforms-render-modern\" id=\"wpforms-785\"><form id=\"wpforms-form-785\" class=\"wpforms-validate wpforms-form wpforms-ajax-form\" data-formid=\"785\" method=\"post\" enctype=\"multipart\/form-data\" action=\"\/en\/wp-json\/wp\/v2\/pages\/623\" data-token=\"6a1fa73a71ee9ae9ea89cf9e404767e3\" data-token-time=\"1776637844\"><noscript class=\"wpforms-error-noscript\">Please enable JavaScript in your browser to complete this form.<\/noscript><div id=\"wpforms-error-noscript\" style=\"display: none;\">Please enable JavaScript in your browser to complete this form.<\/div><div class=\"wpforms-field-container\"><div id=\"wpforms-785-field_0-container\" class=\"wpforms-field wpforms-field-name\" data-field-id=\"0\"><label class=\"wpforms-field-label\" for=\"wpforms-785-field_0\">Imi\u0119 <span class=\"wpforms-required-label\" aria-hidden=\"true\">*<\/span><\/label><input type=\"text\" id=\"wpforms-785-field_0\" class=\"wpforms-field-medium wpforms-field-required\" name=\"wpforms[fields][0]\" aria-errormessage=\"wpforms-785-field_0-error\" required><\/div><div id=\"wpforms-785-field_12-container\" class=\"wpforms-field wpforms-field-name\" data-field-id=\"12\"><label class=\"wpforms-field-label\" for=\"wpforms-785-field_12\">Nazwisko <span class=\"wpforms-required-label\" aria-hidden=\"true\">*<\/span><\/label><input type=\"text\" id=\"wpforms-785-field_12\" class=\"wpforms-field-medium wpforms-field-required\" name=\"wpforms[fields][12]\" aria-errormessage=\"wpforms-785-field_12-error\" required><\/div>\t\t<div id=\"wpforms-785-field_4-container\"\n\t\t\tclass=\"wpforms-field wpforms-field-text\"\n\t\t\tdata-field-type=\"text\"\n\t\t\tdata-field-id=\"4\"\n\t\t\t>\n\t\t\t<label class=\"wpforms-field-label\" for=\"wpforms-785-field_4\" >Numer (je\u017celi reklamacji<\/label>\n\t\t\t<input type=\"text\" id=\"wpforms-785-field_4\" class=\"wpforms-field-medium\" name=\"wpforms[fields][4]\" >\n\t\t<\/div>\n\t\t<div id=\"wpforms-785-field_13-container\" class=\"wpforms-field wpforms-field-name\" data-field-id=\"13\"><label class=\"wpforms-field-label\" for=\"wpforms-785-field_13\">Firma<\/label><input type=\"text\" id=\"wpforms-785-field_13\" class=\"wpforms-field-medium\" name=\"wpforms[fields][13]\" aria-errormessage=\"wpforms-785-field_13-error\" ><\/div><div id=\"wpforms-785-field_1-container\" class=\"wpforms-field wpforms-field-email\" data-field-id=\"1\"><label class=\"wpforms-field-label\" for=\"wpforms-785-field_1\">E-mail <span class=\"wpforms-required-label\" aria-hidden=\"true\">*<\/span><\/label><input type=\"email\" id=\"wpforms-785-field_1\" class=\"wpforms-field-medium wpforms-field-required\" name=\"wpforms[fields][1]\" spellcheck=\"false\" aria-errormessage=\"wpforms-785-field_1-error\" required><\/div><div id=\"wpforms-785-field_14-container\" class=\"wpforms-field wpforms-field-number\" data-field-id=\"14\"><label class=\"wpforms-field-label\" for=\"wpforms-785-field_14\">Telefon <span class=\"wpforms-required-label\" aria-hidden=\"true\">*<\/span><\/label><input type=\"number\" id=\"wpforms-785-field_14\" class=\"wpforms-field-medium wpforms-field-required\" name=\"wpforms[fields][14]\" step=\"any\" aria-errormessage=\"wpforms-785-field_14-error\" required><\/div><div id=\"wpforms-785-field_15-container\" class=\"wpforms-field wpforms-field-text\" data-field-id=\"15\"><label class=\"wpforms-field-label\" for=\"wpforms-785-field_15\">Numer zlecenia\/umowy (je\u017celi dotyczy)<\/label><input type=\"text\" id=\"wpforms-785-field_15\" class=\"wpforms-field-medium\" name=\"wpforms[fields][15]\" aria-errormessage=\"wpforms-785-field_15-error\" ><\/div><div id=\"wpforms-785-field_2-container\" class=\"wpforms-field wpforms-field-textarea\" data-field-id=\"2\"><label class=\"wpforms-field-label\" for=\"wpforms-785-field_2\">Przedmiot reklamacji <span class=\"wpforms-required-label\" aria-hidden=\"true\">*<\/span><\/label><textarea id=\"wpforms-785-field_2\" class=\"wpforms-field-medium wpforms-field-required\" name=\"wpforms[fields][2]\" aria-errormessage=\"wpforms-785-field_2-error\" required><\/textarea><\/div><div id=\"wpforms-785-field_3-container\" class=\"wpforms-field wpforms-field-checkbox\" data-field-id=\"3\"><fieldset><legend class=\"wpforms-field-label wpforms-label-hide\" aria-hidden=\"false\">Rodo <span class=\"wpforms-required-label\" aria-hidden=\"true\">*<\/span><\/legend><ul id=\"wpforms-785-field_3\" class=\"wpforms-field-required\"><li class=\"choice-1 depth-1\"><input type=\"checkbox\" id=\"wpforms-785-field_3_1\" name=\"wpforms[fields][3][]\" value=\"Wyra\u017cam zgod\u0119 na przetwarzanie moich danych osobowych: imi\u0119 i nazwisko, adres, email, nr tel. w celu rozpatrzenia reklamacji przez Instytutu Meteorologii i Gospodarki Wodnej \u2013 Pa\u0144stwowego Instytutu Badawczego zgodnie z art. 6 ust. 1 lit. b rozporz\u0105dzenia Parlamentu Europejskiego i Rady (UE) 2016\/679 z dnia 27 kwietnia 2016 r. W ka\u017cdym momencie mog\u0119 wycofa\u0107 zgod\u0119 wysy\u0142aj\u0105c o\u015bwiadczenie na adres Instytut Meteorologii i Gospodarki Wodnej - Pa\u0144stwowy Instytut Badawczy z siedzib\u0105 w Warszawie (01-673), ul. Podle\u015bna 61.\" aria-errormessage=\"wpforms-785-field_3_1-error\" aria-describedby=\"wpforms-785-field_3-description\" required ><label class=\"wpforms-field-label-inline\" for=\"wpforms-785-field_3_1\">Wyra\u017cam zgod\u0119 na przetwarzanie moich danych osobowych: imi\u0119 i nazwisko, adres, email, nr tel. w celu rozpatrzenia reklamacji przez Instytutu Meteorologii i Gospodarki Wodnej \u2013 Pa\u0144stwowego Instytutu Badawczego zgodnie z art. 6 ust. 1 lit. b rozporz\u0105dzenia Parlamentu Europejskiego i Rady (UE) 2016\/679 z dnia 27 kwietnia 2016 r. W ka\u017cdym momencie mog\u0119 wycofa\u0107 zgod\u0119 wysy\u0142aj\u0105c o\u015bwiadczenie na adres Instytut Meteorologii i Gospodarki Wodnej &#8211; Pa\u0144stwowy Instytut Badawczy z siedzib\u0105 w Warszawie (01-673), ul. Podle\u015bna 61. <span class=\"wpforms-required-label\">*<\/span><\/label><\/li><\/ul><div id=\"wpforms-785-field_3-description\" class=\"wpforms-field-description wpforms-disclaimer-description\">Administratorem danych osobowych jest Instytut Meteorologii i Gospodarki Wodnej &#8211; Pa\u0144stwowy Instytut Badawczy z siedzib\u0105 w Warszawie (01-673), ul. Podle\u015bna 61. Dane kontaktowe Inspektora Ochrony Danych: iodo@imgw.pl. Dane osobowe s\u0105 przetwarzane na Instytut Meteorologii i Gospodarki Wodnej \u2013 Pa\u0144stwowy Instytut Badawczy uprzejmie informuje: 1. rozpatrzeniu podlega\u0107 b\u0119dzie jedynie reklamacja z\u0142o\u017cona za po\u015brednictwem kompletnie wype\u0142nionego Formularza Reklamacji 2. termin na rozpoznanie reklamacji wynosi 30 dni 3. na wskazany adres e-mail zostanie przes\u0142ana wiadomo\u015b\u0107 zawieraj\u0105ca numer zarejestrowanej reklamacji, kt\u00f3ry b\u0119dzie w\u0142a\u015bciwy dla dalszej korespondencji podstawie art. 6 ust. 1 lit. b rozporz\u0105dzenia Parlamentu Europejskiego i Rady (UE) 2016\/679 (RODO) i nie s\u0105 przekazywane innym odbiorcom, organizacjom mi\u0119dzynarodowym ani do pa\u0144stw trzecich. Okres przechowywania danych osobowych reguluje instrukcja kancelaryjna IMGW-PIB ustalana zgodnie z ustaw\u0105 z dnia 14 lipca 1983 r. o narodowym zasobie archiwalnym i archiwach (Dz. U. z 2020 r. poz. 164). Dane osobowe mo\u017cna sprostowa\u0107, usun\u0105\u0107, ograniczy\u0107 przetwarzanie, przenie\u015b\u0107, wnie\u015b\u0107 sprzeciw. Wnioskodawca ma prawo do dost\u0119pu do swoich danych osobowych, prawo do cofni\u0119cia zgody w dowolnym momencie oraz wniesienia skargi do Prezesa Urz\u0119du Ochrony Danych Osobowych. Podanie danych osobowych jest dobrowolne, ich niepodanie b\u0119dzie skutkowa\u0142o brakiem mo\u017cliwo\u015bci udost\u0119pnienia danych. Na podstawie danych osobowych nie s\u0105 podejmowane zautomatyzowane decyzje, w tym nie stosuje si\u0119 profilowania. <\/div><\/fieldset><\/div><script>\n\t\t\t\t( function() {\n\t\t\t\t\tconst style = document.createElement( 'style' );\n\t\t\t\t\tstyle.appendChild( document.createTextNode( '#wpforms-785-field_4-container { position: absolute !important; overflow: hidden !important; display: inline !important; height: 1px !important; width: 1px !important; z-index: -1000 !important; padding: 0 !important; } #wpforms-785-field_4-container input { visibility: hidden; } #wpforms-conversational-form-page #wpforms-785-field_4-container label { counter-increment: none; }' ) );\n\t\t\t\t\tdocument.head.appendChild( style );\n\t\t\t\t\tdocument.currentScript?.remove();\n\t\t\t\t} )();\n\t\t\t<\/script><\/div><!-- .wpforms-field-container --><div class=\"wpforms-recaptcha-container wpforms-is-recaptcha wpforms-is-recaptcha-type-v2\" ><div class=\"g-recaptcha\" data-sitekey=\"6LeBqooqAAAAAJzNNKTwjfFxeslZZMH9IqhHsDZY\"><\/div><input type=\"text\" name=\"g-recaptcha-hidden\" class=\"wpforms-recaptcha-hidden\" style=\"position:absolute!important;clip:rect(0,0,0,0)!important;height:1px!important;width:1px!important;border:0!important;overflow:hidden!important;padding:0!important;margin:0!important;\" data-rule-recaptcha=\"1\"><\/div><div class=\"wpforms-submit-container\" ><input type=\"hidden\" name=\"wpforms[id]\" value=\"785\"><input type=\"hidden\" name=\"page_title\" value=\"\"><input type=\"hidden\" name=\"page_url\" value=\"https:\/\/imgw.pl\/en\/wp-json\/wp\/v2\/pages\/623\"><input type=\"hidden\" name=\"url_referer\" value=\"\"><button type=\"submit\" name=\"wpforms[submit]\" id=\"wpforms-submit-785\" class=\"wpforms-submit\" aria-live=\"assertive\" value=\"wpforms-submit\">Wy\u015blij<\/button><img loading=\"lazy\" decoding=\"async\" src=\"https:\/\/imgw.pl\/wp-content\/plugins\/wpforms-lite\/assets\/images\/submit-spin.svg\" class=\"wpforms-submit-spinner\" style=\"display: none;\" width=\"26\" height=\"26\" alt=\"Loading\"><\/div><\/form><\/div>  <!-- .wpforms-container -->","protected":false},"excerpt":{"rendered":"<p>Instytut Meteorologii i Gospodarki Wodnej \u2013 Pa\u0144stwowy Instytut Badawczy uprzejmie informuje:<\/p>","protected":false},"author":1,"featured_media":0,"parent":621,"menu_order":0,"comment_status":"closed","ping_status":"closed","template":"","meta":{"footnotes":""},"class_list":["post-623","page","type-page","status-publish","hentry"],"_links":{"self":[{"href":"https:\/\/imgw.pl\/en\/wp-json\/wp\/v2\/pages\/623","targetHints":{"allow":["GET"]}}],"collection":[{"href":"https:\/\/imgw.pl\/en\/wp-json\/wp\/v2\/pages"}],"about":[{"href":"https:\/\/imgw.pl\/en\/wp-json\/wp\/v2\/types\/page"}],"author":[{"embeddable":true,"href":"https:\/\/imgw.pl\/en\/wp-json\/wp\/v2\/users\/1"}],"replies":[{"embeddable":true,"href":"https:\/\/imgw.pl\/en\/wp-json\/wp\/v2\/comments?post=623"}],"version-history":[{"count":10,"href":"https:\/\/imgw.pl\/en\/wp-json\/wp\/v2\/pages\/623\/revisions"}],"predecessor-version":[{"id":807,"href":"https:\/\/imgw.pl\/en\/wp-json\/wp\/v2\/pages\/623\/revisions\/807"}],"up":[{"embeddable":true,"href":"https:\/\/imgw.pl\/en\/wp-json\/wp\/v2\/pages\/621"}],"wp:attachment":[{"href":"https:\/\/imgw.pl\/en\/wp-json\/wp\/v2\/media?parent=623"}],"curies":[{"name":"wp","href":"https:\/\/api.w.org\/{rel}","templated":true}]}}